{"id":43213,"date":"2023-07-01T00:32:57","date_gmt":"2023-06-30T16:32:57","guid":{"rendered":"https:\/\/gretasexylingerie.com\/?post_type=product&#038;p=43213"},"modified":"2023-10-22T23:20:51","modified_gmt":"2023-10-22T15:20:51","slug":"bestickter-transparenter-netz-bodysuit-mit-offenem-rucken","status":"publish","type":"product","link":"https:\/\/gretasexylingerie.com\/de\/products\/embroidered-sheer-mesh-bodysuit-with-open-back\/","title":{"rendered":"Bestickter, transparenter Mesh-Body mit offenem R\u00fccken"},"content":{"rendered":"<ol class=\"wp-block-list\">\n<li>Exquisite Stickerei: Dieser Body ist mit aufwendigen Stickereien verziert, die seinen \u00e4sthetischen Reiz unterstreichen. Sorgf\u00e4ltig gen\u00e4ht f\u00fcgt es dem Gesamtdesign ein k\u00fcnstlerisches Element hinzu und sorgt f\u00fcr eine einzigartige strukturelle Dimension.<\/li>\n\n\n\n<li>Gesprenkelter Netzstoff: Dieser Body besteht aus einem gesprenkelten Netzstoff und kombiniert auf einzigartige Weise Transparenz und Muster. Es ist leicht und atmungsaktiv und sorgt f\u00fcr optimalen Komfort, ohne Kompromisse beim Stil einzugehen.<\/li>\n\n\n\n<li>Offene Brust und R\u00fccken: Das gewagte offene Brust- und R\u00fcckendesign verleiht diesem Body eine provokante Note. Dieses k\u00fchne Merkmal unterstreicht die allgemeine Sinnlichkeit des Kleidungsst\u00fccks und bringt Eleganz und Faszination perfekt in Einklang.<\/li>\n\n\n\n<li>Pure Freude: Die transparente Zusammensetzung dieses Bodys bietet einen verlockenden Blick auf das, was sich darunter verbirgt, und verleiht Ihrer Unterw\u00e4schekollektion eine verspielte und dennoch geschmackvolle Note.<\/li>\n\n\n\n<li>Verschiedene Farben und Gr\u00f6\u00dfen: Dieser Body ist auf Ihren Stil und Ihre Passform zugeschnitten und in 10 Farben und vier Gr\u00f6\u00dfen erh\u00e4ltlich. W\u00e4hlen Sie das Modell, das am besten zu Ihrer Pers\u00f6nlichkeit und Ihrem K\u00f6rpertyp passt und daf\u00fcr sorgt, dass Sie sich wohl und sicher f\u00fchlen.<\/li>\n<\/ol>\n\n\n\n<p>Zusammenfassend l\u00e4sst sich sagen, dass der bestickte transparente Mesh-Body eine unwiderstehliche Mischung aus Komfort, Stil und Sinnlichkeit bietet. Die verschiedenen Farb- und Gr\u00f6\u00dfenoptionen sprechen jeden an, der seine Unterw\u00e4schekollektion aufwerten m\u00f6chte. Besitzen Sie es noch heute und feiern Sie Ihre weibliche Ausstrahlung mit einem Hauch von Raffinesse.<\/p>\n\n\n\n<figure class=\"wp-block-table is-style-stripes\"><table class=\"has-fixed-layout\"><tbody><tr><td>Standortdiagramm (CM)<\/td><td><\/td><td><\/td><td><\/td><\/tr><tr><td>Gr\u00f6\u00dfe<\/td><td>Untere Brust<\/td><td>L\u00e4nge<\/td><td>Taille<\/td><\/tr><tr><td>S<\/td><td>68<\/td><td>54<\/td><td>64<\/td><\/tr><tr><td>M<\/td><td>72<\/td><td>56<\/td><td>68<\/td><\/tr><tr><td>L<\/td><td>76<\/td><td>68<\/td><td>72<\/td><\/tr><tr><td>XL<\/td><td>80<\/td><td>60<\/td><td>76<\/td><\/tr><tr><td>Seitendiagramm (Zoll)<\/td><td><\/td><td><\/td><td><\/td><\/tr><tr><td>Gr\u00f6\u00dfe<\/td><td>L\u00e4nge<\/td><td>Obere B\u00fcste<\/td><td>Untere Brust<\/td><\/tr><tr><td>S<\/td><td>26.77<\/td><td>21.26<\/td><td>25.2<\/td><\/tr><tr><td>M<\/td><td>28.35<\/td><td>22.05<\/td><td>26.77<\/td><\/tr><tr><td>L<\/td><td>29.92<\/td><td>26.77<\/td><td>28.35<\/td><\/tr><tr><td>XL<\/td><td>31.5<\/td><td>23.62<\/td><td>29.92<\/td><\/tr><\/tbody><\/table><\/figure>","protected":false},"excerpt":{"rendered":"<p>G\u00f6nnen Sie sich Eleganz und Faszination mit unserem bestickten, durchsichtigen Netz-Body. Dieser Body mit offenem Brust- und R\u00fcckenausschnitt und gesprenkeltem Netzstoff betont Ihre Figur mit femininer Eleganz.<\/p>\n<p>https:\/\/youtu.be\/nwujgMHYYSk<\/p>","protected":false},"featured_media":43308,"template":"","meta":[],"product_brand":[],"product_cat":[370,367,373],"product_tag":[521,448,454,518,446],"class_list":{"0":"post-43213","1":"product","2":"type-product","3":"status-publish","4":"has-post-thumbnail","6":"product_cat-bodysuit","7":"product_cat-sexy-lingerie","8":"product_cat-wholesale-sexy-mesh-bodysuit","9":"product_tag-deep-v-lingerie","10":"product_tag-wholesale-elegant-sexy-lingerie","11":"product_tag-wholesale-sexy-embroidered-lingerie","12":"product_tag-mesh-lingerie","13":"product_tag-wholesale-sexy-see-through-lingerie","14":"pa_color-black","15":"pa_color-blue-women-sexy-lingerie","16":"pa_color-green-yellow-women-sexy-lingerie","17":"pa_color-hot-pink-women-sexy-lingerie","18":"pa_color-pink-women-sexy-lingerie","19":"pa_color-purple-women-sexy-lingerie","20":"pa_color-red-women-sexy-lingerie","21":"pa_color-sea-green-women-sexy-lingerie","22":"pa_color-white","23":"pa_color-yellow","24":"pa_size-wholesale-large-size-women-sexy-lingerie","25":"pa_size-wholesale-medium-size-women-sexy-lingerie","26":"pa_size-wholesale-small-size-sexy-lingerie","27":"pa_size-wholesale-extra-large-sexy-lingerie","29":"first","30":"instock","31":"taxable","32":"shipping-taxable","33":"purchasable","34":"product-type-variable"},"tiered_pricing_type":"fixed","tiered_pricing_fixed_rules":[],"tiered_pricing_product_settings":{"layout":"default","base_unit_name":{"singular":null,"plural":null},"default_variation":{}},"tiered_pricing_minimum_quantity":null,"tiered_pricing_roles_data":{"default_wholesaler":{"product_id":43213,"role":"default_wholesaler","pricing_type":"flat","regular_price":null,"sale_price":null,"discount":null,"discount_type":"sale_price","tiered_pricing_type":"fixed","percentage_rules":[],"fixed_rules":{"2":"9.39","30":"8.19","500":"7.29"},"minimum":null},"dropshippinger":{"product_id":43213,"role":"dropshippinger","pricing_type":"flat","regular_price":null,"sale_price":null,"discount":null,"discount_type":"sale_price","tiered_pricing_type":"fixed","percentage_rules":[],"fixed_rules":{"1":"10.99","5":"9.39","30":"7.29"},"minimum":null}},"tiered_pricing_percentage_rules":[],"tiered_pricing_maximum_quantity":null,"tiered_pricing_quantity_step":null,"_links":{"self":[{"href":"https:\/\/gretasexylingerie.com\/de\/wp-json\/wp\/v2\/product\/43213","targetHints":{"allow":["GET"]}}],"collection":[{"href":"https:\/\/gretasexylingerie.com\/de\/wp-json\/wp\/v2\/product"}],"about":[{"href":"https:\/\/gretasexylingerie.com\/de\/wp-json\/wp\/v2\/types\/product"}],"wp:featuredmedia":[{"embeddable":true,"href":"https:\/\/gretasexylingerie.com\/de\/wp-json\/wp\/v2\/media\/43308"}],"wp:attachment":[{"href":"https:\/\/gretasexylingerie.com\/de\/wp-json\/wp\/v2\/media?parent=43213"}],"wp:term":[{"taxonomy":"product_brand","embeddable":true,"href":"https:\/\/gretasexylingerie.com\/de\/wp-json\/wp\/v2\/product_brand?post=43213"},{"taxonomy":"product_cat","embeddable":true,"href":"https:\/\/gretasexylingerie.com\/de\/wp-json\/wp\/v2\/product_cat?post=43213"},{"taxonomy":"product_tag","embeddable":true,"href":"https:\/\/gretasexylingerie.com\/de\/wp-json\/wp\/v2\/product_tag?post=43213"}],"curies":[{"name":"wp","href":"https:\/\/api.w.org\/{rel}","templated":true}]}}