{"id":43101,"date":"2023-06-29T22:05:47","date_gmt":"2023-06-29T14:05:47","guid":{"rendered":"https:\/\/gretasexylingerie.com\/?post_type=product&#038;p=43101"},"modified":"2023-10-22T23:01:21","modified_gmt":"2023-10-22T15:01:21","slug":"durchsichtiges-netzhemdchen-mit-offenem-rucken","status":"publish","type":"product","link":"https:\/\/gretasexylingerie.com\/de\/products\/see-through-mesh-chemise-with-open-back\/","title":{"rendered":"Durchsichtiges Mesh-Unterhemd mit offenem R\u00fccken"},"content":{"rendered":"<ol class=\"wp-block-list\">\n<li>Fesselndes, durchsichtiges Design: Unser Hemd soll fesseln. Sein durchsichtiger Netzstoff ist verf\u00fchrerisch und elegant und sorgt f\u00fcr eine sinnliche Silhouette, die ebenso atemberaubend wie bequem ist. Egal, ob Sie es f\u00fcr einen besonderen Abend tragen oder sich exquisit f\u00fchlen m\u00f6chten, dieses Hemd verleiht jedem Anlass einen Hauch von Faszination.<\/li>\n\n\n\n<li>Eleganter offener R\u00fccken: Das Design mit offenem R\u00fccken verleiht diesem Hemd ein unerwartetes, faszinierendes Element. Es offenbart gerade genug, um zu verf\u00fchren, w\u00e4hrend das weiche Mesh-Gewebe daf\u00fcr sorgt, dass Sie sich die ganze Nacht \u00fcber wohl f\u00fchlen. Dieses auff\u00e4llige Merkmal sorgt daf\u00fcr, dass Sie beim Verlassen des Raums ebenso umwerfend aussehen wie beim Betreten.<\/li>\n\n\n\n<li>Abnehmbare Krawatte: Vielseitigkeit ist entscheidend, und unser Hemd bietet genau das. Das abnehmbare Bindeband auf der R\u00fcckseite verleiht dem Design ein schickes Element und erm\u00f6glicht es Ihnen, die Passform nach Ihren W\u00fcnschen anzupassen. Verwenden Sie es, um Ihre Taille zu betonen, oder lassen Sie es f\u00fcr eine entspanntere Passform locker \u2013 Sie haben die Wahl.<\/li>\n\n\n\n<li>Komfort trifft auf Stil: Unser Unterhemd ist aus weichem, atmungsaktivem Mesh-Gewebe gefertigt und opfert nicht den Komfort f\u00fcr den Stil. Das leichte Material sorgt f\u00fcr eine entspannte Passform, perfekt zum Entspannen und f\u00fcr besondere Anl\u00e4sse. Sie k\u00f6nnen das Beste aus beiden Welten genie\u00dfen \u2013 Sie sehen fantastisch aus und f\u00fchlen sich gleichzeitig wohl.<\/li>\n\n\n\n<li>Perfekt f\u00fcr jeden Anlass: Dieses Hemd ist eine elegante Wahl f\u00fcr verschiedene Anl\u00e4sse. Sein Design bringt Komfort und Stil perfekt in Einklang und eignet sich daher f\u00fcr alles, vom romantischen Abend bis zum Self-Care-Abend.<\/li>\n<\/ol>\n\n\n\n<p>Zusammenfassend l\u00e4sst sich sagen, dass unser durchsichtiges Netzhemd mit offenem R\u00fccken und abnehmbarem Bindeband die perfekte Mischung aus Eleganz, Komfort und Vielseitigkeit ist. Es ist eine unverzichtbare Erg\u00e4nzung jeder Dessous-Kollektion und verspricht, jeden Anlass aufzuwerten.<\/p>\n\n\n\n<figure class=\"wp-block-table is-style-stripes\"><table class=\"has-fixed-layout\"><tbody><tr><td>Standortdiagramm (CM)<\/td><td><\/td><td><\/td><td><\/td><\/tr><tr><td>Gr\u00f6\u00dfe<\/td><td>Schulterg\u00fcrtel<\/td><td>Schleife<\/td><td>L\u00e4nge<\/td><\/tr><tr><td>S<\/td><td>62<\/td><td>420<\/td><td>62<\/td><\/tr><tr><td>M<\/td><td>62<\/td><td>420<\/td><td>63.5<\/td><\/tr><tr><td>L<\/td><td>62<\/td><td>420<\/td><td>65<\/td><\/tr><tr><td>Seitendiagramm (Zoll)<\/td><td><\/td><td><\/td><td><\/td><\/tr><tr><td>Gr\u00f6\u00dfe<\/td><td>L\u00e4nge<\/td><td>Obere B\u00fcste<\/td><td>Untere Brust<\/td><\/tr><tr><td>S<\/td><td>24.41<\/td><td>165.35<\/td><td>24.41<\/td><\/tr><tr><td>M<\/td><td>24.41<\/td><td>165.35<\/td><td>25<\/td><\/tr><tr><td>L<\/td><td>24.41<\/td><td>165.35<\/td><td>25.59<\/td><\/tr><\/tbody><\/table><\/figure>","protected":false},"excerpt":{"rendered":"<p>Wir stellen Ihnen unser durchsichtiges Mesh-Unterhemd vor, eine bezaubernde Mischung aus Faszination und Raffinesse. Sein offenes Design wird durch eine abnehmbare Krawatte wunderbar erg\u00e4nzt und macht es so vielseitig wie verf\u00fchrerisch.<\/p>\n<p>https:\/\/youtu.be\/ywwmvM-_gR0<\/p>","protected":false},"featured_media":43118,"template":"","meta":[],"product_brand":[],"product_cat":[394,422,367],"product_tag":[518,446,866,447],"class_list":{"0":"post-43101","1":"product","2":"type-product","3":"status-publish","4":"has-post-thumbnail","6":"product_cat-wholesale-mesh-chemise","7":"product_cat-sexy-chemise","8":"product_cat-sexy-lingerie","9":"product_tag-mesh-lingerie","10":"product_tag-wholesale-sexy-see-through-lingerie","11":"product_tag-sexy-romper-lingerie","12":"product_tag-wholesale-strappy-sexy-lingerie","13":"pa_color-black","14":"pa_color-green","15":"pa_color-red-women-sexy-lingerie","16":"pa_color-white","17":"pa_size-wholesale-large-size-women-sexy-lingerie","18":"pa_size-wholesale-medium-size-women-sexy-lingerie","19":"pa_size-wholesale-small-size-sexy-lingerie","21":"first","22":"instock","23":"taxable","24":"shipping-taxable","25":"purchasable","26":"product-type-variable"},"tiered_pricing_type":"fixed","tiered_pricing_fixed_rules":[],"tiered_pricing_product_settings":{"layout":"default","base_unit_name":{"singular":null,"plural":null},"default_variation":{}},"tiered_pricing_minimum_quantity":null,"tiered_pricing_roles_data":{"default_wholesaler":{"product_id":43101,"role":"default_wholesaler","pricing_type":"flat","regular_price":null,"sale_price":null,"discount":null,"discount_type":"sale_price","tiered_pricing_type":"fixed","percentage_rules":[],"fixed_rules":{"2":"8.39","30":"7.19","500":"6.29"},"minimum":null},"dropshippinger":{"product_id":43101,"role":"dropshippinger","pricing_type":"flat","regular_price":null,"sale_price":null,"discount":null,"discount_type":"sale_price","tiered_pricing_type":"fixed","percentage_rules":[],"fixed_rules":{"1":"9.99","5":"8.39","30":"7.19"},"minimum":null}},"tiered_pricing_percentage_rules":[],"tiered_pricing_maximum_quantity":null,"tiered_pricing_quantity_step":null,"_links":{"self":[{"href":"https:\/\/gretasexylingerie.com\/de\/wp-json\/wp\/v2\/product\/43101","targetHints":{"allow":["GET"]}}],"collection":[{"href":"https:\/\/gretasexylingerie.com\/de\/wp-json\/wp\/v2\/product"}],"about":[{"href":"https:\/\/gretasexylingerie.com\/de\/wp-json\/wp\/v2\/types\/product"}],"wp:featuredmedia":[{"embeddable":true,"href":"https:\/\/gretasexylingerie.com\/de\/wp-json\/wp\/v2\/media\/43118"}],"wp:attachment":[{"href":"https:\/\/gretasexylingerie.com\/de\/wp-json\/wp\/v2\/media?parent=43101"}],"wp:term":[{"taxonomy":"product_brand","embeddable":true,"href":"https:\/\/gretasexylingerie.com\/de\/wp-json\/wp\/v2\/product_brand?post=43101"},{"taxonomy":"product_cat","embeddable":true,"href":"https:\/\/gretasexylingerie.com\/de\/wp-json\/wp\/v2\/product_cat?post=43101"},{"taxonomy":"product_tag","embeddable":true,"href":"https:\/\/gretasexylingerie.com\/de\/wp-json\/wp\/v2\/product_tag?post=43101"}],"curies":[{"name":"wp","href":"https:\/\/api.w.org\/{rel}","templated":true}]}}