{"id":43021,"date":"2023-06-27T21:31:57","date_gmt":"2023-06-27T13:31:57","guid":{"rendered":"https:\/\/gretasexylingerie.com\/?post_type=product&#038;p=43021"},"modified":"2023-12-09T19:26:50","modified_gmt":"2023-12-09T11:26:50","slug":"durchsichtiges-bh-hoschen-set-mit-dreilagigem-gewebtem-gurtel","status":"publish","type":"product","link":"https:\/\/gretasexylingerie.com\/de\/products\/see-through-bra-panty-set-with-triple-layered-woven-belt\/","title":{"rendered":"Durchsichtiges BH- und H\u00f6schenset im Gro\u00dfhandel mit dreilagigem Webg\u00fcrtel"},"content":{"rendered":"<ol class=\"wp-block-list\">\n<li>Mutiges Design: Der gewagte, durchsichtige, ausgeh\u00f6hlte Netzstoff verleiht Ihrer Dessous-Kollektion ein faszinierendes und gewagtes Element.<\/li>\n\n\n\n<li>Einzigartiger gewebter G\u00fcrtel: Der G\u00fcrtel, der aus drei Schichten breiter, gewebter Taschenriemen besteht, verleiht diesem atemberaubenden Set eine unverwechselbare Note.<\/li>\n\n\n\n<li>Zentraler Metallring: Der gro\u00dfe Metallring in der Mitte des G\u00fcrtels verleiht dem Gesamtdesign eine moderne Note und unterstreicht die k\u00fchne \u00c4sthetik des Sets.<\/li>\n\n\n\n<li>Komfort und Stil: Dieses Set wurde speziell f\u00fcr Ihren Komfort entwickelt, geht aber keine Kompromisse beim Stil ein und sorgt daf\u00fcr, dass Sie sich sicher und bequem f\u00fchlen.<\/li>\n\n\n\n<li>Ideal f\u00fcr alle Anl\u00e4sse: Dieses Set ist vielseitig und schick, perfekt f\u00fcr besondere Anl\u00e4sse oder um Ihre allt\u00e4gliche Dessous-Kollektion aufzuwerten.<\/li>\n<\/ol>\n\n\n\n<p>Zusammenfassend l\u00e4sst sich sagen, dass unser durchsichtiges BH- und H\u00f6schenset mit dreilagigem Webg\u00fcrtel und zentralem Metallring ein perfektes Gleichgewicht zwischen k\u00fchnem Design und Komfort bietet. Seine einzigartigen Elemente sorgen daf\u00fcr, dass es in jeder Dessous-Kollektion hervorsticht.<\/p>\n\n\n\n<figure class=\"wp-block-table is-style-stripes\"><table class=\"has-fixed-layout\"><tbody><tr><td colspan=\"5\">Standortdiagramm (CM)<\/td><\/tr><tr><td>Gr\u00f6\u00dfe<\/td><td>L\u00e4nge<\/td><td>Obere B\u00fcste<\/td><td>Untere Brust<\/td><td>Taillenlinie<\/td><\/tr><tr><td>S<\/td><td>31<\/td><td>68-88<\/td><td>66-88<\/td><td>66-92<\/td><\/tr><tr><td>M<\/td><td>32<\/td><td>72-92<\/td><td>70-92<\/td><td>70-96<\/td><\/tr><tr><td>L<\/td><td>33<\/td><td>76-96<\/td><td>74-96<\/td><td>74-100<\/td><\/tr><tr><td colspan=\"5\">Seitendiagramm (Zoll)<\/td><\/tr><tr><td>Gr\u00f6\u00dfe<\/td><td>L\u00e4nge<\/td><td>Obere B\u00fcste<\/td><td>Untere Brust<\/td><td>Taillenlinie<\/td><\/tr><tr><td>S<\/td><td>12.2<\/td><td>26.77-34.65<\/td><td>25.98-34.65<\/td><td>25.98-36.22<\/td><\/tr><tr><td>M<\/td><td>12.6<\/td><td>28.35-36.22<\/td><td>27.56-36.22<\/td><td>27.56-37.80<\/td><\/tr><tr><td>L<\/td><td>12.99<\/td><td>29.92-37.80<\/td><td>29.13-37.80<\/td><td>29.13-39.37<\/td><\/tr><\/tbody><\/table><\/figure>","protected":false},"excerpt":{"rendered":"<p>Umarmen Sie das Mutige und Sch\u00f6ne mit unserem durchsichtigen BH- und H\u00f6schen-Set. Dieses Set besteht aus ausgeh\u00f6hltem Netzgewebe und einem einzigartigen dreilagigen gewebten G\u00fcrtel mit einem zentralen Metallring und ist ein Statement gewagter Eleganz.<\/p>\n<p>https:\/\/youtu.be\/zAh9j_P9vgg<\/p>","protected":false},"featured_media":43037,"template":"","meta":[],"product_brand":[],"product_cat":[368,367,375],"product_tag":[507,861,518,973,446,447],"class_list":{"0":"post-43021","1":"product","2":"type-product","3":"status-publish","4":"has-post-thumbnail","6":"product_cat-bra-panty-set","7":"product_cat-sexy-lingerie","8":"product_cat-whoelsale-sheer-bra-and-panty-sets","9":"product_tag-three-pcs-set","10":"product_tag-brunette-lingerie","11":"product_tag-mesh-lingerie","12":"product_tag-oem","13":"product_tag-wholesale-sexy-see-through-lingerie","14":"product_tag-wholesale-strappy-sexy-lingerie","15":"pa_color-black","16":"pa_size-wholesale-large-size-women-sexy-lingerie","17":"pa_size-wholesale-medium-size-women-sexy-lingerie","18":"pa_size-wholesale-small-size-sexy-lingerie","20":"first","21":"outofstock","22":"taxable","23":"shipping-taxable","24":"purchasable","25":"product-type-variable"},"tiered_pricing_type":"fixed","tiered_pricing_fixed_rules":[],"tiered_pricing_product_settings":{"layout":"default","base_unit_name":{"singular":null,"plural":null},"default_variation":{}},"tiered_pricing_minimum_quantity":null,"tiered_pricing_roles_data":{"default_wholesaler":{"product_id":43021,"role":"default_wholesaler","pricing_type":"flat","regular_price":null,"sale_price":null,"discount":null,"discount_type":"sale_price","tiered_pricing_type":"fixed","percentage_rules":[],"fixed_rules":{"2":"9.39","30":"8.09","500":"7.09"},"minimum":null},"dropshippinger":{"product_id":43021,"role":"dropshippinger","pricing_type":"flat","regular_price":null,"sale_price":null,"discount":null,"discount_type":"sale_price","tiered_pricing_type":"fixed","percentage_rules":[],"fixed_rules":{"1":"11.29","5":"9.39","30":"8.09"},"minimum":null}},"tiered_pricing_percentage_rules":[],"tiered_pricing_maximum_quantity":null,"tiered_pricing_quantity_step":null,"_links":{"self":[{"href":"https:\/\/gretasexylingerie.com\/de\/wp-json\/wp\/v2\/product\/43021","targetHints":{"allow":["GET"]}}],"collection":[{"href":"https:\/\/gretasexylingerie.com\/de\/wp-json\/wp\/v2\/product"}],"about":[{"href":"https:\/\/gretasexylingerie.com\/de\/wp-json\/wp\/v2\/types\/product"}],"wp:featuredmedia":[{"embeddable":true,"href":"https:\/\/gretasexylingerie.com\/de\/wp-json\/wp\/v2\/media\/43037"}],"wp:attachment":[{"href":"https:\/\/gretasexylingerie.com\/de\/wp-json\/wp\/v2\/media?parent=43021"}],"wp:term":[{"taxonomy":"product_brand","embeddable":true,"href":"https:\/\/gretasexylingerie.com\/de\/wp-json\/wp\/v2\/product_brand?post=43021"},{"taxonomy":"product_cat","embeddable":true,"href":"https:\/\/gretasexylingerie.com\/de\/wp-json\/wp\/v2\/product_cat?post=43021"},{"taxonomy":"product_tag","embeddable":true,"href":"https:\/\/gretasexylingerie.com\/de\/wp-json\/wp\/v2\/product_tag?post=43021"}],"curies":[{"name":"wp","href":"https:\/\/api.w.org\/{rel}","templated":true}]}}