{"id":42975,"date":"2023-06-26T23:08:22","date_gmt":"2023-06-26T15:08:22","guid":{"rendered":"https:\/\/gretasexylingerie.com\/?post_type=product&#038;p=42975"},"modified":"2023-12-09T19:25:13","modified_gmt":"2023-12-09T11:25:13","slug":"transparentes-blaues-spitzen-bh-set-mit-goldenen-geflochtenen-tragern","status":"publish","type":"product","link":"https:\/\/gretasexylingerie.com\/de\/products\/sheer-blue-lace-bra-set-with-gold-braided-straps\/","title":{"rendered":"Transparentes, blaues Spitzen-BH-Set mit goldgeflochtenen Tr\u00e4gern im Gro\u00dfhandel"},"content":{"rendered":"<ol class=\"wp-block-list\">\n<li>Luxuri\u00f6ses Design: Die transparente Spitze strahlt in Kombination mit den geflochtenen goldenen Tr\u00e4gern ein luxuri\u00f6ses Gef\u00fchl aus und macht dieses Set zu einer entz\u00fcckenden Erg\u00e4nzung Ihrer Dessous-Kollektion.<\/li>\n\n\n\n<li>Fesselnde Farbe: Der verf\u00fchrerische Blauton dieses Sets verleiht dem Gesamtdesign eine zus\u00e4tzliche Ebene von Raffinesse und Charme.<\/li>\n\n\n\n<li>Einzigartige dreistufige B\u00e4nder: Das innovative dreistufige Bunddesign ist nicht nur stilvoll, sondern sorgt auch f\u00fcr eine bequeme und gute Passform.<\/li>\n\n\n\n<li>Sexy Beinring: Der mitgelieferte Beinring erh\u00f6ht die Sinnlichkeit des Sets und verspricht ein einzigartiges und gewagtes Dessous-Erlebnis.<\/li>\n\n\n\n<li>Perfekt f\u00fcr besondere Anl\u00e4sse: Mit seinen erstklassigen Funktionen und der Liebe zum Detail ist dieses Set die ideale Wahl, um unvergessliche Momente zu schaffen.ideal<\/li>\n<\/ol>\n\n\n\n<p>Zusammenfassend l\u00e4sst sich sagen, dass unser durchscheinendes blaues Spitzen-BH-Set mit goldgeflochtenen Tr\u00e4gern und dreistufigen B\u00e4ndern eine perfekte Mischung aus Eleganz, Komfort und Stil ist. Seine unverwechselbaren Elemente und sein luxuri\u00f6ses Design machen es zur idealen Wahl f\u00fcr alle, die ihre Dessous auf ein neues Niveau heben m\u00f6chten.<\/p>\n\n\n\n<figure class=\"wp-block-table is-style-stripes\"><table class=\"has-fixed-layout\"><tbody><tr><td colspan=\"5\">Standortdiagramm (CM)<\/td><\/tr><tr><td>Gr\u00f6\u00dfe<\/td><td>L\u00e4nge<\/td><td>Obere B\u00fcste<\/td><td>Untere Brust<\/td><td>Taillenlinie<\/td><\/tr><tr><td>S<\/td><td>21<\/td><td>68-88<\/td><td>67-88<\/td><td>68-96<\/td><\/tr><tr><td>M<\/td><td>22<\/td><td>72-92<\/td><td>71-92<\/td><td>72-100<\/td><\/tr><tr><td>L<\/td><td>23<\/td><td>76-96<\/td><td>75-96<\/td><td>76-104<\/td><\/tr><tr><td colspan=\"5\">Seitendiagramm (Zoll)<\/td><\/tr><tr><td>Gr\u00f6\u00dfe<\/td><td>L\u00e4nge<\/td><td>Obere B\u00fcste<\/td><td>Untere Brust<\/td><td>Taillenlinie<\/td><\/tr><tr><td>S<\/td><td>8.27<\/td><td>26.77-34.65<\/td><td>26.38-34.65<\/td><td>26.77-37.80<\/td><\/tr><tr><td>M<\/td><td>8.66<\/td><td>28.35-36.22<\/td><td>27.95-36.22<\/td><td>28.35-39.37<\/td><\/tr><tr><td>L<\/td><td>9.06<\/td><td>29.92-37.80<\/td><td>29.53-37.80<\/td><td>29.92-40.94<\/td><\/tr><\/tbody><\/table><\/figure>","protected":false},"excerpt":{"rendered":"<p>Entdecken Sie eine perfekte Mischung aus Eleganz und Stil mit unserem transparenten blauen Spitzen-BH-Set. Mit seinen goldgeflochtenen Tr\u00e4gern, einem dreistufigen Bund und einem Beinring definiert dieses Set Luxus in der Dessous neu.<\/p>","protected":false},"featured_media":42985,"template":"","meta":[],"product_brand":[],"product_cat":[368,369,367],"product_tag":[507,516,973,446,453,864,865],"class_list":{"0":"post-42975","1":"product","2":"type-product","3":"status-publish","4":"has-post-thumbnail","6":"product_cat-bra-panty-set","7":"product_cat-wholesale-lace-bra-and-panty-sets","8":"product_cat-sexy-lingerie","9":"product_tag-three-pcs-set","10":"product_tag-lace-lingerie","11":"product_tag-oem","12":"product_tag-wholesale-sexy-see-through-lingerie","13":"product_tag-wholesale-sexy-naughty-lingerie","14":"product_tag-sexy-petite-lingerie","15":"product_tag-sexy-skimpy-lingerie","16":"pa_color-light-blue-women-sexy-lingerie","17":"pa_size-wholesale-large-size-women-sexy-lingerie","18":"pa_size-wholesale-medium-size-women-sexy-lingerie","19":"pa_size-wholesale-small-size-sexy-lingerie","21":"first","22":"outofstock","23":"taxable","24":"shipping-taxable","25":"purchasable","26":"product-type-variable"},"tiered_pricing_type":"fixed","tiered_pricing_fixed_rules":[],"tiered_pricing_product_settings":{"layout":"default","base_unit_name":{"singular":null,"plural":null},"default_variation":null},"tiered_pricing_minimum_quantity":null,"tiered_pricing_roles_data":{"default_wholesaler":{"product_id":42975,"role":"default_wholesaler","pricing_type":"flat","regular_price":null,"sale_price":null,"discount":null,"discount_type":"sale_price","tiered_pricing_type":"fixed","percentage_rules":[],"fixed_rules":{"2":"9.99","30":"8.49","500":"7.49"},"minimum":null},"dropshippinger":{"product_id":42975,"role":"dropshippinger","pricing_type":"flat","regular_price":null,"sale_price":null,"discount":null,"discount_type":"sale_price","tiered_pricing_type":"fixed","percentage_rules":[],"fixed_rules":{"1":"11.89","5":"9.99","30":"8.49"},"minimum":null}},"tiered_pricing_percentage_rules":[],"tiered_pricing_maximum_quantity":null,"tiered_pricing_quantity_step":null,"_links":{"self":[{"href":"https:\/\/gretasexylingerie.com\/de\/wp-json\/wp\/v2\/product\/42975","targetHints":{"allow":["GET"]}}],"collection":[{"href":"https:\/\/gretasexylingerie.com\/de\/wp-json\/wp\/v2\/product"}],"about":[{"href":"https:\/\/gretasexylingerie.com\/de\/wp-json\/wp\/v2\/types\/product"}],"wp:featuredmedia":[{"embeddable":true,"href":"https:\/\/gretasexylingerie.com\/de\/wp-json\/wp\/v2\/media\/42985"}],"wp:attachment":[{"href":"https:\/\/gretasexylingerie.com\/de\/wp-json\/wp\/v2\/media?parent=42975"}],"wp:term":[{"taxonomy":"product_brand","embeddable":true,"href":"https:\/\/gretasexylingerie.com\/de\/wp-json\/wp\/v2\/product_brand?post=42975"},{"taxonomy":"product_cat","embeddable":true,"href":"https:\/\/gretasexylingerie.com\/de\/wp-json\/wp\/v2\/product_cat?post=42975"},{"taxonomy":"product_tag","embeddable":true,"href":"https:\/\/gretasexylingerie.com\/de\/wp-json\/wp\/v2\/product_tag?post=42975"}],"curies":[{"name":"wp","href":"https:\/\/api.w.org\/{rel}","templated":true}]}}