{"id":42923,"date":"2023-06-26T21:28:12","date_gmt":"2023-06-26T13:28:12","guid":{"rendered":"https:\/\/gretasexylingerie.com\/?post_type=product&#038;p=42923"},"modified":"2023-09-05T20:56:24","modified_gmt":"2023-09-05T12:56:24","slug":"schwarzer-netz-bodysuit-mit-offenem-rucken","status":"publish","type":"product","link":"https:\/\/gretasexylingerie.com\/de\/products\/black-mesh-bodysuit-with-open-back\/","title":{"rendered":"Schwarzer Mesh-Body mit offenem R\u00fccken"},"content":{"rendered":"<ol class=\"wp-block-list\">\n<li>Gewagtes Design: Die transparente Natur dieses schwarzen Netz-Bodysuits verleiht Ihrer Dessous-Kollektion eine abenteuerliche Note.<\/li>\n\n\n\n<li>Funktion mit offenem R\u00fccken: Das Design mit offenem R\u00fccken sorgt f\u00fcr einen Hauch von Dramatik und h\u00e4lt Sie k\u00fchl, was es perfekt f\u00fcr besondere Abende macht.<\/li>\n\n\n\n<li>Strategische Brustunterst\u00fctzung: Der Body verf\u00fcgt \u00fcber einzigartige Bruststraffungsgurte, die f\u00fcr eine schmeichelnde Passform sorgen und gleichzeitig ein zus\u00e4tzliches Stilelement hinzuf\u00fcgen.<\/li>\n\n\n\n<li>Optimaler Komfort: Dieser Body besteht aus atmungsaktivem Mesh und legt Wert auf Ihren Komfort, ohne auf Stil zu verzichten.<\/li>\n\n\n\n<li>Ideal f\u00fcr besondere Anl\u00e4sse: Mit seinem sinnlichen Design und der st\u00fctzenden Struktur ist dieses St\u00fcck ideal f\u00fcr Momente, in denen Sie sich besonders selbstbewusst und schick f\u00fchlen m\u00f6chten.<\/li>\n<\/ol>\n\n\n\n<p>Zusammenfassend l\u00e4sst sich sagen, dass der schwarze Netz-Body mit offenem R\u00fccken und bruststraffenden Tr\u00e4gern eine gewagte, sinnliche Erg\u00e4nzung Ihres Dessous-Repertoires ist. Seine einzigartigen Eigenschaften und der Fokus auf Komfort machen es zu einem herausragenden St\u00fcck f\u00fcr besondere Anl\u00e4sse, bei denen das Gew\u00f6hnliche nicht ausreicht.<\/p>\n\n\n\n<figure class=\"wp-block-table is-style-stripes\"><table class=\"has-fixed-layout\"><tbody><tr><td colspan=\"4\">Standortdiagramm (CM)<\/td><\/tr><tr><td>Gr\u00f6\u00dfe<\/td><td>L\u00e4nge<\/td><td>Obere B\u00fcste<\/td><td>Untere Brust<\/td><\/tr><tr><td>S<\/td><td>58<\/td><td>68-88<\/td><td>57-88<\/td><\/tr><tr><td>M<\/td><td>62<\/td><td>72-92<\/td><td>61-92<\/td><\/tr><tr><td>L<\/td><td>66<\/td><td>76-96<\/td><td>65-96<\/td><\/tr><tr><td colspan=\"4\">Seitendiagramm (Zoll)<\/td><\/tr><tr><td>Gr\u00f6\u00dfe<\/td><td>L\u00e4nge<\/td><td>Obere B\u00fcste<\/td><td>Untere Brust<\/td><\/tr><tr><td>S<\/td><td>22.83<\/td><td>26.77-34.65<\/td><td>22.44-34.65<\/td><\/tr><tr><td>M<\/td><td>24.41<\/td><td>28.35-36.22<\/td><td>24.02-36.22<\/td><\/tr><tr><td>L<\/td><td>25.98<\/td><td>29.92-37.80<\/td><td>25.59-37.80<\/td><\/tr><\/tbody><\/table><\/figure>","protected":false},"excerpt":{"rendered":"<p>Werten Sie Ihre Dessous mit unserem schwarzen Mesh-Body auf. Mit offenem R\u00fccken und strategischen Bruststraffungstr\u00e4gern vereint dieses zarte St\u00fcck Stil und Komfort nahtlos.<\/p>","protected":false},"featured_media":42933,"template":"","meta":[],"product_brand":[],"product_cat":[370,367,373],"product_tag":[452,861,518,446,864,863],"class_list":{"0":"post-42923","1":"product","2":"type-product","3":"status-publish","4":"has-post-thumbnail","6":"product_cat-bodysuit","7":"product_cat-sexy-lingerie","8":"product_cat-wholesale-sexy-mesh-bodysuit","9":"product_tag-wholesale-boudoir-lingerie","10":"product_tag-brunette-lingerie","11":"product_tag-mesh-lingerie","12":"product_tag-wholesale-sexy-see-through-lingerie","13":"product_tag-sexy-petite-lingerie","14":"product_tag-sexy-thong-lingerie","15":"pa_color-black","16":"pa_size-wholesale-large-size-women-sexy-lingerie","17":"pa_size-wholesale-medium-size-women-sexy-lingerie","18":"pa_size-wholesale-small-size-sexy-lingerie","20":"first","21":"instock","22":"taxable","23":"shipping-taxable","24":"purchasable","25":"product-type-variable"},"tiered_pricing_type":"fixed","tiered_pricing_fixed_rules":[],"tiered_pricing_product_settings":{"layout":"default","base_unit_name":{"singular":null,"plural":null},"default_variation":null},"tiered_pricing_minimum_quantity":null,"tiered_pricing_roles_data":{"default_wholesaler":{"product_id":42923,"role":"default_wholesaler","pricing_type":"flat","regular_price":null,"sale_price":null,"discount":null,"discount_type":"sale_price","tiered_pricing_type":"fixed","percentage_rules":[],"fixed_rules":{"2":"8.89","30":"7.59","500":"6.69"},"minimum":null},"dropshippinger":{"product_id":42923,"role":"dropshippinger","pricing_type":"flat","regular_price":null,"sale_price":null,"discount":null,"discount_type":"sale_price","tiered_pricing_type":"fixed","percentage_rules":[],"fixed_rules":{"1":"10.69","5":"8.89","30":"7.59"},"minimum":null}},"tiered_pricing_percentage_rules":[],"tiered_pricing_maximum_quantity":null,"tiered_pricing_quantity_step":null,"_links":{"self":[{"href":"https:\/\/gretasexylingerie.com\/de\/wp-json\/wp\/v2\/product\/42923","targetHints":{"allow":["GET"]}}],"collection":[{"href":"https:\/\/gretasexylingerie.com\/de\/wp-json\/wp\/v2\/product"}],"about":[{"href":"https:\/\/gretasexylingerie.com\/de\/wp-json\/wp\/v2\/types\/product"}],"wp:featuredmedia":[{"embeddable":true,"href":"https:\/\/gretasexylingerie.com\/de\/wp-json\/wp\/v2\/media\/42933"}],"wp:attachment":[{"href":"https:\/\/gretasexylingerie.com\/de\/wp-json\/wp\/v2\/media?parent=42923"}],"wp:term":[{"taxonomy":"product_brand","embeddable":true,"href":"https:\/\/gretasexylingerie.com\/de\/wp-json\/wp\/v2\/product_brand?post=42923"},{"taxonomy":"product_cat","embeddable":true,"href":"https:\/\/gretasexylingerie.com\/de\/wp-json\/wp\/v2\/product_cat?post=42923"},{"taxonomy":"product_tag","embeddable":true,"href":"https:\/\/gretasexylingerie.com\/de\/wp-json\/wp\/v2\/product_tag?post=42923"}],"curies":[{"name":"wp","href":"https:\/\/api.w.org\/{rel}","templated":true}]}}