{"id":42909,"date":"2023-06-26T00:01:13","date_gmt":"2023-06-25T16:01:13","guid":{"rendered":"https:\/\/gretasexylingerie.com\/?post_type=product&#038;p=42909"},"modified":"2023-09-05T20:56:18","modified_gmt":"2023-09-05T12:56:18","slug":"spitzen-bodysuit-mit-brustring-mit-mehreren-riemen-und-ausgehohltem-design","status":"publish","type":"product","link":"https:\/\/gretasexylingerie.com\/de\/products\/lace-bodysuit-with-multi-strap-chest-ring-and-hollow-design\/","title":{"rendered":"Spitzen-Bodysuit mit Brustring mit mehreren Riemen und hohlem Design"},"content":{"rendered":"<ol class=\"wp-block-list\">\n<li>Einzigartiges Statement-St\u00fcck: Dieser Spitzen-Body ist keine Alltagsunterw\u00e4sche. Es ist ein einzigartiges Statement-St\u00fcck f\u00fcr besondere Anl\u00e4sse, bei denen Sie sich au\u00dfergew\u00f6hnlich f\u00fchlen und einen Eindruck hinterlassen m\u00f6chten.<\/li>\n\n\n\n<li>K\u00fchnes und gewagtes Design: Mit seinem Design mit mehreren Tr\u00e4gern und dem zentralen Brustring strahlt dieser Body K\u00fchnheit aus und wagt es, herk\u00f6mmliche Dessous-Designs herauszufordern.<\/li>\n\n\n\n<li>Auff\u00e4lliges hohles Detail: Das hohle Detail bietet einen verf\u00fchrerischen Blick auf die darunter liegende Haut und erzeugt einen sinnlichen Reiz, den man nicht ignorieren kann.<\/li>\n\n\n\n<li>Au\u00dfergew\u00f6hnliche Handwerkskunst: Die aufwendige Spitzenarbeit und die durchdachten Details zeigen die au\u00dfergew\u00f6hnliche Handwerkskunst, die in jedem St\u00fcck steckt.<\/li>\n\n\n\n<li>Tragen f\u00fcr besondere Anl\u00e4sse: Mit seinem gewagten Design und den aufmerksamkeitsstarken Funktionen ist dieser Body die ideale Wahl f\u00fcr besondere Abende, an denen das Gew\u00f6hnliche nicht ausreicht.<\/li>\n<\/ol>\n\n\n\n<p>Zusammenfassend l\u00e4sst sich sagen, dass der Spitzen-Body mit Brustring mit mehreren Riemen und hohlem Design ein mutiges, gewagtes und einzigartiges Dessous-St\u00fcck ist. Es ist nicht f\u00fcr den Alltag gedacht, sondern f\u00fcr Anl\u00e4sse, bei denen Sie auffallen und sich au\u00dfergew\u00f6hnlich f\u00fchlen m\u00f6chten. Seine herausragenden Eigenschaften und seine au\u00dfergew\u00f6hnliche Handwerkskunst machen es zu einer faszinierenden Erg\u00e4nzung jeder Dessous-Kollektion.<\/p>\n\n\n\n<figure class=\"wp-block-table is-style-stripes\"><table class=\"has-fixed-layout\"><tbody><tr><td colspan=\"4\">Standortdiagramm (CM)<\/td><\/tr><tr><td>Gr\u00f6\u00dfe<\/td><td>L\u00e4nge<\/td><td>Obere B\u00fcste<\/td><td>Untere Brust<\/td><\/tr><tr><td>S<\/td><td>55<\/td><td>62-88<\/td><td>57-88<\/td><\/tr><tr><td>M<\/td><td>56<\/td><td>66-92<\/td><td>61-92<\/td><\/tr><tr><td>L<\/td><td>57<\/td><td>70-96<\/td><td>65-96<\/td><\/tr><tr><td colspan=\"4\">Seitendiagramm (Zoll)<\/td><\/tr><tr><td>Gr\u00f6\u00dfe<\/td><td>L\u00e4nge<\/td><td>Obere B\u00fcste<\/td><td>Untere Brust<\/td><\/tr><tr><td>S<\/td><td>21.65<\/td><td>24.41-34.65<\/td><td>22.44-34.65<\/td><\/tr><tr><td>M<\/td><td>22.05<\/td><td>25.98-36.22<\/td><td>24.02-36.22<\/td><\/tr><tr><td>L<\/td><td>22.44<\/td><td>27.56-37.80<\/td><td>25.59-37.80<\/td><\/tr><\/tbody><\/table><\/figure>","protected":false},"excerpt":{"rendered":"<p>Mit unserem Spitzen-Body, einem authentischen Statement-St\u00fcck, werden Sie alle Blicke auf sich ziehen. Mit seinem Multi-Riemen-Design, das durch einen Metallring auf der Brust verbunden ist, und einem verlockenden Hohldetail wagt dieser Body den Mut, anders zu sein und verleiht Ihrer Dessous-Kollektion eine gewagte Note.<\/p>","protected":false},"featured_media":42920,"template":"","meta":[],"product_brand":[],"product_cat":[370,371,367],"product_tag":[516,446,453,447,504],"class_list":{"0":"post-42909","1":"product","2":"type-product","3":"status-publish","4":"has-post-thumbnail","6":"product_cat-bodysuit","7":"product_cat-wholesale-sexy-lace-bodysuit","8":"product_cat-sexy-lingerie","9":"product_tag-lace-lingerie","10":"product_tag-wholesale-sexy-see-through-lingerie","11":"product_tag-wholesale-sexy-naughty-lingerie","12":"product_tag-wholesale-strappy-sexy-lingerie","13":"product_tag-ultra-sexy","14":"pa_color-black","15":"pa_size-wholesale-large-size-women-sexy-lingerie","16":"pa_size-wholesale-medium-size-women-sexy-lingerie","17":"pa_size-wholesale-small-size-sexy-lingerie","19":"first","20":"instock","21":"taxable","22":"shipping-taxable","23":"purchasable","24":"product-type-variable"},"tiered_pricing_type":"fixed","tiered_pricing_fixed_rules":[],"tiered_pricing_product_settings":{"layout":"default","base_unit_name":{"singular":null,"plural":null},"default_variation":null},"tiered_pricing_minimum_quantity":null,"tiered_pricing_roles_data":{"default_wholesaler":{"product_id":42909,"role":"default_wholesaler","pricing_type":"flat","regular_price":null,"sale_price":null,"discount":null,"discount_type":"sale_price","tiered_pricing_type":"fixed","percentage_rules":[],"fixed_rules":{"2":"7.89","30":"6.79","500":"5.89"},"minimum":null},"dropshippinger":{"product_id":42909,"role":"dropshippinger","pricing_type":"flat","regular_price":null,"sale_price":null,"discount":null,"discount_type":"sale_price","tiered_pricing_type":"fixed","percentage_rules":[],"fixed_rules":{"1":"9.39","5":"7.89","30":"6.79"},"minimum":null}},"tiered_pricing_percentage_rules":[],"tiered_pricing_maximum_quantity":null,"tiered_pricing_quantity_step":null,"_links":{"self":[{"href":"https:\/\/gretasexylingerie.com\/de\/wp-json\/wp\/v2\/product\/42909","targetHints":{"allow":["GET"]}}],"collection":[{"href":"https:\/\/gretasexylingerie.com\/de\/wp-json\/wp\/v2\/product"}],"about":[{"href":"https:\/\/gretasexylingerie.com\/de\/wp-json\/wp\/v2\/types\/product"}],"wp:featuredmedia":[{"embeddable":true,"href":"https:\/\/gretasexylingerie.com\/de\/wp-json\/wp\/v2\/media\/42920"}],"wp:attachment":[{"href":"https:\/\/gretasexylingerie.com\/de\/wp-json\/wp\/v2\/media?parent=42909"}],"wp:term":[{"taxonomy":"product_brand","embeddable":true,"href":"https:\/\/gretasexylingerie.com\/de\/wp-json\/wp\/v2\/product_brand?post=42909"},{"taxonomy":"product_cat","embeddable":true,"href":"https:\/\/gretasexylingerie.com\/de\/wp-json\/wp\/v2\/product_cat?post=42909"},{"taxonomy":"product_tag","embeddable":true,"href":"https:\/\/gretasexylingerie.com\/de\/wp-json\/wp\/v2\/product_tag?post=42909"}],"curies":[{"name":"wp","href":"https:\/\/api.w.org\/{rel}","templated":true}]}}