{"id":42891,"date":"2023-06-25T23:25:47","date_gmt":"2023-06-25T15:25:47","guid":{"rendered":"https:\/\/gretasexylingerie.com\/?post_type=product&#038;p=42891"},"modified":"2024-04-04T13:52:33","modified_gmt":"2024-04-04T05:52:33","slug":"3-teiliges-set-schwarzer-neckholder-bh-aus-netzstoff-mit-strumpfhaltern-fur-die-hufte","status":"publish","type":"product","link":"https:\/\/gretasexylingerie.com\/de\/products\/3-piece-set-black-mesh-halterneck-bra-with-hip-cover-garters\/","title":{"rendered":"3-teiliges Set mit Neckholder-BH aus schwarzem Netzstoff und Strumpfb\u00e4ndern zur H\u00fcftabdeckung"},"content":{"rendered":"<ol class=\"wp-block-list\">\n<li>Der Wow-Faktor: Der Neckholder-BH mit mehreren Tr\u00e4gern ist ein Statement. Es geht darum, den Mut zu haben, anders zu sein.<\/li>\n\n\n\n<li>Enth\u00fcllen Sie den Reiz: Die h\u00fcftbedeckenden Netzstrumpfhalter sorgen f\u00fcr einen Hauch von Faszination, erg\u00e4nzen den BH und unterstreichen Ihren nat\u00fcrlichen Reiz.<\/li>\n\n\n\n<li>Unversch\u00e4mt trendy: Dieses Set ist nicht nur modisch; es ist ein Trendsetter. Es ist f\u00fcr diejenigen, die f\u00fchren, nicht folgen.<\/li>\n\n\n\n<li>Komfort mit Stil: Bei diesem Set geht es darum, ein mutiges Statement zu setzen, aber wir erinnern uns immer noch an den Komfort. Der weiche Mesh-Stoff sorgt f\u00fcr ein angenehmes Tragegef\u00fchl.<\/li>\n\n\n\n<li>Perfekt f\u00fcr jeden Anlass: Ob beim Date oder einfach nur an einem Tag, an dem Sie sich besonders f\u00fchlen m\u00f6chten, dieses Set ist Ihr perfekter Partner.<\/li>\n<\/ol>\n\n\n\n<p>Zusammenfassend l\u00e4sst sich sagen, dass unser dreiteiliges Black Mesh Extravaganza ein Fest ist, das mutige Entscheidungen und individuellen Stil feiert. Es ist nicht nur eine modische Erg\u00e4nzung Ihrer Dessous-Kollektion; Es ist ein Erlebnis, das Komfort, Stil und Geheimnis verspricht.<\/p>\n\n\n\n<figure class=\"wp-block-table is-style-stripes\"><table class=\"has-fixed-layout\"><tbody><tr><td colspan=\"5\">Standortdiagramm (CM)<\/td><\/tr><tr><td>Gr\u00f6\u00dfe<\/td><td>L\u00e4nge<\/td><td>Obere B\u00fcste<\/td><td>Untere Brust<\/td><td>Taillenlinie<\/td><\/tr><tr><td>S<\/td><td>19<\/td><td>72-88<\/td><td>65-88<\/td><td>66-96<\/td><\/tr><tr><td>M<\/td><td>20<\/td><td>76-92<\/td><td>69-92<\/td><td>70-100<\/td><\/tr><tr><td>L<\/td><td>21<\/td><td>80-96<\/td><td>73-96<\/td><td>74-104<\/td><\/tr><tr><td colspan=\"5\">Seitendiagramm (Zoll)<\/td><\/tr><tr><td>Gr\u00f6\u00dfe<\/td><td>L\u00e4nge<\/td><td>Obere B\u00fcste<\/td><td>Untere Brust<\/td><td>Taillenlinie<\/td><\/tr><tr><td>S<\/td><td>7.48<\/td><td>28.35-34.65<\/td><td>25.59-34.65<\/td><td>25.98-37.80<\/td><\/tr><tr><td>M<\/td><td>7.87<\/td><td>29.92-36.22<\/td><td>27.17-36.22<\/td><td>27.56-39.37<\/td><\/tr><tr><td>L<\/td><td>8.27<\/td><td>31.50-37.80<\/td><td>28.74-37.80<\/td><td>29.13-40.94<\/td><\/tr><\/tbody><\/table><\/figure>","protected":false},"excerpt":{"rendered":"<p>Treten Sie mit unserem dreiteiligen Black Mesh Extravaganza ins Rampenlicht. Dieses Ensemble besteht aus einem Neckholder-BH mit mehreren verspielten Tr\u00e4gern und sexy Netzstrumpfhaltern, die die H\u00fcften anmutig bedecken. Es ist die perfekte Mischung aus Geheimnis und Faszination.<\/p>","protected":false},"featured_media":42903,"template":"","meta":[],"product_brand":[],"product_cat":[368,367,375],"product_tag":[507,452,448,528,518,865],"class_list":{"0":"post-42891","1":"product","2":"type-product","3":"status-publish","4":"has-post-thumbnail","6":"product_cat-bra-panty-set","7":"product_cat-sexy-lingerie","8":"product_cat-whoelsale-sheer-bra-and-panty-sets","9":"product_tag-three-pcs-set","10":"product_tag-wholesale-boudoir-lingerie","11":"product_tag-wholesale-elegant-sexy-lingerie","12":"product_tag-halter-lingerie","13":"product_tag-mesh-lingerie","14":"product_tag-sexy-skimpy-lingerie","15":"pa_color-black","16":"pa_size-wholesale-large-size-women-sexy-lingerie","17":"pa_size-wholesale-medium-size-women-sexy-lingerie","18":"pa_size-wholesale-small-size-sexy-lingerie","20":"first","21":"instock","22":"taxable","23":"shipping-taxable","24":"purchasable","25":"product-type-variable"},"tiered_pricing_type":"fixed","tiered_pricing_fixed_rules":[],"tiered_pricing_product_settings":{"layout":"table","base_unit_name":{"singular":null,"plural":null},"default_variation":null},"tiered_pricing_minimum_quantity":null,"tiered_pricing_roles_data":{"default_wholesaler":{"product_id":42891,"role":"default_wholesaler","pricing_type":"flat","regular_price":null,"sale_price":null,"discount":null,"discount_type":"sale_price","tiered_pricing_type":"fixed","percentage_rules":[],"fixed_rules":{"2":"10.69","30":"9.19","500":"8.09"},"minimum":null},"dropshippinger":{"product_id":42891,"role":"dropshippinger","pricing_type":"flat","regular_price":null,"sale_price":null,"discount":null,"discount_type":"sale_price","tiered_pricing_type":"fixed","percentage_rules":[],"fixed_rules":{"1":"12.89","5":"10.69","30":"9.19"},"minimum":null}},"tiered_pricing_percentage_rules":[],"tiered_pricing_maximum_quantity":null,"tiered_pricing_quantity_step":null,"_links":{"self":[{"href":"https:\/\/gretasexylingerie.com\/de\/wp-json\/wp\/v2\/product\/42891","targetHints":{"allow":["GET"]}}],"collection":[{"href":"https:\/\/gretasexylingerie.com\/de\/wp-json\/wp\/v2\/product"}],"about":[{"href":"https:\/\/gretasexylingerie.com\/de\/wp-json\/wp\/v2\/types\/product"}],"wp:featuredmedia":[{"embeddable":true,"href":"https:\/\/gretasexylingerie.com\/de\/wp-json\/wp\/v2\/media\/42903"}],"wp:attachment":[{"href":"https:\/\/gretasexylingerie.com\/de\/wp-json\/wp\/v2\/media?parent=42891"}],"wp:term":[{"taxonomy":"product_brand","embeddable":true,"href":"https:\/\/gretasexylingerie.com\/de\/wp-json\/wp\/v2\/product_brand?post=42891"},{"taxonomy":"product_cat","embeddable":true,"href":"https:\/\/gretasexylingerie.com\/de\/wp-json\/wp\/v2\/product_cat?post=42891"},{"taxonomy":"product_tag","embeddable":true,"href":"https:\/\/gretasexylingerie.com\/de\/wp-json\/wp\/v2\/product_tag?post=42891"}],"curies":[{"name":"wp","href":"https:\/\/api.w.org\/{rel}","templated":true}]}}