{"id":42873,"date":"2023-06-25T22:47:54","date_gmt":"2023-06-25T14:47:54","guid":{"rendered":"https:\/\/gretasexylingerie.com\/?post_type=product&#038;p=42873"},"modified":"2023-09-05T20:56:05","modified_gmt":"2023-09-05T12:56:05","slug":"kontrastierendes-trio-aus-transparenter-spitze-mit-geruschten-strumpfbandern","status":"publish","type":"product","link":"https:\/\/gretasexylingerie.com\/de\/products\/contrasting-sheer-lace-trio-with-ruffled-garters\/","title":{"rendered":"Kontrastierendes transparentes Spitzentrio mit ger\u00fcschten Strumpfb\u00e4ndern"},"content":{"rendered":"<ol class=\"wp-block-list\">\n<li>Verspielt gewagt: Mit seiner ausgeschnittenen Brust und der kontrastierenden Farbpalette ist dieses Set nichts f\u00fcr schwache Nerven. Es ist f\u00fcr die Wagemutigen, die Mutigen, die ihren Stil besitzen.<\/li>\n\n\n\n<li>Kunstfertigkeit im Detail: Denken Sie an die transparenten Stickmuster \u2013 ein Beweis f\u00fcr die Handwerkskunst, mit der dieses wundersch\u00f6ne Set geschaffen wurde.<\/li>\n\n\n\n<li>Stil und Komfort: Fett bedeutet nicht unbequem. Bei unseren ger\u00fcschten Strumpfb\u00e4ndern geht es nicht nur um den Stil; Sie sorgen au\u00dferdem f\u00fcr ein angenehmes Tragegef\u00fchl.<\/li>\n\n\n\n<li>Setzen Sie den Trend: Dieses BH-Set folgt nicht nur den Trends \u2013 es setzt sie. Die einzigartige Designkombination passt perfekt zu den aktuellen Dessous-Trends.<\/li>\n\n\n\n<li>Ihr Lieblingsset: Ob f\u00fcr einen besonderen Anlass oder einfach nur, weil dieses BH-Set Ihr perfektes Set ist, wenn Sie sich verspielt und kokett f\u00fchlen m\u00f6chten.<\/li>\n<\/ol>\n\n\n\n<p>Zusammenfassend l\u00e4sst sich sagen, dass es bei unserem \u201eFlirty Trio\u201c-Set darum geht, mutige Entscheidungen zu treffen, Ihren einzigartigen Stil anzunehmen und Spa\u00df zu haben. Es ist nicht nur eine modische Erg\u00e4nzung jeder Dessous-Kollektion, sondern verspricht auch unschlagbaren Komfort, damit Sie sich den ganzen Tag lang gro\u00dfartig f\u00fchlen k\u00f6nnen.<\/p>\n\n\n\n<figure class=\"wp-block-table is-style-stripes\"><table class=\"has-fixed-layout\"><tbody><tr><td colspan=\"5\">Standortdiagramm (CM)<\/td><\/tr><tr><td>Gr\u00f6\u00dfe<\/td><td>L\u00e4nge<\/td><td>Obere B\u00fcste<\/td><td>Untere Brust<\/td><td>Taillenlinie<\/td><\/tr><tr><td>S<\/td><td>21<\/td><td>68-88<\/td><td>64-88<\/td><td>64-96<\/td><\/tr><tr><td>M<\/td><td>22<\/td><td>72-92<\/td><td>68-92<\/td><td>68-100<\/td><\/tr><tr><td>L<\/td><td>23<\/td><td>76-96<\/td><td>72-96<\/td><td>72-104<\/td><\/tr><tr><td colspan=\"5\">Seitendiagramm (Zoll)<\/td><\/tr><tr><td>Gr\u00f6\u00dfe<\/td><td>L\u00e4nge<\/td><td>Obere B\u00fcste<\/td><td>Untere Brust<\/td><td>Taillenlinie<\/td><\/tr><tr><td>S<\/td><td>9.45<\/td><td>29.13-34.65<\/td><td>26.77-34.65<\/td><td>25.59-36.22<\/td><\/tr><tr><td>M<\/td><td>9.84<\/td><td>30.71-36.22<\/td><td>28.35-36.22<\/td><td>27.17-37.80<\/td><\/tr><tr><td>L<\/td><td>10.24<\/td><td>32.28-37.80<\/td><td>29.92-37.80<\/td><td>28.74-39.37<\/td><\/tr><\/tbody><\/table><\/figure>","protected":false},"excerpt":{"rendered":"<p>Machen Sie sich bereit, mit unserem \u201eFlirty Trio\u201c-Set die Show zu stehlen! Dieses Ensemble aus drei BHs bietet eine verspielte Mischung aus transparenter Spitze, einem verf\u00fchrerischen Busenausschnitt und ger\u00fcschten Strumpfb\u00e4ndern. Der auff\u00e4llige Kontrast zwischen den schwarzen und orangefarbenen Designs schreit nach Drama und Spa\u00df.<\/p>","protected":false},"featured_media":42883,"template":"","meta":[],"product_brand":[],"product_cat":[368,367,376],"product_tag":[507,448,516,518,453,864,504],"class_list":{"0":"post-42873","1":"product","2":"type-product","3":"status-publish","4":"has-post-thumbnail","6":"product_cat-bra-panty-set","7":"product_cat-sexy-lingerie","8":"product_cat-wholesale-ultra-sexy-bra-panty-set","9":"product_tag-three-pcs-set","10":"product_tag-wholesale-elegant-sexy-lingerie","11":"product_tag-lace-lingerie","12":"product_tag-mesh-lingerie","13":"product_tag-wholesale-sexy-naughty-lingerie","14":"product_tag-sexy-petite-lingerie","15":"product_tag-ultra-sexy","16":"pa_color-orange","17":"pa_size-wholesale-large-size-women-sexy-lingerie","18":"pa_size-wholesale-medium-size-women-sexy-lingerie","19":"pa_size-wholesale-small-size-sexy-lingerie","21":"first","22":"instock","23":"taxable","24":"shipping-taxable","25":"purchasable","26":"product-type-variable"},"tiered_pricing_type":"fixed","tiered_pricing_fixed_rules":[],"tiered_pricing_product_settings":{"layout":"default","base_unit_name":{"singular":null,"plural":null},"default_variation":null},"tiered_pricing_minimum_quantity":null,"tiered_pricing_roles_data":{"default_wholesaler":{"product_id":42873,"role":"default_wholesaler","pricing_type":"flat","regular_price":null,"sale_price":null,"discount":null,"discount_type":"sale_price","tiered_pricing_type":"fixed","percentage_rules":[],"fixed_rules":{"2":"11.79","30":"10.09","500":"8.79"},"minimum":null},"dropshippinger":{"product_id":42873,"role":"dropshippinger","pricing_type":"flat","regular_price":null,"sale_price":null,"discount":null,"discount_type":"sale_price","tiered_pricing_type":"fixed","percentage_rules":[],"fixed_rules":{"1":"14.09","5":"11.79","30":"10.09"},"minimum":null}},"tiered_pricing_percentage_rules":[],"tiered_pricing_maximum_quantity":null,"tiered_pricing_quantity_step":null,"_links":{"self":[{"href":"https:\/\/gretasexylingerie.com\/de\/wp-json\/wp\/v2\/product\/42873","targetHints":{"allow":["GET"]}}],"collection":[{"href":"https:\/\/gretasexylingerie.com\/de\/wp-json\/wp\/v2\/product"}],"about":[{"href":"https:\/\/gretasexylingerie.com\/de\/wp-json\/wp\/v2\/types\/product"}],"wp:featuredmedia":[{"embeddable":true,"href":"https:\/\/gretasexylingerie.com\/de\/wp-json\/wp\/v2\/media\/42883"}],"wp:attachment":[{"href":"https:\/\/gretasexylingerie.com\/de\/wp-json\/wp\/v2\/media?parent=42873"}],"wp:term":[{"taxonomy":"product_brand","embeddable":true,"href":"https:\/\/gretasexylingerie.com\/de\/wp-json\/wp\/v2\/product_brand?post=42873"},{"taxonomy":"product_cat","embeddable":true,"href":"https:\/\/gretasexylingerie.com\/de\/wp-json\/wp\/v2\/product_cat?post=42873"},{"taxonomy":"product_tag","embeddable":true,"href":"https:\/\/gretasexylingerie.com\/de\/wp-json\/wp\/v2\/product_tag?post=42873"}],"curies":[{"name":"wp","href":"https:\/\/api.w.org\/{rel}","templated":true}]}}