{"id":42850,"date":"2023-06-24T22:49:41","date_gmt":"2023-06-24T14:49:41","guid":{"rendered":"https:\/\/gretasexylingerie.com\/?post_type=product&#038;p=42850"},"modified":"2024-01-17T22:25:09","modified_gmt":"2024-01-17T14:25:09","slug":"3-teiliges-bh-tanga-set-im-metallic-punk-stil-in-einheitlicher-farbe","status":"publish","type":"product","link":"https:\/\/gretasexylingerie.com\/de\/products\/3-piece-metallic-punk-solid-color-bra-thong-set\/","title":{"rendered":"3-teiliges Set aus einfarbigem Metallic-Punk-BH und Tanga"},"content":{"rendered":"<ol class=\"wp-block-list\">\n<li>Auff\u00e4lliges Design: Mit seinem metallischen Punk-Stil bietet dieses Set einen gewagten Look, perfekt f\u00fcr alle, die Individualit\u00e4t und Ausdruck sch\u00e4tzen.<\/li>\n\n\n\n<li>Unkonventionelle \u00c4sthetik: Das einfarbige Design f\u00fcgt ein Element k\u00fchner Einfachheit hinzu und unterstreicht die metallische Punk-\u00c4sthetik.<\/li>\n\n\n\n<li>Trendbewusst: Dieses Set passt perfekt zu aktuellen Dessous-Trends und spricht Modebewusste an.<\/li>\n\n\n\n<li>Komfort trifft auf Stil: Trotz seiner auff\u00e4lligen \u00c4sthetik verspricht das Set aufgrund seines durchdachten Designs und des hochwertigen Materials ein angenehmes Tragegef\u00fchl.<\/li>\n\n\n\n<li>Mutige Details: Die hochwertige Handwerkskunst, die sich in jedem Detail zeigt, unterstreicht das k\u00fchne metallische Punk-Design.<\/li>\n<\/ol>\n\n\n\n<p>Zusammenfassend l\u00e4sst sich sagen, dass unser 3-teiliges Set aus einfarbigem Metallic-Punk-BH und Tanga durch seine einzigartige Mischung aus k\u00fchnem Design, Komfort und sorgf\u00e4ltigen Details hervorsticht. Seine besonderen Eigenschaften und die Ausrichtung auf aktuelle Stiltrends machen es zu einer ausgefallenen und dennoch stilvollen Erg\u00e4nzung jeder Dessous-Kollektion.<\/p>\n\n\n\n<figure class=\"wp-block-table is-style-stripes\"><table class=\"has-fixed-layout\"><tbody><tr><td colspan=\"5\">Standortdiagramm (CM)<\/td><\/tr><tr><td>Gr\u00f6\u00dfe<\/td><td>L\u00e4nge<\/td><td>Obere B\u00fcste<\/td><td>Untere Brust<\/td><td>Taillenlinie<\/td><\/tr><tr><td>S<\/td><td>24<\/td><td>74-88<\/td><td>68-88<\/td><td>65-92<\/td><\/tr><tr><td>M<\/td><td>25<\/td><td>78-92<\/td><td>72-92<\/td><td>69-96<\/td><\/tr><tr><td>L<\/td><td>26<\/td><td>82-96<\/td><td>76-96<\/td><td>73-100<\/td><\/tr><tr><td colspan=\"5\">Seitendiagramm (Zoll)<\/td><\/tr><tr><td>Gr\u00f6\u00dfe<\/td><td>L\u00e4nge<\/td><td>Obere B\u00fcste<\/td><td>Untere Brust<\/td><td>Taillenlinie<\/td><\/tr><tr><td>S<\/td><td>9.45<\/td><td>29.13-34.65<\/td><td>26.77-34.65<\/td><td>25.59-36.22<\/td><\/tr><tr><td>M<\/td><td>9.84<\/td><td>30.71-36.22<\/td><td>28.35-36.22<\/td><td>27.17-37.80<\/td><\/tr><tr><td>L<\/td><td>10.24<\/td><td>32.28-37.80<\/td><td>29.92-37.80<\/td><td>28.74-39.37<\/td><\/tr><\/tbody><\/table><\/figure>","protected":false},"excerpt":{"rendered":"<p>Entfesseln Sie Ihre mutige Seite mit unserem dreiteiligen Metallic-Punk-BH- und Tanga-Set in einfarbiger Farbe. Dieses auff\u00e4llige Set verbindet m\u00fchelos ausgefallene \u00c4sthetik mit \u00fcberragendem Komfort und macht es zu einer unvergesslichen Erg\u00e4nzung Ihrer Dessous-Kollektion.<\/p>\n<p>https:\/\/youtu.be\/5hwR5D_BGj8<\/p>","protected":false},"featured_media":42861,"template":"","meta":[],"product_brand":[],"product_cat":[368,367,375],"product_tag":[505,448,524,867],"class_list":{"0":"post-42850","1":"product","2":"type-product","3":"status-publish","4":"has-post-thumbnail","6":"product_cat-bra-panty-set","7":"product_cat-sexy-lingerie","8":"product_cat-whoelsale-sheer-bra-and-panty-sets","9":"product_tag-5-piece-lingerie-set","10":"product_tag-wholesale-elegant-sexy-lingerie","11":"product_tag-metal-lingerie","12":"product_tag-sexy-push-up-lingerie","13":"pa_color-black","14":"pa_color-red-women-sexy-lingerie","15":"pa_size-wholesale-large-size-women-sexy-lingerie","16":"pa_size-wholesale-medium-size-women-sexy-lingerie","17":"pa_size-wholesale-small-size-sexy-lingerie","19":"first","20":"instock","21":"taxable","22":"shipping-taxable","23":"purchasable","24":"product-type-variable"},"tiered_pricing_type":"fixed","tiered_pricing_fixed_rules":[],"tiered_pricing_product_settings":{"layout":"default","base_unit_name":{"singular":null,"plural":null},"default_variation":{}},"tiered_pricing_minimum_quantity":null,"tiered_pricing_roles_data":{"default_wholesaler":{"product_id":42850,"role":"default_wholesaler","pricing_type":"flat","regular_price":null,"sale_price":null,"discount":null,"discount_type":"sale_price","tiered_pricing_type":"fixed","percentage_rules":[],"fixed_rules":{"2":"11.49","30":"9.89","500":"8.59"},"minimum":null},"dropshippinger":{"product_id":42850,"role":"dropshippinger","pricing_type":"flat","regular_price":null,"sale_price":null,"discount":null,"discount_type":"sale_price","tiered_pricing_type":"fixed","percentage_rules":[],"fixed_rules":{"1":"13.79","5":"11.49","30":"9.89"},"minimum":null}},"tiered_pricing_percentage_rules":[],"tiered_pricing_maximum_quantity":null,"tiered_pricing_quantity_step":null,"_links":{"self":[{"href":"https:\/\/gretasexylingerie.com\/de\/wp-json\/wp\/v2\/product\/42850","targetHints":{"allow":["GET"]}}],"collection":[{"href":"https:\/\/gretasexylingerie.com\/de\/wp-json\/wp\/v2\/product"}],"about":[{"href":"https:\/\/gretasexylingerie.com\/de\/wp-json\/wp\/v2\/types\/product"}],"wp:featuredmedia":[{"embeddable":true,"href":"https:\/\/gretasexylingerie.com\/de\/wp-json\/wp\/v2\/media\/42861"}],"wp:attachment":[{"href":"https:\/\/gretasexylingerie.com\/de\/wp-json\/wp\/v2\/media?parent=42850"}],"wp:term":[{"taxonomy":"product_brand","embeddable":true,"href":"https:\/\/gretasexylingerie.com\/de\/wp-json\/wp\/v2\/product_brand?post=42850"},{"taxonomy":"product_cat","embeddable":true,"href":"https:\/\/gretasexylingerie.com\/de\/wp-json\/wp\/v2\/product_cat?post=42850"},{"taxonomy":"product_tag","embeddable":true,"href":"https:\/\/gretasexylingerie.com\/de\/wp-json\/wp\/v2\/product_tag?post=42850"}],"curies":[{"name":"wp","href":"https:\/\/api.w.org\/{rel}","templated":true}]}}