{"id":42800,"date":"2023-06-24T21:45:29","date_gmt":"2023-06-24T13:45:29","guid":{"rendered":"https:\/\/gretasexylingerie.com\/?post_type=product&#038;p=42800"},"modified":"2024-01-17T22:22:43","modified_gmt":"2024-01-17T14:22:43","slug":"spitzen-bh-string-set-mit-brustausschnitt-und-kette","status":"publish","type":"product","link":"https:\/\/gretasexylingerie.com\/de\/products\/lace-bra-thong-set-with-bust-cutout-and-chain\/","title":{"rendered":"Set aus Spitzen-BH und Tanga mit Brustausschnitt und Kette"},"content":{"rendered":"<ol class=\"wp-block-list\">\n<li>Gewagtes Design: Der Brustausschnitt und die Metallkette bieten eine k\u00fchne \u00c4sthetik, perfekt f\u00fcr alle, die gewagte Dessous suchen.<\/li>\n\n\n\n<li>Einzigartige Merkmale: Die Metallkette verleiht dem Set ein ausgefallenes Element und macht es zu einem herausragenden Design und Reiz.<\/li>\n\n\n\n<li>Trendorientiert: Das Design orientiert sich an aktuellen Dessous-Trends und spricht Stilbewusste an.<\/li>\n\n\n\n<li>Komfort und Passform: Trotz der gewagten Details sorgt das Set dank seines zarten Spitzenstoffs f\u00fcr einen angenehmen Tragekomfort.<\/li>\n\n\n\n<li>Auff\u00e4llige Details: Der Brustausschnitt, die Metallkette und der Tanga-Slip unterstreichen das gewagte Design und die Liebe zum Detail des Sets.<\/li>\n<\/ol>\n\n\n\n<p>Zusammenfassend l\u00e4sst sich sagen, dass das Spitzen-BH-Set mit Brustausschnitt, Metallkette und Tanga-H\u00f6schen eine perfekte Mischung aus gewagtem Design, Komfort und sorgf\u00e4ltigen Details bietet. Seine einzigartigen Eigenschaften und sein trendorientierter Stil machen es zu einer herausragenden Erg\u00e4nzung jeder Dessous-Kollektion.<\/p>\n\n\n\n<figure class=\"wp-block-table is-style-stripes\"><table class=\"has-fixed-layout\"><tbody><tr><td colspan=\"5\">Standortdiagramm (CM)<\/td><\/tr><tr><td>Gr\u00f6\u00dfe<\/td><td>L\u00e4nge<\/td><td>Obere B\u00fcste<\/td><td>Untere Brust<\/td><td>Taillenlinie<\/td><\/tr><tr><td>S<\/td><td>21<\/td><td>68-88<\/td><td>62<\/td><td>68<\/td><\/tr><tr><td>M<\/td><td>22<\/td><td>72-92<\/td><td>66<\/td><td>72<\/td><\/tr><tr><td>L<\/td><td>23<\/td><td>76-96<\/td><td>70<\/td><td>76<\/td><\/tr><tr><td colspan=\"5\">Seitendiagramm (Zoll)<\/td><\/tr><tr><td>Gr\u00f6\u00dfe<\/td><td>L\u00e4nge<\/td><td>Obere B\u00fcste<\/td><td>Untere Brust<\/td><td>Taillenlinie<\/td><\/tr><tr><td>S<\/td><td>8.27<\/td><td>26.77-34.65<\/td><td>24.41<\/td><td>26.77<\/td><\/tr><tr><td>M<\/td><td>8.66<\/td><td>28.35-36.22<\/td><td>25.98<\/td><td>28.35<\/td><\/tr><tr><td>L<\/td><td>9.06<\/td><td>29.92-37.80<\/td><td>27.56<\/td><td>29.92<\/td><\/tr><\/tbody><\/table><\/figure>","protected":false},"excerpt":{"rendered":"<p>Entfachen Sie Ihre Faszination mit unserem Spitzen-BH-Set mit Brustausschnitt, Metallkette und Tanga-H\u00f6schen. Dieses Set kombiniert gewagte Details mit absolutem Komfort und schafft so ein Dessous-St\u00fcck, das ebenso gewagt wie bequem ist.<\/p>\n<p>https:\/\/youtu.be\/wNiGtvRWrc0<\/p>","protected":false},"featured_media":42821,"template":"","meta":[],"product_brand":[],"product_cat":[368,369,367],"product_tag":[507,861,870,516,973,446,864,863],"class_list":{"0":"post-42800","1":"product","2":"type-product","3":"status-publish","4":"has-post-thumbnail","6":"product_cat-bra-panty-set","7":"product_cat-wholesale-lace-bra-and-panty-sets","8":"product_cat-sexy-lingerie","9":"product_tag-three-pcs-set","10":"product_tag-brunette-lingerie","11":"product_tag-floral-lingerie","12":"product_tag-lace-lingerie","13":"product_tag-oem","14":"product_tag-wholesale-sexy-see-through-lingerie","15":"product_tag-sexy-petite-lingerie","16":"product_tag-sexy-thong-lingerie","17":"pa_color-black","18":"pa_color-green","19":"pa_size-wholesale-large-size-women-sexy-lingerie","20":"pa_size-wholesale-medium-size-women-sexy-lingerie","21":"pa_size-wholesale-small-size-sexy-lingerie","23":"first","24":"outofstock","25":"taxable","26":"shipping-taxable","27":"purchasable","28":"product-type-variable"},"tiered_pricing_type":"fixed","tiered_pricing_fixed_rules":[],"tiered_pricing_product_settings":{"layout":"default","base_unit_name":{"singular":null,"plural":null},"default_variation":{}},"tiered_pricing_minimum_quantity":null,"tiered_pricing_roles_data":{"default_wholesaler":{"product_id":42800,"role":"default_wholesaler","pricing_type":"flat","regular_price":null,"sale_price":null,"discount":null,"discount_type":"sale_price","tiered_pricing_type":"fixed","percentage_rules":[],"fixed_rules":{"2":"9.39","30":"8.09","500":"7.09"},"minimum":null},"dropshippinger":{"product_id":42800,"role":"dropshippinger","pricing_type":"flat","regular_price":null,"sale_price":null,"discount":null,"discount_type":"sale_price","tiered_pricing_type":"fixed","percentage_rules":[],"fixed_rules":{"1":"11.29","5":"9.39","30":"8.09"},"minimum":null}},"tiered_pricing_percentage_rules":[],"tiered_pricing_maximum_quantity":null,"tiered_pricing_quantity_step":null,"_links":{"self":[{"href":"https:\/\/gretasexylingerie.com\/de\/wp-json\/wp\/v2\/product\/42800","targetHints":{"allow":["GET"]}}],"collection":[{"href":"https:\/\/gretasexylingerie.com\/de\/wp-json\/wp\/v2\/product"}],"about":[{"href":"https:\/\/gretasexylingerie.com\/de\/wp-json\/wp\/v2\/types\/product"}],"wp:featuredmedia":[{"embeddable":true,"href":"https:\/\/gretasexylingerie.com\/de\/wp-json\/wp\/v2\/media\/42821"}],"wp:attachment":[{"href":"https:\/\/gretasexylingerie.com\/de\/wp-json\/wp\/v2\/media?parent=42800"}],"wp:term":[{"taxonomy":"product_brand","embeddable":true,"href":"https:\/\/gretasexylingerie.com\/de\/wp-json\/wp\/v2\/product_brand?post=42800"},{"taxonomy":"product_cat","embeddable":true,"href":"https:\/\/gretasexylingerie.com\/de\/wp-json\/wp\/v2\/product_cat?post=42800"},{"taxonomy":"product_tag","embeddable":true,"href":"https:\/\/gretasexylingerie.com\/de\/wp-json\/wp\/v2\/product_tag?post=42800"}],"curies":[{"name":"wp","href":"https:\/\/api.w.org\/{rel}","templated":true}]}}