{"id":42760,"date":"2023-06-23T00:45:29","date_gmt":"2023-06-22T16:45:29","guid":{"rendered":"https:\/\/gretasexylingerie.com\/?post_type=product&#038;p=42760"},"modified":"2023-09-05T20:55:39","modified_gmt":"2023-09-05T12:55:39","slug":"bh-set-in-kontrastfarbe-mit-metallkettentrager","status":"publish","type":"product","link":"https:\/\/gretasexylingerie.com\/de\/products\/contrasting-color-bra-set-with-metal-chain-strap\/","title":{"rendered":"Kontrastfarbenes BH-Set mit Metallkettentr\u00e4ger"},"content":{"rendered":"<ol class=\"wp-block-list\">\n<li>Auff\u00e4lliges Design: Die kontrastierenden Farben und die florale Spitze bieten eine lebendige \u00c4sthetik, perfekt f\u00fcr alle, die auff\u00e4llige Dessous suchen.<\/li>\n\n\n\n<li>Einzigartige Merkmale: Die Metallkettenriemen, das Diamantgeflecht und der Spitzengeflechtg\u00fcrtel verleihen dem Set gewagte Elemente und machen es zu einem herausragenden Design und Reiz.<\/li>\n\n\n\n<li>Trendorientiert: Das Design orientiert sich an aktuellen Dessous-Trends und spricht Stilbewusste an.<\/li>\n\n\n\n<li>Komfort und Passform: Trotz seines auff\u00e4lligen Designs sorgt das Set dank seiner weichen Spitze und dem Rautennetzstoff f\u00fcr eine bequeme Passform.<\/li>\n\n\n\n<li>Lebendige Details: Die kontrastierenden Farben, die Metallkettenriemen und das Rautengeflecht unterstreichen die hochwertige Handwerkskunst und Liebe zum Detail des Sets.<\/li>\n<\/ol>\n\n\n\n<p>Zusammenfassend l\u00e4sst sich sagen, dass das kontrastfarbene BH-Set mit Metallkettentr\u00e4gern, Spitze, Rautennetz und Spitzennetzg\u00fcrtel eine lebendige Mischung aus k\u00fchnem Design, Komfort und sorgf\u00e4ltigen Details bietet. Seine einzigartigen Eigenschaften und sein trendorientierter Stil machen es zu einer herausragenden Erg\u00e4nzung jeder Dessous-Kollektion.<\/p>\n\n\n\n<figure class=\"wp-block-table is-style-stripes\"><table class=\"has-fixed-layout\"><tbody><tr><td colspan=\"5\">Standortdiagramm (CM)<\/td><\/tr><tr><td>Gr\u00f6\u00dfe<\/td><td>L\u00e4nge<\/td><td>Obere B\u00fcste<\/td><td>Untere Brust<\/td><td>Taillenlinie<\/td><\/tr><tr><td>S<\/td><td>19<\/td><td>71-88<\/td><td>67-88<\/td><td>74-96<\/td><\/tr><tr><td>M<\/td><td>20<\/td><td>75-92<\/td><td>71-92<\/td><td>78-100<\/td><\/tr><tr><td>L<\/td><td>21<\/td><td>79-96<\/td><td>75-96<\/td><td>82-104<\/td><\/tr><tr><td colspan=\"5\">Seitendiagramm (Zoll)<\/td><\/tr><tr><td>Gr\u00f6\u00dfe<\/td><td>L\u00e4nge<\/td><td>Obere B\u00fcste<\/td><td>Untere Brust<\/td><td>Taillenlinie<\/td><\/tr><tr><td>S<\/td><td>7.87<\/td><td>27.56-34.65<\/td><td>26.38-34.65<\/td><td>29.13-37.80<\/td><\/tr><tr><td>M<\/td><td>8.27<\/td><td>29.13-36.22<\/td><td>27.95-36.22<\/td><td>30.71-39.37<\/td><\/tr><tr><td>L<\/td><td>8.66<\/td><td>30.71-37.80<\/td><td>29.53-37.80<\/td><td>32.28-40.94<\/td><\/tr><\/tbody><\/table><\/figure>","protected":false},"excerpt":{"rendered":"<p>Verleihen Sie mit unserem kontrastfarbenen BH-Set mit Metallkettentr\u00e4gern, sexy floraler Spitze, Rautennetz und einem Spitzennetzg\u00fcrtel einen Hauch von k\u00fchnem Stil. Dieses Set vereint auff\u00e4lliges Design mit ultimativem Komfort und macht es zu einem ebenso auff\u00e4lligen wie bequemen Dessous-St\u00fcck.<\/p>","protected":false},"featured_media":42772,"template":"","meta":[],"product_brand":[],"product_cat":[368,369,367],"product_tag":[507,452,448,516,524,510,446,453],"class_list":{"0":"post-42760","1":"product","2":"type-product","3":"status-publish","4":"has-post-thumbnail","6":"product_cat-bra-panty-set","7":"product_cat-wholesale-lace-bra-and-panty-sets","8":"product_cat-sexy-lingerie","9":"product_tag-three-pcs-set","10":"product_tag-wholesale-boudoir-lingerie","11":"product_tag-wholesale-elegant-sexy-lingerie","12":"product_tag-lace-lingerie","13":"product_tag-metal-lingerie","14":"product_tag-ruffles-lingerie","15":"product_tag-wholesale-sexy-see-through-lingerie","16":"product_tag-wholesale-sexy-naughty-lingerie","17":"pa_color-green","18":"pa_size-wholesale-large-size-women-sexy-lingerie","19":"pa_size-wholesale-medium-size-women-sexy-lingerie","20":"pa_size-wholesale-small-size-sexy-lingerie","22":"first","23":"instock","24":"taxable","25":"shipping-taxable","26":"purchasable","27":"product-type-variable"},"tiered_pricing_type":"fixed","tiered_pricing_fixed_rules":[],"tiered_pricing_product_settings":{"layout":"default","base_unit_name":{"singular":null,"plural":null},"default_variation":null},"tiered_pricing_minimum_quantity":null,"tiered_pricing_roles_data":{"default_wholesaler":{"product_id":42760,"role":"default_wholesaler","pricing_type":"flat","regular_price":null,"sale_price":null,"discount":null,"discount_type":"sale_price","tiered_pricing_type":"fixed","percentage_rules":[],"fixed_rules":{"2":"9.99","30":"8.49","500":"7.49"},"minimum":null},"dropshippinger":{"product_id":42760,"role":"dropshippinger","pricing_type":"flat","regular_price":null,"sale_price":null,"discount":null,"discount_type":"sale_price","tiered_pricing_type":"fixed","percentage_rules":[],"fixed_rules":{"1":"11.89","5":"9.99","30":"8.49"},"minimum":null}},"tiered_pricing_percentage_rules":[],"tiered_pricing_maximum_quantity":null,"tiered_pricing_quantity_step":null,"_links":{"self":[{"href":"https:\/\/gretasexylingerie.com\/de\/wp-json\/wp\/v2\/product\/42760","targetHints":{"allow":["GET"]}}],"collection":[{"href":"https:\/\/gretasexylingerie.com\/de\/wp-json\/wp\/v2\/product"}],"about":[{"href":"https:\/\/gretasexylingerie.com\/de\/wp-json\/wp\/v2\/types\/product"}],"wp:featuredmedia":[{"embeddable":true,"href":"https:\/\/gretasexylingerie.com\/de\/wp-json\/wp\/v2\/media\/42772"}],"wp:attachment":[{"href":"https:\/\/gretasexylingerie.com\/de\/wp-json\/wp\/v2\/media?parent=42760"}],"wp:term":[{"taxonomy":"product_brand","embeddable":true,"href":"https:\/\/gretasexylingerie.com\/de\/wp-json\/wp\/v2\/product_brand?post=42760"},{"taxonomy":"product_cat","embeddable":true,"href":"https:\/\/gretasexylingerie.com\/de\/wp-json\/wp\/v2\/product_cat?post=42760"},{"taxonomy":"product_tag","embeddable":true,"href":"https:\/\/gretasexylingerie.com\/de\/wp-json\/wp\/v2\/product_tag?post=42760"}],"curies":[{"name":"wp","href":"https:\/\/api.w.org\/{rel}","templated":true}]}}