{"id":42727,"date":"2023-06-22T21:41:45","date_gmt":"2023-06-22T13:41:45","guid":{"rendered":"https:\/\/gretasexylingerie.com\/?post_type=product&#038;p=42727"},"modified":"2023-12-09T19:14:20","modified_gmt":"2023-12-09T11:14:20","slug":"wunderschones-bh-hoschen-set-mit-strasssteinen","status":"publish","type":"product","link":"https:\/\/gretasexylingerie.com\/de\/products\/gorgeous-bra-panty-set-with-rhinestones\/","title":{"rendered":"Wundersch\u00f6nes BH- und H\u00f6schenset mit Strasssteinen"},"content":{"rendered":"<ol class=\"wp-block-list\">\n<li>Luxuri\u00f6ses Design: Die Blumenstickerei auf zartem T\u00fcll bietet eine elegante \u00c4sthetik, perfekt f\u00fcr alle, die hochwertige Dessous suchen.<\/li>\n\n\n\n<li>Einzigartige Merkmale: Die Strass-Nieten verleihen dem Set ein schillerndes Element und verleihen ihm einen zus\u00e4tzlichen Hauch von Glamour.<\/li>\n\n\n\n<li>Trendorientiert: Das Design orientiert sich an aktuellen Dessous-Trends und macht es zu einem Must-Have f\u00fcr Stilbewusste.<\/li>\n\n\n\n<li>Komfort und Passform: Trotz seines luxuri\u00f6sen Designs sorgt das Set dank seines weichen T\u00fcllstoffs f\u00fcr ein angenehmes Tragegef\u00fchl.<\/li>\n\n\n\n<li>Elegante Details: Die aufwendigen Stickereien und funkelnden Strasssteine unterstreichen die hochwertige Handwerkskunst und Liebe zum Detail des Sets.<\/li>\n<\/ol>\n\n\n\n<p>Zusammenfassend l\u00e4sst sich sagen, dass das wundersch\u00f6ne T\u00fcll-BH- und H\u00f6schen-Set mit Blumenstickerei und Strasssteinen eine harmonische Mischung aus Luxus, Komfort und sorgf\u00e4ltigen Details bietet. Seine einzigartigen Eigenschaften und sein trendorientierter Stil machen es zu einer herausragenden Erg\u00e4nzung jeder Dessous-Kollektion.<\/p>\n\n\n\n<p><\/p>\n\n\n\n<figure class=\"wp-block-table is-style-stripes\"><table class=\"has-fixed-layout\"><tbody><tr><td colspan=\"5\">Standortdiagramm (CM)<\/td><\/tr><tr><td>Gr\u00f6\u00dfe<\/td><td>L\u00e4nge<\/td><td>Untere Brust<\/td><td>Taillenlinie<\/td><td>Taillenband<\/td><\/tr><tr><td>S<\/td><td>23.5<\/td><td>67-88<\/td><td>68-92<\/td><td>64-92<\/td><\/tr><tr><td>M<\/td><td>24.5<\/td><td>68-96<\/td><td>72-92<\/td><td>68-96<\/td><\/tr><tr><td>L<\/td><td>25.5<\/td><td>72-100<\/td><td>76-100<\/td><td>72-100<\/td><\/tr><tr><td colspan=\"5\">Seitendiagramm (Zoll)<\/td><\/tr><tr><td>Gr\u00f6\u00dfe<\/td><td>L\u00e4nge<\/td><td>Untere Brust<\/td><td>Untere Brust<\/td><td>Taillenlinie<\/td><\/tr><tr><td>S<\/td><td>9.25<\/td><td>26.38-34.65<\/td><td>26.77-36.22<\/td><td>25.20-36.22<\/td><\/tr><tr><td>M<\/td><td>9.65<\/td><td>26.77-37.80<\/td><td>28.35-36.22<\/td><td>26.77-37.80<\/td><\/tr><tr><td>L<\/td><td>10.04<\/td><td>28.35-39.37<\/td><td>29.92-39.37<\/td><td>28.35-39.37<\/td><\/tr><\/tbody><\/table><\/figure>","protected":false},"excerpt":{"rendered":"<p>G\u00f6nnen Sie sich Luxus mit unserem wundersch\u00f6nen Set aus BH und H\u00f6schen aus T\u00fcll, verziert mit Blumenstickereien und besetzt mit funkelnden Strasssteinen. Dieses Set vereint aufwendige Details und bequemen Tragekomfort und schafft so ein ebenso elegantes wie bequemes Dessous-St\u00fcck.<\/p>","protected":false},"featured_media":42736,"template":"","meta":[],"product_brand":[],"product_cat":[368,367,375],"product_tag":[507,448,454,518,973,525,864],"class_list":{"0":"post-42727","1":"product","2":"type-product","3":"status-publish","4":"has-post-thumbnail","6":"product_cat-bra-panty-set","7":"product_cat-sexy-lingerie","8":"product_cat-whoelsale-sheer-bra-and-panty-sets","9":"product_tag-three-pcs-set","10":"product_tag-wholesale-elegant-sexy-lingerie","11":"product_tag-wholesale-sexy-embroidered-lingerie","12":"product_tag-mesh-lingerie","13":"product_tag-oem","14":"product_tag-rhinestone-lingerie","15":"product_tag-sexy-petite-lingerie","16":"pa_color-black","17":"pa_size-wholesale-large-size-women-sexy-lingerie","18":"pa_size-wholesale-medium-size-women-sexy-lingerie","19":"pa_size-wholesale-small-size-sexy-lingerie","21":"first","22":"outofstock","23":"taxable","24":"shipping-taxable","25":"purchasable","26":"product-type-variable"},"tiered_pricing_type":"fixed","tiered_pricing_fixed_rules":[],"tiered_pricing_product_settings":{"layout":"default","base_unit_name":{"singular":null,"plural":null},"default_variation":{}},"tiered_pricing_minimum_quantity":null,"tiered_pricing_roles_data":{"default_wholesaler":{"product_id":42727,"role":"default_wholesaler","pricing_type":"flat","regular_price":null,"sale_price":null,"discount":null,"discount_type":"sale_price","tiered_pricing_type":"fixed","percentage_rules":[],"fixed_rules":{"2":"9.69","30":"8.29","500":"7.29"},"minimum":null},"dropshippinger":{"product_id":42727,"role":"dropshippinger","pricing_type":"flat","regular_price":null,"sale_price":null,"discount":null,"discount_type":"sale_price","tiered_pricing_type":"fixed","percentage_rules":[],"fixed_rules":{"1":"11.59","5":"9.69","30":"8.29"},"minimum":null}},"tiered_pricing_percentage_rules":[],"tiered_pricing_maximum_quantity":null,"tiered_pricing_quantity_step":null,"_links":{"self":[{"href":"https:\/\/gretasexylingerie.com\/de\/wp-json\/wp\/v2\/product\/42727","targetHints":{"allow":["GET"]}}],"collection":[{"href":"https:\/\/gretasexylingerie.com\/de\/wp-json\/wp\/v2\/product"}],"about":[{"href":"https:\/\/gretasexylingerie.com\/de\/wp-json\/wp\/v2\/types\/product"}],"wp:featuredmedia":[{"embeddable":true,"href":"https:\/\/gretasexylingerie.com\/de\/wp-json\/wp\/v2\/media\/42736"}],"wp:attachment":[{"href":"https:\/\/gretasexylingerie.com\/de\/wp-json\/wp\/v2\/media?parent=42727"}],"wp:term":[{"taxonomy":"product_brand","embeddable":true,"href":"https:\/\/gretasexylingerie.com\/de\/wp-json\/wp\/v2\/product_brand?post=42727"},{"taxonomy":"product_cat","embeddable":true,"href":"https:\/\/gretasexylingerie.com\/de\/wp-json\/wp\/v2\/product_cat?post=42727"},{"taxonomy":"product_tag","embeddable":true,"href":"https:\/\/gretasexylingerie.com\/de\/wp-json\/wp\/v2\/product_tag?post=42727"}],"curies":[{"name":"wp","href":"https:\/\/api.w.org\/{rel}","templated":true}]}}