{"id":42645,"date":"2023-06-22T00:48:14","date_gmt":"2023-06-21T16:48:14","guid":{"rendered":"https:\/\/gretasexylingerie.com\/?post_type=product&#038;p=42645"},"modified":"2024-03-02T10:43:31","modified_gmt":"2024-03-02T02:43:31","slug":"transparentes-bh-set-mit-pompoms-design","status":"publish","type":"product","link":"https:\/\/gretasexylingerie.com\/de\/products\/sheer-bra-set-with-pom-poms-design\/","title":{"rendered":"Transparentes BH-Set mit Pom-Poms-Design"},"content":{"rendered":"<ol class=\"wp-block-list\">\n<li>Skurriles Design: Die Pompons auf der Brust bieten eine lustige \u00c4sthetik, perfekt f\u00fcr alle, die verspielte Dessous suchen.<\/li>\n\n\n\n<li>Einzigartige Merkmale: Das plissierte Netzdesign und das Schleifendetail verleihen dem Set unbeschwerte Elemente.<\/li>\n\n\n\n<li>Trendorientiert: Das Design orientiert sich an aktuellen Dessous-Trends und ist damit ein Favorit unter Stilbewussten.<\/li>\n\n\n\n<li>Komfort und Passform: Trotz seines verspielten Designs sorgt das Set dank seines transparenten und weichen Stoffes f\u00fcr einen angenehmen Tragekomfort.<\/li>\n\n\n\n<li>Verspielte Details: Die Pompons und das Schleifendetail sorgen f\u00fcr einen festlichen Touch und verleihen herk\u00f6mmlicher Unterw\u00e4sche eine charmante Note.<\/li>\n<\/ol>\n\n\n\n<p>Zusammenfassend l\u00e4sst sich sagen, dass das durchsichtige BH-Set mit Pompons, plissiertem Netzstoff und Schleifendetail eine skurrile Mischung aus verspieltem Design, Komfort und trendorientiertem Stil bietet. Seine einzigartigen Eigenschaften und sein unbeschwerter Charme machen es zu einer entz\u00fcckenden Erg\u00e4nzung jeder Dessous-Kollektion.<\/p>\n\n\n\n<figure class=\"wp-block-table is-style-stripes\"><table class=\"has-fixed-layout\"><tbody><tr><td colspan=\"6\">Standortdiagramm (CM)<\/td><\/tr><tr><td>Gr\u00f6\u00dfe<\/td><td>L\u00e4nge<\/td><td>Obere B\u00fcste<\/td><td>Untere Brust<\/td><td>Taillenband<\/td><td>Taillenlinie<\/td><\/tr><tr><td>S<\/td><td>23<\/td><td>66-88<\/td><td>64-88<\/td><td>64-92<\/td><td>64-96<\/td><\/tr><tr><td>M<\/td><td>24<\/td><td>70-92<\/td><td>68-92<\/td><td>68-96<\/td><td>68-100<\/td><\/tr><tr><td>L<\/td><td>25<\/td><td>74-96<\/td><td>72-96<\/td><td>72-100<\/td><td>72-104<\/td><\/tr><tr><td colspan=\"6\">Seitendiagramm (Zoll)<\/td><\/tr><tr><td>Gr\u00f6\u00dfe<\/td><td>L\u00e4nge<\/td><td>Obere B\u00fcste<\/td><td>Untere Brust<\/td><td>Untere Brust<\/td><td>Taillenlinie<\/td><\/tr><tr><td>S<\/td><td>9.06<\/td><td>25.98-34.65<\/td><td>25.20-34.65<\/td><td>25.20-36.22<\/td><td>25.20-37.80<\/td><\/tr><tr><td>M<\/td><td>9.45<\/td><td>27.56-36.22<\/td><td>26.77-36.22<\/td><td>26.77-37.80<\/td><td>26.77-39.37<\/td><\/tr><tr><td>L<\/td><td>9.84<\/td><td>29.13-37.80<\/td><td>28.35-37.80<\/td><td>28.35-39.37<\/td><td>28.35-40.94<\/td><\/tr><\/tbody><\/table><\/figure>","protected":false},"excerpt":{"rendered":"<p>Erleben Sie skurrilen Charme mit unserem transparenten BH-Set mit Pompons auf der Brust, einem plissierten Netzdesign und entz\u00fcckenden Schleifendetails. Dieses einzigartige Set bietet eine Balance aus verspielten Details und angenehmem Tragekomfort und macht es zu einem ebenso unbeschwerten wie bequemen Dessous-St\u00fcck.<\/p>","protected":false},"featured_media":42690,"template":"","meta":[],"product_brand":[],"product_cat":[368,367,375],"product_tag":[448,518,451,510,446,880,504],"class_list":{"0":"post-42645","1":"product","2":"type-product","3":"status-publish","4":"has-post-thumbnail","6":"product_cat-bra-panty-set","7":"product_cat-sexy-lingerie","8":"product_cat-whoelsale-sheer-bra-and-panty-sets","9":"product_tag-wholesale-elegant-sexy-lingerie","10":"product_tag-mesh-lingerie","11":"product_tag-wholesale-revealing-lingerie","12":"product_tag-ruffles-lingerie","13":"product_tag-wholesale-sexy-see-through-lingerie","14":"product_tag-sexy-2-piece-lingerie","15":"product_tag-ultra-sexy","16":"pa_color-black","17":"pa_color-deep-pink-women-sexy-lingerie","18":"pa_color-green","19":"pa_color-light-blue-women-sexy-lingerie","20":"pa_color-pink-women-sexy-lingerie","21":"pa_color-red-women-sexy-lingerie","22":"pa_color-sea-green-women-sexy-lingerie","23":"pa_size-wholesale-large-size-women-sexy-lingerie","24":"pa_size-wholesale-medium-size-women-sexy-lingerie","25":"pa_size-wholesale-small-size-sexy-lingerie","27":"first","28":"instock","29":"taxable","30":"shipping-taxable","31":"purchasable","32":"product-type-variable"},"tiered_pricing_type":"fixed","tiered_pricing_fixed_rules":[],"tiered_pricing_product_settings":{"layout":"table","base_unit_name":{"singular":null,"plural":null},"default_variation":null},"tiered_pricing_minimum_quantity":null,"tiered_pricing_roles_data":{"default_wholesaler":{"product_id":42645,"role":"default_wholesaler","pricing_type":"flat","regular_price":null,"sale_price":null,"discount":null,"discount_type":"sale_price","tiered_pricing_type":"fixed","percentage_rules":[],"fixed_rules":{"2":"10.49","30":"8.99","500":"7.89"},"minimum":null},"dropshippinger":{"product_id":42645,"role":"dropshippinger","pricing_type":"flat","regular_price":null,"sale_price":null,"discount":null,"discount_type":"sale_price","tiered_pricing_type":"fixed","percentage_rules":[],"fixed_rules":{"1":"12.49","5":"10.49","30":"8.99"},"minimum":null}},"tiered_pricing_percentage_rules":[],"tiered_pricing_maximum_quantity":null,"tiered_pricing_quantity_step":null,"_links":{"self":[{"href":"https:\/\/gretasexylingerie.com\/de\/wp-json\/wp\/v2\/product\/42645","targetHints":{"allow":["GET"]}}],"collection":[{"href":"https:\/\/gretasexylingerie.com\/de\/wp-json\/wp\/v2\/product"}],"about":[{"href":"https:\/\/gretasexylingerie.com\/de\/wp-json\/wp\/v2\/types\/product"}],"wp:featuredmedia":[{"embeddable":true,"href":"https:\/\/gretasexylingerie.com\/de\/wp-json\/wp\/v2\/media\/42690"}],"wp:attachment":[{"href":"https:\/\/gretasexylingerie.com\/de\/wp-json\/wp\/v2\/media?parent=42645"}],"wp:term":[{"taxonomy":"product_brand","embeddable":true,"href":"https:\/\/gretasexylingerie.com\/de\/wp-json\/wp\/v2\/product_brand?post=42645"},{"taxonomy":"product_cat","embeddable":true,"href":"https:\/\/gretasexylingerie.com\/de\/wp-json\/wp\/v2\/product_cat?post=42645"},{"taxonomy":"product_tag","embeddable":true,"href":"https:\/\/gretasexylingerie.com\/de\/wp-json\/wp\/v2\/product_tag?post=42645"}],"curies":[{"name":"wp","href":"https:\/\/api.w.org\/{rel}","templated":true}]}}