{"id":42568,"date":"2023-06-20T23:10:18","date_gmt":"2023-06-20T15:10:18","guid":{"rendered":"https:\/\/gretasexylingerie.com\/?post_type=product&#038;p=42568"},"modified":"2023-12-09T17:51:18","modified_gmt":"2023-12-09T09:51:18","slug":"blaues-bh-hoschen-set-mit-gestickten-blumen","status":"publish","type":"product","link":"https:\/\/gretasexylingerie.com\/de\/products\/blue-bra-panty-set-with-embroidered-flowers\/","title":{"rendered":"Blaues BH- und H\u00f6schenset mit gestickten Blumen"},"content":{"rendered":"<ol class=\"wp-block-list\">\n<li>Elegantes Design: Die gestickten Blumen auf blauem Stoff bieten eine raffinierte \u00c4sthetik, perfekt f\u00fcr alle, die anspruchsvolle Dessous suchen.<\/li>\n\n\n\n<li>Einzigartige Merkmale: Die gestickten Blumen verleihen dem Set ein einzigartiges und optisch ansprechendes Element.<\/li>\n\n\n\n<li>Trendorientiert: Das Design orientiert sich an aktuellen Dessous-Trends und macht es zu einem Must-Have f\u00fcr Modebewusste.<\/li>\n\n\n\n<li>Komfort und Passform: Das aus luftigem T\u00fcll gefertigte Set sorgt f\u00fcr eine bequeme und bequeme Passform und passt sich verschiedenen K\u00f6rpertypen an.<\/li>\n\n\n\n<li>Feine Handwerkskunst: Die aufwendigen Stickereien und das weiche T\u00fcllmaterial unterstreichen die hochwertige Handwerkskunst, die bei der Herstellung des Sets zum Einsatz kommt.<\/li>\n<\/ol>\n\n\n\n<p>Zusammenfassend l\u00e4sst sich sagen, dass das blaue BH- und H\u00f6schenset mit gestickten Blumen eine elegante Mischung aus Design, Komfort und Handwerkskunst ist. Seine einzigartigen Eigenschaften und sein trendorientierter Stil machen es zu einer raffinierten und dennoch bequemen Erg\u00e4nzung jeder Dessous-Kollektion.<\/p>\n\n\n\n<figure class=\"wp-block-table is-style-stripes\"><table class=\"has-fixed-layout\"><tbody><tr><td colspan=\"5\">Standortdiagramm (CM)<\/td><\/tr><tr><td>Gr\u00f6\u00dfe<\/td><td>L\u00e4nge<\/td><td>Obere B\u00fcste<\/td><td>Taillenband<\/td><td>Taillenlinie<\/td><\/tr><tr><td>S<\/td><td>22<\/td><td>71-88<\/td><td>64-92<\/td><td>70-92<\/td><\/tr><tr><td>M<\/td><td>23<\/td><td>75-92<\/td><td>68-96<\/td><td>74-96<\/td><\/tr><tr><td>L<\/td><td>24<\/td><td>79-96<\/td><td>72-100<\/td><td>78-100<\/td><\/tr><tr><td colspan=\"5\">Seitendiagramm (Zoll)<\/td><\/tr><tr><td>Gr\u00f6\u00dfe<\/td><td>L\u00e4nge<\/td><td>Obere B\u00fcste<\/td><td>Untere Brust<\/td><td>Taillenlinie<\/td><\/tr><tr><td>S<\/td><td>8.66<\/td><td>27.95-34.65<\/td><td>25.20-36.22<\/td><td>27.56-36.22<\/td><\/tr><tr><td>M<\/td><td>9.06<\/td><td>29.53-36.22<\/td><td>26.77-37.80<\/td><td>29.13-37.80<\/td><\/tr><tr><td>L<\/td><td>9.45<\/td><td>31.10-37.80<\/td><td>28.35-39.37<\/td><td>30.71-39.37<\/td><\/tr><\/tbody><\/table><\/figure>","protected":false},"excerpt":{"rendered":"<p>Entdecken Sie zarte Eleganz mit unserem blauen BH- und H\u00f6schen-Set, verziert mit gestickten Blumen auf luftigem T\u00fcll. Dieses Set verk\u00f6rpert Sch\u00f6nheit in Einfachheit und bietet eine Balance aus aufwendigen Details und angenehmem Tragekomfort. Es ist ein Dessous-St\u00fcck, das sich ebenso weich anf\u00fchlt wie optisch ansprechend ist.<\/p>\n<p>https:\/\/youtu.be\/BUFMRxyxQ-U<\/p>","protected":false},"featured_media":42578,"template":"","meta":[],"product_brand":[],"product_cat":[368,367,375],"product_tag":[507,448,454,870,532,518,973,446],"class_list":{"0":"post-42568","1":"product","2":"type-product","3":"status-publish","4":"has-post-thumbnail","6":"product_cat-bra-panty-set","7":"product_cat-sexy-lingerie","8":"product_cat-whoelsale-sheer-bra-and-panty-sets","9":"product_tag-three-pcs-set","10":"product_tag-wholesale-elegant-sexy-lingerie","11":"product_tag-wholesale-sexy-embroidered-lingerie","12":"product_tag-floral-lingerie","13":"product_tag-lingerie-suspender-set","14":"product_tag-mesh-lingerie","15":"product_tag-oem","16":"product_tag-wholesale-sexy-see-through-lingerie","17":"pa_color-blue-women-sexy-lingerie","18":"pa_size-wholesale-large-size-women-sexy-lingerie","19":"pa_size-wholesale-medium-size-women-sexy-lingerie","20":"pa_size-wholesale-small-size-sexy-lingerie","22":"first","23":"outofstock","24":"taxable","25":"shipping-taxable","26":"purchasable","27":"product-type-variable"},"tiered_pricing_type":"fixed","tiered_pricing_fixed_rules":[],"tiered_pricing_product_settings":{"layout":"default","base_unit_name":{"singular":null,"plural":null},"default_variation":{}},"tiered_pricing_minimum_quantity":null,"tiered_pricing_roles_data":{"default_wholesaler":{"product_id":42568,"role":"default_wholesaler","pricing_type":"flat","regular_price":null,"sale_price":null,"discount":null,"discount_type":"sale_price","tiered_pricing_type":"fixed","percentage_rules":[],"fixed_rules":{"2":"9.69","30":"8.29","500":"7.29"},"minimum":null},"dropshippinger":{"product_id":42568,"role":"dropshippinger","pricing_type":"flat","regular_price":null,"sale_price":null,"discount":null,"discount_type":"sale_price","tiered_pricing_type":"fixed","percentage_rules":[],"fixed_rules":{"1":"11.59","5":"9.69","30":"8.29"},"minimum":null}},"tiered_pricing_percentage_rules":[],"tiered_pricing_maximum_quantity":null,"tiered_pricing_quantity_step":null,"_links":{"self":[{"href":"https:\/\/gretasexylingerie.com\/de\/wp-json\/wp\/v2\/product\/42568","targetHints":{"allow":["GET"]}}],"collection":[{"href":"https:\/\/gretasexylingerie.com\/de\/wp-json\/wp\/v2\/product"}],"about":[{"href":"https:\/\/gretasexylingerie.com\/de\/wp-json\/wp\/v2\/types\/product"}],"wp:featuredmedia":[{"embeddable":true,"href":"https:\/\/gretasexylingerie.com\/de\/wp-json\/wp\/v2\/media\/42578"}],"wp:attachment":[{"href":"https:\/\/gretasexylingerie.com\/de\/wp-json\/wp\/v2\/media?parent=42568"}],"wp:term":[{"taxonomy":"product_brand","embeddable":true,"href":"https:\/\/gretasexylingerie.com\/de\/wp-json\/wp\/v2\/product_brand?post=42568"},{"taxonomy":"product_cat","embeddable":true,"href":"https:\/\/gretasexylingerie.com\/de\/wp-json\/wp\/v2\/product_cat?post=42568"},{"taxonomy":"product_tag","embeddable":true,"href":"https:\/\/gretasexylingerie.com\/de\/wp-json\/wp\/v2\/product_tag?post=42568"}],"curies":[{"name":"wp","href":"https:\/\/api.w.org\/{rel}","templated":true}]}}