{"id":42549,"date":"2023-06-20T22:43:14","date_gmt":"2023-06-20T14:43:14","guid":{"rendered":"https:\/\/gretasexylingerie.com\/?post_type=product&#038;p=42549"},"modified":"2023-12-09T17:49:51","modified_gmt":"2023-12-09T09:49:51","slug":"modisches-bh-set-mit-bunny-blumen-stickerei-und-ruschen","status":"publish","type":"product","link":"https:\/\/gretasexylingerie.com\/de\/products\/fashion-bra-set-with-bunny-flower-embroidery-and-ruffles\/","title":{"rendered":"Modisches BH-Set mit Hasenblumen-Stickerei und R\u00fcschen"},"content":{"rendered":"<ol class=\"wp-block-list\">\n<li>Einzigartiges Design: Die Hasenblumenstickerei und die R\u00fcschen sind skurril und perfekt f\u00fcr alle, die verspielte und dennoch modische Dessous suchen.<\/li>\n\n\n\n<li>Besondere Merkmale: Die Kombination aus Stickereien, R\u00fcschen und Cutout-Designs verleiht dem Set besondere Elemente und sorgt daf\u00fcr, dass es sich durch Design und Attraktivit\u00e4t auszeichnet.<\/li>\n\n\n\n<li>Trendorientiert: Das Design orientiert sich an aktuellen Dessous-Trends und spricht Modebewusste an.<\/li>\n\n\n\n<li>Komfort und Passform: Trotz der aufwendigen Details sorgt das Set f\u00fcr einen angenehmen Tragekomfort und ist somit eine vielseitige Wahl f\u00fcr den Alltag oder besondere Anl\u00e4sse.<\/li>\n\n\n\n<li>Verspielte Eleganz: Die aufwendige Hasenblumenstickerei verleiht einen Hauch verspielter Eleganz und macht dieses Set zu einer entz\u00fcckenden Erg\u00e4nzung jeder Dessous-Kollektion.<\/li>\n<\/ol>\n\n\n\n<p>Zusammenfassend l\u00e4sst sich sagen, dass das Fashion-BH-Set mit Hasenblumen-Stickerei und R\u00fcschen eine bezaubernde Mischung aus einzigartigem Design, Komfort und trendorientiertem Stil ist. Seine skurrilen Details und die sorgf\u00e4ltige Passform machen es zu einer entz\u00fcckenden Erg\u00e4nzung jeder Dessous-Kollektion.<\/p>\n\n\n\n<figure class=\"wp-block-table is-style-stripes\"><table class=\"has-fixed-layout\"><tbody><tr><td colspan=\"5\">Standortdiagramm (CM)<\/td><\/tr><tr><td>Gr\u00f6\u00dfe<\/td><td>L\u00e4nge<\/td><td>Obere B\u00fcste<\/td><td>Taillenband<\/td><td>Taillenlinie<\/td><\/tr><tr><td>S<\/td><td>22<\/td><td>71-88<\/td><td>64-92<\/td><td>70-92<\/td><\/tr><tr><td>M<\/td><td>23<\/td><td>75-92<\/td><td>68-96<\/td><td>74-96<\/td><\/tr><tr><td>L<\/td><td>24<\/td><td>79-96<\/td><td>72-100<\/td><td>78-100<\/td><\/tr><tr><td colspan=\"5\">Seitendiagramm (Zoll)<\/td><\/tr><tr><td>Gr\u00f6\u00dfe<\/td><td>L\u00e4nge<\/td><td>Obere B\u00fcste<\/td><td>Untere Brust<\/td><td>Taillenlinie<\/td><\/tr><tr><td>S<\/td><td>8.66<\/td><td>27.95-34.65<\/td><td>25.20-36.22<\/td><td>27.56-36.22<\/td><\/tr><tr><td>M<\/td><td>9.06<\/td><td>29.53-36.22<\/td><td>26.77-37.80<\/td><td>29.13-37.80<\/td><\/tr><tr><td>L<\/td><td>9.45<\/td><td>31.10-37.80<\/td><td>28.35-39.37<\/td><td>30.71-39.37<\/td><\/tr><\/tbody><\/table><\/figure>","protected":false},"excerpt":{"rendered":"<p>Erleben Sie eine wundersch\u00f6ne \u00c4sthetik mit unserem Fashion-BH-Set mit H\u00e4schenblumenstickerei und bezaubernden R\u00fcschen. Dieses entz\u00fcckende Set mit ausgeschnittenen Mustern vereint verspielte Details und hochwertige Handwerkskunst und schafft so ein ebenso unverwechselbares wie bequemes Dessous-St\u00fcck.<\/p>","protected":false},"featured_media":42561,"template":"","meta":[],"product_brand":[],"product_cat":[384,367],"product_tag":[507,448,454,870,516,973,510,446],"class_list":{"0":"post-42549","1":"product","2":"type-product","3":"status-publish","4":"has-post-thumbnail","6":"product_cat-wholesale-lace-babydoll","7":"product_cat-sexy-lingerie","8":"product_tag-three-pcs-set","9":"product_tag-wholesale-elegant-sexy-lingerie","10":"product_tag-wholesale-sexy-embroidered-lingerie","11":"product_tag-floral-lingerie","12":"product_tag-lace-lingerie","13":"product_tag-oem","14":"product_tag-ruffles-lingerie","15":"product_tag-wholesale-sexy-see-through-lingerie","16":"pa_color-purple-women-sexy-lingerie","17":"pa_size-wholesale-large-size-women-sexy-lingerie","18":"pa_size-wholesale-medium-size-women-sexy-lingerie","19":"pa_size-wholesale-small-size-sexy-lingerie","21":"first","22":"outofstock","23":"taxable","24":"shipping-taxable","25":"purchasable","26":"product-type-variable"},"tiered_pricing_type":"fixed","tiered_pricing_fixed_rules":[],"tiered_pricing_product_settings":{"layout":"default","base_unit_name":{"singular":null,"plural":null},"default_variation":{}},"tiered_pricing_minimum_quantity":null,"tiered_pricing_roles_data":{"default_wholesaler":{"product_id":42549,"role":"default_wholesaler","pricing_type":"flat","regular_price":null,"sale_price":null,"discount":null,"discount_type":"sale_price","tiered_pricing_type":"fixed","percentage_rules":[],"fixed_rules":{"2":"10.99","30":"9.39","500":"8.19"},"minimum":null},"dropshippinger":{"product_id":42549,"role":"dropshippinger","pricing_type":"flat","regular_price":null,"sale_price":null,"discount":null,"discount_type":"sale_price","tiered_pricing_type":"fixed","percentage_rules":[],"fixed_rules":{"1":"11.59","5":"9.69","30":"9.29"},"minimum":null}},"tiered_pricing_percentage_rules":[],"tiered_pricing_maximum_quantity":null,"tiered_pricing_quantity_step":null,"_links":{"self":[{"href":"https:\/\/gretasexylingerie.com\/de\/wp-json\/wp\/v2\/product\/42549","targetHints":{"allow":["GET"]}}],"collection":[{"href":"https:\/\/gretasexylingerie.com\/de\/wp-json\/wp\/v2\/product"}],"about":[{"href":"https:\/\/gretasexylingerie.com\/de\/wp-json\/wp\/v2\/types\/product"}],"wp:featuredmedia":[{"embeddable":true,"href":"https:\/\/gretasexylingerie.com\/de\/wp-json\/wp\/v2\/media\/42561"}],"wp:attachment":[{"href":"https:\/\/gretasexylingerie.com\/de\/wp-json\/wp\/v2\/media?parent=42549"}],"wp:term":[{"taxonomy":"product_brand","embeddable":true,"href":"https:\/\/gretasexylingerie.com\/de\/wp-json\/wp\/v2\/product_brand?post=42549"},{"taxonomy":"product_cat","embeddable":true,"href":"https:\/\/gretasexylingerie.com\/de\/wp-json\/wp\/v2\/product_cat?post=42549"},{"taxonomy":"product_tag","embeddable":true,"href":"https:\/\/gretasexylingerie.com\/de\/wp-json\/wp\/v2\/product_tag?post=42549"}],"curies":[{"name":"wp","href":"https:\/\/api.w.org\/{rel}","templated":true}]}}