{"id":42532,"date":"2023-06-20T22:13:37","date_gmt":"2023-06-20T14:13:37","guid":{"rendered":"https:\/\/gretasexylingerie.com\/?post_type=product&#038;p=42532"},"modified":"2024-01-17T22:19:37","modified_gmt":"2024-01-17T14:19:37","slug":"schwarzes-spitzen-bh-hoschen-set-mit-goldenem-kettendekor","status":"publish","type":"product","link":"https:\/\/gretasexylingerie.com\/de\/products\/black-lace-bra-panty-set-with-golden-chain-decor\/","title":{"rendered":"Schwarzes Spitzen-BH- und H\u00f6schenset mit goldenem Kettendekor"},"content":{"rendered":"<ol class=\"wp-block-list\">\n<li>Elegantes Design: Die komplizierten Muster auf der transparenten Spitze bieten eine raffinierte \u00c4sthetik, perfekt f\u00fcr alle, die anspruchsvolle Dessous suchen.<\/li>\n\n\n\n<li>Einzigartige Merkmale: Die Beinschlaufen aus Spitze und das goldene Kettendekor verleihen dem Set einzigartige Elemente und sorgen daf\u00fcr, dass es sich durch Design und Attraktivit\u00e4t auszeichnet.<\/li>\n\n\n\n<li>Trendorientiert: Das Design orientiert sich an aktuellen Dessous-Trends und macht es zu einem Favoriten unter Stilbewussten.<\/li>\n\n\n\n<li>Komfort und Passform: Trotz der auff\u00e4lligen Details sorgt das Set dank seines Spitzenstoffs und der Beinschlaufen f\u00fcr eine bequeme Passform.<\/li>\n\n\n\n<li>Gewagte Details: Die goldene Kettenverzierung verleiht allen, die ihren k\u00fchnen Stil zum Ausdruck bringen m\u00f6chten, eine gewagte Note.<\/li>\n<\/ol>\n\n\n\n<p>Zusammenfassend l\u00e4sst sich sagen, dass das schwarze Spitzen-BH- und H\u00f6schenset mit goldenem Kettendekor eine exquisite Mischung aus Eleganz, k\u00fchnem Design und Komfort bietet. Seine einzigartigen Eigenschaften und sein trendorientiertes Design machen es zu einer herausragenden Erg\u00e4nzung jeder Dessous-Kollektion und versprechen einen anspruchsvollen und gewagten Look.<\/p>\n\n\n\n<figure class=\"wp-block-table is-style-stripes\"><table class=\"has-fixed-layout\"><tbody><tr><td colspan=\"5\">Standortdiagramm (CM)<\/td><\/tr><tr><td>Gr\u00f6\u00dfe<\/td><td>L\u00e4nge<\/td><td>Obere B\u00fcste<\/td><td>Taillenband<\/td><td>Taillenlinie<\/td><\/tr><tr><td>S<\/td><td>21.56<\/td><td>69-88<\/td><td>62.5-92<\/td><td>65-92<\/td><\/tr><tr><td>M<\/td><td>22.5<\/td><td>73-92<\/td><td>66.5-96<\/td><td>69-96<\/td><\/tr><tr><td>L<\/td><td>23.5<\/td><td>77-96<\/td><td>70.5-100<\/td><td>73-100<\/td><\/tr><tr><td colspan=\"5\">Seitendiagramm (Zoll)<\/td><\/tr><tr><td>Gr\u00f6\u00dfe<\/td><td>L\u00e4nge<\/td><td>Obere B\u00fcste<\/td><td>Untere Brust<\/td><td>Taillenlinie<\/td><\/tr><tr><td>S<\/td><td>8.48<\/td><td>27.17-34.65<\/td><td>24.61-36.22<\/td><td>25.59-36.22<\/td><\/tr><tr><td>M<\/td><td>8.86<\/td><td>28.74-36.22<\/td><td>26.18-37.80<\/td><td>27.17-37.80<\/td><\/tr><tr><td>L<\/td><td>9.25<\/td><td>30.31-37.80<\/td><td>27.76-39.37<\/td><td>28.74-39.37<\/td><\/tr><\/tbody><\/table><\/figure>","protected":false},"excerpt":{"rendered":"<p>Veredeln Sie Ihren Stil mit unserem schwarzen Spitzen-BH- und H\u00f6schen-Set mit aufwendigen Mustern, Spitzen-Beinschlaufen und goldenem Kettendekor. Dieses exquisite Set aus transparenter Spitze bietet eine Balance aus Eleganz und auff\u00e4lligen Details. Es ist ein ebenso bezauberndes wie bequemes Dessous-St\u00fcck.<\/p>\n<p>https:\/\/youtu.be\/zeuETyMERME<\/p>","protected":false},"featured_media":42544,"template":"","meta":[],"product_brand":[],"product_cat":[368,369,367],"product_tag":[868,861,448,516,524,973,510,446,865],"class_list":{"0":"post-42532","1":"product","2":"type-product","3":"status-publish","4":"has-post-thumbnail","6":"product_cat-bra-panty-set","7":"product_cat-wholesale-lace-bra-and-panty-sets","8":"product_cat-sexy-lingerie","9":"product_tag-4-piece-lingerie-set","10":"product_tag-brunette-lingerie","11":"product_tag-wholesale-elegant-sexy-lingerie","12":"product_tag-lace-lingerie","13":"product_tag-metal-lingerie","14":"product_tag-oem","15":"product_tag-ruffles-lingerie","16":"product_tag-wholesale-sexy-see-through-lingerie","17":"product_tag-sexy-skimpy-lingerie","18":"pa_color-black","19":"pa_size-wholesale-large-size-women-sexy-lingerie","20":"pa_size-wholesale-medium-size-women-sexy-lingerie","21":"pa_size-wholesale-small-size-sexy-lingerie","23":"first","24":"outofstock","25":"taxable","26":"shipping-taxable","27":"purchasable","28":"product-type-variable"},"tiered_pricing_type":"fixed","tiered_pricing_fixed_rules":[],"tiered_pricing_product_settings":{"layout":"default","base_unit_name":{"singular":null,"plural":null},"default_variation":{}},"tiered_pricing_minimum_quantity":null,"tiered_pricing_roles_data":{"default_wholesaler":{"product_id":42532,"role":"default_wholesaler","pricing_type":"flat","regular_price":null,"sale_price":null,"discount":null,"discount_type":"sale_price","tiered_pricing_type":"fixed","percentage_rules":[],"fixed_rules":{"2":"10.69","30":"9.19","500":"8.09"},"minimum":null},"dropshippinger":{"product_id":42532,"role":"dropshippinger","pricing_type":"flat","regular_price":null,"sale_price":null,"discount":null,"discount_type":"sale_price","tiered_pricing_type":"fixed","percentage_rules":[],"fixed_rules":{"1":"12.89","5":"10.69","30":"9.19"},"minimum":null}},"tiered_pricing_percentage_rules":[],"tiered_pricing_maximum_quantity":null,"tiered_pricing_quantity_step":null,"_links":{"self":[{"href":"https:\/\/gretasexylingerie.com\/de\/wp-json\/wp\/v2\/product\/42532","targetHints":{"allow":["GET"]}}],"collection":[{"href":"https:\/\/gretasexylingerie.com\/de\/wp-json\/wp\/v2\/product"}],"about":[{"href":"https:\/\/gretasexylingerie.com\/de\/wp-json\/wp\/v2\/types\/product"}],"wp:featuredmedia":[{"embeddable":true,"href":"https:\/\/gretasexylingerie.com\/de\/wp-json\/wp\/v2\/media\/42544"}],"wp:attachment":[{"href":"https:\/\/gretasexylingerie.com\/de\/wp-json\/wp\/v2\/media?parent=42532"}],"wp:term":[{"taxonomy":"product_brand","embeddable":true,"href":"https:\/\/gretasexylingerie.com\/de\/wp-json\/wp\/v2\/product_brand?post=42532"},{"taxonomy":"product_cat","embeddable":true,"href":"https:\/\/gretasexylingerie.com\/de\/wp-json\/wp\/v2\/product_cat?post=42532"},{"taxonomy":"product_tag","embeddable":true,"href":"https:\/\/gretasexylingerie.com\/de\/wp-json\/wp\/v2\/product_tag?post=42532"}],"curies":[{"name":"wp","href":"https:\/\/api.w.org\/{rel}","templated":true}]}}