{"id":42440,"date":"2023-06-19T22:09:13","date_gmt":"2023-06-19T14:09:13","guid":{"rendered":"https:\/\/gretasexylingerie.com\/?post_type=product&#038;p=42440"},"modified":"2024-04-03T00:04:02","modified_gmt":"2024-04-02T16:04:02","slug":"einfarbiges-netz-bh-set-mit-mehrfach-verstellbaren-tragern","status":"publish","type":"product","link":"https:\/\/gretasexylingerie.com\/de\/products\/solid-color-mesh-bra-set-with-multi-adjustable-straps\/","title":{"rendered":"Einfarbiges Mesh-BH-Set mit mehrfach verstellbaren Tr\u00e4gern"},"content":{"rendered":"<ol class=\"wp-block-list\">\n<li>Schlankes Design: Das einfarbige Netzgewebe bietet eine raffinierte \u00c4sthetik, perfekt f\u00fcr alle, die dezente und dennoch stilvolle Dessous suchen.<\/li>\n\n\n\n<li>Einzigartige Merkmale: Die mehrfach verstellbaren und doppelten Schultergurte verleihen dem Set praktische Elemente und sorgen daf\u00fcr, dass es sich durch Komfort und Passform auszeichnet.<\/li>\n\n\n\n<li>Trendorientiert: Das Design bleibt im Einklang mit aktuellen Dessous-Trends und spricht Modebewusste an.<\/li>\n\n\n\n<li>Vielseitiger Stil: Das einfarbige Design erm\u00f6glicht vielseitiges Tragen und erg\u00e4nzt eine Vielzahl von Outfits.<\/li>\n\n\n\n<li>Komfort und Passform: Die mehrfach verstellbaren Tr\u00e4ger des Sets sorgen f\u00fcr eine ma\u00dfgeschneiderte, bequeme Passform.<\/li>\n<\/ol>\n\n\n\n<p>Zusammenfassend l\u00e4sst sich sagen, dass das einfarbige Mesh-BH-Set mit mehrfach verstellbaren Tr\u00e4gern eine attraktive Mischung aus elegantem Design und Funktionalit\u00e4t bietet. Seine einzigartigen Eigenschaften, sein trendorientierter Stil und sein Fokus auf Komfort machen es zu einer bemerkenswerten Erg\u00e4nzung jeder Dessous-Kollektion und versprechen einen stilvollen und vielseitigen Look.<\/p>\n\n\n\n<figure class=\"wp-block-table is-style-stripes\"><table class=\"has-fixed-layout\"><tbody><tr><td colspan=\"5\">Standortdiagramm (CM)<\/td><\/tr><tr><td>Gr\u00f6\u00dfe<\/td><td>L\u00e4nge<\/td><td>Obere B\u00fcste<\/td><td>Taillenband<\/td><td>Taillenlinie<\/td><\/tr><tr><td>S<\/td><td>20<\/td><td>70-80<\/td><td>65-88<\/td><td>66-96<\/td><\/tr><tr><td>M<\/td><td>21<\/td><td>74-92<\/td><td>69-92<\/td><td>70-100<\/td><\/tr><tr><td>L<\/td><td>22<\/td><td>78-96<\/td><td>73-96<\/td><td>74-104<\/td><\/tr><tr><td colspan=\"5\">Seitendiagramm (Zoll)<\/td><\/tr><tr><td>Gr\u00f6\u00dfe<\/td><td>L\u00e4nge<\/td><td>Obere B\u00fcste<\/td><td>Untere Brust<\/td><td>Taillenlinie<\/td><\/tr><tr><td>S<\/td><td>7.87<\/td><td>27.56-31.50<\/td><td>25.59-34.65<\/td><td>25.98-37.80<\/td><\/tr><tr><td>M<\/td><td>8.27<\/td><td>29.13-36.22<\/td><td>27.17-36.22<\/td><td>27.56-39.37<\/td><\/tr><tr><td>L<\/td><td>8.66<\/td><td>30.71-37.80<\/td><td>28.74-37.80<\/td><td>29.13-40.94<\/td><\/tr><\/tbody><\/table><\/figure>","protected":false},"excerpt":{"rendered":"<p>Entdecken Sie den Reiz unseres einfarbigen Mesh-BH-Sets mit mehrfach verstellbaren Tr\u00e4gern und doppelten Schultergurten. Dieses elegante Ensemble aus hochwertigem Mesh bietet eine Balance aus Raffinesse und Funktionalit\u00e4t. Die verstellbaren Funktionen sorgen f\u00fcr eine perfekte Passform und schaffen ein stilvolles Dessous-St\u00fcck, das ebenso praktisch wie praktisch ist.<\/p>","protected":false},"featured_media":42460,"template":"","meta":[],"product_brand":[],"product_cat":[368,367,375],"product_tag":[505,448,518,864,447],"class_list":{"0":"post-42440","1":"product","2":"type-product","3":"status-publish","4":"has-post-thumbnail","6":"product_cat-bra-panty-set","7":"product_cat-sexy-lingerie","8":"product_cat-whoelsale-sheer-bra-and-panty-sets","9":"product_tag-5-piece-lingerie-set","10":"product_tag-wholesale-elegant-sexy-lingerie","11":"product_tag-mesh-lingerie","12":"product_tag-sexy-petite-lingerie","13":"product_tag-wholesale-strappy-sexy-lingerie","14":"pa_color-black","15":"pa_color-hot-pink-women-sexy-lingerie","16":"pa_color-red-women-sexy-lingerie","17":"pa_color-white","18":"pa_size-wholesale-large-size-women-sexy-lingerie","19":"pa_size-wholesale-medium-size-women-sexy-lingerie","20":"pa_size-wholesale-small-size-sexy-lingerie","22":"first","23":"instock","24":"taxable","25":"shipping-taxable","26":"purchasable","27":"product-type-variable"},"tiered_pricing_type":"fixed","tiered_pricing_fixed_rules":[],"tiered_pricing_product_settings":{"layout":"table","base_unit_name":{"singular":null,"plural":null},"default_variation":null},"tiered_pricing_minimum_quantity":null,"tiered_pricing_roles_data":{"default_wholesaler":{"product_id":42440,"role":"default_wholesaler","pricing_type":"flat","regular_price":null,"sale_price":null,"discount":null,"discount_type":"sale_price","tiered_pricing_type":"fixed","percentage_rules":[],"fixed_rules":{"2":"10.99","30":"9.39","500":"8.29"},"minimum":null},"dropshippinger":{"product_id":42440,"role":"dropshippinger","pricing_type":"flat","regular_price":null,"sale_price":null,"discount":null,"discount_type":"sale_price","tiered_pricing_type":"fixed","percentage_rules":[],"fixed_rules":{"1":"13.19","5":"10.99","30":"939--"},"minimum":null}},"tiered_pricing_percentage_rules":[],"tiered_pricing_maximum_quantity":null,"tiered_pricing_quantity_step":null,"_links":{"self":[{"href":"https:\/\/gretasexylingerie.com\/de\/wp-json\/wp\/v2\/product\/42440","targetHints":{"allow":["GET"]}}],"collection":[{"href":"https:\/\/gretasexylingerie.com\/de\/wp-json\/wp\/v2\/product"}],"about":[{"href":"https:\/\/gretasexylingerie.com\/de\/wp-json\/wp\/v2\/types\/product"}],"wp:featuredmedia":[{"embeddable":true,"href":"https:\/\/gretasexylingerie.com\/de\/wp-json\/wp\/v2\/media\/42460"}],"wp:attachment":[{"href":"https:\/\/gretasexylingerie.com\/de\/wp-json\/wp\/v2\/media?parent=42440"}],"wp:term":[{"taxonomy":"product_brand","embeddable":true,"href":"https:\/\/gretasexylingerie.com\/de\/wp-json\/wp\/v2\/product_brand?post=42440"},{"taxonomy":"product_cat","embeddable":true,"href":"https:\/\/gretasexylingerie.com\/de\/wp-json\/wp\/v2\/product_cat?post=42440"},{"taxonomy":"product_tag","embeddable":true,"href":"https:\/\/gretasexylingerie.com\/de\/wp-json\/wp\/v2\/product_tag?post=42440"}],"curies":[{"name":"wp","href":"https:\/\/api.w.org\/{rel}","templated":true}]}}