{"id":42322,"date":"2023-06-16T21:26:04","date_gmt":"2023-06-16T13:26:04","guid":{"rendered":"https:\/\/gretasexylingerie.com\/?post_type=product&#038;p=42322"},"modified":"2023-09-05T20:53:47","modified_gmt":"2023-09-05T12:53:47","slug":"fire-brick-transparentes-netz-bh-und-hoschen-set-mit-federn","status":"publish","type":"product","link":"https:\/\/gretasexylingerie.com\/de\/products\/fire-brick-sheer-mesh-bra-and-panty-set-with-feather\/","title":{"rendered":"Set aus durchsichtigem Mesh-BH und H\u00f6schen in Feuersteinoptik mit Feder"},"content":{"rendered":"<ol class=\"wp-block-list\">\n<li>Gewagtes Design: Der lebendige Schamottesteinton und das transparente Netz sorgen f\u00fcr eine k\u00fchne \u00c4sthetik f\u00fcr alle, die Statement-Dessous suchen.<\/li>\n\n\n\n<li>Einzigartige Merkmale: Die Federbes\u00e4tze und die Metallkettendetails verleihen dem Set einzigartige Elemente und sorgen daf\u00fcr, dass es in jeder Sammlung hervorsticht.<\/li>\n\n\n\n<li>Trendorientiert: Das Design passt sich den aktuellen Dessous-Trends an und spricht Modebewusste an.<\/li>\n\n\n\n<li>Verf\u00fchrerischer Reiz: Das transparente Design verst\u00e4rkt den Reiz des Sets und f\u00fcgt ihm ein verlockendes Element hinzu.<\/li>\n\n\n\n<li>Komfort und Passform: Trotz seines auff\u00e4lligen Designs sorgt das Set dank hochwertiger Materialien und durchdachter Funktionen f\u00fcr ein angenehmes Tragegef\u00fchl.<\/li>\n<\/ol>\n\n\n\n<p>Zusammenfassend l\u00e4sst sich sagen, dass das BH- und H\u00f6schenset \u201eFire Brick Sheer Mesh\u201c mit Feder- und Metallkettenbes\u00e4tzen eine k\u00fchne Mischung aus gewagtem Design und Komfort ist. Seine einzigartigen Eigenschaften und sein trendorientierter Stil machen es zu einer herausragenden Erg\u00e4nzung jeder Dessous-Kollektion und versprechen einen mutigen und unverwechselbaren Look.<\/p>\n\n\n\n<figure class=\"wp-block-table is-style-stripes\"><table class=\"has-fixed-layout\"><tbody><tr><td>YMX-Z2903L<\/td><td><\/td><td><\/td><td><\/td><td><\/td><\/tr><tr><td colspan=\"5\">Standortdiagramm (CM)<\/td><\/tr><tr><td>Gr\u00f6\u00dfe<\/td><td>L\u00e4nge<\/td><td>Obere B\u00fcste<\/td><td>Untere Brust<\/td><td>Taillenlinie<\/td><\/tr><tr><td>S<\/td><td>22<\/td><td>68-88<\/td><td>66-88<\/td><td>68-96<\/td><\/tr><tr><td>M<\/td><td>23<\/td><td>72-92<\/td><td>62-92<\/td><td>72-100<\/td><\/tr><tr><td>L<\/td><td>24<\/td><td>76-96<\/td><td>74-96<\/td><td>76-104<\/td><\/tr><tr><td colspan=\"5\">Seitendiagramm (Zoll)<\/td><\/tr><tr><td>Gr\u00f6\u00dfe<\/td><td>L\u00e4nge<\/td><td>Obere B\u00fcste<\/td><td>Untere Brust<\/td><td>Taillenlinie<\/td><\/tr><tr><td>S<\/td><td>8.66<\/td><td>26.77-34.65<\/td><td>25.98-34.65<\/td><td>26.77-37.80<\/td><\/tr><tr><td>M<\/td><td>9.06<\/td><td>28.35-36.22<\/td><td>24.41-36.22<\/td><td>28.35-39.37<\/td><\/tr><tr><td>L<\/td><td>9.45<\/td><td>29.92-37.80<\/td><td>29.13-37.80<\/td><td>29.92-40.94<\/td><\/tr><\/tbody><\/table><\/figure>","protected":false},"excerpt":{"rendered":"<p>Wir stellen Ihnen unser durchsichtiges BH- und H\u00f6schen-Set aus Fire Brick-Mesh vor, das mit Federn und Metallkettenbes\u00e4tzen verziert ist. In einem lebendigen Schamottesteinton bietet dieses k\u00fchne Ensemble eine Mischung aus gewagtem Stil und Raffinesse. Der Federbesatz an den Schultertr\u00e4gern und am G\u00fcrtel sorgt f\u00fcr eine skurrile Note, w\u00e4hrend die Metallkette auf der Brust einen Hauch von Nervosit\u00e4t verleiht und ein verlockendes und einzigartiges Dessous-Set schafft.<\/p>","protected":false},"featured_media":42330,"template":"","meta":[],"product_brand":[],"product_cat":[368,367,375],"product_tag":[507,452,448,518,446,453,864],"class_list":{"0":"post-42322","1":"product","2":"type-product","3":"status-publish","4":"has-post-thumbnail","6":"product_cat-bra-panty-set","7":"product_cat-sexy-lingerie","8":"product_cat-whoelsale-sheer-bra-and-panty-sets","9":"product_tag-three-pcs-set","10":"product_tag-wholesale-boudoir-lingerie","11":"product_tag-wholesale-elegant-sexy-lingerie","12":"product_tag-mesh-lingerie","13":"product_tag-wholesale-sexy-see-through-lingerie","14":"product_tag-wholesale-sexy-naughty-lingerie","15":"product_tag-sexy-petite-lingerie","16":"pa_color-fire-brick-women-sexy-lingerie","17":"pa_size-wholesale-large-size-women-sexy-lingerie","18":"pa_size-wholesale-medium-size-women-sexy-lingerie","19":"pa_size-wholesale-small-size-sexy-lingerie","21":"first","22":"instock","23":"taxable","24":"shipping-taxable","25":"purchasable","26":"product-type-variable"},"tiered_pricing_type":"fixed","tiered_pricing_fixed_rules":[],"tiered_pricing_product_settings":{"layout":"default","base_unit_name":{"singular":null,"plural":null},"default_variation":null},"tiered_pricing_minimum_quantity":null,"tiered_pricing_roles_data":{"default_wholesaler":{"product_id":42322,"role":"default_wholesaler","pricing_type":"flat","regular_price":null,"sale_price":null,"discount":null,"discount_type":"sale_price","tiered_pricing_type":"fixed","percentage_rules":[],"fixed_rules":{"2":"7.89","30":"6.79","500":"5.89"},"minimum":null},"dropshippinger":{"product_id":42322,"role":"dropshippinger","pricing_type":"flat","regular_price":null,"sale_price":null,"discount":null,"discount_type":"sale_price","tiered_pricing_type":"fixed","percentage_rules":[],"fixed_rules":{"1":"9.39","5":"7.89","30":"6.79"},"minimum":null}},"tiered_pricing_percentage_rules":[],"tiered_pricing_maximum_quantity":null,"tiered_pricing_quantity_step":null,"_links":{"self":[{"href":"https:\/\/gretasexylingerie.com\/de\/wp-json\/wp\/v2\/product\/42322","targetHints":{"allow":["GET"]}}],"collection":[{"href":"https:\/\/gretasexylingerie.com\/de\/wp-json\/wp\/v2\/product"}],"about":[{"href":"https:\/\/gretasexylingerie.com\/de\/wp-json\/wp\/v2\/types\/product"}],"wp:featuredmedia":[{"embeddable":true,"href":"https:\/\/gretasexylingerie.com\/de\/wp-json\/wp\/v2\/media\/42330"}],"wp:attachment":[{"href":"https:\/\/gretasexylingerie.com\/de\/wp-json\/wp\/v2\/media?parent=42322"}],"wp:term":[{"taxonomy":"product_brand","embeddable":true,"href":"https:\/\/gretasexylingerie.com\/de\/wp-json\/wp\/v2\/product_brand?post=42322"},{"taxonomy":"product_cat","embeddable":true,"href":"https:\/\/gretasexylingerie.com\/de\/wp-json\/wp\/v2\/product_cat?post=42322"},{"taxonomy":"product_tag","embeddable":true,"href":"https:\/\/gretasexylingerie.com\/de\/wp-json\/wp\/v2\/product_tag?post=42322"}],"curies":[{"name":"wp","href":"https:\/\/api.w.org\/{rel}","templated":true}]}}