{"id":42301,"date":"2023-06-16T20:30:40","date_gmt":"2023-06-16T12:30:40","guid":{"rendered":"https:\/\/gretasexylingerie.com\/?post_type=product&#038;p=42301"},"modified":"2024-04-04T13:07:16","modified_gmt":"2024-04-04T05:07:16","slug":"durchsichtiges-netz-bh-und-hoschen-set","status":"publish","type":"product","link":"https:\/\/gretasexylingerie.com\/de\/products\/see-through-mesh-bra-and-panty-set\/","title":{"rendered":"Durchsichtiges Netz-BH- und H\u00f6schen-Set"},"content":{"rendered":"<ol class=\"wp-block-list\">\n<li>Gewagtes Design: Die durchsichtigen Netz- und Schn\u00fcrelemente bieten eine gewagte \u00c4sthetik, perfekt f\u00fcr alle, die aufreizende Dessous suchen.<\/li>\n\n\n\n<li>Trendorientiert: Das Design bleibt im Einklang mit aktuellen Dessous-Trends und spricht Modebewusste an.<\/li>\n\n\n\n<li>Einzigartige Merkmale: Das Schn\u00fcrdesign verleiht dem Set ein einzigartiges Element und sorgt daf\u00fcr, dass es in jeder Sammlung auff\u00e4llt.<\/li>\n\n\n\n<li>Verf\u00fchrerischer Reiz: Das transparente Design verst\u00e4rkt den Reiz des Sets und f\u00fcgt ihm ein verf\u00fchrerisches Element hinzu.<\/li>\n\n\n\n<li>Komfort und Passform: Trotz seines gewagten Designs sorgt das Set dank seiner hochwertigen Materialien und durchdachten Funktionen f\u00fcr ein angenehmes Tragegef\u00fchl.<\/li>\n<\/ol>\n\n\n\n<p>Zusammenfassend l\u00e4sst sich sagen, dass das durchsichtige Mesh-BH- und H\u00f6schenset mit sexy Schn\u00fcrdesign eine verlockende Mischung aus gewagtem Design und Komfort ist. Seine einzigartigen Eigenschaften und sein trendorientierter Stil machen es zu einer provokanten Erg\u00e4nzung jeder Dessous-Kollektion und versprechen einen gewagten und raffinierten Look.<\/p>\n\n\n\n<figure class=\"wp-block-table is-style-stripes\"><table class=\"has-fixed-layout\"><tbody><tr><td colspan=\"5\">Standortdiagramm (CM)<\/td><\/tr><tr><td>Gr\u00f6\u00dfe<\/td><td>L\u00e4nge<\/td><td>Obere B\u00fcste<\/td><td>Untere Brust<\/td><td>Taillenlinie<\/td><\/tr><tr><td>S<\/td><td>22<\/td><td>68-88<\/td><td>66-88<\/td><td>68-96<\/td><\/tr><tr><td>M<\/td><td>23<\/td><td>72-92<\/td><td>62-92<\/td><td>72-100<\/td><\/tr><tr><td>L<\/td><td>24<\/td><td>76-96<\/td><td>74-96<\/td><td>76-104<\/td><\/tr><tr><td colspan=\"5\">Seitendiagramm (Zoll)<\/td><\/tr><tr><td>Gr\u00f6\u00dfe<\/td><td>L\u00e4nge<\/td><td>Obere B\u00fcste<\/td><td>Untere Brust<\/td><td>Taillenlinie<\/td><\/tr><tr><td>S<\/td><td>8.66<\/td><td>26.77-34.65<\/td><td>25.98-34.65<\/td><td>26.77-37.80<\/td><\/tr><tr><td>M<\/td><td>9.06<\/td><td>28.35-36.22<\/td><td>24.41-36.22<\/td><td>28.35-39.37<\/td><\/tr><tr><td>L<\/td><td>9.45<\/td><td>29.92-37.80<\/td><td>29.13-37.80<\/td><td>29.92-40.94<\/td><\/tr><\/tbody><\/table><\/figure>","protected":false},"excerpt":{"rendered":"<p>Entdecken Sie die Verf\u00fchrung unseres durchsichtigen Netz-BH- und H\u00f6schen-Sets mit sexy Schn\u00fcrdesign. Dieses verf\u00fchrerische Ensemble aus transparentem Netzstoff bietet eine Balance aus gewagtem Reiz und Eleganz. Das Schn\u00fcrdetail sorgt f\u00fcr einen abenteuerlichen Touch und macht es zu einem ebenso provokanten wie raffinierten Dessous-St\u00fcck.<\/p>","protected":false},"featured_media":42313,"template":"","meta":[],"product_brand":[],"product_cat":[368,367,375,376],"product_tag":[507,448,518,446,447,504],"class_list":{"0":"post-42301","1":"product","2":"type-product","3":"status-publish","4":"has-post-thumbnail","6":"product_cat-bra-panty-set","7":"product_cat-sexy-lingerie","8":"product_cat-whoelsale-sheer-bra-and-panty-sets","9":"product_cat-wholesale-ultra-sexy-bra-panty-set","10":"product_tag-three-pcs-set","11":"product_tag-wholesale-elegant-sexy-lingerie","12":"product_tag-mesh-lingerie","13":"product_tag-wholesale-sexy-see-through-lingerie","14":"product_tag-wholesale-strappy-sexy-lingerie","15":"product_tag-ultra-sexy","16":"pa_color-black","17":"pa_color-red-women-sexy-lingerie","18":"pa_size-wholesale-large-size-women-sexy-lingerie","19":"pa_size-wholesale-medium-size-women-sexy-lingerie","20":"pa_size-wholesale-small-size-sexy-lingerie","22":"first","23":"instock","24":"taxable","25":"shipping-taxable","26":"purchasable","27":"product-type-variable"},"tiered_pricing_type":"fixed","tiered_pricing_fixed_rules":[],"tiered_pricing_product_settings":{"layout":"table","base_unit_name":{"singular":null,"plural":null},"default_variation":null},"tiered_pricing_minimum_quantity":null,"tiered_pricing_roles_data":{"default_wholesaler":{"product_id":42301,"role":"default_wholesaler","pricing_type":"flat","regular_price":null,"sale_price":null,"discount":null,"discount_type":"sale_price","tiered_pricing_type":"fixed","percentage_rules":[],"fixed_rules":{"2":"9.69","30":"8.29","500":"7.29"},"minimum":null},"dropshippinger":{"product_id":42301,"role":"dropshippinger","pricing_type":"flat","regular_price":null,"sale_price":null,"discount":null,"discount_type":"sale_price","tiered_pricing_type":"fixed","percentage_rules":[],"fixed_rules":{"1":"11.59","5":"9.69","30":"8.29"},"minimum":null}},"tiered_pricing_percentage_rules":[],"tiered_pricing_maximum_quantity":null,"tiered_pricing_quantity_step":null,"_links":{"self":[{"href":"https:\/\/gretasexylingerie.com\/de\/wp-json\/wp\/v2\/product\/42301","targetHints":{"allow":["GET"]}}],"collection":[{"href":"https:\/\/gretasexylingerie.com\/de\/wp-json\/wp\/v2\/product"}],"about":[{"href":"https:\/\/gretasexylingerie.com\/de\/wp-json\/wp\/v2\/types\/product"}],"wp:featuredmedia":[{"embeddable":true,"href":"https:\/\/gretasexylingerie.com\/de\/wp-json\/wp\/v2\/media\/42313"}],"wp:attachment":[{"href":"https:\/\/gretasexylingerie.com\/de\/wp-json\/wp\/v2\/media?parent=42301"}],"wp:term":[{"taxonomy":"product_brand","embeddable":true,"href":"https:\/\/gretasexylingerie.com\/de\/wp-json\/wp\/v2\/product_brand?post=42301"},{"taxonomy":"product_cat","embeddable":true,"href":"https:\/\/gretasexylingerie.com\/de\/wp-json\/wp\/v2\/product_cat?post=42301"},{"taxonomy":"product_tag","embeddable":true,"href":"https:\/\/gretasexylingerie.com\/de\/wp-json\/wp\/v2\/product_tag?post=42301"}],"curies":[{"name":"wp","href":"https:\/\/api.w.org\/{rel}","templated":true}]}}