{"id":42158,"date":"2023-06-14T23:30:11","date_gmt":"2023-06-14T15:30:11","guid":{"rendered":"https:\/\/gretasexylingerie.com\/?post_type=product&#038;p=42158"},"modified":"2023-12-09T17:24:08","modified_gmt":"2023-12-09T09:24:08","slug":"neckholder-bh-set-aus-offenem-netzstoff-mit-diamant-strumpfband","status":"publish","type":"product","link":"https:\/\/gretasexylingerie.com\/de\/products\/open-mesh-halterneck-bra-set-with-diamond-garter\/","title":{"rendered":"Offenes Neckholder-BH-Set aus Netzstoff mit Diamant-Strumpfband"},"content":{"rendered":"<ol class=\"wp-block-list\">\n<li>Auff\u00e4lliges Design: Das offene Netz- und Neckholder-Design sorgt f\u00fcr eine gewagte und attraktive \u00c4sthetik, perfekt f\u00fcr alle, die ein mutiges Statement setzen m\u00f6chten.<\/li>\n\n\n\n<li>Einzigartige Merkmale: Das mit Diamanten verzierte Strumpfband verleiht dem Set ein luxuri\u00f6ses Element und sorgt daf\u00fcr, dass es in jeder Sammlung hervorsticht.<\/li>\n\n\n\n<li>Trend-Forward: Dieses Set verspricht, modebewusste Menschen mit einem Design anzulocken, das zu aktuellen Dessous-Trends passt.<\/li>\n\n\n\n<li>Vielseitiger Reiz: Der Neckholder-Stil bietet Vielseitigkeit, sodass das Set zu einer Reihe von Outfits und Anl\u00e4ssen passt.<\/li>\n\n\n\n<li>Komfort und Qualit\u00e4t: Trotz des auff\u00e4lligen Designs gibt es keine Kompromisse beim Komfort. Die Verwendung von hochwertigem Mesh sorgt f\u00fcr ein angenehmes Tragegef\u00fchl.<\/li>\n<\/ol>\n\n\n\n<p>Zusammenfassend l\u00e4sst sich sagen, dass das Open Mesh Neckholder-BH-Set mit Diamond Garter eine verlockende Mischung aus gewagtem Design und Komfort ist. Mit seinen einzigartigen Eigenschaften, dem trendigen Design und den hochwertigen Materialien ist es eine au\u00dfergew\u00f6hnliche Erg\u00e4nzung f\u00fcr jede Dessous-Kollektion und sorgt f\u00fcr einen wirklich glitzernden Look.<\/p>\n\n\n\n<figure class=\"wp-block-table is-style-stripes\"><table class=\"has-fixed-layout\"><tbody><tr><td colspan=\"5\">Standortdiagramm (CM)<\/td><\/tr><tr><td>Gr\u00f6\u00dfe<\/td><td>L\u00e4nge<\/td><td>Obere B\u00fcste<\/td><td>Untere Brust<\/td><td>Taillenlinie<\/td><\/tr><tr><td>S<\/td><td>13<\/td><td>64-88<\/td><td>63-88<\/td><td>64-96<\/td><\/tr><tr><td>M<\/td><td>14<\/td><td>68-92<\/td><td>67-92<\/td><td>68-100<\/td><\/tr><tr><td>L<\/td><td>15<\/td><td>72-96<\/td><td>71-96<\/td><td>72-104<\/td><\/tr><tr><td colspan=\"5\">Seitendiagramm (Zoll)<\/td><\/tr><tr><td>Gr\u00f6\u00dfe<\/td><td>L\u00e4nge<\/td><td>Obere B\u00fcste<\/td><td>Untere Brust<\/td><td>Taillenlinie<\/td><\/tr><tr><td>S<\/td><td>5.12<\/td><td>25.20-34.65<\/td><td>24.80-34.65<\/td><td>25.20-37.80<\/td><\/tr><tr><td>M<\/td><td>5.51<\/td><td>26.77-36.22<\/td><td>26.38-36.22<\/td><td>26.77-39.37<\/td><\/tr><tr><td>L<\/td><td>5.91<\/td><td>28.35-37.80<\/td><td>27.95-37.80<\/td><td>28.35-40.94<\/td><\/tr><\/tbody><\/table><\/figure>","protected":false},"excerpt":{"rendered":"<p>Entdecken Sie den Reiz unseres Open-Mesh-Neckholder-BH-Sets, begleitet von einem Diamant-Strumpfband. Dieses einzigartige Ensemble mit verf\u00fchrerischem, offenem Netzstoff und schmeichelhaftem Neckholder-Design bietet eine Mischung aus gewagtem Appeal und luxuri\u00f6ser \u00c4sthetik. Der mit Diamanten besetzte Riemen sorgt f\u00fcr einen zus\u00e4tzlichen Hauch von Opulenz und Luxus und sorgt f\u00fcr ein herausragendes Dessous-Erlebnis.<\/p>","protected":false},"featured_media":42168,"template":"","meta":[],"product_brand":[],"product_cat":[368,385,367,376],"product_tag":[868,448,541,528,518,973,446,504],"class_list":{"0":"post-42158","1":"product","2":"type-product","3":"status-publish","4":"has-post-thumbnail","6":"product_cat-bra-panty-set","7":"product_cat-wholesale-mesh-babydoll","8":"product_cat-sexy-lingerie","9":"product_cat-wholesale-ultra-sexy-bra-panty-set","10":"product_tag-4-piece-lingerie-set","11":"product_tag-wholesale-elegant-sexy-lingerie","12":"product_tag-fishnet-lingerie","13":"product_tag-halter-lingerie","14":"product_tag-mesh-lingerie","15":"product_tag-oem","16":"product_tag-wholesale-sexy-see-through-lingerie","17":"product_tag-ultra-sexy","18":"pa_color-black","19":"pa_size-wholesale-large-size-women-sexy-lingerie","20":"pa_size-wholesale-medium-size-women-sexy-lingerie","21":"pa_size-wholesale-small-size-sexy-lingerie","23":"first","24":"outofstock","25":"taxable","26":"shipping-taxable","27":"purchasable","28":"product-type-variable"},"tiered_pricing_type":"fixed","tiered_pricing_fixed_rules":[],"tiered_pricing_product_settings":{"layout":"default","base_unit_name":{"singular":null,"plural":null},"default_variation":null},"tiered_pricing_minimum_quantity":null,"tiered_pricing_roles_data":{"default_wholesaler":{"product_id":42158,"role":"default_wholesaler","pricing_type":"flat","regular_price":null,"sale_price":null,"discount":null,"discount_type":"sale_price","tiered_pricing_type":"fixed","percentage_rules":[],"fixed_rules":{"2":"10.19","30":"8.79","500":"7.69"},"minimum":null},"dropshippinger":{"product_id":42158,"role":"dropshippinger","pricing_type":"flat","regular_price":null,"sale_price":null,"discount":null,"discount_type":"sale_price","tiered_pricing_type":"fixed","percentage_rules":[],"fixed_rules":{"1":"12.19","5":"10.19","30":"8.79"},"minimum":null}},"tiered_pricing_percentage_rules":[],"tiered_pricing_maximum_quantity":null,"tiered_pricing_quantity_step":null,"_links":{"self":[{"href":"https:\/\/gretasexylingerie.com\/de\/wp-json\/wp\/v2\/product\/42158","targetHints":{"allow":["GET"]}}],"collection":[{"href":"https:\/\/gretasexylingerie.com\/de\/wp-json\/wp\/v2\/product"}],"about":[{"href":"https:\/\/gretasexylingerie.com\/de\/wp-json\/wp\/v2\/types\/product"}],"wp:featuredmedia":[{"embeddable":true,"href":"https:\/\/gretasexylingerie.com\/de\/wp-json\/wp\/v2\/media\/42168"}],"wp:attachment":[{"href":"https:\/\/gretasexylingerie.com\/de\/wp-json\/wp\/v2\/media?parent=42158"}],"wp:term":[{"taxonomy":"product_brand","embeddable":true,"href":"https:\/\/gretasexylingerie.com\/de\/wp-json\/wp\/v2\/product_brand?post=42158"},{"taxonomy":"product_cat","embeddable":true,"href":"https:\/\/gretasexylingerie.com\/de\/wp-json\/wp\/v2\/product_cat?post=42158"},{"taxonomy":"product_tag","embeddable":true,"href":"https:\/\/gretasexylingerie.com\/de\/wp-json\/wp\/v2\/product_tag?post=42158"}],"curies":[{"name":"wp","href":"https:\/\/api.w.org\/{rel}","templated":true}]}}