{"id":42089,"date":"2023-06-14T21:58:48","date_gmt":"2023-06-14T13:58:48","guid":{"rendered":"https:\/\/gretasexylingerie.com\/?post_type=product&#038;p=42089"},"modified":"2024-04-04T16:42:27","modified_gmt":"2024-04-04T08:42:27","slug":"sexy-bustier-set-aus-transparentem-netzstoff-mit-leopardenmuster","status":"publish","type":"product","link":"https:\/\/gretasexylingerie.com\/de\/products\/sheer-mesh-leopard-print-sexy-bustier-set\/","title":{"rendered":"Sexy Bustier-Set mit durchsichtigem Mesh-Leopardenmuster im Gro\u00dfhandel"},"content":{"rendered":"<ol class=\"wp-block-list\">\n<li>Mutiges Design: Das Leopardenmuster und das transparente Netz bilden zusammen ein Design, das B\u00e4nde spricht und sich ideal f\u00fcr alle eignet, die ein mutiges Statement abgeben m\u00f6chten.<\/li>\n\n\n\n<li>Faszinierender Reiz: Die sexy Natur dieses Bustier-Sets wird mit Sicherheit die Aufmerksamkeit auf sich ziehen und verleiht ihm einen verf\u00fchrerischen Charme.<\/li>\n\n\n\n<li>Exquisite Handwerkskunst: Handwerkskunst gl\u00e4nzt in diesem Set, was sich in den Details und dem hochwertigen Netz zeigt.<\/li>\n\n\n\n<li>Modisch: Das Leopardenmuster steht im Einklang mit der Vorliebe f\u00fcr Tiermuster in der Modewelt und ist daher eine trendige Wahl.<\/li>\n\n\n\n<li>Bequeme Passform: Trotz seines gewagten Designs garantiert das Bustier-Set eine bequeme Passform und sorgt so f\u00fcr Zufriedenheit bei der Tr\u00e4gerin.<\/li>\n<\/ol>\n\n\n\n<p>Zusammenfassend l\u00e4sst sich sagen, dass das Sheer Mesh Leopard Print Bustier Set eine dynamische Mischung aus k\u00fchnem Design und Komfort bietet. Mit seiner faszinierenden Ausstrahlung und dem trendorientierten Design wird dieses St\u00fcck eine atemberaubende Erg\u00e4nzung jeder Dessous-Kollektion sein, die Freude verspricht und gleichzeitig die Zufriedenheit der Tr\u00e4gerin gew\u00e4hrleistet.<\/p>\n\n\n\n<figure class=\"wp-block-table is-style-stripes\"><table class=\"has-fixed-layout\"><tbody><tr><td colspan=\"5\">Standortdiagramm (CM)<\/td><td><\/td><\/tr><tr><td>Gr\u00f6\u00dfe<\/td><td>L\u00e4nge<\/td><td>Obere B\u00fcste<\/td><td>Untere Brust<\/td><td>Taillenlinie<\/td><td>L\u00e4nge<\/td><\/tr><tr><td>S<\/td><td>35<\/td><td>64-88<\/td><td>61-88<\/td><td>60-92<\/td><td>20<\/td><\/tr><tr><td>M<\/td><td>36<\/td><td>68-92<\/td><td>65-92<\/td><td>64-96<\/td><td>21<\/td><\/tr><tr><td>L<\/td><td>37<\/td><td>72-96<\/td><td>69-96<\/td><td>70-100<\/td><td>22<\/td><\/tr><tr><td colspan=\"5\">Seitendiagramm (Zoll)<\/td><td><\/td><\/tr><tr><td>Gr\u00f6\u00dfe<\/td><td>L\u00e4nge<\/td><td>Obere B\u00fcste<\/td><td>Untere Brust<\/td><td>Taillenlinie<\/td><td>L\u00e4nge<\/td><\/tr><tr><td>S<\/td><td>13.78<\/td><td>25.20-34.65<\/td><td>24.02-34.65<\/td><td>23.62-36.22<\/td><td>7.87<\/td><\/tr><tr><td>M<\/td><td>14.17<\/td><td>26.77-36.22<\/td><td>25.59-36.22<\/td><td>25.20-37.80<\/td><td>8.27<\/td><\/tr><tr><td>L<\/td><td>14.57<\/td><td>28.35-37.80<\/td><td>27.17-37.80<\/td><td>27.56-39.37<\/td><td>8.66<\/td><\/tr><\/tbody><\/table><\/figure>","protected":false},"excerpt":{"rendered":"<p>Entfesseln Sie Ihre innere Verf\u00fchrerin mit unserem transparenten Mesh-Bustier-Set mit Leopardenmuster. Dieses verf\u00fchrerische Ensemble mit lebhaftem Leopardenmuster verk\u00f6rpert gewagte Eleganz. Das durchsichtige Netzdetail verst\u00e4rkt seinen verlockenden Reiz und sorgt f\u00fcr ein fesselndes Dessous-Statement.<\/p>","protected":false},"featured_media":42097,"template":"","meta":[],"product_brand":[],"product_cat":[387,390,367],"product_tag":[507,448,518,869,865],"class_list":{"0":"post-42089","1":"product","2":"type-product","3":"status-publish","4":"has-post-thumbnail","6":"product_cat-wholesale-bustier-bra-set","7":"product_cat-wholesale-mesh-bustier","8":"product_cat-sexy-lingerie","9":"product_tag-three-pcs-set","10":"product_tag-wholesale-elegant-sexy-lingerie","11":"product_tag-mesh-lingerie","12":"product_tag-sexy-animal-print-lingerie","13":"product_tag-sexy-skimpy-lingerie","14":"pa_color-leopard","15":"pa_size-wholesale-large-size-women-sexy-lingerie","16":"pa_size-wholesale-medium-size-women-sexy-lingerie","17":"pa_size-wholesale-small-size-sexy-lingerie","19":"first","20":"instock","21":"taxable","22":"shipping-taxable","23":"purchasable","24":"product-type-variable"},"tiered_pricing_type":"fixed","tiered_pricing_fixed_rules":[],"tiered_pricing_product_settings":{"layout":"table","base_unit_name":{"singular":null,"plural":null},"default_variation":null},"tiered_pricing_minimum_quantity":null,"tiered_pricing_roles_data":{"default_wholesaler":{"product_id":42089,"role":"default_wholesaler","pricing_type":"flat","regular_price":null,"sale_price":null,"discount":null,"discount_type":"sale_price","tiered_pricing_type":"fixed","percentage_rules":[],"fixed_rules":{"2":"9.19","30":"7.89","500":"6.89"},"minimum":null},"dropshippinger":{"product_id":42089,"role":"dropshippinger","pricing_type":"flat","regular_price":null,"sale_price":null,"discount":null,"discount_type":"sale_price","tiered_pricing_type":"fixed","percentage_rules":[],"fixed_rules":{"1":"10.99","5":"9.19","30":"7.89"},"minimum":null}},"tiered_pricing_percentage_rules":[],"tiered_pricing_maximum_quantity":null,"tiered_pricing_quantity_step":null,"_links":{"self":[{"href":"https:\/\/gretasexylingerie.com\/de\/wp-json\/wp\/v2\/product\/42089","targetHints":{"allow":["GET"]}}],"collection":[{"href":"https:\/\/gretasexylingerie.com\/de\/wp-json\/wp\/v2\/product"}],"about":[{"href":"https:\/\/gretasexylingerie.com\/de\/wp-json\/wp\/v2\/types\/product"}],"wp:featuredmedia":[{"embeddable":true,"href":"https:\/\/gretasexylingerie.com\/de\/wp-json\/wp\/v2\/media\/42097"}],"wp:attachment":[{"href":"https:\/\/gretasexylingerie.com\/de\/wp-json\/wp\/v2\/media?parent=42089"}],"wp:term":[{"taxonomy":"product_brand","embeddable":true,"href":"https:\/\/gretasexylingerie.com\/de\/wp-json\/wp\/v2\/product_brand?post=42089"},{"taxonomy":"product_cat","embeddable":true,"href":"https:\/\/gretasexylingerie.com\/de\/wp-json\/wp\/v2\/product_cat?post=42089"},{"taxonomy":"product_tag","embeddable":true,"href":"https:\/\/gretasexylingerie.com\/de\/wp-json\/wp\/v2\/product_tag?post=42089"}],"curies":[{"name":"wp","href":"https:\/\/api.w.org\/{rel}","templated":true}]}}