{"id":42074,"date":"2023-06-14T21:33:45","date_gmt":"2023-06-14T13:33:45","guid":{"rendered":"https:\/\/gretasexylingerie.com\/?post_type=product&#038;p=42074"},"modified":"2024-04-04T12:31:14","modified_gmt":"2024-04-04T04:31:14","slug":"schwarzes-netz-bh-und-hoschen-set-mit-geflochtenen-nahten","status":"publish","type":"product","link":"https:\/\/gretasexylingerie.com\/de\/products\/black-fishnet-bra-and-panty-set-with-braided-stitching\/","title":{"rendered":"Schwarzes Set aus Netz-BH und H\u00f6schen mit geflochtenen N\u00e4hten"},"content":{"rendered":"<ol class=\"wp-block-list\">\n<li>Gewagtes Design: Die Kombination aus Netzstoff und hohlen Details macht dieses Set zu einer gewagten Wahl und verleiht jeder Dessous-Kollektion eine aufregende Note.<\/li>\n\n\n\n<li>Einzigartige Handwerkskunst: Die breiten geflochtenen N\u00e4hte zeugen von der Liebe zum Detail und der Qualit\u00e4t, die in die Kreation dieses Sets eingeflossen ist.<\/li>\n\n\n\n<li>Sinnlicher Reiz: Seine supersexy \u00c4sthetik richtet sich an alle, die gewagte und provokante Dessous-Stile entdecken m\u00f6chten.<\/li>\n\n\n\n<li>Trendorientiert: Das Design steht im Einklang mit ausgefallenen Modetrends und macht es zu einem potenziellen Publikumsliebling unter Modebewussten.<\/li>\n\n\n\n<li>Komfort und Passform: Trotz seines gewagten Designs gibt es keine Kompromisse beim Komfort. Hochwertige Materialien und Verarbeitung sorgen f\u00fcr eine tolle Passform und ein angenehmes Tragegef\u00fchl.<\/li>\n<\/ol>\n\n\n\n<p>Zusammenfassend l\u00e4sst sich sagen, dass das schwarze Netz-BH- und H\u00f6schen-Set eine sensationelle Erg\u00e4nzung f\u00fcr jede Dessous-Kollektion ist. Mit seinem gewagten Design und der aufwendigen Handwerkskunst verspricht es zu fesseln und gleichzeitig ein kompromissloses Ma\u00df an Komfort und Passform zu gew\u00e4hrleisten.<\/p>\n\n\n\n<figure class=\"wp-block-table is-style-stripes\"><table class=\"has-fixed-layout\"><tbody><tr><td>Standortdiagramm (CM)<\/td><td><\/td><td><\/td><td><\/td><\/tr><tr><td>Gr\u00f6\u00dfe<\/td><td>Oberbrust<\/td><td>Untere Brust<\/td><td>L\u00e4nge<\/td><\/tr><tr><td>S<\/td><td>66-88<\/td><td>65-88<\/td><td>52<\/td><\/tr><tr><td>M<\/td><td>70-92<\/td><td>69-92<\/td><td>53.5<\/td><\/tr><tr><td>L<\/td><td>74-96<\/td><td>73-96<\/td><td>55<\/td><\/tr><tr><td>Seitendiagramm (Zoll)<\/td><td><\/td><td><\/td><td><\/td><\/tr><tr><td>Gr\u00f6\u00dfe<\/td><td>L\u00e4nge<\/td><td>Obere B\u00fcste<\/td><td>Taillenband<\/td><\/tr><tr><td>S<\/td><td>25.98-34.65<\/td><td>25.59-34.65<\/td><td>20.47<\/td><\/tr><tr><td>M<\/td><td>27.56-36.22<\/td><td>27.17-36.22<\/td><td>21.06<\/td><\/tr><tr><td>L<\/td><td>29.13-37.80<\/td><td>28.74-37.80<\/td><td>21.65<\/td><\/tr><\/tbody><\/table><\/figure>","protected":false},"excerpt":{"rendered":"<p>Entdecken Sie den Reiz unseres schwarzen Netz-BH- und H\u00f6schen-Sets. Dieses einzigartige Ensemble, gefertigt aus aufwendigen, hohlen, breiten Flechtn\u00e4hten, stellt eine Mischung aus gewagter und detaillierter Handwerkskunst dar. Der provokante Reiz dieses Sets schafft ein unwiderstehliches, ultra-sexy Outfit.<\/p>\n<p>https:\/\/youtu.be\/RQJhhFsyr8Y<\/p>","protected":false},"featured_media":42084,"template":"","meta":[],"product_brand":[],"product_cat":[368,374,367,375,376],"product_tag":[507,541,518,451,446,453,447,504],"class_list":{"0":"post-42074","1":"product","2":"type-product","3":"status-publish","4":"has-post-thumbnail","6":"product_cat-bra-panty-set","7":"product_cat-wholesale-garter-belt-set","8":"product_cat-sexy-lingerie","9":"product_cat-whoelsale-sheer-bra-and-panty-sets","10":"product_cat-wholesale-ultra-sexy-bra-panty-set","11":"product_tag-three-pcs-set","12":"product_tag-fishnet-lingerie","13":"product_tag-mesh-lingerie","14":"product_tag-wholesale-revealing-lingerie","15":"product_tag-wholesale-sexy-see-through-lingerie","16":"product_tag-wholesale-sexy-naughty-lingerie","17":"product_tag-wholesale-strappy-sexy-lingerie","18":"product_tag-ultra-sexy","19":"pa_color-black","20":"pa_size-wholesale-large-size-women-sexy-lingerie","21":"pa_size-wholesale-medium-size-women-sexy-lingerie","22":"pa_size-wholesale-small-size-sexy-lingerie","24":"first","25":"instock","26":"taxable","27":"shipping-taxable","28":"purchasable","29":"product-type-variable"},"tiered_pricing_type":"fixed","tiered_pricing_fixed_rules":[],"tiered_pricing_product_settings":{"layout":"table","base_unit_name":{"singular":null,"plural":null},"default_variation":{}},"tiered_pricing_minimum_quantity":null,"tiered_pricing_roles_data":{"default_wholesaler":{"product_id":42074,"role":"default_wholesaler","pricing_type":"flat","regular_price":null,"sale_price":null,"discount":null,"discount_type":"sale_price","tiered_pricing_type":"fixed","percentage_rules":[],"fixed_rules":{"2":"9.39","30":"8.09","500":"7.09"},"minimum":null},"dropshippinger":{"product_id":42074,"role":"dropshippinger","pricing_type":"flat","regular_price":null,"sale_price":null,"discount":null,"discount_type":"sale_price","tiered_pricing_type":"fixed","percentage_rules":[],"fixed_rules":{"1":"11.29","5":"9.39","30":"8.09"},"minimum":null}},"tiered_pricing_percentage_rules":[],"tiered_pricing_maximum_quantity":null,"tiered_pricing_quantity_step":null,"_links":{"self":[{"href":"https:\/\/gretasexylingerie.com\/de\/wp-json\/wp\/v2\/product\/42074","targetHints":{"allow":["GET"]}}],"collection":[{"href":"https:\/\/gretasexylingerie.com\/de\/wp-json\/wp\/v2\/product"}],"about":[{"href":"https:\/\/gretasexylingerie.com\/de\/wp-json\/wp\/v2\/types\/product"}],"wp:featuredmedia":[{"embeddable":true,"href":"https:\/\/gretasexylingerie.com\/de\/wp-json\/wp\/v2\/media\/42084"}],"wp:attachment":[{"href":"https:\/\/gretasexylingerie.com\/de\/wp-json\/wp\/v2\/media?parent=42074"}],"wp:term":[{"taxonomy":"product_brand","embeddable":true,"href":"https:\/\/gretasexylingerie.com\/de\/wp-json\/wp\/v2\/product_brand?post=42074"},{"taxonomy":"product_cat","embeddable":true,"href":"https:\/\/gretasexylingerie.com\/de\/wp-json\/wp\/v2\/product_cat?post=42074"},{"taxonomy":"product_tag","embeddable":true,"href":"https:\/\/gretasexylingerie.com\/de\/wp-json\/wp\/v2\/product_tag?post=42074"}],"curies":[{"name":"wp","href":"https:\/\/api.w.org\/{rel}","templated":true}]}}