{"id":42023,"date":"2023-06-13T23:02:49","date_gmt":"2023-06-13T15:02:49","guid":{"rendered":"https:\/\/gretasexylingerie.com\/?post_type=product&#038;p=42023"},"modified":"2024-04-04T00:23:53","modified_gmt":"2024-04-03T16:23:53","slug":"lila-dessous-set-aus-wimpernspitze-mit-strumpfband","status":"publish","type":"product","link":"https:\/\/gretasexylingerie.com\/de\/products\/purple-eyelash-lace-lingerie-set-with-garter\/","title":{"rendered":"Lila Wimpern-Spitzen-Dessous-Set mit Strumpfband"},"content":{"rendered":"<ol class=\"wp-block-list\">\n<li>Auff\u00e4lliges Design: Dieses Dessous-Set verspricht eine herausragende Erg\u00e4nzung zu werden, indem es transparente Spitze mit einem leuchtenden Lila-Ton kombiniert.<\/li>\n\n\n\n<li>Exzellente Detaillierung: Wimpernspitzendetails sorgen f\u00fcr Raffinesse und verleihen dem Ensemble mehr Raffinesse.<\/li>\n\n\n\n<li>Einzigartiges Ensemble: Das dazugeh\u00f6rige Strumpfband unterstreicht die Einzigartigkeit des Sets und spricht diejenigen an, die auf der Suche nach unverwechselbaren Dessous-St\u00fccken sind.<\/li>\n\n\n\n<li>Trendorientiert: Das Design passt sich den aktuellen Modetrends an und macht es zu einem potenziellen Favoriten unter modebewussten Menschen.<\/li>\n\n\n\n<li>Qualit\u00e4t und Komfort: Hochwertige Materialien und Verarbeitung versprechen ein angenehmes Tragegef\u00fchl und sorgen f\u00fcr Zufriedenheit beim Tr\u00e4ger.<\/li>\n<\/ol>\n\n\n\n<p>Zusammenfassend l\u00e4sst sich sagen, dass das Purple Eyelash Lace Dessous-Set mit seinem detaillierten Design und dem stilvollen Strumpfhalter ein Meisterwerk ist, das Trend mit Qualit\u00e4t und Komfort in Einklang bringt. Dieses au\u00dfergew\u00f6hnliche Ensemble erf\u00fcllt die Bed\u00fcrfnisse und \u00fcbertrifft die Erwartungen jedes Dessous-Kenners und bietet sowohl visuellen Reiz als auch Zufriedenheit der Tr\u00e4gerin.<\/p>\n\n\n\n<figure class=\"wp-block-table is-style-stripes\"><table class=\"has-fixed-layout\"><tbody><tr><td colspan=\"5\">Standortdiagramm (CM)<\/td><\/tr><tr><td>Gr\u00f6\u00dfe<\/td><td>B\u00fcste<\/td><td>L\u00e4nge<\/td><td>Taillenband<\/td><td>Taillenlinie<\/td><\/tr><tr><td>S<\/td><td>70-88<\/td><td>13<\/td><td>62<\/td><td>65<\/td><\/tr><tr><td>M<\/td><td>74-92<\/td><td>13.5<\/td><td>66<\/td><td>69<\/td><\/tr><tr><td>L<\/td><td>78-96<\/td><td>14<\/td><td>70<\/td><td>73<\/td><\/tr><tr><td colspan=\"5\">Seitendiagramm (Zoll)<\/td><\/tr><tr><td>Gr\u00f6\u00dfe<\/td><td>L\u00e4nge<\/td><td>Obere B\u00fcste<\/td><td>Taillenband<\/td><td>Taillenlinie<\/td><\/tr><tr><td>S<\/td><td>27.56-34.65<\/td><td>5.12<\/td><td>24.41<\/td><td>25.59<\/td><\/tr><tr><td>M<\/td><td>29.13-36.22<\/td><td>5.31<\/td><td>25.98<\/td><td>27.17<\/td><\/tr><tr><td>L<\/td><td>30.71-37.80<\/td><td>5.51<\/td><td>27.56<\/td><td>28.74<\/td><\/tr><\/tbody><\/table><\/figure>","protected":false},"excerpt":{"rendered":"<p>Entdecken Sie den Charme unseres Purple Eyelash Lace Dessous-Sets, komplett mit einem stilvollen Strumpfband. Das aus aufwendiger, transparenter Spitze gefertigte Set strahlt Eleganz und Reiz aus. Die atemberaubende violette Farbe verleiht dem Ganzen eine besondere Note und schafft ein luxuri\u00f6ses Ensemble.<\/p>\n<p><iframe title=\"Lila Wimpern-Spitzen-Dessous-Set mit Strumpfband\" src=\"https:\/\/www.youtube.com\/embed\/HB6cl3kIb9E\" width=\"840\" height=\"630\" frameborder=\"0\" allowfullscreen=\"allowfullscreen\"><\/iframe><\/p>","protected":false},"featured_media":42033,"template":"","meta":[],"product_brand":[],"product_cat":[368,369,367],"product_tag":[507,452,448,516,446],"class_list":{"0":"post-42023","1":"product","2":"type-product","3":"status-publish","4":"has-post-thumbnail","6":"product_cat-bra-panty-set","7":"product_cat-wholesale-lace-bra-and-panty-sets","8":"product_cat-sexy-lingerie","9":"product_tag-three-pcs-set","10":"product_tag-wholesale-boudoir-lingerie","11":"product_tag-wholesale-elegant-sexy-lingerie","12":"product_tag-lace-lingerie","13":"product_tag-wholesale-sexy-see-through-lingerie","14":"pa_color-purple-women-sexy-lingerie","15":"pa_size-wholesale-large-size-women-sexy-lingerie","16":"pa_size-wholesale-medium-size-women-sexy-lingerie","17":"pa_size-wholesale-small-size-sexy-lingerie","19":"first","20":"instock","21":"taxable","22":"shipping-taxable","23":"purchasable","24":"product-type-variable"},"tiered_pricing_type":"fixed","tiered_pricing_fixed_rules":[],"tiered_pricing_product_settings":{"layout":"table","base_unit_name":{"singular":null,"plural":null},"default_variation":{}},"tiered_pricing_minimum_quantity":null,"tiered_pricing_roles_data":{"default_wholesaler":{"product_id":42023,"role":"default_wholesaler","pricing_type":"flat","regular_price":null,"sale_price":null,"discount":null,"discount_type":"sale_price","tiered_pricing_type":"fixed","percentage_rules":[],"fixed_rules":{"2":"7.59","30":"6.49","500":"5.69"},"minimum":null},"dropshippinger":{"product_id":42023,"role":"dropshippinger","pricing_type":"flat","regular_price":null,"sale_price":null,"discount":null,"discount_type":"sale_price","tiered_pricing_type":"fixed","percentage_rules":[],"fixed_rules":{"1":"9.09","5":"7.59","30":"6.49"},"minimum":null}},"tiered_pricing_percentage_rules":[],"tiered_pricing_maximum_quantity":null,"tiered_pricing_quantity_step":null,"_links":{"self":[{"href":"https:\/\/gretasexylingerie.com\/de\/wp-json\/wp\/v2\/product\/42023","targetHints":{"allow":["GET"]}}],"collection":[{"href":"https:\/\/gretasexylingerie.com\/de\/wp-json\/wp\/v2\/product"}],"about":[{"href":"https:\/\/gretasexylingerie.com\/de\/wp-json\/wp\/v2\/types\/product"}],"wp:featuredmedia":[{"embeddable":true,"href":"https:\/\/gretasexylingerie.com\/de\/wp-json\/wp\/v2\/media\/42033"}],"wp:attachment":[{"href":"https:\/\/gretasexylingerie.com\/de\/wp-json\/wp\/v2\/media?parent=42023"}],"wp:term":[{"taxonomy":"product_brand","embeddable":true,"href":"https:\/\/gretasexylingerie.com\/de\/wp-json\/wp\/v2\/product_brand?post=42023"},{"taxonomy":"product_cat","embeddable":true,"href":"https:\/\/gretasexylingerie.com\/de\/wp-json\/wp\/v2\/product_cat?post=42023"},{"taxonomy":"product_tag","embeddable":true,"href":"https:\/\/gretasexylingerie.com\/de\/wp-json\/wp\/v2\/product_tag?post=42023"}],"curies":[{"name":"wp","href":"https:\/\/api.w.org\/{rel}","templated":true}]}}