{"id":41984,"date":"2023-06-12T23:59:02","date_gmt":"2023-06-12T15:59:02","guid":{"rendered":"https:\/\/gretasexylingerie.com\/?post_type=product&#038;p=41984"},"modified":"2023-09-05T20:52:12","modified_gmt":"2023-09-05T12:52:12","slug":"midnight-temptation-bustier-set-aus-netzstoff","status":"publish","type":"product","link":"https:\/\/gretasexylingerie.com\/de\/products\/midnight-temptation-mesh-bustier-set\/","title":{"rendered":"Midnight Temptation Mesh-Bustier-Set"},"content":{"rendered":"<ol class=\"wp-block-list\">\n<li>Sinnliche Eleganz: Das Midnight Temptation Mesh Bustier Set strahlt sinnliche Eleganz aus und kombiniert zartes schwarzes Mesh mit provokanten Designelementen f\u00fcr einen fesselnden Reiz.<\/li>\n\n\n\n<li>Versch\u00f6nerter Busen: Der Push-up-Busen, der durch einen faszinierenden Stahlring betont wird, sorgt f\u00fcr eine geliftete und betonte Silhouette, st\u00e4rkt das Selbstvertrauen und hinterl\u00e4sst einen bleibenden Eindruck.<\/li>\n\n\n\n<li>Unwiderstehlicher Komfort: Unser Set legt Wert auf Stil und Komfort, mit weichen Materialien, die f\u00fcr eine bequeme Passform sorgen und ein m\u00fcheloses Tragen den ganzen Tag und die ganze Nacht \u00fcber erm\u00f6glichen.<\/li>\n\n\n\n<li>Vielseitige Verf\u00fchrung: Von intimen Begegnungen bis hin zu besonderen Anl\u00e4ssen erm\u00f6glicht dieses Bustier-Set Ihren Kunden, ihre Sinnlichkeit zu genie\u00dfen und ihre einzigartige Anziehungskraft mit unwiderstehlichem Charme auszudr\u00fccken.<\/li>\n\n\n\n<li>Kompromisslose Qualit\u00e4t: Als vertrauensw\u00fcrdiger Lieferant sind wir stolz darauf, erstklassige Qualit\u00e4t zu liefern. Das Midnight Temptation Mesh Bustier Set zeugt von au\u00dfergew\u00f6hnlicher Handwerkskunst und Liebe zum Detail und sorgt so f\u00fcr Kundenzufriedenheit.<\/li>\n<\/ol>\n\n\n\n<p>G\u00f6nnen Sie sich den Reiz unseres Midnight Temptation Mesh Bustier-Sets. Mit seiner sinnlichen Eleganz, der Vergr\u00f6\u00dferung der Brust, dem unwiderstehlichen Komfort, der vielseitigen Verf\u00fchrung und der kompromisslosen Qualit\u00e4t verk\u00f6rpert es die Essenz fesselnder Dessous. Ziehen Sie anspruchsvolle Kunden an und steigern Sie Ihr Dessous-Gesch\u00e4ft mit dieser exquisiten Erg\u00e4nzung Ihrer Kollektion.<\/p>\n\n\n\n<figure class=\"wp-block-table is-style-stripes\"><table><tbody><tr><td>YMX-Z2979A<\/td><td><\/td><td><\/td><td><\/td><td><\/td><\/tr><tr><td colspan=\"5\">Standortdiagramm (CM)<\/td><\/tr><tr><td>Gr\u00f6\u00dfe<\/td><td>L\u00e4nge<\/td><td>Obere B\u00fcste<\/td><td>Untere Brust<\/td><td>Taille<\/td><\/tr><tr><td>S<\/td><td>37<\/td><td>68-88<\/td><td>64-88<\/td><td>68-96<\/td><\/tr><tr><td>M<\/td><td>38<\/td><td>72-92<\/td><td>68-92<\/td><td>72-100<\/td><\/tr><tr><td>L<\/td><td>39<\/td><td>76-96<\/td><td>72-96<\/td><td>76-104<\/td><\/tr><tr><td colspan=\"5\">Seitendiagramm (Zoll)<\/td><\/tr><tr><td>Gr\u00f6\u00dfe<\/td><td>Vordere L\u00e4nge<\/td><td>Nacken<\/td><td>Unter Fehlschlag<\/td><td>Taille<\/td><\/tr><tr><td>S<\/td><td>14.57<\/td><td>26.77-34.65<\/td><td>25.20-34.65<\/td><td>26.77-37.80<\/td><\/tr><tr><td>M<\/td><td>14.96<\/td><td>28.35-36.22<\/td><td>26.77-36.22<\/td><td>28.35-39.37<\/td><\/tr><tr><td>L<\/td><td>15.35<\/td><td>29.92-37.80<\/td><td>28.35-37.80<\/td><td>29.92-40.94<\/td><\/tr><\/tbody><\/table><\/figure>","protected":false},"excerpt":{"rendered":"<p>Entfachen Sie Verlangen und fesseln Sie Ihr Publikum mit unserem Midnight Temptation Mesh Bustier Set. Dieses aus verf\u00fchrerischem schwarzem Netzstoff gefertigte Set verf\u00fcgt \u00fcber einen Push-up-Busen, der durch einen verf\u00fchrerischen Stahlring verst\u00e4rkt wird. Entwickelt, um Ihre Kunden zu verf\u00fchren, ist es die perfekte Erg\u00e4nzung Ihrer exquisiten Dessous-Kollektion.<\/p>","protected":false},"featured_media":42004,"template":"","meta":[],"product_brand":[],"product_cat":[387,374,390,367],"product_tag":[861,448,880],"class_list":{"0":"post-41984","1":"product","2":"type-product","3":"status-publish","4":"has-post-thumbnail","6":"product_cat-wholesale-bustier-bra-set","7":"product_cat-wholesale-garter-belt-set","8":"product_cat-wholesale-mesh-bustier","9":"product_cat-sexy-lingerie","10":"product_tag-brunette-lingerie","11":"product_tag-wholesale-elegant-sexy-lingerie","12":"product_tag-sexy-2-piece-lingerie","13":"pa_color-black","14":"pa_color-blue-women-sexy-lingerie","15":"pa_color-orange","16":"pa_color-pink-women-sexy-lingerie","17":"pa_size-wholesale-large-size-women-sexy-lingerie","18":"pa_size-wholesale-medium-size-women-sexy-lingerie","19":"pa_size-wholesale-small-size-sexy-lingerie","21":"first","22":"instock","23":"taxable","24":"shipping-taxable","25":"purchasable","26":"product-type-variable"},"tiered_pricing_type":"fixed","tiered_pricing_fixed_rules":[],"tiered_pricing_product_settings":{"layout":"default","base_unit_name":{"singular":null,"plural":null},"default_variation":null},"tiered_pricing_minimum_quantity":null,"tiered_pricing_roles_data":{"default_wholesaler":{"product_id":41984,"role":"default_wholesaler","pricing_type":"flat","regular_price":null,"sale_price":null,"discount":null,"discount_type":"sale_price","tiered_pricing_type":"fixed","percentage_rules":[],"fixed_rules":{"2":"5.29","30":"4.49","500":"3.99"},"minimum":null},"dropshippinger":{"product_id":41984,"role":"dropshippinger","pricing_type":"flat","regular_price":null,"sale_price":null,"discount":null,"discount_type":"sale_price","tiered_pricing_type":"fixed","percentage_rules":[],"fixed_rules":{"1":"6.29","5":"5.29","30":"4.49"},"minimum":null}},"tiered_pricing_percentage_rules":[],"tiered_pricing_maximum_quantity":null,"tiered_pricing_quantity_step":null,"_links":{"self":[{"href":"https:\/\/gretasexylingerie.com\/de\/wp-json\/wp\/v2\/product\/41984","targetHints":{"allow":["GET"]}}],"collection":[{"href":"https:\/\/gretasexylingerie.com\/de\/wp-json\/wp\/v2\/product"}],"about":[{"href":"https:\/\/gretasexylingerie.com\/de\/wp-json\/wp\/v2\/types\/product"}],"wp:featuredmedia":[{"embeddable":true,"href":"https:\/\/gretasexylingerie.com\/de\/wp-json\/wp\/v2\/media\/42004"}],"wp:attachment":[{"href":"https:\/\/gretasexylingerie.com\/de\/wp-json\/wp\/v2\/media?parent=41984"}],"wp:term":[{"taxonomy":"product_brand","embeddable":true,"href":"https:\/\/gretasexylingerie.com\/de\/wp-json\/wp\/v2\/product_brand?post=41984"},{"taxonomy":"product_cat","embeddable":true,"href":"https:\/\/gretasexylingerie.com\/de\/wp-json\/wp\/v2\/product_cat?post=41984"},{"taxonomy":"product_tag","embeddable":true,"href":"https:\/\/gretasexylingerie.com\/de\/wp-json\/wp\/v2\/product_tag?post=41984"}],"curies":[{"name":"wp","href":"https:\/\/api.w.org\/{rel}","templated":true}]}}