{"id":41891,"date":"2023-06-12T22:56:10","date_gmt":"2023-06-12T14:56:10","guid":{"rendered":"https:\/\/gretasexylingerie.com\/?post_type=product&#038;p=41891"},"modified":"2024-04-03T23:15:46","modified_gmt":"2024-04-03T15:15:46","slug":"bezauberndes-mesh-love-bh-hoschen-set-mit-strumpfhalter","status":"publish","type":"product","link":"https:\/\/gretasexylingerie.com\/de\/products\/enchanting-mesh-love-bra-panty-set-with-garter\/","title":{"rendered":"Bezauberndes Mesh-Love-BH- und H\u00f6schen-Set mit Strumpfband"},"content":{"rendered":"<ol class=\"wp-block-list\">\n<li>Verf\u00fchrerischer Netzgenuss: Das Netzmaterial verf\u00fchrt die Sinne und enth\u00fcllt gerade genug, um zu verf\u00fchren und zu begeistern.<\/li>\n\n\n\n<li>Aufwendige Liebesstickerei: Die zarte Stickerei mit einem von der Liebe inspirierten Muster verleiht einen Hauch von Eleganz und Romantik und unterstreicht den Gesamtreiz des Sets.<\/li>\n\n\n\n<li>Perfekte Passform, unwiderstehliches Selbstvertrauen: Mit drei w\u00e4hlbaren Gr\u00f6\u00dfen (S, M, L) bietet dieses Set eine bequeme und schmeichelnde Passform, sodass Ihre Kunden ihren K\u00f6rper selbstbewusst umarmen k\u00f6nnen.<\/li>\n\n\n\n<li>Fesselnde Farbauswahl: W\u00e4hlen Sie zwischen dem zeitlosen Reiz von Schwarz oder dem verspielten Charme von Pink und bieten Sie Optionen, die zu unterschiedlichen Stimmungen und Vorlieben passen.<\/li>\n\n\n\n<li>Vervollst\u00e4ndigen Sie den sinnlichen Look: Das mitgelieferte Strumpfband verleiht einen Hauch verf\u00fchrerischer Eleganz und erm\u00f6glicht Ihren Kunden, ein verf\u00fchrerisches Ensemble zu kreieren, das Selbstvertrauen und Anziehungskraft ausstrahlt.<\/li>\n<\/ol>\n\n\n\n<p>Erweitern Sie Ihr Dessous-Angebot mit unserem Enchanting Mesh Love BH- und H\u00f6schenset mit Strumpfband. Dieses Set wurde entworfen, um zu fesseln und zu verf\u00fchren. Es besticht durch sexy Mesh, aufwendige, von der Liebe inspirierte Stickereien, eine perfekte Passform f\u00fcr Selbstvertrauen, eine fesselnde Farbauswahl und den zus\u00e4tzlichen Reiz eines Strumpfbandes. Mit diesem unwiderstehlichen Dessous-Set k\u00f6nnen Ihre Kunden den Zauber erleben und ihre W\u00fcnsche erf\u00fcllen.<\/p>\n\n\n\n<figure class=\"wp-block-table is-style-stripes\"><table><tbody><tr><td colspan=\"5\">Standortdiagramm (CM)<\/td><td><\/td><\/tr><tr><td>Gr\u00f6\u00dfe<\/td><td>L\u00e4nge<\/td><td>Obere B\u00fcste<\/td><td>Untere Brust<\/td><td>Taillenband<\/td><td>Taillenlinie<\/td><\/tr><tr><td>S<\/td><td>19<\/td><td>68-88<\/td><td>64<\/td><td>65<\/td><td>66<\/td><\/tr><tr><td>M<\/td><td>20<\/td><td>72-92<\/td><td>68<\/td><td>69<\/td><td>70<\/td><\/tr><tr><td>L<\/td><td>21<\/td><td>76-96<\/td><td>72<\/td><td>73<\/td><td>74<\/td><\/tr><tr><td colspan=\"5\">Seitendiagramm (Zoll)<\/td><td><\/td><\/tr><tr><td>Gr\u00f6\u00dfe<\/td><td>L\u00e4nge<\/td><td>Obere B\u00fcste<\/td><td>Untere Brust<\/td><td>Taillenband<\/td><td>Taillenlinie<\/td><\/tr><tr><td>S<\/td><td>7.48<\/td><td>26.77-34.65<\/td><td>25.2<\/td><td>25.59<\/td><td>25.98<\/td><\/tr><tr><td>M<\/td><td>7.87<\/td><td>28.35-36.22<\/td><td>26.77<\/td><td>27.17<\/td><td>27.56<\/td><\/tr><tr><td>L<\/td><td>8.27<\/td><td>29.92-37.80<\/td><td>28.35<\/td><td>28.74<\/td><td>29.13<\/td><\/tr><\/tbody><\/table><\/figure>","protected":false},"excerpt":{"rendered":"<p>G\u00f6nnen Sie sich den Charme unseres bezaubernden Mesh-Love-BH- und H\u00f6schen-Sets mit Strumpfband. Dieses aus exquisitem Netzmaterial gefertigte Set verf\u00fcgt \u00fcber eine aufwendige Stickerei mit einem von der Liebe inspirierten Muster. Dieses Set soll Leidenschaft entfachen und Ihren Kunden ein bezauberndes Erlebnis bieten.<\/p>\n<p>https:\/\/youtu.be\/4Vl_EAK_UIs<\/p>","protected":false},"featured_media":41910,"template":"","meta":[],"product_brand":[],"product_cat":[368,369,367,375],"product_tag":[507,861,448,454,522,516,518,865],"class_list":{"0":"post-41891","1":"product","2":"type-product","3":"status-publish","4":"has-post-thumbnail","6":"product_cat-bra-panty-set","7":"product_cat-wholesale-lace-bra-and-panty-sets","8":"product_cat-sexy-lingerie","9":"product_cat-whoelsale-sheer-bra-and-panty-sets","10":"product_tag-three-pcs-set","11":"product_tag-brunette-lingerie","12":"product_tag-wholesale-elegant-sexy-lingerie","13":"product_tag-wholesale-sexy-embroidered-lingerie","14":"product_tag-eyelash-lingerie","15":"product_tag-lace-lingerie","16":"product_tag-mesh-lingerie","17":"product_tag-sexy-skimpy-lingerie","18":"pa_color-black","19":"pa_color-pink-women-sexy-lingerie","20":"pa_color-red-women-sexy-lingerie","21":"pa_size-wholesale-large-size-women-sexy-lingerie","22":"pa_size-wholesale-medium-size-women-sexy-lingerie","23":"pa_size-wholesale-small-size-sexy-lingerie","25":"first","26":"instock","27":"taxable","28":"shipping-taxable","29":"purchasable","30":"product-type-variable"},"tiered_pricing_type":"fixed","tiered_pricing_fixed_rules":[],"tiered_pricing_product_settings":{"layout":"table","base_unit_name":{"singular":null,"plural":null},"default_variation":{}},"tiered_pricing_minimum_quantity":null,"tiered_pricing_roles_data":{"default_wholesaler":{"product_id":41891,"role":"default_wholesaler","pricing_type":"flat","regular_price":null,"sale_price":null,"discount":null,"discount_type":"sale_price","tiered_pricing_type":"fixed","percentage_rules":[],"fixed_rules":{"2":"9.39","30":"8.09","500":"7.09"},"minimum":null},"dropshippinger":{"product_id":41891,"role":"dropshippinger","pricing_type":"flat","regular_price":null,"sale_price":null,"discount":null,"discount_type":"sale_price","tiered_pricing_type":"fixed","percentage_rules":[],"fixed_rules":{"1":"11.29","5":"9.39","30":"8.09"},"minimum":null}},"tiered_pricing_percentage_rules":[],"tiered_pricing_maximum_quantity":null,"tiered_pricing_quantity_step":null,"_links":{"self":[{"href":"https:\/\/gretasexylingerie.com\/de\/wp-json\/wp\/v2\/product\/41891","targetHints":{"allow":["GET"]}}],"collection":[{"href":"https:\/\/gretasexylingerie.com\/de\/wp-json\/wp\/v2\/product"}],"about":[{"href":"https:\/\/gretasexylingerie.com\/de\/wp-json\/wp\/v2\/types\/product"}],"wp:featuredmedia":[{"embeddable":true,"href":"https:\/\/gretasexylingerie.com\/de\/wp-json\/wp\/v2\/media\/41910"}],"wp:attachment":[{"href":"https:\/\/gretasexylingerie.com\/de\/wp-json\/wp\/v2\/media?parent=41891"}],"wp:term":[{"taxonomy":"product_brand","embeddable":true,"href":"https:\/\/gretasexylingerie.com\/de\/wp-json\/wp\/v2\/product_brand?post=41891"},{"taxonomy":"product_cat","embeddable":true,"href":"https:\/\/gretasexylingerie.com\/de\/wp-json\/wp\/v2\/product_cat?post=41891"},{"taxonomy":"product_tag","embeddable":true,"href":"https:\/\/gretasexylingerie.com\/de\/wp-json\/wp\/v2\/product_tag?post=41891"}],"curies":[{"name":"wp","href":"https:\/\/api.w.org\/{rel}","templated":true}]}}