{"id":41800,"date":"2023-06-12T22:04:04","date_gmt":"2023-06-12T14:04:04","guid":{"rendered":"https:\/\/gretasexylingerie.com\/?post_type=product&#038;p=41800"},"modified":"2023-10-09T21:06:50","modified_gmt":"2023-10-09T13:06:50","slug":"temptation-bh-hoschen-set-aus-netzstoff-mit-strumpfband","status":"publish","type":"product","link":"https:\/\/gretasexylingerie.com\/de\/products\/temptation-mesh-bra-panty-set-with-garter\/","title":{"rendered":"Set aus Netz-BH und H\u00f6schen \u201eTemptation\u201c mit Strumpfband"},"content":{"rendered":"<ol class=\"wp-block-list\">\n<li>Sinnlich und provokativ: Das transparente Netzgewebe bringt Verf\u00fchrung und Raffinesse perfekt in Einklang und spricht Kunden an, die fesselnde Dessous suchen.<\/li>\n\n\n\n<li>Atemberaubende Farboptionen: W\u00e4hlen Sie aus einer Reihe faszinierender Farben, darunter klassisches Schwarz, elegantes Wei\u00df, leidenschaftliches Rot, verlockendes Blau und lebendiges Limettengr\u00fcn, damit Ihre Kunden den gew\u00fcnschten Stil finden.<\/li>\n\n\n\n<li>Perfekte Passform f\u00fcr alle: Dieses Set ist in den Gr\u00f6\u00dfen S, M und L erh\u00e4ltlich und eignet sich f\u00fcr eine Vielzahl von K\u00f6rpertypen und sorgt f\u00fcr eine bequeme und schmeichelhafte Passform f\u00fcr Ihre Kunden.<\/li>\n\n\n\n<li>Erlesene Details: Die aufwendigen Spitzendetails verleihen dem Set einen Hauch von Eleganz und Weiblichkeit und verst\u00e4rken den Gesamteindruck und die optische Attraktivit\u00e4t.<\/li>\n\n\n\n<li>Vervollst\u00e4ndigen Sie den Look: Das mitgelieferte Strumpfband f\u00fcgt ein verspieltes und verf\u00fchrerisches Element hinzu und erm\u00f6glicht Ihren Kunden, ein komplettes und verlockendes Dessous-Ensemble zu kreieren.<\/li>\n<\/ol>\n\n\n\n<p>Ermutigen Sie Ihre Kunden mit unserem Temptation Mesh-BH- und H\u00f6schenset mit Strumpfband. Dieses sorgf\u00e4ltig gefertigte und fesselnde Set bietet sinnliche Transparenz, attraktive Farboptionen, eine perfekte Passform, exquisite Details und die M\u00f6glichkeit, den Look mit dem mitgelieferten Strumpfband zu vervollst\u00e4ndigen. Mit diesem unwiderstehlichen und verf\u00fchrerischen Set k\u00f6nnen Sie Ihr Dessous-Angebot aufwerten und Ihre B-End-Kunden verf\u00fchren.<\/p>\n\n\n\n<figure class=\"wp-block-table is-style-stripes\"><table><tbody><tr><td colspan=\"5\">Standortdiagramm (CM)<\/td><td><\/td><\/tr><tr><td>Gr\u00f6\u00dfe<\/td><td>L\u00e4nge<\/td><td>Obere B\u00fcste<\/td><td>Untere Brust<\/td><td>Taillenband<\/td><td>Taillenlinie<\/td><\/tr><tr><td>S<\/td><td>14<\/td><td>68-88<\/td><td>66-88<\/td><td>62.5-92<\/td><td>65-96<\/td><\/tr><tr><td>M<\/td><td>15<\/td><td>72-92<\/td><td>70-92<\/td><td>66.5-96<\/td><td>69-100<\/td><\/tr><tr><td>L<\/td><td>16<\/td><td>76-96<\/td><td>74-96<\/td><td>70.5-100<\/td><td>73-104<\/td><\/tr><tr><td colspan=\"5\">Seitendiagramm (Zoll)<\/td><td><\/td><\/tr><tr><td>Gr\u00f6\u00dfe<\/td><td>L\u00e4nge<\/td><td>Obere B\u00fcste<\/td><td>Untere Brust<\/td><td>Taillenband<\/td><td>Taillenlinie<\/td><\/tr><tr><td>S<\/td><td>5.51<\/td><td>26.77-34.65<\/td><td>25.98-34.65<\/td><td>24.61-36.22<\/td><td>25.59-37.80<\/td><\/tr><tr><td>M<\/td><td>5.91<\/td><td>28.35-36.22<\/td><td>27.56-36.22<\/td><td>26.18-37.80<\/td><td>27.17-39.37<\/td><\/tr><tr><td>L<\/td><td>6.3<\/td><td>29.92-37.80<\/td><td>29.13-37.80<\/td><td>27.76-39.37<\/td><td>28.74-40.94<\/td><\/tr><\/tbody><\/table><\/figure>","protected":false},"excerpt":{"rendered":"<p>Erweitern Sie Ihre Dessous-Kollektion mit unserem Temptation Mesh-BH- und H\u00f6schen-Set mit Strumpfband. Dieses Set soll verf\u00fchren und st\u00e4rken und besteht aus verf\u00fchrerischem, transparentem Netzstoff in verschiedenen faszinierenden Farben. Die verstellbaren Tr\u00e4ger, die aufwendigen Spitzendetails und das mitgelieferte Strumpfband sorgen f\u00fcr einen unwiderstehlichen Hauch von Verf\u00fchrung.<\/p>","protected":false},"featured_media":41821,"template":"","meta":[],"product_brand":[],"product_cat":[368,367,375],"product_tag":[507,452,448,518,451,446,863],"class_list":{"0":"post-41800","1":"product","2":"type-product","3":"status-publish","4":"has-post-thumbnail","6":"product_cat-bra-panty-set","7":"product_cat-sexy-lingerie","8":"product_cat-whoelsale-sheer-bra-and-panty-sets","9":"product_tag-three-pcs-set","10":"product_tag-wholesale-boudoir-lingerie","11":"product_tag-wholesale-elegant-sexy-lingerie","12":"product_tag-mesh-lingerie","13":"product_tag-wholesale-revealing-lingerie","14":"product_tag-wholesale-sexy-see-through-lingerie","15":"product_tag-sexy-thong-lingerie","16":"pa_color-black","17":"pa_color-blue-women-sexy-lingerie","18":"pa_color-green-yellow-women-sexy-lingerie","19":"pa_color-red-women-sexy-lingerie","20":"pa_color-white","21":"pa_size-wholesale-large-size-women-sexy-lingerie","22":"pa_size-wholesale-medium-size-women-sexy-lingerie","23":"pa_size-wholesale-small-size-sexy-lingerie","25":"first","26":"instock","27":"taxable","28":"shipping-taxable","29":"purchasable","30":"product-type-variable"},"tiered_pricing_type":"fixed","tiered_pricing_fixed_rules":[],"tiered_pricing_product_settings":{"layout":"default","base_unit_name":{"singular":null,"plural":null},"default_variation":{}},"tiered_pricing_minimum_quantity":null,"tiered_pricing_roles_data":{"default_wholesaler":{"product_id":41800,"role":"default_wholesaler","pricing_type":"flat","regular_price":null,"sale_price":null,"discount":null,"discount_type":"sale_price","tiered_pricing_type":"fixed","percentage_rules":[],"fixed_rules":{"2":"10.19","30":"8.79","500":"7.69"},"minimum":null},"dropshippinger":{"product_id":41800,"role":"dropshippinger","pricing_type":"flat","regular_price":null,"sale_price":null,"discount":null,"discount_type":"sale_price","tiered_pricing_type":"fixed","percentage_rules":[],"fixed_rules":{"1":"12.19","5":"10.19","30":"8.79"},"minimum":null}},"tiered_pricing_percentage_rules":[],"tiered_pricing_maximum_quantity":null,"tiered_pricing_quantity_step":null,"_links":{"self":[{"href":"https:\/\/gretasexylingerie.com\/de\/wp-json\/wp\/v2\/product\/41800","targetHints":{"allow":["GET"]}}],"collection":[{"href":"https:\/\/gretasexylingerie.com\/de\/wp-json\/wp\/v2\/product"}],"about":[{"href":"https:\/\/gretasexylingerie.com\/de\/wp-json\/wp\/v2\/types\/product"}],"wp:featuredmedia":[{"embeddable":true,"href":"https:\/\/gretasexylingerie.com\/de\/wp-json\/wp\/v2\/media\/41821"}],"wp:attachment":[{"href":"https:\/\/gretasexylingerie.com\/de\/wp-json\/wp\/v2\/media?parent=41800"}],"wp:term":[{"taxonomy":"product_brand","embeddable":true,"href":"https:\/\/gretasexylingerie.com\/de\/wp-json\/wp\/v2\/product_brand?post=41800"},{"taxonomy":"product_cat","embeddable":true,"href":"https:\/\/gretasexylingerie.com\/de\/wp-json\/wp\/v2\/product_cat?post=41800"},{"taxonomy":"product_tag","embeddable":true,"href":"https:\/\/gretasexylingerie.com\/de\/wp-json\/wp\/v2\/product_tag?post=41800"}],"curies":[{"name":"wp","href":"https:\/\/api.w.org\/{rel}","templated":true}]}}