{"id":39799,"date":"2023-04-22T22:58:48","date_gmt":"2023-04-22T14:58:48","guid":{"rendered":"https:\/\/gretasexylingerie.com\/?post_type=product&#038;p=39799"},"modified":"2023-10-22T23:15:54","modified_gmt":"2023-10-22T15:15:54","slug":"perspektivisches-korsett-einteiler-set","status":"publish","type":"product","link":"https:\/\/gretasexylingerie.com\/de\/products\/perspective-corset-one-piece-set\/","title":{"rendered":"Perspektivisches Korsett-Einteiler-Set"},"content":{"rendered":"<p>1. Gewagtes und provokantes Design: Das Perspective Corset One-Piece Set verf\u00fcgt \u00fcber ein gewagtes und provokatives Design, das durchsichtiges Mesh und sexy Tr\u00e4ger mit einem figurschmeichelnden Korsett kombiniert. Dieses einzigartige und mutige Design wird mit Sicherheit die Blicke auf sich ziehen und ein Statement abgeben.<\/p>\n\n\n\n<p>2. Figurschmeichelndes Korsett: Das Korsett bietet die perfekte Unterst\u00fctzung und Formgebung, verleiht Ihnen eine schmeichelhafte Silhouette und betont Ihre Kurven an den richtigen Stellen.<\/p>\n\n\n\n<p>3. Bequeme und unterst\u00fctzende Passform: Hergestellt aus hochwertigen Materialien und mit Blick auf Ihren Komfort entworfen, bietet dieses Set eine bequeme und unterst\u00fctzende Passform.<\/p>\n\n\n\n<p>4. Vielseitig: Das Perspective Corset One-Piece Set ist vielseitig genug, um f\u00fcr jeden Anlass getragen zu werden, egal ob Sie sich f\u00fcr einen besonderen Anlass verkleiden oder sich einfach nur sexy und selbstbewusst in Ihrem Alltag f\u00fchlen m\u00f6chten. Das einzigartige und gewagte Design macht es perfekt f\u00fcr Frauen, die ein Statement setzen und sich von der Masse abheben m\u00f6chten.<\/p>\n\n\n\n<figure class=\"wp-block-table is-style-stripes\"><table><tbody><tr><td colspan=\"3\">Standortdiagramm (CM)<\/td><td><\/td><td><\/td><\/tr><tr><td>Gr\u00f6\u00dfe<\/td><td>L\u00e4nge<\/td><td>Unter Fehlschlag<\/td><td>G\u00fcrtell\u00e4nge<\/td><td>Taille<\/td><\/tr><tr><td>S<\/td><td>54<\/td><td>66-88<\/td><td>62<\/td><td>62-86<\/td><\/tr><tr><td>M<\/td><td>56<\/td><td>70-92<\/td><td>62<\/td><td>66-90<\/td><\/tr><tr><td>L<\/td><td>58<\/td><td>74-96<\/td><td>62<\/td><td>70-94<\/td><\/tr><tr><td colspan=\"3\">Seitendiagramm (Zoll)<\/td><td><\/td><td><\/td><\/tr><tr><td>Gr\u00f6\u00dfe<\/td><td>L\u00e4nge<\/td><td>Unter Fehlschlag<\/td><td>G\u00fcrtell\u00e4nge<\/td><td>Taille<\/td><\/tr><tr><td>S<\/td><td>21.25&nbsp;<\/td><td>25.98-34.64<\/td><td>24.40&nbsp;<\/td><td>24.40-33.85<\/td><\/tr><tr><td>M<\/td><td>22.04&nbsp;<\/td><td>27.55-36.22<\/td><td>24.40&nbsp;<\/td><td>25.98-35.43<\/td><\/tr><tr><td>L<\/td><td>22.83&nbsp;<\/td><td>29.13-37.79<\/td><td>24.40&nbsp;<\/td><td>27.55-37<\/td><\/tr><tr><td colspan=\"5\">Notiz:<br>1.Es kann 1-2 cm Abweichung in verschiedenen Gr\u00f6\u00dfen, Positionen und Dehnungen der Stoffe geben. Die Gr\u00f6\u00dfentabelle dient nur als Referenz, es kann einen kleinen Unterschied zu dem geben, was Sie erhalten.<br>2. Es gibt 3 Arten von Elastizit\u00e4t: Hohe Elastizit\u00e4t (zweiseitig gedehnt), mittlere Elastizit\u00e4t (einseitig gedehnt) und nicht elastisch (kann nicht gedehnt werden).<br>3. Die Farbe kann aufgrund der unterschiedlichen PC-Anzeige heller oder dunkler sein.<br>4. Von Hand in 30-Grad-Wasser waschen, zum Trocknen im Schatten aufh\u00e4ngen, Bleichen verbieten.<br>5. M\u00f6glicherweise gibt es einen kleinen Unterschied in Bezug auf Details und Muster.<\/td><\/tr><\/tbody><\/table><\/figure>\n\n\n\n<p><\/p>","protected":false},"excerpt":{"rendered":"<p>Dieses freche und provokative Bodysuit-Set kombiniert durchsichtiges Mesh und sexy Tr\u00e4ger mit einem eng anliegenden Oberteil f\u00fcr perfekten Halt und Form, mit Mesh- und Spitzendetails f\u00fcr zus\u00e4tzliches Flair. Mit diesem Set werden Sie sich wie eine K\u00f6nigin f\u00fchlen.<\/p>\n<p>https:\/\/youtu.be\/bJwrt8iMsAQ<\/p>","protected":false},"featured_media":39807,"template":"","meta":[],"product_brand":[],"product_cat":[370,367,373],"product_tag":[861,448,522,446,864],"class_list":{"0":"post-39799","1":"product","2":"type-product","3":"status-publish","4":"has-post-thumbnail","6":"product_cat-bodysuit","7":"product_cat-sexy-lingerie","8":"product_cat-wholesale-sexy-mesh-bodysuit","9":"product_tag-brunette-lingerie","10":"product_tag-wholesale-elegant-sexy-lingerie","11":"product_tag-eyelash-lingerie","12":"product_tag-wholesale-sexy-see-through-lingerie","13":"product_tag-sexy-petite-lingerie","14":"pa_color-black","15":"pa_cup-full-cup","16":"pa_size-wholesale-large-size-women-sexy-lingerie","17":"pa_size-wholesale-medium-size-women-sexy-lingerie","18":"pa_size-wholesale-small-size-sexy-lingerie","20":"first","21":"instock","22":"taxable","23":"shipping-taxable","24":"purchasable","25":"product-type-variable"},"tiered_pricing_type":"fixed","tiered_pricing_fixed_rules":[],"tiered_pricing_product_settings":{"layout":"default","base_unit_name":{"singular":null,"plural":null},"default_variation":{}},"tiered_pricing_minimum_quantity":null,"tiered_pricing_roles_data":{"default_wholesaler":{"product_id":39799,"role":"default_wholesaler","pricing_type":"flat","regular_price":null,"sale_price":null,"discount":null,"discount_type":"sale_price","tiered_pricing_type":"fixed","percentage_rules":[],"fixed_rules":{"2":"8.09","30":"6.99","500":"6.09"},"minimum":null},"dropshippinger":{"product_id":39799,"role":"dropshippinger","pricing_type":"flat","regular_price":null,"sale_price":null,"discount":null,"discount_type":"sale_price","tiered_pricing_type":"fixed","percentage_rules":[],"fixed_rules":{"1":"9.69","5":"8.09","30":"6.99"},"minimum":null}},"tiered_pricing_percentage_rules":[],"tiered_pricing_maximum_quantity":null,"tiered_pricing_quantity_step":null,"_links":{"self":[{"href":"https:\/\/gretasexylingerie.com\/de\/wp-json\/wp\/v2\/product\/39799","targetHints":{"allow":["GET"]}}],"collection":[{"href":"https:\/\/gretasexylingerie.com\/de\/wp-json\/wp\/v2\/product"}],"about":[{"href":"https:\/\/gretasexylingerie.com\/de\/wp-json\/wp\/v2\/types\/product"}],"wp:featuredmedia":[{"embeddable":true,"href":"https:\/\/gretasexylingerie.com\/de\/wp-json\/wp\/v2\/media\/39807"}],"wp:attachment":[{"href":"https:\/\/gretasexylingerie.com\/de\/wp-json\/wp\/v2\/media?parent=39799"}],"wp:term":[{"taxonomy":"product_brand","embeddable":true,"href":"https:\/\/gretasexylingerie.com\/de\/wp-json\/wp\/v2\/product_brand?post=39799"},{"taxonomy":"product_cat","embeddable":true,"href":"https:\/\/gretasexylingerie.com\/de\/wp-json\/wp\/v2\/product_cat?post=39799"},{"taxonomy":"product_tag","embeddable":true,"href":"https:\/\/gretasexylingerie.com\/de\/wp-json\/wp\/v2\/product_tag?post=39799"}],"curies":[{"name":"wp","href":"https:\/\/api.w.org\/{rel}","templated":true}]}}