{"id":39752,"date":"2023-04-22T22:24:57","date_gmt":"2023-04-22T14:24:57","guid":{"rendered":"https:\/\/gretasexylingerie.com\/?post_type=product&#038;p=39752"},"modified":"2024-04-04T16:06:13","modified_gmt":"2024-04-04T08:06:13","slug":"verstellbarer-transparenter-tanga-body","status":"publish","type":"product","link":"https:\/\/gretasexylingerie.com\/de\/products\/adjustable-transparent-thongs-bodysuit\/","title":{"rendered":"Gro\u00dfhandel mit verstellbaren transparenten Tangas-Bodysuits"},"content":{"rendered":"<p>1.Elegantes und verf\u00fchrerisches Design: Das Allure Lace Mesh One-Piece Belt Set ist aus zarter Spitze und transparentem Mesh gefertigt und schafft ein verf\u00fchrerisches und elegantes Design, das perfekt f\u00fcr jeden besonderen Anlass ist.<\/p>\n\n\n\n<p>2. Bequeme und unterst\u00fctzende Passform: Das einteilige Design verf\u00fcgt \u00fcber ein unterst\u00fctzendes und bequemes Spitzenmieder, das Ihren Kurven schmeichelt und eine bequeme Passform bietet, die Sie die ganze Nacht lang tragen k\u00f6nnen.<\/p>\n\n\n\n<p>3. Vielseitig und funktional: Das Set enth\u00e4lt einen passenden Strumpfg\u00fcrtel, der sowohl funktional als auch stilvoll ist und es Ihnen erm\u00f6glicht, ihn mit Ihren Lieblingsstr\u00fcmpfen f\u00fcr einen vollst\u00e4ndigen und sexy Look zu tragen.<\/p>\n\n\n\n<p>4. Hochwertige Materialien: Hergestellt aus hochwertigen Materialien, die f\u00fcr eine lange Lebensdauer ausgelegt sind, ist dieses Set perfekt f\u00fcr Frauen, die in Dessous investieren m\u00f6chten, die gut aussehen und sich gut anf\u00fchlen. Mit der richtigen Pflege wird dieses Set auch in den kommenden Jahren sch\u00f6n aussehen und sich gut anf\u00fchlen.<\/p>\n\n\n\n<figure class=\"wp-block-table is-style-stripes\"><table><tbody><tr><td colspan=\"4\">Standortdiagramm (CM)<\/td><td><\/td><td><\/td><\/tr><tr><td>Gr\u00f6\u00dfe<\/td><td>L\u00e4nge<\/td><td>B\u00fcste<\/td><td>Taille<\/td><td>H\u00fcfte<\/td><td>Taille<\/td><\/tr><tr><td>S<\/td><td>52<\/td><td>70-94<\/td><td>62-94<\/td><td>62-94<\/td><td>63-86<\/td><\/tr><tr><td>M<\/td><td>53.5<\/td><td>74-98<\/td><td>66-98<\/td><td>66-98<\/td><td>67-90<\/td><\/tr><tr><td>L<\/td><td>55<\/td><td>78-102<\/td><td>70-102<\/td><td>70-102<\/td><td>71-94<\/td><\/tr><tr><td colspan=\"4\">Seitendiagramm (Zoll)<\/td><td><\/td><td><\/td><\/tr><tr><td>Gr\u00f6\u00dfe<\/td><td>L\u00e4nge<\/td><td>B\u00fcste<\/td><td>Taille<\/td><td>H\u00fcfte<\/td><td>Taille<\/td><\/tr><tr><td>S<\/td><td>20.47&nbsp;<\/td><td>27.55-37<\/td><td>24.40-37<\/td><td>24.40-37<\/td><td>24.80-33.85<\/td><\/tr><tr><td>M<\/td><td>21.06&nbsp;<\/td><td>29.13-38.58<\/td><td>25.98-38.58<\/td><td>25.98-38.58<\/td><td>26.37-35.43<\/td><\/tr><tr><td>L<\/td><td>21.65&nbsp;<\/td><td>30.70-40.15<\/td><td>27.55-40.15<\/td><td>27.55-40.15<\/td><td>27.95-37<\/td><\/tr><tr><td colspan=\"6\">Notiz:<br>1.Es kann 1-2 cm Abweichung in verschiedenen Gr\u00f6\u00dfen, Positionen und Dehnungen der Stoffe geben. Die Gr\u00f6\u00dfentabelle dient nur als Referenz, es kann einen kleinen Unterschied zu dem geben, was Sie erhalten.<br>2. Es gibt 3 Arten von Elastizit\u00e4t: Hohe Elastizit\u00e4t (zweiseitig gedehnt), mittlere Elastizit\u00e4t (einseitig gedehnt) und nicht elastisch (kann nicht gedehnt werden).<br>3. Die Farbe kann aufgrund der unterschiedlichen PC-Anzeige heller oder dunkler sein.<br>4. Von Hand in 30-Grad-Wasser waschen, zum Trocknen im Schatten aufh\u00e4ngen, Bleichen verbieten.<br>5. M\u00f6glicherweise gibt es einen kleinen Unterschied in Bezug auf Details und Muster.<\/td><\/tr><\/tbody><\/table><\/figure>\n\n\n\n<p><\/p>","protected":false},"excerpt":{"rendered":"<p>Mit diesem Set aus zarter Spitze und transparentem Mesh f\u00fchlen Sie sich selbstbewusst und sexy. Das einteilige Design verf\u00fcgt \u00fcber ein wundersch\u00f6nes Spitzenmieder und einen schmeichelhaften Schnitt, um Ihre Kurven zu betonen. Langlebig und perfekt f\u00fcr besondere Anl\u00e4sse.<\/p>\n<p>https:\/\/youtu.be\/RqHdd7B2MWg<\/p>","protected":false},"featured_media":39763,"template":"","meta":[],"product_brand":[],"product_cat":[370,367,373],"product_tag":[507,861,528,518,446,453,864,863,447],"class_list":{"0":"post-39752","1":"product","2":"type-product","3":"status-publish","4":"has-post-thumbnail","6":"product_cat-bodysuit","7":"product_cat-sexy-lingerie","8":"product_cat-wholesale-sexy-mesh-bodysuit","9":"product_tag-three-pcs-set","10":"product_tag-brunette-lingerie","11":"product_tag-halter-lingerie","12":"product_tag-mesh-lingerie","13":"product_tag-wholesale-sexy-see-through-lingerie","14":"product_tag-wholesale-sexy-naughty-lingerie","15":"product_tag-sexy-petite-lingerie","16":"product_tag-sexy-thong-lingerie","17":"product_tag-wholesale-strappy-sexy-lingerie","18":"pa_color-black","19":"pa_color-blue-women-sexy-lingerie","20":"pa_color-red-women-sexy-lingerie","21":"pa_cup-wholesale-half-cup-women-sexy-lingerie","22":"pa_size-wholesale-large-size-women-sexy-lingerie","23":"pa_size-wholesale-medium-size-women-sexy-lingerie","24":"pa_size-wholesale-small-size-sexy-lingerie","26":"first","27":"instock","28":"taxable","29":"shipping-taxable","30":"purchasable","31":"product-type-variable"},"tiered_pricing_type":"fixed","tiered_pricing_fixed_rules":[],"tiered_pricing_product_settings":{"layout":"table","base_unit_name":{"singular":null,"plural":null},"default_variation":{}},"tiered_pricing_minimum_quantity":null,"tiered_pricing_roles_data":{"default_wholesaler":{"product_id":39752,"role":"default_wholesaler","pricing_type":"flat","regular_price":null,"sale_price":null,"discount":null,"discount_type":"sale_price","tiered_pricing_type":"fixed","percentage_rules":[],"fixed_rules":{"2":"10.49","30":"8.99","500":"7.89"},"minimum":null},"dropshippinger":{"product_id":39752,"role":"dropshippinger","pricing_type":"flat","regular_price":null,"sale_price":null,"discount":null,"discount_type":"sale_price","tiered_pricing_type":"fixed","percentage_rules":[],"fixed_rules":{"1":"12.49","5":"10.49","30":"7.89"},"minimum":null}},"tiered_pricing_percentage_rules":[],"tiered_pricing_maximum_quantity":null,"tiered_pricing_quantity_step":null,"_links":{"self":[{"href":"https:\/\/gretasexylingerie.com\/de\/wp-json\/wp\/v2\/product\/39752","targetHints":{"allow":["GET"]}}],"collection":[{"href":"https:\/\/gretasexylingerie.com\/de\/wp-json\/wp\/v2\/product"}],"about":[{"href":"https:\/\/gretasexylingerie.com\/de\/wp-json\/wp\/v2\/types\/product"}],"wp:featuredmedia":[{"embeddable":true,"href":"https:\/\/gretasexylingerie.com\/de\/wp-json\/wp\/v2\/media\/39763"}],"wp:attachment":[{"href":"https:\/\/gretasexylingerie.com\/de\/wp-json\/wp\/v2\/media?parent=39752"}],"wp:term":[{"taxonomy":"product_brand","embeddable":true,"href":"https:\/\/gretasexylingerie.com\/de\/wp-json\/wp\/v2\/product_brand?post=39752"},{"taxonomy":"product_cat","embeddable":true,"href":"https:\/\/gretasexylingerie.com\/de\/wp-json\/wp\/v2\/product_cat?post=39752"},{"taxonomy":"product_tag","embeddable":true,"href":"https:\/\/gretasexylingerie.com\/de\/wp-json\/wp\/v2\/product_tag?post=39752"}],"curies":[{"name":"wp","href":"https:\/\/api.w.org\/{rel}","templated":true}]}}