{"id":39713,"date":"2023-04-20T21:58:41","date_gmt":"2023-04-20T13:58:41","guid":{"rendered":"https:\/\/gretasexylingerie.com\/?post_type=product&#038;p=39713"},"modified":"2023-10-22T22:38:09","modified_gmt":"2023-10-22T14:38:09","slug":"dreiteiliges-strumpfhalterset-mit-riemenperspektive","status":"publish","type":"product","link":"https:\/\/gretasexylingerie.com\/de\/products\/strap-perspective-three-piece-garter-belt-set\/","title":{"rendered":"Strap Perspective Dreiteiliges Strumpfband-Set"},"content":{"rendered":"<p>1. Mutiges und gewagtes Design: Das dreiteilige Strumpfband-Set von Strap Perspective verf\u00fcgt \u00fcber ein gewagtes und gewagtes Design, das perfekt f\u00fcr diejenigen ist, die ein Statement abgeben m\u00f6chten.<\/p>\n\n\n\n<p>2. Vielseitig: Das Set enth\u00e4lt einen BH, ein H\u00f6schen und einen Strumpfg\u00fcrtel, wodurch es sich perfekt f\u00fcr besondere Anl\u00e4sse oder f\u00fcr den Alltag eignet.<\/p>\n\n\n\n<p>3. Bequeme Passform: Der BH und das H\u00f6schen sind f\u00fcr eine bequeme und schmeichelhafte Passform konzipiert, mit verstellbaren Tr\u00e4gern und einem hoch taillierten H\u00f6schen, das Ihre Kurven an den richtigen Stellen umarmt.<\/p>\n\n\n\n<p>4. Hochwertige Materialien: Das Set besteht aus hochwertigen Materialien, die weich und atmungsaktiv sind und maximalen Komfort und Haltbarkeit gew\u00e4hrleisten.<\/p>\n\n\n\n<figure class=\"wp-block-table is-style-stripes\"><table><tbody><tr><td colspan=\"8\">Standortdiagramm (CM)<\/td><\/tr><tr><td>Gr\u00f6\u00dfe<\/td><td>Cup-H\u00f6he<\/td><td>Schulter<\/td><td>Unter Fehlschlag<\/td><td>Taille<\/td><td>Fu\u00dfumfang<\/td><td>H\u00f6schen Taille<\/td><td>H\u00f6schenl\u00e4nge<\/td><\/tr><tr><td>S<\/td><td>13<\/td><td>30<\/td><td>60-86<\/td><td>64-98<\/td><td>45<\/td><td>60-98<\/td><td>20<\/td><\/tr><tr><td>M<\/td><td>14<\/td><td>30<\/td><td>64-90<\/td><td>68-102<\/td><td>47<\/td><td>64-102<\/td><td>21<\/td><\/tr><tr><td>L<\/td><td>15<\/td><td>30<\/td><td>68-94<\/td><td>72-106<\/td><td>49<\/td><td>68-106<\/td><td>22<\/td><\/tr><tr><td colspan=\"8\">Seitendiagramm (Zoll)<\/td><\/tr><tr><td>Gr\u00f6\u00dfe<\/td><td>Cup-H\u00f6he<\/td><td>Schulter<\/td><td>Unter Fehlschlag<\/td><td>Taille<\/td><td>Fu\u00dfumfang<\/td><td>H\u00f6schen Taille<\/td><td>H\u00f6schenl\u00e4nge<\/td><\/tr><tr><td>S<\/td><td>5.11&nbsp;<\/td><td>11.81<\/td><td>23.62-33.85<\/td><td>25.19-38.58<\/td><td>17.71&nbsp;<\/td><td>23.62-38.58<\/td><td>7.87&nbsp;<\/td><\/tr><tr><td>M<\/td><td>5.51&nbsp;<\/td><td>11.81<\/td><td>25.19-35.43<\/td><td>26.77-40.15<\/td><td>18.50&nbsp;<\/td><td>25.19-40.15<\/td><td>8.26<\/td><\/tr><tr><td>L<\/td><td>5.90&nbsp;<\/td><td>11.81<\/td><td>26.77-37<\/td><td>28.34-41.73<\/td><td>19.29&nbsp;<\/td><td>26.77-41.73<\/td><td>8.66&nbsp;<\/td><\/tr><tr><td colspan=\"8\">Notiz:<br>1.Es kann 1-2 cm Abweichung in verschiedenen Gr\u00f6\u00dfen, Positionen und Dehnungen der Stoffe geben. Die Gr\u00f6\u00dfentabelle dient nur als Referenz, es kann einen kleinen Unterschied zu dem geben, was Sie erhalten.<br>2. Es gibt 3 Arten von Elastizit\u00e4t: Hohe Elastizit\u00e4t (zweiseitig gedehnt), mittlere Elastizit\u00e4t (einseitig gedehnt) und nicht elastisch (kann nicht gedehnt werden).<br>3. Die Farbe kann aufgrund der unterschiedlichen PC-Anzeige heller oder dunkler sein.<br>4. Von Hand in 30-Grad-Wasser waschen, zum Trocknen im Schatten aufh\u00e4ngen, Bleichen verbieten.<br>5. M\u00f6glicherweise gibt es einen kleinen Unterschied in Bezug auf Details und Muster.<\/td><\/tr><\/tbody><\/table><\/figure>","protected":false},"excerpt":{"rendered":"<p>Wir stellen das 3-teilige Strumpfhalter-Set Strap Perspective vor, das perfekte Dessous-Set f\u00fcr Mutige und Wagemutige. F\u00fchlen Sie sich in diesem sexy Ensemble mit einzigartigen Riemendetails und transparentem Stoff selbstbewusst und gest\u00e4rkt.<\/p>\n<p>https:\/\/youtu.be\/Z2lm_pzlGPA<\/p>","protected":false},"featured_media":39719,"template":"","meta":[],"product_brand":[],"product_cat":[368,374,375],"product_tag":[868,861,448,518,453,864,865],"class_list":{"0":"post-39713","1":"product","2":"type-product","3":"status-publish","4":"has-post-thumbnail","6":"product_cat-bra-panty-set","7":"product_cat-wholesale-garter-belt-set","8":"product_cat-whoelsale-sheer-bra-and-panty-sets","9":"product_tag-4-piece-lingerie-set","10":"product_tag-brunette-lingerie","11":"product_tag-wholesale-elegant-sexy-lingerie","12":"product_tag-mesh-lingerie","13":"product_tag-wholesale-sexy-naughty-lingerie","14":"product_tag-sexy-petite-lingerie","15":"product_tag-sexy-skimpy-lingerie","16":"pa_color-bisque-women-sexy-lingerie","17":"pa_cup-wholesale-half-cup-women-sexy-lingerie","18":"pa_size-wholesale-large-size-women-sexy-lingerie","19":"pa_size-wholesale-medium-size-women-sexy-lingerie","20":"pa_size-wholesale-small-size-sexy-lingerie","22":"first","23":"instock","24":"taxable","25":"shipping-taxable","26":"purchasable","27":"product-type-variable"},"tiered_pricing_type":"fixed","tiered_pricing_fixed_rules":[],"tiered_pricing_product_settings":{"layout":"default","base_unit_name":{"singular":null,"plural":null},"default_variation":{}},"tiered_pricing_minimum_quantity":null,"tiered_pricing_roles_data":{"default_wholesaler":{"product_id":39713,"role":"default_wholesaler","pricing_type":"flat","regular_price":null,"sale_price":null,"discount":null,"discount_type":"sale_price","tiered_pricing_type":"fixed","percentage_rules":[],"fixed_rules":{"2":"10.49","30":"8.99","500":"7.89"},"minimum":null},"dropshippinger":{"product_id":39713,"role":"dropshippinger","pricing_type":"flat","regular_price":null,"sale_price":null,"discount":null,"discount_type":"sale_price","tiered_pricing_type":"fixed","percentage_rules":[],"fixed_rules":{"1":"12.59","5":"10.49","30":"7.89"},"minimum":null}},"tiered_pricing_percentage_rules":[],"tiered_pricing_maximum_quantity":null,"tiered_pricing_quantity_step":null,"_links":{"self":[{"href":"https:\/\/gretasexylingerie.com\/de\/wp-json\/wp\/v2\/product\/39713","targetHints":{"allow":["GET"]}}],"collection":[{"href":"https:\/\/gretasexylingerie.com\/de\/wp-json\/wp\/v2\/product"}],"about":[{"href":"https:\/\/gretasexylingerie.com\/de\/wp-json\/wp\/v2\/types\/product"}],"wp:featuredmedia":[{"embeddable":true,"href":"https:\/\/gretasexylingerie.com\/de\/wp-json\/wp\/v2\/media\/39719"}],"wp:attachment":[{"href":"https:\/\/gretasexylingerie.com\/de\/wp-json\/wp\/v2\/media?parent=39713"}],"wp:term":[{"taxonomy":"product_brand","embeddable":true,"href":"https:\/\/gretasexylingerie.com\/de\/wp-json\/wp\/v2\/product_brand?post=39713"},{"taxonomy":"product_cat","embeddable":true,"href":"https:\/\/gretasexylingerie.com\/de\/wp-json\/wp\/v2\/product_cat?post=39713"},{"taxonomy":"product_tag","embeddable":true,"href":"https:\/\/gretasexylingerie.com\/de\/wp-json\/wp\/v2\/product_tag?post=39713"}],"curies":[{"name":"wp","href":"https:\/\/api.w.org\/{rel}","templated":true}]}}