{"id":39694,"date":"2023-04-20T21:33:26","date_gmt":"2023-04-20T13:33:26","guid":{"rendered":"https:\/\/gretasexylingerie.com\/?post_type=product&#038;p=39694"},"modified":"2024-04-04T16:02:54","modified_gmt":"2024-04-04T08:02:54","slug":"mesh-perspektive-trager-bodysuit","status":"publish","type":"product","link":"https:\/\/gretasexylingerie.com\/de\/products\/mesh-perspective-strapy-bodysuit\/","title":{"rendered":"Mesh-Perspektive Riemchen-Bodysuit"},"content":{"rendered":"<p>1. Einzigartiges Design: Das Mesh Perspective One-Piece Bra &amp; Panty Set verf\u00fcgt \u00fcber ein einzigartiges Mesh-Design, das einen Blick auf Ihre Haut gew\u00e4hrt und Ihrem Look einen Hauch von Sinnlichkeit verleiht.<\/p>\n\n\n\n<p>2. Bequeme Passform: Dieses aus hochwertigem, weichem und atmungsaktivem Mesh-Material gefertigte Set ist nicht nur angenehm zu tragen, sondern schmiegt sich auch an den richtigen Stellen an Ihre Kurven. Die verstellbaren Tr\u00e4ger sorgen f\u00fcr eine perfekte Passform f\u00fcr alle K\u00f6rpertypen.<\/p>\n\n\n\n<p>3. Vielseitig: Dieses einteilige Set ist vielseitig und kann f\u00fcr einen k\u00fchnen und gewagten Look alleine getragen oder f\u00fcr einen raffinierteren und eleganteren Look mit Ihrer Lieblingsrobe kombiniert werden. Es ist perfekt f\u00fcr einen besonderen Anlass oder als Belohnung f\u00fcr sich selbst.<\/p>\n\n\n\n<p>4.Vertrauensverst\u00e4rker: Das Mesh Perspective One-Piece Bra &amp; Panty Set wurde entwickelt, damit Sie sich in Ihrer eigenen Haut selbstbewusst und sexy f\u00fchlen. Es ist die perfekte Erg\u00e4nzung zu Ihrer Dessous-Kollektion und wird Ihr Liebesleben definitiv aufpeppen.<\/p>\n\n\n\n<figure class=\"wp-block-table is-style-stripes\"><table><tbody><tr><td colspan=\"4\">Standortdiagramm (CM)<\/td><td><\/td><\/tr><tr><td>Gr\u00f6\u00dfe<\/td><td>L\u00e4nge<\/td><td>Unter Fehlschlag<\/td><td>Taille<\/td><td>H\u00fcfte<\/td><\/tr><tr><td>S<\/td><td>56<\/td><td>64-86<\/td><td>67-86<\/td><td>68<\/td><\/tr><tr><td>M<\/td><td>58<\/td><td>68-90<\/td><td>71-90<\/td><td>72<\/td><\/tr><tr><td>L<\/td><td>60<\/td><td>72-94<\/td><td>75-94<\/td><td>76<\/td><\/tr><tr><td colspan=\"4\">Seitendiagramm (Zoll)<\/td><td><\/td><\/tr><tr><td>Gr\u00f6\u00dfe<\/td><td>L\u00e4nge<\/td><td>Unter Fehlschlag<\/td><td>Taille<\/td><td>H\u00fcfte<\/td><\/tr><tr><td>S<\/td><td>22.04&nbsp;<\/td><td>25.19-33.85<\/td><td>26.37-33.85<\/td><td>26.77<\/td><\/tr><tr><td>M<\/td><td>22.83&nbsp;<\/td><td>26.77-35.43<\/td><td>27.95-35.43<\/td><td>28.34<\/td><\/tr><tr><td>L<\/td><td>23.62&nbsp;<\/td><td>28.34-37<\/td><td>29.52-37<\/td><td>29.92&nbsp;<\/td><\/tr><tr><td colspan=\"5\">Notiz:<br>1.Es kann 1-2 cm Abweichung in verschiedenen Gr\u00f6\u00dfen, Positionen und Dehnungen der Stoffe geben. Die Gr\u00f6\u00dfentabelle dient nur als Referenz, es kann einen kleinen Unterschied zu dem geben, was Sie erhalten.<br>2. Es gibt 3 Arten von Elastizit\u00e4t: Hohe Elastizit\u00e4t (zweiseitig gedehnt), mittlere Elastizit\u00e4t (einseitig gedehnt) und nicht elastisch (kann nicht gedehnt werden).<br>3. Die Farbe kann aufgrund der unterschiedlichen PC-Anzeige heller oder dunkler sein.<br>4. Von Hand in 30-Grad-Wasser waschen, zum Trocknen im Schatten aufh\u00e4ngen, Bleichen verbieten.<br>5. M\u00f6glicherweise gibt es einen kleinen Unterschied in Bezug auf Details und Muster.<\/td><\/tr><\/tbody><\/table><\/figure>\n\n\n\n<p><\/p>","protected":false},"excerpt":{"rendered":"<p>Aus hochwertigen Materialien gefertigt, ist dieses Set nicht nur bequem, sondern auch langlebig. Atmungsaktives Mesh schmiegt sich an Ihre Kurven und verstellbare Tr\u00e4ger sorgen f\u00fcr eine perfekte Passform f\u00fcr alle K\u00f6rperformen. BHs und Slips sind mit einer einzigartigen Perspektive f\u00fcr einen raffinierteren und eleganteren Look entworfen. <iframe title=\"Mesh-Perspektive Riemchen-Bodysuit\" src=\"https:\/\/www.youtube.com\/embed\/Gjm7iAA1W3I\" width=\"840\" height=\"473\" frameborder=\"0\" allowfullscreen=\"allowfullscreen\"><\/iframe><\/p>","protected":false},"featured_media":39702,"template":"","meta":[],"product_brand":[],"product_cat":[370,367,373],"product_tag":[861,448,867,866,447],"class_list":{"0":"post-39694","1":"product","2":"type-product","3":"status-publish","4":"has-post-thumbnail","6":"product_cat-bodysuit","7":"product_cat-sexy-lingerie","8":"product_cat-wholesale-sexy-mesh-bodysuit","9":"product_tag-brunette-lingerie","10":"product_tag-wholesale-elegant-sexy-lingerie","11":"product_tag-sexy-push-up-lingerie","12":"product_tag-sexy-romper-lingerie","13":"product_tag-wholesale-strappy-sexy-lingerie","14":"pa_color-black","15":"pa_color-red-women-sexy-lingerie","16":"pa_cup-wholesale-half-cup-women-sexy-lingerie","17":"pa_size-wholesale-large-size-women-sexy-lingerie","18":"pa_size-wholesale-medium-size-women-sexy-lingerie","19":"pa_size-wholesale-small-size-sexy-lingerie","21":"first","22":"instock","23":"taxable","24":"shipping-taxable","25":"purchasable","26":"product-type-variable","27":"has-default-attributes"},"tiered_pricing_type":"fixed","tiered_pricing_fixed_rules":[],"tiered_pricing_product_settings":{"layout":"table","base_unit_name":{"singular":null,"plural":null},"default_variation":{}},"tiered_pricing_minimum_quantity":null,"tiered_pricing_roles_data":{"default_wholesaler":{"product_id":39694,"role":"default_wholesaler","pricing_type":"flat","regular_price":null,"sale_price":null,"discount":null,"discount_type":"sale_price","tiered_pricing_type":"fixed","percentage_rules":[],"fixed_rules":{"2":"9.19","30":"7.89","500":"6.89"},"minimum":null},"dropshippinger":{"product_id":39694,"role":"dropshippinger","pricing_type":"flat","regular_price":null,"sale_price":null,"discount":null,"discount_type":"sale_price","tiered_pricing_type":"fixed","percentage_rules":[],"fixed_rules":{"1":"10.99","5":"9.19","30":"6.89"},"minimum":null}},"tiered_pricing_percentage_rules":[],"tiered_pricing_maximum_quantity":null,"tiered_pricing_quantity_step":null,"_links":{"self":[{"href":"https:\/\/gretasexylingerie.com\/de\/wp-json\/wp\/v2\/product\/39694","targetHints":{"allow":["GET"]}}],"collection":[{"href":"https:\/\/gretasexylingerie.com\/de\/wp-json\/wp\/v2\/product"}],"about":[{"href":"https:\/\/gretasexylingerie.com\/de\/wp-json\/wp\/v2\/types\/product"}],"wp:featuredmedia":[{"embeddable":true,"href":"https:\/\/gretasexylingerie.com\/de\/wp-json\/wp\/v2\/media\/39702"}],"wp:attachment":[{"href":"https:\/\/gretasexylingerie.com\/de\/wp-json\/wp\/v2\/media?parent=39694"}],"wp:term":[{"taxonomy":"product_brand","embeddable":true,"href":"https:\/\/gretasexylingerie.com\/de\/wp-json\/wp\/v2\/product_brand?post=39694"},{"taxonomy":"product_cat","embeddable":true,"href":"https:\/\/gretasexylingerie.com\/de\/wp-json\/wp\/v2\/product_cat?post=39694"},{"taxonomy":"product_tag","embeddable":true,"href":"https:\/\/gretasexylingerie.com\/de\/wp-json\/wp\/v2\/product_tag?post=39694"}],"curies":[{"name":"wp","href":"https:\/\/api.w.org\/{rel}","templated":true}]}}