{"id":39678,"date":"2023-04-20T21:15:27","date_gmt":"2023-04-20T13:15:27","guid":{"rendered":"https:\/\/gretasexylingerie.com\/?post_type=product&#038;p=39678"},"modified":"2023-11-14T20:50:50","modified_gmt":"2023-11-14T12:50:50","slug":"sexy-body-mit-leopardenmuster-und-perspektive","status":"publish","type":"product","link":"https:\/\/gretasexylingerie.com\/de\/products\/leopard-print-perspective-sexy-bodysuit\/","title":{"rendered":"Sexy Body mit Leopardenmuster"},"content":{"rendered":"<p>1. Auff\u00e4llig und auff\u00e4llig: Das sexy Einteiler-Set \u201eLeopard Print Perspective\u201c verf\u00fcgt \u00fcber ein auff\u00e4lliges und auff\u00e4lliges Design, das mit Sicherheit alle Blicke auf sich zieht. Es ist perfekt f\u00fcr alle, die ein Statement setzen und sich von der Masse abheben m\u00f6chten.<\/p>\n\n\n\n<p>2.Hochwertige Materialien: Dieses einteilige Set besteht aus hochwertigen, weichen und bequemen Materialien und bietet eine bequeme und schmeichelhafte Passform, die sich an den richtigen Stellen an Ihre Kurven anpasst.<\/p>\n\n\n\n<p>3.Vielseitig: Das Sexy-Einteiler-Set \u201eLeopard Print Perspective\u201c ist vielseitig und kann einzeln f\u00fcr einen gewagten und sexy Look getragen oder mit Ihrer Lieblingsjacke oder Ihrem Lieblingskleid f\u00fcr einen konservativeren Look kombiniert werden. Es ist perfekt f\u00fcr einen Abend, einen besonderen Anlass oder als Teil Ihrer Dessous-Kollektion.<\/p>\n\n\n\n<p>4. Selbstvertrauensverst\u00e4rker: Das Sexy-Einteiler-Set \u201eLeopard Print Perspective\u201c soll Ihnen ein selbstbewusstes und sexy Gef\u00fchl in Ihrer Haut geben.<\/p>\n\n\n\n<figure class=\"wp-block-table is-style-stripes\"><table><tbody><tr><td colspan=\"5\">Standortdiagramm (CM)<\/td><td><\/td><td><\/td><\/tr><tr><td>Gr\u00f6\u00dfe<\/td><td>Cup-H\u00f6he<\/td><td>L\u00e4nge<\/td><td>Schulter<\/td><td>Unter Fehlschlag<\/td><td>Taille<\/td><td>Fu\u00dfumfang<\/td><\/tr><tr><td>S<\/td><td>13.5<\/td><td>55<\/td><td>35<\/td><td>61-84<\/td><td>64-98<\/td><td>62<\/td><\/tr><tr><td>M<\/td><td>14.5<\/td><td>57<\/td><td>35<\/td><td>65-88<\/td><td>88-102<\/td><td>64.8<\/td><\/tr><tr><td>L<\/td><td>15.5<\/td><td>59<\/td><td>35<\/td><td>69-92<\/td><td>92-106<\/td><td>67.6<\/td><\/tr><tr><td colspan=\"5\">Seitendiagramm (Zoll)<\/td><td><\/td><td><\/td><\/tr><tr><td>Gr\u00f6\u00dfe<\/td><td>Cup-H\u00f6he<\/td><td>L\u00e4nge<\/td><td>Schulter<\/td><td>Unter Fehlschlag<\/td><td>Taille<\/td><td>Fu\u00dfumfang<\/td><\/tr><tr><td>S<\/td><td>5.31&nbsp;<\/td><td>21.65<\/td><td>13.77<\/td><td>24.01-33.07<\/td><td>25.19-38.58<\/td><td>24.40&nbsp;<\/td><\/tr><tr><td>M<\/td><td>5.70&nbsp;<\/td><td>22.44<\/td><td>13.77<\/td><td>25.59-34.64<\/td><td>34.64-40.15<\/td><td>25.51<\/td><\/tr><tr><td>L<\/td><td>6.10&nbsp;<\/td><td>23.22<\/td><td>13.77<\/td><td>27.16-36.22<\/td><td>36.22-41.73<\/td><td>26.61&nbsp;<\/td><\/tr><tr><td colspan=\"7\">Notiz:<br>1.Es kann 1-2 cm Abweichung in verschiedenen Gr\u00f6\u00dfen, Positionen und Dehnungen der Stoffe geben. Die Gr\u00f6\u00dfentabelle dient nur als Referenz, es kann einen kleinen Unterschied zu dem geben, was Sie erhalten.<br>2. Es gibt 3 Arten von Elastizit\u00e4t: Hohe Elastizit\u00e4t (zweiseitig gedehnt), mittlere Elastizit\u00e4t (einseitig gedehnt) und nicht elastisch (kann nicht gedehnt werden).<br>3. Die Farbe kann aufgrund der unterschiedlichen PC-Anzeige heller oder dunkler sein.<br>4. Von Hand in 30-Grad-Wasser waschen, zum Trocknen im Schatten aufh\u00e4ngen, Bleichen verbieten.<br>5. M\u00f6glicherweise gibt es einen kleinen Unterschied in Bezug auf Details und Muster.<\/td><\/tr><\/tbody><\/table><\/figure>\n\n\n\n<p><\/p>","protected":false},"excerpt":{"rendered":"<p>Dieser Body mit auff\u00e4lligem Leopardenmuster wird mit Sicherheit alle Blicke auf sich ziehen und Ihnen das Gef\u00fchl geben, die wilde, verf\u00fchrerische Frau zu sein, die Sie sind. Hergestellt aus hochwertigem, weichem und bequemem Material, schmiegt es sich an den richtigen Stellen an Ihre Kurven und sorgt f\u00fcr eine schmeichelhafte und bequeme Passform.<br \/>\n<iframe width=\"840\" height=\"473\" src=\"https:\/\/www.youtube.com\/embed\/Jbuhs0xbNdg\" title=\"Leopard Perspective Sexy Bodysuit-Greta: Gro\u00dfhandels-Dessous-Lieferant, Droshipping-Dessous-Lieferant\" frameborder=\"0\" allow=\"accelerometer; autoplay; clipboard-write; encrypted-media; gyroscope; picture-in-picture; web-share\" allowfullscreen><\/iframe><\/p>","protected":false},"featured_media":39683,"template":"","meta":[],"product_brand":[],"product_cat":[370,367,373],"product_tag":[448,446,869,453,866,865],"class_list":{"0":"post-39678","1":"product","2":"type-product","3":"status-publish","4":"has-post-thumbnail","6":"product_cat-bodysuit","7":"product_cat-sexy-lingerie","8":"product_cat-wholesale-sexy-mesh-bodysuit","9":"product_tag-wholesale-elegant-sexy-lingerie","10":"product_tag-wholesale-sexy-see-through-lingerie","11":"product_tag-sexy-animal-print-lingerie","12":"product_tag-wholesale-sexy-naughty-lingerie","13":"product_tag-sexy-romper-lingerie","14":"product_tag-sexy-skimpy-lingerie","15":"pa_color-leopard","16":"pa_cup-full-cup","17":"pa_size-wholesale-large-size-women-sexy-lingerie","18":"pa_size-wholesale-medium-size-women-sexy-lingerie","19":"pa_size-wholesale-small-size-sexy-lingerie","21":"first","22":"instock","23":"taxable","24":"shipping-taxable","25":"purchasable","26":"product-type-variable"},"tiered_pricing_type":"fixed","tiered_pricing_fixed_rules":[],"tiered_pricing_product_settings":{"layout":"default","base_unit_name":{"singular":null,"plural":null},"default_variation":{}},"tiered_pricing_minimum_quantity":null,"tiered_pricing_roles_data":{"default_wholesaler":{"product_id":39678,"role":"default_wholesaler","pricing_type":"flat","regular_price":null,"sale_price":null,"discount":null,"discount_type":"sale_price","tiered_pricing_type":"fixed","percentage_rules":[],"fixed_rules":{"2":"6.79","28":"5.89","500":"5.09"},"minimum":null},"dropshippinger":{"product_id":39678,"role":"dropshippinger","pricing_type":"flat","regular_price":null,"sale_price":null,"discount":null,"discount_type":"sale_price","tiered_pricing_type":"fixed","percentage_rules":[],"fixed_rules":{"1":"8.19","5":"6.79","30":"5.09"},"minimum":null}},"tiered_pricing_percentage_rules":[],"tiered_pricing_maximum_quantity":null,"tiered_pricing_quantity_step":null,"_links":{"self":[{"href":"https:\/\/gretasexylingerie.com\/de\/wp-json\/wp\/v2\/product\/39678","targetHints":{"allow":["GET"]}}],"collection":[{"href":"https:\/\/gretasexylingerie.com\/de\/wp-json\/wp\/v2\/product"}],"about":[{"href":"https:\/\/gretasexylingerie.com\/de\/wp-json\/wp\/v2\/types\/product"}],"wp:featuredmedia":[{"embeddable":true,"href":"https:\/\/gretasexylingerie.com\/de\/wp-json\/wp\/v2\/media\/39683"}],"wp:attachment":[{"href":"https:\/\/gretasexylingerie.com\/de\/wp-json\/wp\/v2\/media?parent=39678"}],"wp:term":[{"taxonomy":"product_brand","embeddable":true,"href":"https:\/\/gretasexylingerie.com\/de\/wp-json\/wp\/v2\/product_brand?post=39678"},{"taxonomy":"product_cat","embeddable":true,"href":"https:\/\/gretasexylingerie.com\/de\/wp-json\/wp\/v2\/product_cat?post=39678"},{"taxonomy":"product_tag","embeddable":true,"href":"https:\/\/gretasexylingerie.com\/de\/wp-json\/wp\/v2\/product_tag?post=39678"}],"curies":[{"name":"wp","href":"https:\/\/api.w.org\/{rel}","templated":true}]}}