{"id":39659,"date":"2023-04-20T20:54:06","date_gmt":"2023-04-20T12:54:06","guid":{"rendered":"https:\/\/gretasexylingerie.com\/?post_type=product&#038;p=39659"},"modified":"2024-04-04T15:57:58","modified_gmt":"2024-04-04T07:57:58","slug":"perspektive-einteiliger-transparenter-body","status":"publish","type":"product","link":"https:\/\/gretasexylingerie.com\/de\/products\/perspective-one-piece-sheer-bodysuit\/","title":{"rendered":"Gro\u00dfhandel Perspective Einteiliger durchsichtiger Body"},"content":{"rendered":"<p>1. Verf\u00fchrerisches Design: Das Perspective One-Piece Sheer Bra and Panty Set verf\u00fcgt \u00fcber ein atemberaubendes und kompliziertes transparentes Design, das sowohl sinnlich als auch raffiniert ist und Ihnen das Gef\u00fchl gibt, selbstbewusst und gewagt zu sein.<\/p>\n\n\n\n<p>2. Bequem zu tragen: Dieses Dessous-Set aus hochwertigen Materialien ist weich, dehnbar und den ganzen Tag angenehm zu tragen, sodass Sie sich frei bewegen k\u00f6nnen, ohne sich eingeengt zu f\u00fchlen.<\/p>\n\n\n\n<p>3. Vielseitig: Dieses einteilige Set kann als Teil Ihrer Dessous-Kollektion oder als gewagtes und mutiges Outfit f\u00fcr einen besonderen Anlass getragen werden, was es zu einer vielseitigen Erg\u00e4nzung Ihrer Garderobe macht.<\/p>\n\n\n\n<p>4. Langlebig: Mit seiner hochwertigen Konstruktion und Materialien ist dieses Set auf Langlebigkeit ausgelegt und stellt sicher, dass Sie sich lange an seinem luxuri\u00f6sen Gef\u00fchl und seinem atemberaubenden Design erfreuen k\u00f6nnen.<\/p>\n\n\n\n<figure class=\"wp-block-table is-style-stripes\"><table><tbody><tr><td colspan=\"4\">Standortdiagramm (CM)<\/td><td><\/td><\/tr><tr><td>Gr\u00f6\u00dfe<\/td><td>L\u00e4nge<\/td><td>Unter Fehlschlag<\/td><td>Taille<\/td><td>H\u00fcfte<\/td><\/tr><tr><td>S<\/td><td>58.5<\/td><td>66-86<\/td><td>64-94<\/td><td>70<\/td><\/tr><tr><td>M<\/td><td>60.5<\/td><td>70-90<\/td><td>68-98<\/td><td>74<\/td><\/tr><tr><td>L<\/td><td>62.5<\/td><td>74-94<\/td><td>72-102<\/td><td>78<\/td><\/tr><tr><td colspan=\"4\">Seitendiagramm (Zoll)<\/td><td><\/td><\/tr><tr><td>Gr\u00f6\u00dfe<\/td><td>L\u00e4nge<\/td><td>Unter Fehlschlag<\/td><td>Taille<\/td><td>H\u00fcfte<\/td><\/tr><tr><td>S<\/td><td>23.03&nbsp;<\/td><td>25.98-33.85<\/td><td>25.19-37<\/td><td>27.55<\/td><\/tr><tr><td>M<\/td><td>23.81&nbsp;<\/td><td>27.55-35.43<\/td><td>26.77-38.58<\/td><td>29.13<\/td><\/tr><tr><td>L<\/td><td>24.60&nbsp;<\/td><td>29.13-37<\/td><td>28.34-40.15<\/td><td>30.70&nbsp;<\/td><\/tr><tr><td colspan=\"5\">Notiz:<br>1.Es kann 1-2 cm Abweichung in verschiedenen Gr\u00f6\u00dfen, Positionen und Dehnungen der Stoffe geben. Die Gr\u00f6\u00dfentabelle dient nur als Referenz, es kann einen kleinen Unterschied zu dem geben, was Sie erhalten.<br>2. Es gibt 3 Arten von Elastizit\u00e4t: Hohe Elastizit\u00e4t (zweiseitig gedehnt), mittlere Elastizit\u00e4t (einseitig gedehnt) und nicht elastisch (kann nicht gedehnt werden).<br>3. Die Farbe kann aufgrund der unterschiedlichen PC-Anzeige heller oder dunkler sein.<br>4. Von Hand in 30-Grad-Wasser waschen, zum Trocknen im Schatten aufh\u00e4ngen, Bleichen verbieten.<br>5. M\u00f6glicherweise gibt es einen kleinen Unterschied in Bezug auf Details und Muster.<\/td><\/tr><\/tbody><\/table><\/figure>\n\n\n\n<p><\/p>","protected":false},"excerpt":{"rendered":"<p>Dieser Bodysuit ist schmeichelhaft und raffiniert in einem atemberaubenden transparenten Design, das Ihre Kurven an den richtigen Stellen betont. Dieses aus hochwertigen Materialien gefertigte Set ist nicht nur angenehm zu tragen, sondern auch strapazierf\u00e4hig genug, um h\u00e4ufigem Gebrauch und Waschen standzuhalten.<\/p>","protected":false},"featured_media":39676,"template":"","meta":[],"product_brand":[],"product_cat":[370,367,373],"product_tag":[452,861,448,504],"class_list":{"0":"post-39659","1":"product","2":"type-product","3":"status-publish","4":"has-post-thumbnail","6":"product_cat-bodysuit","7":"product_cat-sexy-lingerie","8":"product_cat-wholesale-sexy-mesh-bodysuit","9":"product_tag-wholesale-boudoir-lingerie","10":"product_tag-brunette-lingerie","11":"product_tag-wholesale-elegant-sexy-lingerie","12":"product_tag-ultra-sexy","13":"pa_color-black","14":"pa_color-red-women-sexy-lingerie","15":"pa_cup-full-cup","16":"pa_size-wholesale-large-size-women-sexy-lingerie","17":"pa_size-wholesale-medium-size-women-sexy-lingerie","18":"pa_size-wholesale-small-size-sexy-lingerie","20":"first","21":"instock","22":"taxable","23":"shipping-taxable","24":"purchasable","25":"product-type-variable"},"tiered_pricing_type":"fixed","tiered_pricing_fixed_rules":[],"tiered_pricing_product_settings":{"layout":"table","base_unit_name":{"singular":null,"plural":null},"default_variation":{}},"tiered_pricing_minimum_quantity":null,"tiered_pricing_roles_data":{"default_wholesaler":{"product_id":39659,"role":"default_wholesaler","pricing_type":"flat","regular_price":null,"sale_price":null,"discount":null,"discount_type":"sale_price","tiered_pricing_type":"fixed","percentage_rules":[],"fixed_rules":{"2":"8.39","30":"7.19","500":"6.29"},"minimum":null},"dropshippinger":{"product_id":39659,"role":"dropshippinger","pricing_type":"flat","regular_price":null,"sale_price":null,"discount":null,"discount_type":"sale_price","tiered_pricing_type":"fixed","percentage_rules":[],"fixed_rules":{"1":"9.99","5":"8.39","30":"6.29"},"minimum":null}},"tiered_pricing_percentage_rules":[],"tiered_pricing_maximum_quantity":null,"tiered_pricing_quantity_step":null,"_links":{"self":[{"href":"https:\/\/gretasexylingerie.com\/de\/wp-json\/wp\/v2\/product\/39659","targetHints":{"allow":["GET"]}}],"collection":[{"href":"https:\/\/gretasexylingerie.com\/de\/wp-json\/wp\/v2\/product"}],"about":[{"href":"https:\/\/gretasexylingerie.com\/de\/wp-json\/wp\/v2\/types\/product"}],"wp:featuredmedia":[{"embeddable":true,"href":"https:\/\/gretasexylingerie.com\/de\/wp-json\/wp\/v2\/media\/39676"}],"wp:attachment":[{"href":"https:\/\/gretasexylingerie.com\/de\/wp-json\/wp\/v2\/media?parent=39659"}],"wp:term":[{"taxonomy":"product_brand","embeddable":true,"href":"https:\/\/gretasexylingerie.com\/de\/wp-json\/wp\/v2\/product_brand?post=39659"},{"taxonomy":"product_cat","embeddable":true,"href":"https:\/\/gretasexylingerie.com\/de\/wp-json\/wp\/v2\/product_cat?post=39659"},{"taxonomy":"product_tag","embeddable":true,"href":"https:\/\/gretasexylingerie.com\/de\/wp-json\/wp\/v2\/product_tag?post=39659"}],"curies":[{"name":"wp","href":"https:\/\/api.w.org\/{rel}","templated":true}]}}