{"id":39643,"date":"2023-04-19T22:56:54","date_gmt":"2023-04-19T14:56:54","guid":{"rendered":"https:\/\/gretasexylingerie.com\/?post_type=product&#038;p=39643"},"modified":"2023-12-09T19:48:38","modified_gmt":"2023-12-09T11:48:38","slug":"leder-motorrad-bh-hoschen-set","status":"publish","type":"product","link":"https:\/\/gretasexylingerie.com\/de\/products\/leather-motorcycle-bra-panty-set\/","title":{"rendered":"Motorrad-BH- und H\u00f6schenset aus Leder im Gro\u00dfhandel"},"content":{"rendered":"<p>1. Ausgefallenes und mutiges Design: Das Leder-Motorrad-BH- und Panty-Set verf\u00fcgt \u00fcber ein gewagtes und mutiges Design, das perfekt f\u00fcr diejenigen ist, die mit ihrer Unterw\u00e4sche ein Zeichen setzen m\u00f6chten.<\/p>\n\n\n\n<p>2. Hochwertige Materialien: Dieses aus echtem Leder gefertigte Set ist langlebig, weich und angenehm zu tragen und bietet ein luxuri\u00f6ses Gef\u00fchl, mit dem Sie sich selbstbewusst und kraftvoll f\u00fchlen.<\/p>\n\n\n\n<p>3. Vielseitig: Dieses Set kann als Teil Ihrer Dessous-Kollektion oder als ausgefallenes und einzigartiges Outfit f\u00fcr einen besonderen Anlass getragen werden, was es zu einer vielseitigen Erg\u00e4nzung Ihrer Garderobe macht.<\/p>\n\n\n\n<p>4. Schmeichelhafte Passform: Der BH und das H\u00f6schen schmeicheln Ihren Kurven, verbessern Ihre Figur und geben Ihnen ein selbstbewusstes und sexy Gef\u00fchl. Die verstellbaren Tr\u00e4ger sorgen f\u00fcr eine perfekte Passform, sodass Sie sie an Ihren K\u00f6rpertyp anpassen k\u00f6nnen.<\/p>\n\n\n\n<figure class=\"wp-block-table is-style-stripes\"><table><tbody><tr><td colspan=\"4\">Standortdiagramm (CM)<\/td><td><\/td><td><\/td><\/tr><tr><td>Gr\u00f6\u00dfe<\/td><td>Cup-H\u00f6he<\/td><td>Nacken<\/td><td>Unter Fehlschlag<\/td><td>H\u00f6schen Taille<\/td><td>H\u00f6schenl\u00e4nge<\/td><\/tr><tr><td>S<\/td><td>13<\/td><td>36<\/td><td>70-86<\/td><td>72-96<\/td><td>22.5<\/td><\/tr><tr><td>M<\/td><td>14<\/td><td>37.5<\/td><td>74-90<\/td><td>76-100<\/td><td>23.5<\/td><\/tr><tr><td>L<\/td><td>15<\/td><td>39<\/td><td>78-94<\/td><td>80-104<\/td><td>24.5<\/td><\/tr><tr><td colspan=\"4\">Seitendiagramm (Zoll)<\/td><td><\/td><td><\/td><\/tr><tr><td>Gr\u00f6\u00dfe<\/td><td>Cup-H\u00f6he<\/td><td>Nacken<\/td><td>Unter Fehlschlag<\/td><td>H\u00f6schen Taille<\/td><td>H\u00f6schenl\u00e4nge<\/td><\/tr><tr><td>S<\/td><td>5.11&nbsp;<\/td><td>14.17<\/td><td>27.55-33.85<\/td><td>28.34-37.79<\/td><td>8.85<\/td><\/tr><tr><td>M<\/td><td>5.51&nbsp;<\/td><td>14.76<\/td><td>29.13-35.43<\/td><td>29.92-39.37<\/td><td>9.25<\/td><\/tr><tr><td>L<\/td><td>5.90&nbsp;<\/td><td>15.35<\/td><td>30.70-37<\/td><td>31.49-40.94<\/td><td>9.64&nbsp;<\/td><\/tr><tr><td colspan=\"6\">Notiz:<br>1.Es kann 1-2 cm Abweichung in verschiedenen Gr\u00f6\u00dfen, Positionen und Dehnungen der Stoffe geben. Die Gr\u00f6\u00dfentabelle dient nur als Referenz, es kann einen kleinen Unterschied zu dem geben, was Sie erhalten.<br>2. Es gibt 3 Arten von Elastizit\u00e4t: Hohe Elastizit\u00e4t (zweiseitig gedehnt), mittlere Elastizit\u00e4t (einseitig gedehnt) und nicht elastisch (kann nicht gedehnt werden).<br>3. Die Farbe kann aufgrund der unterschiedlichen PC-Anzeige heller oder dunkler sein.<br>4. Von Hand in 30-Grad-Wasser waschen, zum Trocknen im Schatten aufh\u00e4ngen, Bleichen verbieten.<br>5. M\u00f6glicherweise gibt es einen kleinen Unterschied in Bezug auf Details und Muster.<\/td><\/tr><\/tbody><\/table><\/figure>","protected":false},"excerpt":{"rendered":"<p>Wir stellen das Leder-Motorrad-BH- und Panty-Set vor, die ultimative Mischung aus edgy und sexy! Dieses Ledermaterial strahlt Selbstvertrauen und Haltung aus, diese Unterw\u00e4sche ist anders als alle anderen in der Kollektion, dieses Set besteht aus hochwertigem Echtleder f\u00fcr Langlebigkeit und Komfort.<\/p>","protected":false},"featured_media":39654,"template":"","meta":[],"product_brand":[],"product_cat":[368,367,376],"product_tag":[507,861,973,453,864,504],"class_list":{"0":"post-39643","1":"product","2":"type-product","3":"status-publish","4":"has-post-thumbnail","6":"product_cat-bra-panty-set","7":"product_cat-sexy-lingerie","8":"product_cat-wholesale-ultra-sexy-bra-panty-set","9":"product_tag-three-pcs-set","10":"product_tag-brunette-lingerie","11":"product_tag-oem","12":"product_tag-wholesale-sexy-naughty-lingerie","13":"product_tag-sexy-petite-lingerie","14":"product_tag-ultra-sexy","15":"pa_color-black","16":"pa_cup-wholesale-half-cup-women-sexy-lingerie","17":"pa_size-wholesale-large-size-women-sexy-lingerie","18":"pa_size-wholesale-medium-size-women-sexy-lingerie","19":"pa_size-wholesale-small-size-sexy-lingerie","21":"first","22":"outofstock","23":"taxable","24":"shipping-taxable","25":"purchasable","26":"product-type-variable"},"tiered_pricing_type":"fixed","tiered_pricing_fixed_rules":[],"tiered_pricing_product_settings":{"layout":"default","base_unit_name":{"singular":null,"plural":null},"default_variation":null},"tiered_pricing_minimum_quantity":null,"tiered_pricing_roles_data":{"default_wholesaler":{"product_id":39643,"role":"default_wholesaler","pricing_type":"flat","regular_price":null,"sale_price":null,"discount":null,"discount_type":"sale_price","tiered_pricing_type":"fixed","percentage_rules":[],"fixed_rules":{"2":"7.89","30":"6.79","500":"5.89"},"minimum":null},"dropshippinger":{"product_id":39643,"role":"dropshippinger","pricing_type":"flat","regular_price":null,"sale_price":null,"discount":null,"discount_type":"sale_price","tiered_pricing_type":"fixed","percentage_rules":[],"fixed_rules":{"1":"9.39","5":"7.89","30":"5.89"},"minimum":null}},"tiered_pricing_percentage_rules":[],"tiered_pricing_maximum_quantity":null,"tiered_pricing_quantity_step":null,"_links":{"self":[{"href":"https:\/\/gretasexylingerie.com\/de\/wp-json\/wp\/v2\/product\/39643","targetHints":{"allow":["GET"]}}],"collection":[{"href":"https:\/\/gretasexylingerie.com\/de\/wp-json\/wp\/v2\/product"}],"about":[{"href":"https:\/\/gretasexylingerie.com\/de\/wp-json\/wp\/v2\/types\/product"}],"wp:featuredmedia":[{"embeddable":true,"href":"https:\/\/gretasexylingerie.com\/de\/wp-json\/wp\/v2\/media\/39654"}],"wp:attachment":[{"href":"https:\/\/gretasexylingerie.com\/de\/wp-json\/wp\/v2\/media?parent=39643"}],"wp:term":[{"taxonomy":"product_brand","embeddable":true,"href":"https:\/\/gretasexylingerie.com\/de\/wp-json\/wp\/v2\/product_brand?post=39643"},{"taxonomy":"product_cat","embeddable":true,"href":"https:\/\/gretasexylingerie.com\/de\/wp-json\/wp\/v2\/product_cat?post=39643"},{"taxonomy":"product_tag","embeddable":true,"href":"https:\/\/gretasexylingerie.com\/de\/wp-json\/wp\/v2\/product_tag?post=39643"}],"curies":[{"name":"wp","href":"https:\/\/api.w.org\/{rel}","templated":true}]}}