{"id":39572,"date":"2023-04-19T21:41:31","date_gmt":"2023-04-19T13:41:31","guid":{"rendered":"https:\/\/gretasexylingerie.com\/?post_type=product&#038;p=39572"},"modified":"2023-09-05T20:51:23","modified_gmt":"2023-09-05T12:51:23","slug":"ultra-sexy-strumpfhalter-bh-hoschen-set","status":"publish","type":"product","link":"https:\/\/gretasexylingerie.com\/de\/products\/ultra-sexy-garter-belt-bra-panty-set\/","title":{"rendered":"Ultra sexy Strumpfband-BH-H\u00f6schen-Set"},"content":{"rendered":"<p>1. Mutiges und gewagtes Design: Das ultra sexy Strumpfband-BH-H\u00f6schen-Set verf\u00fcgt \u00fcber ein einzigartiges und gewagtes Design, das perfekt f\u00fcr die Frau ist, die auffallen m\u00f6chte. Die Kombination aus zarter Spitze mit kantigen Tr\u00e4gern und Beschl\u00e4gen verleiht dem Set einen ultra-sexy Touch und macht es zu einer gro\u00dfartigen Wahl f\u00fcr alle, die etwas Mutiges und Wagemutiges suchen.<\/p>\n\n\n\n<p>2. Bequeme Passform: Hergestellt aus hochwertigen Materialien und mit Blick auf Ihren Komfort entworfen, bietet dieses Set eine bequeme und unterst\u00fctzende Passform. Der Strapsg\u00fcrtel ist verstellbar, um eine bequeme und schmeichelhafte Passform zu gew\u00e4hrleisten, w\u00e4hrend der BH und das H\u00f6schen ein bequemes und schmeichelhaftes Design haben.<\/p>\n\n\n\n<p>3.Verspielt und sexy: Die Kombination aus zarter Spitze und kantigen Tr\u00e4gern und Hardware auf dem Ultra Sexy Garter Belt Bra Panty Set verleiht dem Set eine verspielte und sexy Note und macht es perfekt, um jedem intimen Anlass ein wenig Aufregung zu verleihen.<\/p>\n\n\n\n<p>4. Vielseitig: Das ultra sexy Strumpfband-BH-H\u00f6schen-Set ist vielseitig genug, um f\u00fcr jeden Anlass getragen zu werden, egal ob Sie sich f\u00fcr einen besonderen Anlass verkleiden oder sich einfach nur sexy und selbstbewusst in Ihrem Leben f\u00fchlen m\u00f6chten.<\/p>\n\n\n\n<figure class=\"wp-block-table is-style-stripes\"><table><tbody><tr><td colspan=\"4\">Standortdiagramm (CM)<\/td><td><\/td><td><\/td><\/tr><tr><td>Gr\u00f6\u00dfe<\/td><td>L\u00e4nge<\/td><td>Unter Fehlschlag<\/td><td>Taille<\/td><td>H\u00f6schen Taille<\/td><td>H\u00f6schenl\u00e4nge<\/td><\/tr><tr><td>S<\/td><td>18<\/td><td>68-94<\/td><td>63-92<\/td><td>64-96<\/td><td>23<\/td><\/tr><tr><td>M<\/td><td>19<\/td><td>72-98<\/td><td>67-96<\/td><td>68-100<\/td><td>24<\/td><\/tr><tr><td>L<\/td><td>20<\/td><td>76-102<\/td><td>71-100<\/td><td>72-104<\/td><td>25<\/td><\/tr><tr><td colspan=\"4\">Seitendiagramm (Zoll)<\/td><td><\/td><td><\/td><\/tr><tr><td>Gr\u00f6\u00dfe<\/td><td>L\u00e4nge<\/td><td>Unter Fehlschlag<\/td><td>Taille<\/td><td>H\u00f6schen Taille<\/td><td>H\u00f6schenl\u00e4nge<\/td><\/tr><tr><td>S<\/td><td>7.08&nbsp;<\/td><td>26.77-37.00<\/td><td>24.80-36.22<\/td><td>25.19-37.79<\/td><td>9.05<\/td><\/tr><tr><td>M<\/td><td>7.48&nbsp;<\/td><td>28.34-38.58<\/td><td>26.37-37.79<\/td><td>26.77-39.37<\/td><td>9.44<\/td><\/tr><tr><td>L<\/td><td>7.87&nbsp;<\/td><td>29.92-40.15<\/td><td>27.95-39.37<\/td><td>28.34-40.94<\/td><td>9.84&nbsp;<\/td><\/tr><tr><td colspan=\"6\">Notiz:<br>1.Es kann 1-2 cm Abweichung in verschiedenen Gr\u00f6\u00dfen, Positionen und Dehnungen der Stoffe geben. Die Gr\u00f6\u00dfentabelle dient nur als Referenz, es kann einen kleinen Unterschied zu dem geben, was Sie erhalten.<br>2. Es gibt 3 Arten von Elastizit\u00e4t: Hohe Elastizit\u00e4t (zweiseitig gedehnt), mittlere Elastizit\u00e4t (einseitig gedehnt) und nicht elastisch (kann nicht gedehnt werden).<br>3. Die Farbe kann aufgrund der unterschiedlichen PC-Anzeige heller oder dunkler sein.<br>4. Von Hand in 30-Grad-Wasser waschen, zum Trocknen im Schatten aufh\u00e4ngen, Bleichen verbieten.<br>5. M\u00f6glicherweise gibt es einen kleinen Unterschied in Bezug auf Details und Muster.<\/td><\/tr><\/tbody><\/table><\/figure>\n\n\n\n<p><\/p>","protected":false},"excerpt":{"rendered":"<p>Dieses Strumpfhalter-H\u00f6schenset kombiniert zarte Spitze mit ausgefallenen Tr\u00e4gern und Beschl\u00e4gen und sorgt mit Sicherheit f\u00fcr Aufsehen und l\u00e4sst Sie sich kraftvoll und sexy f\u00fchlen. Der Strapsg\u00fcrtel ist f\u00fcr eine bequeme Passform verstellbar, w\u00e4hrend der passende BH und das H\u00f6schen ultra-sexy f\u00fcr eine bequeme Passform an jedem Tag der Woche sind.<\/p>","protected":false},"featured_media":39585,"template":"","meta":[],"product_brand":[],"product_cat":[368,374,380,367,376],"product_tag":[868,861,448,447,504],"class_list":{"0":"post-39572","1":"product","2":"type-product","3":"status-publish","4":"has-post-thumbnail","6":"product_cat-bra-panty-set","7":"product_cat-wholesale-garter-belt-set","8":"product_cat-wholesale-harness-bra-and-panty-set","9":"product_cat-sexy-lingerie","10":"product_cat-wholesale-ultra-sexy-bra-panty-set","11":"product_tag-4-piece-lingerie-set","12":"product_tag-brunette-lingerie","13":"product_tag-wholesale-elegant-sexy-lingerie","14":"product_tag-wholesale-strappy-sexy-lingerie","15":"product_tag-ultra-sexy","16":"pa_color-black","17":"pa_color-blue-women-sexy-lingerie","18":"pa_color-red-women-sexy-lingerie","19":"pa_cup-full-cup","20":"pa_size-wholesale-large-size-women-sexy-lingerie","21":"pa_size-wholesale-medium-size-women-sexy-lingerie","22":"pa_size-wholesale-small-size-sexy-lingerie","24":"first","25":"instock","26":"taxable","27":"shipping-taxable","28":"purchasable","29":"product-type-variable"},"tiered_pricing_type":"fixed","tiered_pricing_fixed_rules":[],"tiered_pricing_product_settings":{"layout":"default","base_unit_name":{"singular":null,"plural":null},"default_variation":null},"tiered_pricing_minimum_quantity":null,"tiered_pricing_roles_data":{"default_wholesaler":{"product_id":39572,"role":"default_wholesaler","pricing_type":"flat","regular_price":null,"sale_price":null,"discount":null,"discount_type":"sale_price","tiered_pricing_type":"fixed","percentage_rules":[],"fixed_rules":{"2":"10.49","30":"8.99","500":"7.89"},"minimum":null},"dropshippinger":{"product_id":39572,"role":"dropshippinger","pricing_type":"flat","regular_price":null,"sale_price":null,"discount":null,"discount_type":"sale_price","tiered_pricing_type":"fixed","percentage_rules":[],"fixed_rules":{"1":"12.49","5":"10.49","30":"7.89"},"minimum":null}},"tiered_pricing_percentage_rules":[],"tiered_pricing_maximum_quantity":null,"tiered_pricing_quantity_step":null,"_links":{"self":[{"href":"https:\/\/gretasexylingerie.com\/de\/wp-json\/wp\/v2\/product\/39572","targetHints":{"allow":["GET"]}}],"collection":[{"href":"https:\/\/gretasexylingerie.com\/de\/wp-json\/wp\/v2\/product"}],"about":[{"href":"https:\/\/gretasexylingerie.com\/de\/wp-json\/wp\/v2\/types\/product"}],"wp:featuredmedia":[{"embeddable":true,"href":"https:\/\/gretasexylingerie.com\/de\/wp-json\/wp\/v2\/media\/39585"}],"wp:attachment":[{"href":"https:\/\/gretasexylingerie.com\/de\/wp-json\/wp\/v2\/media?parent=39572"}],"wp:term":[{"taxonomy":"product_brand","embeddable":true,"href":"https:\/\/gretasexylingerie.com\/de\/wp-json\/wp\/v2\/product_brand?post=39572"},{"taxonomy":"product_cat","embeddable":true,"href":"https:\/\/gretasexylingerie.com\/de\/wp-json\/wp\/v2\/product_cat?post=39572"},{"taxonomy":"product_tag","embeddable":true,"href":"https:\/\/gretasexylingerie.com\/de\/wp-json\/wp\/v2\/product_tag?post=39572"}],"curies":[{"name":"wp","href":"https:\/\/api.w.org\/{rel}","templated":true}]}}