{"id":39521,"date":"2023-04-18T22:31:10","date_gmt":"2023-04-18T14:31:10","guid":{"rendered":"https:\/\/gretasexylingerie.com\/?post_type=product&#038;p=39521"},"modified":"2023-12-09T19:40:44","modified_gmt":"2023-12-09T11:40:44","slug":"korsett-bh-hoschen-set-mit-strumpfhalter","status":"publish","type":"product","link":"https:\/\/gretasexylingerie.com\/de\/products\/gartered-corset-bra-panty-set\/","title":{"rendered":"Strumpfband-Korsett-BH-H\u00f6schen-Set"},"content":{"rendered":"<p>1. Vielseitiger Stil: Das Strumpfband-Korsett-BH-H\u00f6schen-Set ist das perfekte Unterw\u00e4sche-Set f\u00fcr jeden Anlass. Egal, ob Sie sich f\u00fcr einen romantischen Abend schick machen oder sich einfach nur selbstbewusst und sexy f\u00fcr den Alltag f\u00fchlen m\u00f6chten, dieses Set ist vielseitig genug, um zu jeder Stimmung und jedem Anlass zu passen.<\/p>\n\n\n\n<p>2. Schmeichelhaftes Design: Sowohl hoch taillierte H\u00f6schen als auch BHs im Korsettstil schmeicheln Ihren Kurven und unterstreichen Ihre nat\u00fcrliche Sch\u00f6nheit.<\/p>\n\n\n\n<p>3. Bequeme Passform: Das Strumpfg\u00fcrtel-Korsett-H\u00f6schen-Set besteht aus hochwertigen Materialien und wurde mit Blick auf Ihren Komfort entworfen, um eine bequeme und unterst\u00fctzende Passform zu bieten.<\/p>\n\n\n\n<p>4. Gro\u00dfartiges Preis-Leistungs-Verh\u00e4ltnis: Das Set bietet einen unglaublichen Wert f\u00fcr seine Qualit\u00e4t und sein Design. F\u00fchlen Sie sich in diesem atemberaubenden Dessous-Set selbstbewusst und sexy, ohne die Bank zu sprengen.<\/p>\n\n\n\n<figure class=\"wp-block-table is-style-stripes\"><table class=\"has-fixed-layout\"><tbody><tr><td colspan=\"6\">Standortdiagramm (CM)<\/td><\/tr><tr><td>Gr\u00f6\u00dfe<\/td><td class=\"has-text-align-center\" data-align=\"center\">Cup-H\u00f6he<\/td><td class=\"has-text-align-center\" data-align=\"center\">Unter Fehlschlag<\/td><td class=\"has-text-align-center\" data-align=\"center\">Taille<\/td><td class=\"has-text-align-center\" data-align=\"center\">H\u00f6schen Taille<\/td><td class=\"has-text-align-center\" data-align=\"center\">H\u00f6schenl\u00e4nge<\/td><\/tr><tr><td>S<\/td><td class=\"has-text-align-center\" data-align=\"center\">14<\/td><td class=\"has-text-align-center\" data-align=\"center\">61-86<\/td><td class=\"has-text-align-center\" data-align=\"center\">62-98<\/td><td class=\"has-text-align-center\" data-align=\"center\">65-98<\/td><td class=\"has-text-align-center\" data-align=\"center\">21<\/td><\/tr><tr><td>M<\/td><td class=\"has-text-align-center\" data-align=\"center\">15<\/td><td class=\"has-text-align-center\" data-align=\"center\">65-90<\/td><td class=\"has-text-align-center\" data-align=\"center\">66-102<\/td><td class=\"has-text-align-center\" data-align=\"center\">69-102<\/td><td class=\"has-text-align-center\" data-align=\"center\">22<\/td><\/tr><tr><td>L<\/td><td class=\"has-text-align-center\" data-align=\"center\">16<\/td><td class=\"has-text-align-center\" data-align=\"center\">69-94<\/td><td class=\"has-text-align-center\" data-align=\"center\">70-106<\/td><td class=\"has-text-align-center\" data-align=\"center\">73-106<\/td><td class=\"has-text-align-center\" data-align=\"center\">23<\/td><\/tr><tr><td colspan=\"6\">Seitendiagramm (Zoll)<\/td><\/tr><tr><td>Gr\u00f6\u00dfe<\/td><td class=\"has-text-align-center\" data-align=\"center\">Cup-H\u00f6he<\/td><td class=\"has-text-align-center\" data-align=\"center\">Unter Fehlschlag<\/td><td class=\"has-text-align-center\" data-align=\"center\">Taille<\/td><td class=\"has-text-align-center\" data-align=\"center\">H\u00f6schen Taille<\/td><td class=\"has-text-align-center\" data-align=\"center\">H\u00f6schenl\u00e4nge<\/td><\/tr><tr><td>S<\/td><td class=\"has-text-align-center\" data-align=\"center\">5.51&nbsp;<\/td><td class=\"has-text-align-center\" data-align=\"center\">24.01-33.85<\/td><td class=\"has-text-align-center\" data-align=\"center\">24.40-38.58<\/td><td class=\"has-text-align-center\" data-align=\"center\">25.59-38.58<\/td><td class=\"has-text-align-center\" data-align=\"center\">8.26<\/td><\/tr><tr><td>M<\/td><td class=\"has-text-align-center\" data-align=\"center\">5.90&nbsp;<\/td><td class=\"has-text-align-center\" data-align=\"center\">25.59-35.43<\/td><td class=\"has-text-align-center\" data-align=\"center\">25.98-40.15<\/td><td class=\"has-text-align-center\" data-align=\"center\">27.16-40.15<\/td><td class=\"has-text-align-center\" data-align=\"center\">8.66<\/td><\/tr><tr><td>L<\/td><td class=\"has-text-align-center\" data-align=\"center\">6.29&nbsp;<\/td><td class=\"has-text-align-center\" data-align=\"center\">27.16-37.00<\/td><td class=\"has-text-align-center\" data-align=\"center\">27.55-41.73<\/td><td class=\"has-text-align-center\" data-align=\"center\">28.74-41.73<\/td><td class=\"has-text-align-center\" data-align=\"center\">9.05&nbsp;<\/td><\/tr><tr><td colspan=\"6\">Notiz:<br>1.Es kann 1-2 cm Abweichung in verschiedenen Gr\u00f6\u00dfen, Positionen und Dehnungen der Stoffe geben. Die Gr\u00f6\u00dfentabelle dient nur als Referenz, es kann einen kleinen Unterschied zu dem geben, was Sie erhalten.<br>2. Es gibt 3 Arten von Elastizit\u00e4t: Hohe Elastizit\u00e4t (zweiseitig gedehnt), mittlere Elastizit\u00e4t (einseitig gedehnt) und nicht elastisch (kann nicht gedehnt werden).<br>3. Die Farbe kann aufgrund der unterschiedlichen PC-Anzeige heller oder dunkler sein.<br>4. Von Hand in 30-Grad-Wasser waschen, zum Trocknen im Schatten aufh\u00e4ngen, Bleichen verbieten.<br>5. M\u00f6glicherweise gibt es einen kleinen Unterschied in Bezug auf Details und Muster.<\/td><\/tr><\/tbody><\/table><\/figure>\n\n\n\n<p><\/p>","protected":false},"excerpt":{"rendered":"<p>Mit einem wundersch\u00f6nen BH im Korsettstil mit verstellbaren Tr\u00e4gern und Strumpfhaltern ist dieses Set perfekt, um jedem intimen Anlass einen Hauch von Glamour zu verleihen. Das passende H\u00f6schen hat eine schmeichelhafte hohe Taille und zarte Spitzendetails f\u00fcr einen femininen und eleganten Look.<\/p>","protected":false},"featured_media":39531,"template":"","meta":[],"product_brand":[],"product_cat":[368,374,367],"product_tag":[507,861,448,454,532,524,973,453],"class_list":{"0":"post-39521","1":"product","2":"type-product","3":"status-publish","4":"has-post-thumbnail","6":"product_cat-bra-panty-set","7":"product_cat-wholesale-garter-belt-set","8":"product_cat-sexy-lingerie","9":"product_tag-three-pcs-set","10":"product_tag-brunette-lingerie","11":"product_tag-wholesale-elegant-sexy-lingerie","12":"product_tag-wholesale-sexy-embroidered-lingerie","13":"product_tag-lingerie-suspender-set","14":"product_tag-metal-lingerie","15":"product_tag-oem","16":"product_tag-wholesale-sexy-naughty-lingerie","17":"pa_color-black","18":"pa_cup-full-cup","19":"pa_size-wholesale-large-size-women-sexy-lingerie","20":"pa_size-wholesale-medium-size-women-sexy-lingerie","21":"pa_size-wholesale-small-size-sexy-lingerie","23":"first","24":"outofstock","25":"taxable","26":"shipping-taxable","27":"purchasable","28":"product-type-variable"},"tiered_pricing_type":"fixed","tiered_pricing_fixed_rules":[],"tiered_pricing_product_settings":{"layout":"default","base_unit_name":{"singular":null,"plural":null},"default_variation":{}},"tiered_pricing_minimum_quantity":null,"tiered_pricing_roles_data":{"default_wholesaler":{"product_id":39521,"role":"default_wholesaler","pricing_type":"flat","regular_price":null,"sale_price":null,"discount":null,"discount_type":"sale_price","tiered_pricing_type":"fixed","percentage_rules":[],"fixed_rules":{"2":"10.99","30":"9.39","500":"8.29"},"minimum":null},"dropshippinger":{"product_id":39521,"role":"dropshippinger","pricing_type":"flat","regular_price":null,"sale_price":null,"discount":null,"discount_type":"sale_price","tiered_pricing_type":"fixed","percentage_rules":[],"fixed_rules":{"1":"13.19","5":"10.99","30":"8.29"},"minimum":null}},"tiered_pricing_percentage_rules":[],"tiered_pricing_maximum_quantity":null,"tiered_pricing_quantity_step":null,"_links":{"self":[{"href":"https:\/\/gretasexylingerie.com\/de\/wp-json\/wp\/v2\/product\/39521","targetHints":{"allow":["GET"]}}],"collection":[{"href":"https:\/\/gretasexylingerie.com\/de\/wp-json\/wp\/v2\/product"}],"about":[{"href":"https:\/\/gretasexylingerie.com\/de\/wp-json\/wp\/v2\/types\/product"}],"wp:featuredmedia":[{"embeddable":true,"href":"https:\/\/gretasexylingerie.com\/de\/wp-json\/wp\/v2\/media\/39531"}],"wp:attachment":[{"href":"https:\/\/gretasexylingerie.com\/de\/wp-json\/wp\/v2\/media?parent=39521"}],"wp:term":[{"taxonomy":"product_brand","embeddable":true,"href":"https:\/\/gretasexylingerie.com\/de\/wp-json\/wp\/v2\/product_brand?post=39521"},{"taxonomy":"product_cat","embeddable":true,"href":"https:\/\/gretasexylingerie.com\/de\/wp-json\/wp\/v2\/product_cat?post=39521"},{"taxonomy":"product_tag","embeddable":true,"href":"https:\/\/gretasexylingerie.com\/de\/wp-json\/wp\/v2\/product_tag?post=39521"}],"curies":[{"name":"wp","href":"https:\/\/api.w.org\/{rel}","templated":true}]}}