{"id":39496,"date":"2023-04-18T21:04:27","date_gmt":"2023-04-18T13:04:27","guid":{"rendered":"https:\/\/gretasexylingerie.com\/?post_type=product&#038;p=39496"},"modified":"2023-09-05T20:51:19","modified_gmt":"2023-09-05T12:51:19","slug":"sexy-dessous-im-dunklen-stil","status":"publish","type":"product","link":"https:\/\/gretasexylingerie.com\/de\/products\/dark-style-sexy-lingerie\/","title":{"rendered":"Sexy Dessous im dunklen Stil"},"content":{"rendered":"<p>1.Sultry Style: Die Dark Style Sexy Lingerie wurde entwickelt, um Ihre innere Verf\u00fchrerin zum Vorschein zu bringen. Mit seinen gewagten Ausschnitten und Riemchendetails ist dieses Dessous-Set perfekt f\u00fcr diejenigen, die ein Zeichen setzen und das Schlafzimmer aufheizen m\u00f6chten.<\/p>\n\n\n\n<p>2. Bequeme Passform: Dieses Dessous-Set aus atmungsaktivem und dehnbarem Stoff wurde entwickelt, um maximalen Komfort zu bieten und gleichzeitig Ihre Kurven an den richtigen Stellen zu umarmen. Die verstellbaren Tr\u00e4ger und das Band bieten eine individuelle Passform f\u00fcr jeden K\u00f6rpertyp.<\/p>\n\n\n\n<p>3. Hochwertiges Material: Die Dark Style Sexy Lingerie ist aus hochwertigen Materialien gefertigt, die f\u00fcr eine lange Lebensdauer ausgelegt sind. Sie k\u00f6nnen dieses Dessous-Set immer wieder tragen, da Sie wissen, dass es dem Verschlei\u00df standh\u00e4lt.<\/p>\n\n\n\n<p>4. Vielseitig: Dieses Dessous-Set eignet sich perfekt f\u00fcr eine Vielzahl von Anl\u00e4ssen, von einem romantischen Abend zu Hause bis hin zu einem Abend mit Freunden. Egal, ob Sie Ihrem Alltagslook einen Hauch von Eleganz verleihen oder im Schlafzimmer aufheizen m\u00f6chten, die Dark Style Sexy Lingerie ist die perfekte Wahl.<\/p>\n\n\n\n<figure class=\"wp-block-table\"><table><tbody><tr><td colspan=\"5\">Standortdiagramm (CM)<\/td><td class=\"has-text-align-center\" data-align=\"center\"><\/td><td class=\"has-text-align-center\" data-align=\"center\"><\/td><td class=\"has-text-align-center\" data-align=\"center\"><\/td><\/tr><tr><td>Gr\u00f6\u00dfe<\/td><td class=\"has-text-align-center\" data-align=\"center\">L\u00e4nge<\/td><td class=\"has-text-align-center\" data-align=\"center\">Schulter<\/td><td class=\"has-text-align-center\" data-align=\"center\">Unter Fehlschlag<\/td><td class=\"has-text-align-center\" data-align=\"center\">Kn\u00f6chelumfang<\/td><td class=\"has-text-align-center\" data-align=\"center\">H\u00f6schen Taille<\/td><td class=\"has-text-align-center\" data-align=\"center\">H\u00f6schenl\u00e4nge<\/td><td class=\"has-text-align-center\" data-align=\"center\">Fu\u00dfumfang<\/td><\/tr><tr><td>S<\/td><td class=\"has-text-align-center\" data-align=\"center\">27<\/td><td class=\"has-text-align-center\" data-align=\"center\">38<\/td><td class=\"has-text-align-center\" data-align=\"center\">64-86<\/td><td class=\"has-text-align-center\" data-align=\"center\">62-84<\/td><td class=\"has-text-align-center\" data-align=\"center\">66-98<\/td><td class=\"has-text-align-center\" data-align=\"center\">22.5<\/td><td class=\"has-text-align-center\" data-align=\"center\">47<\/td><\/tr><tr><td>M<\/td><td class=\"has-text-align-center\" data-align=\"center\">28<\/td><td class=\"has-text-align-center\" data-align=\"center\">38<\/td><td class=\"has-text-align-center\" data-align=\"center\">68-90<\/td><td class=\"has-text-align-center\" data-align=\"center\">66-88<\/td><td class=\"has-text-align-center\" data-align=\"center\">70-102<\/td><td class=\"has-text-align-center\" data-align=\"center\">23.5<\/td><td class=\"has-text-align-center\" data-align=\"center\">49.2<\/td><\/tr><tr><td>L<\/td><td class=\"has-text-align-center\" data-align=\"center\">29<\/td><td class=\"has-text-align-center\" data-align=\"center\">38<\/td><td class=\"has-text-align-center\" data-align=\"center\">72-94<\/td><td class=\"has-text-align-center\" data-align=\"center\">70-92<\/td><td class=\"has-text-align-center\" data-align=\"center\">74-106<\/td><td class=\"has-text-align-center\" data-align=\"center\">24.5<\/td><td class=\"has-text-align-center\" data-align=\"center\">51.4<\/td><\/tr><tr><td colspan=\"5\">Seitendiagramm (Zoll)<\/td><td class=\"has-text-align-center\" data-align=\"center\"><\/td><td class=\"has-text-align-center\" data-align=\"center\"><\/td><td class=\"has-text-align-center\" data-align=\"center\"><\/td><\/tr><tr><td>Gr\u00f6\u00dfe<\/td><td class=\"has-text-align-center\" data-align=\"center\">L\u00e4nge<\/td><td class=\"has-text-align-center\" data-align=\"center\">Schulter<\/td><td class=\"has-text-align-center\" data-align=\"center\">Unter Fehlschlag<\/td><td class=\"has-text-align-center\" data-align=\"center\">Kn\u00f6chelumfang<\/td><td class=\"has-text-align-center\" data-align=\"center\">H\u00f6schen Taille<\/td><td class=\"has-text-align-center\" data-align=\"center\">H\u00f6schenl\u00e4nge<\/td><td class=\"has-text-align-center\" data-align=\"center\">Fu\u00dfumfang<\/td><\/tr><tr><td>S<\/td><td class=\"has-text-align-center\" data-align=\"center\">10.62&nbsp;<\/td><td class=\"has-text-align-center\" data-align=\"center\">14.96<\/td><td class=\"has-text-align-center\" data-align=\"center\">25.19-33.85<\/td><td class=\"has-text-align-center\" data-align=\"center\">24.40-33.04<\/td><td class=\"has-text-align-center\" data-align=\"center\">25.98-38.58<\/td><td class=\"has-text-align-center\" data-align=\"center\">8.85<\/td><td class=\"has-text-align-center\" data-align=\"center\">18.5<\/td><\/tr><tr><td>M<\/td><td class=\"has-text-align-center\" data-align=\"center\">11.02&nbsp;<\/td><td class=\"has-text-align-center\" data-align=\"center\">14.96<\/td><td class=\"has-text-align-center\" data-align=\"center\">26.77-35.43<\/td><td class=\"has-text-align-center\" data-align=\"center\">25.98-34.64<\/td><td class=\"has-text-align-center\" data-align=\"center\">27.55-40.15<\/td><td class=\"has-text-align-center\" data-align=\"center\">9.25<\/td><td class=\"has-text-align-center\" data-align=\"center\">19.37<\/td><\/tr><tr><td>L<\/td><td class=\"has-text-align-center\" data-align=\"center\">11.41&nbsp;<\/td><td class=\"has-text-align-center\" data-align=\"center\">14.96<\/td><td class=\"has-text-align-center\" data-align=\"center\">28.34-37.00<\/td><td class=\"has-text-align-center\" data-align=\"center\">27.55-36.22<\/td><td class=\"has-text-align-center\" data-align=\"center\">29.13-41.73<\/td><td class=\"has-text-align-center\" data-align=\"center\">9.64&nbsp;<\/td><td class=\"has-text-align-center\" data-align=\"center\">20.23&nbsp;<\/td><\/tr><tr><td colspan=\"8\">Notiz:<br>1.Es kann 1-2 cm Abweichung in verschiedenen Gr\u00f6\u00dfen, Positionen und Dehnungen der Stoffe geben. Die Gr\u00f6\u00dfentabelle dient nur als Referenz, es kann einen kleinen Unterschied zu dem geben, was Sie erhalten.<br>2. Es gibt 3 Arten von Elastizit\u00e4t: Hohe Elastizit\u00e4t (zweiseitig gedehnt), mittlere Elastizit\u00e4t (einseitig gedehnt) und nicht elastisch (kann nicht gedehnt werden).<br>3. Die Farbe kann aufgrund der unterschiedlichen PC-Anzeige heller oder dunkler sein.<br>4. Von Hand in 30-Grad-Wasser waschen, zum Trocknen im Schatten aufh\u00e4ngen, Bleichen verbieten.<br>5. M\u00f6glicherweise gibt es einen kleinen Unterschied in Bezug auf Details und Muster.<\/td><\/tr><\/tbody><\/table><\/figure>\n\n\n\n<p><\/p>","protected":false},"excerpt":{"rendered":"<p>Das Set beinhaltet einen sexy schwarzen BH und ein H\u00f6schen mit auff\u00e4lligen Ausschnitten und Bindedetails. Der mysteri\u00f6se Stil ist perfekt f\u00fcr diejenigen, die bei besonderen Anl\u00e4ssen ein Statement setzen m\u00f6chten. Das atmungsaktive und dehnbare Material sorgt f\u00fcr maximalen Komfort. Bestellen Sie jetzt, um ultimativen Komfort, Mode und Sexiness zu erleben.<\/p>","protected":false},"featured_media":39508,"template":"","meta":[],"product_brand":[],"product_cat":[388,386,367],"product_tag":[861,446,867,447],"class_list":{"0":"post-39496","1":"product","2":"type-product","3":"status-publish","4":"has-post-thumbnail","6":"product_cat-wholesale-gartered-corset","7":"product_cat-sexy-bustiers","8":"product_cat-sexy-lingerie","9":"product_tag-brunette-lingerie","10":"product_tag-wholesale-sexy-see-through-lingerie","11":"product_tag-sexy-push-up-lingerie","12":"product_tag-wholesale-strappy-sexy-lingerie","13":"pa_color-black","14":"pa_cup-full-cup","15":"pa_size-wholesale-large-size-women-sexy-lingerie","16":"pa_size-wholesale-medium-size-women-sexy-lingerie","17":"pa_size-wholesale-small-size-sexy-lingerie","19":"first","20":"instock","21":"taxable","22":"shipping-taxable","23":"purchasable","24":"product-type-variable"},"tiered_pricing_type":"fixed","tiered_pricing_fixed_rules":[],"tiered_pricing_product_settings":{"layout":"default","base_unit_name":{"singular":null,"plural":null},"default_variation":null},"tiered_pricing_minimum_quantity":null,"tiered_pricing_roles_data":{"default_wholesaler":{"product_id":39496,"role":"default_wholesaler","pricing_type":"flat","regular_price":null,"sale_price":null,"discount":null,"discount_type":"sale_price","tiered_pricing_type":"fixed","percentage_rules":[],"fixed_rules":{"2":"9.19","30":"7.89","500":"6.89"},"minimum":null},"dropshippinger":{"product_id":39496,"role":"dropshippinger","pricing_type":"flat","regular_price":null,"sale_price":null,"discount":null,"discount_type":"sale_price","tiered_pricing_type":"fixed","percentage_rules":[],"fixed_rules":{"1":"10.99","5":"9.19","30":"6.89"},"minimum":null}},"tiered_pricing_percentage_rules":[],"tiered_pricing_maximum_quantity":null,"tiered_pricing_quantity_step":null,"_links":{"self":[{"href":"https:\/\/gretasexylingerie.com\/de\/wp-json\/wp\/v2\/product\/39496","targetHints":{"allow":["GET"]}}],"collection":[{"href":"https:\/\/gretasexylingerie.com\/de\/wp-json\/wp\/v2\/product"}],"about":[{"href":"https:\/\/gretasexylingerie.com\/de\/wp-json\/wp\/v2\/types\/product"}],"wp:featuredmedia":[{"embeddable":true,"href":"https:\/\/gretasexylingerie.com\/de\/wp-json\/wp\/v2\/media\/39508"}],"wp:attachment":[{"href":"https:\/\/gretasexylingerie.com\/de\/wp-json\/wp\/v2\/media?parent=39496"}],"wp:term":[{"taxonomy":"product_brand","embeddable":true,"href":"https:\/\/gretasexylingerie.com\/de\/wp-json\/wp\/v2\/product_brand?post=39496"},{"taxonomy":"product_cat","embeddable":true,"href":"https:\/\/gretasexylingerie.com\/de\/wp-json\/wp\/v2\/product_cat?post=39496"},{"taxonomy":"product_tag","embeddable":true,"href":"https:\/\/gretasexylingerie.com\/de\/wp-json\/wp\/v2\/product_tag?post=39496"}],"curies":[{"name":"wp","href":"https:\/\/api.w.org\/{rel}","templated":true}]}}