{"id":39458,"date":"2023-04-18T20:24:09","date_gmt":"2023-04-18T12:24:09","guid":{"rendered":"https:\/\/gretasexylingerie.com\/?post_type=product&#038;p=39458"},"modified":"2023-12-09T19:36:49","modified_gmt":"2023-12-09T11:36:49","slug":"durchsichtiger-sexy-dessous-anzug-aus-netzstoff","status":"publish","type":"product","link":"https:\/\/gretasexylingerie.com\/de\/products\/mesh-see-through-sexy-lingerie-suit\/","title":{"rendered":"Durchsichtiger, sexy Dessous-Anzug mit Mesh-Splei\u00dfen im Gro\u00dfhandel"},"content":{"rendered":"<p>1. Einzigartiges Design: Der Mesh Splicing See-through Sexy Underwear Sexy Suit verf\u00fcgt \u00fcber ein einzigartiges und gewagtes Design, das mit Sicherheit die K\u00f6pfe verdrehen und ein Statement abgeben wird.<\/p>\n\n\n\n<p>2. Bequeme Passform: Dieses Unterw\u00e4sche-Set besteht aus weichen und atmungsaktiven Materialien und ist so konzipiert, dass es bequem und figurbetont ist, sodass Sie sich den ganzen Tag selbstbewusst und sexy f\u00fchlen k\u00f6nnen.<\/p>\n\n\n\n<p>3. Vielseitig tragbar: Dieses Unterw\u00e4sche-Set ist vielseitig genug, um sowohl als Unterw\u00e4sche als auch als Oberbekleidung getragen zu werden, was es zu einer gro\u00dfartigen Erg\u00e4nzung f\u00fcr jede Garderobe macht.<\/p>\n\n\n\n<p>4.Perfekt f\u00fcr intime Anl\u00e4sse: Egal, ob Sie die Dinge im Schlafzimmer aufpeppen oder Ihren Partner mit einem sexy neuen Look \u00fcberraschen m\u00f6chten, dieses Unterw\u00e4sche-Set ist die perfekte Wahl f\u00fcr einen verf\u00fchrerischen und verf\u00fchrerischen Stil.<\/p>\n\n\n\n<figure class=\"wp-block-table\"><table><tbody><tr><td colspan=\"6\">Standortdiagramm (CM)<\/td><\/tr><tr><td>Gr\u00f6\u00dfe<\/td><td class=\"has-text-align-center\" data-align=\"center\">L\u00e4nge<\/td><td class=\"has-text-align-center\" data-align=\"center\">Schulter<\/td><td class=\"has-text-align-center\" data-align=\"center\">Unter Fehlschlag<\/td><td class=\"has-text-align-center\" data-align=\"center\">H\u00f6schen Taille<\/td><td class=\"has-text-align-center\" data-align=\"center\">H\u00f6schenl\u00e4nge<\/td><\/tr><tr><td>S<\/td><td class=\"has-text-align-center\" data-align=\"center\">16<\/td><td class=\"has-text-align-center\" data-align=\"center\">35.5<\/td><td class=\"has-text-align-center\" data-align=\"center\">67-86<\/td><td class=\"has-text-align-center\" data-align=\"center\">64-96<\/td><td class=\"has-text-align-center\" data-align=\"center\">22.5<\/td><\/tr><tr><td>M<\/td><td class=\"has-text-align-center\" data-align=\"center\">16.6<\/td><td class=\"has-text-align-center\" data-align=\"center\">35.5<\/td><td class=\"has-text-align-center\" data-align=\"center\">71-90<\/td><td class=\"has-text-align-center\" data-align=\"center\">68-104<\/td><td class=\"has-text-align-center\" data-align=\"center\">23.5<\/td><\/tr><tr><td>L<\/td><td class=\"has-text-align-center\" data-align=\"center\">17.2<\/td><td class=\"has-text-align-center\" data-align=\"center\">35.5<\/td><td class=\"has-text-align-center\" data-align=\"center\">75-94<\/td><td class=\"has-text-align-center\" data-align=\"center\">72-108<\/td><td class=\"has-text-align-center\" data-align=\"center\">24.5<\/td><\/tr><tr><td colspan=\"6\">Seitendiagramm (Zoll)<\/td><\/tr><tr><td>Gr\u00f6\u00dfe<\/td><td class=\"has-text-align-center\" data-align=\"center\">Cup-H\u00f6he<\/td><td class=\"has-text-align-center\" data-align=\"center\">Schulter<\/td><td class=\"has-text-align-center\" data-align=\"center\">Unter Fehlschlag<\/td><td class=\"has-text-align-center\" data-align=\"center\">H\u00f6schen Taille<\/td><td class=\"has-text-align-center\" data-align=\"center\">H\u00f6schenl\u00e4nge<\/td><\/tr><tr><td>S<\/td><td class=\"has-text-align-center\" data-align=\"center\">6.29<\/td><td class=\"has-text-align-center\" data-align=\"center\">13.18<\/td><td class=\"has-text-align-center\" data-align=\"center\">26.37-33.85<\/td><td class=\"has-text-align-center\" data-align=\"center\">25.19-37.79<\/td><td class=\"has-text-align-center\" data-align=\"center\">8.85<\/td><\/tr><tr><td>M<\/td><td class=\"has-text-align-center\" data-align=\"center\">6.53<\/td><td class=\"has-text-align-center\" data-align=\"center\">13.18<\/td><td class=\"has-text-align-center\" data-align=\"center\">27.95-35.43<\/td><td class=\"has-text-align-center\" data-align=\"center\">26.77-40.94<\/td><td class=\"has-text-align-center\" data-align=\"center\">9.21<\/td><\/tr><tr><td>L<\/td><td class=\"has-text-align-center\" data-align=\"center\">6.77&nbsp;<\/td><td class=\"has-text-align-center\" data-align=\"center\">13.18<\/td><td class=\"has-text-align-center\" data-align=\"center\">29.52-37.00<\/td><td class=\"has-text-align-center\" data-align=\"center\">28.34-42.51<\/td><td class=\"has-text-align-center\" data-align=\"center\">9.64&nbsp;<\/td><\/tr><tr><td colspan=\"6\">Notiz:<br>1.Es kann 1-2 cm Abweichung in verschiedenen Gr\u00f6\u00dfen, Positionen und Dehnungen der Stoffe geben. Die Gr\u00f6\u00dfentabelle dient nur als Referenz, es kann einen kleinen Unterschied zu dem geben, was Sie erhalten.<br>2. Es gibt 3 Arten von Elastizit\u00e4t: Hohe Elastizit\u00e4t (zweiseitig gedehnt), mittlere Elastizit\u00e4t (einseitig gedehnt) und nicht elastisch (kann nicht gedehnt werden).<br>3. Die Farbe kann aufgrund der unterschiedlichen PC-Anzeige heller oder dunkler sein.<br>4. Von Hand in 30-Grad-Wasser waschen, zum Trocknen im Schatten aufh\u00e4ngen, Bleichen verbieten.<br>5. M\u00f6glicherweise gibt es einen kleinen Unterschied in Bezug auf Details und Muster.<\/td><\/tr><\/tbody><\/table><\/figure>\n\n\n\n<p><\/p>","protected":false},"excerpt":{"rendered":"<p>Aus hochwertigem Material gefertigt, ist diese Unterw\u00e4sche lange angenehm zu tragen. Komplizierte Details und sorgf\u00e4ltiges Design machen diesen Anzug zu einem Must-Have f\u00fcr jeden Anlass, um sich in seiner eigenen Haut selbstbewusst und voller Energie zu f\u00fchlen. Geeignet f\u00fcr Frauen aller Formen und Gr\u00f6\u00dfen. Wenn Sie die Dinge aufpeppen m\u00f6chten, ist dieses Set perfekt f\u00fcr Sie. Bestellen Sie es jetzt und erleben Sie den ultimativen verf\u00fchrerischen Stil!<\/p>","protected":false},"featured_media":39466,"template":"","meta":[],"product_brand":[],"product_cat":[368,367,375],"product_tag":[861,524,446,880,453,864,865],"class_list":{"0":"post-39458","1":"product","2":"type-product","3":"status-publish","4":"has-post-thumbnail","6":"product_cat-bra-panty-set","7":"product_cat-sexy-lingerie","8":"product_cat-whoelsale-sheer-bra-and-panty-sets","9":"product_tag-brunette-lingerie","10":"product_tag-metal-lingerie","11":"product_tag-wholesale-sexy-see-through-lingerie","12":"product_tag-sexy-2-piece-lingerie","13":"product_tag-wholesale-sexy-naughty-lingerie","14":"product_tag-sexy-petite-lingerie","15":"product_tag-sexy-skimpy-lingerie","16":"pa_color-black","17":"pa_cup-full-cup","18":"pa_size-wholesale-large-size-women-sexy-lingerie","19":"pa_size-wholesale-medium-size-women-sexy-lingerie","20":"pa_size-wholesale-small-size-sexy-lingerie","22":"first","23":"outofstock","24":"taxable","25":"shipping-taxable","26":"purchasable","27":"product-type-variable"},"tiered_pricing_type":"fixed","tiered_pricing_fixed_rules":[],"tiered_pricing_product_settings":{"layout":"default","base_unit_name":{"singular":null,"plural":null},"default_variation":null},"tiered_pricing_minimum_quantity":null,"tiered_pricing_roles_data":{"default_wholesaler":{"product_id":39458,"role":"default_wholesaler","pricing_type":"flat","regular_price":null,"sale_price":null,"discount":null,"discount_type":"sale_price","tiered_pricing_type":"fixed","percentage_rules":[],"fixed_rules":{"2":"7.59","30":"6.49","500":"5.69"},"minimum":null},"dropshippinger":{"product_id":39458,"role":"dropshippinger","pricing_type":"flat","regular_price":null,"sale_price":null,"discount":null,"discount_type":"sale_price","tiered_pricing_type":"fixed","percentage_rules":[],"fixed_rules":{"1":"9.09","5":"7.59","30":"5.69"},"minimum":null}},"tiered_pricing_percentage_rules":[],"tiered_pricing_maximum_quantity":null,"tiered_pricing_quantity_step":null,"_links":{"self":[{"href":"https:\/\/gretasexylingerie.com\/de\/wp-json\/wp\/v2\/product\/39458","targetHints":{"allow":["GET"]}}],"collection":[{"href":"https:\/\/gretasexylingerie.com\/de\/wp-json\/wp\/v2\/product"}],"about":[{"href":"https:\/\/gretasexylingerie.com\/de\/wp-json\/wp\/v2\/types\/product"}],"wp:featuredmedia":[{"embeddable":true,"href":"https:\/\/gretasexylingerie.com\/de\/wp-json\/wp\/v2\/media\/39466"}],"wp:attachment":[{"href":"https:\/\/gretasexylingerie.com\/de\/wp-json\/wp\/v2\/media?parent=39458"}],"wp:term":[{"taxonomy":"product_brand","embeddable":true,"href":"https:\/\/gretasexylingerie.com\/de\/wp-json\/wp\/v2\/product_brand?post=39458"},{"taxonomy":"product_cat","embeddable":true,"href":"https:\/\/gretasexylingerie.com\/de\/wp-json\/wp\/v2\/product_cat?post=39458"},{"taxonomy":"product_tag","embeddable":true,"href":"https:\/\/gretasexylingerie.com\/de\/wp-json\/wp\/v2\/product_tag?post=39458"}],"curies":[{"name":"wp","href":"https:\/\/api.w.org\/{rel}","templated":true}]}}