{"id":39444,"date":"2023-04-18T20:08:39","date_gmt":"2023-04-18T12:08:39","guid":{"rendered":"https:\/\/gretasexylingerie.com\/?post_type=product&#038;p=39444"},"modified":"2023-11-10T21:53:11","modified_gmt":"2023-11-10T13:53:11","slug":"besticktes-hohles-sexy-dessous-set","status":"publish","type":"product","link":"https:\/\/gretasexylingerie.com\/de\/products\/embroidered-hollow-sexy-lingerie-sexy-set\/","title":{"rendered":"Bestickte hohle sexy Dessous Sexy Set"},"content":{"rendered":"<p>1. Exquisite Stickerei: Das bestickte hohle sexy Dessous-Set verf\u00fcgt \u00fcber komplizierte und sch\u00f6ne Stickereien, die Ihrer Dessous-Kollektion einen Hauch von Eleganz und Luxus verleihen.<\/p>\n\n\n\n<p>2. Bequem und atmungsaktiv: Dieses Dessous-Set aus weichen und leichten Materialien ist so konzipiert, dass es bequem und atmungsaktiv ist, sodass Sie sich den ganzen Tag sicher und wohl f\u00fchlen k\u00f6nnen.<\/p>\n\n\n\n<p>3. Vielseitig tragbar: Dieses Dessous-Set ist vielseitig genug, um sowohl als Unterw\u00e4sche als auch als Oberbekleidung getragen zu werden, was es zu einer gro\u00dfartigen Erg\u00e4nzung f\u00fcr jede Garderobe macht.<\/p>\n\n\n\n<p>4.Perfekt f\u00fcr besondere Anl\u00e4sse: Egal, ob Sie nach einer romantischen Nacht oder einem besonderen Anlass suchen, dieses Dessous-Set ist die perfekte Wahl f\u00fcr einen sexy und raffinierten Look, mit dem Sie sich selbstbewusst und erm\u00e4chtigt f\u00fchlen.<\/p>\n\n\n\n<figure class=\"wp-block-table\"><table><tbody><tr><td colspan=\"6\">Standortdiagramm (CM)<\/td><\/tr><tr><td>Gr\u00f6\u00dfe<\/td><td class=\"has-text-align-center\" data-align=\"center\">Cup-H\u00f6he<\/td><td class=\"has-text-align-center\" data-align=\"center\">Unter Fehlschlag<\/td><td class=\"has-text-align-center\" data-align=\"center\">H\u00f6schen Taille<\/td><td class=\"has-text-align-center\" data-align=\"center\">H\u00f6schenl\u00e4nge<\/td><td class=\"has-text-align-center\" data-align=\"center\">Taille<\/td><\/tr><tr><td>S<\/td><td class=\"has-text-align-center\" data-align=\"center\">12.5<\/td><td class=\"has-text-align-center\" data-align=\"center\">70-86<\/td><td class=\"has-text-align-center\" data-align=\"center\">66-96<\/td><td class=\"has-text-align-center\" data-align=\"center\">20<\/td><td class=\"has-text-align-center\" data-align=\"center\">58<\/td><\/tr><tr><td>M<\/td><td class=\"has-text-align-center\" data-align=\"center\">13.5<\/td><td class=\"has-text-align-center\" data-align=\"center\">74-90<\/td><td class=\"has-text-align-center\" data-align=\"center\">70-100<\/td><td class=\"has-text-align-center\" data-align=\"center\">21<\/td><td class=\"has-text-align-center\" data-align=\"center\">62<\/td><\/tr><tr><td>L<\/td><td class=\"has-text-align-center\" data-align=\"center\">14.5<\/td><td class=\"has-text-align-center\" data-align=\"center\">78-94<\/td><td class=\"has-text-align-center\" data-align=\"center\">74-104<\/td><td class=\"has-text-align-center\" data-align=\"center\">22<\/td><td class=\"has-text-align-center\" data-align=\"center\">67<\/td><\/tr><tr><td colspan=\"6\">Seitendiagramm (Zoll)<\/td><\/tr><tr><td>Gr\u00f6\u00dfe<\/td><td class=\"has-text-align-center\" data-align=\"center\">Cup-H\u00f6he<\/td><td class=\"has-text-align-center\" data-align=\"center\">Unter Fehlschlag<\/td><td class=\"has-text-align-center\" data-align=\"center\">H\u00f6schen Taille<\/td><td class=\"has-text-align-center\" data-align=\"center\">H\u00f6schenl\u00e4nge<\/td><td class=\"has-text-align-center\" data-align=\"center\">Taille<\/td><\/tr><tr><td>S<\/td><td class=\"has-text-align-center\" data-align=\"center\">4.92<\/td><td class=\"has-text-align-center\" data-align=\"center\">27.55-33.85<\/td><td class=\"has-text-align-center\" data-align=\"center\">25.19-37.79<\/td><td class=\"has-text-align-center\" data-align=\"center\">7.87<\/td><td class=\"has-text-align-center\" data-align=\"center\">22.83<\/td><\/tr><tr><td>M<\/td><td class=\"has-text-align-center\" data-align=\"center\">5.31<\/td><td class=\"has-text-align-center\" data-align=\"center\">29.13-35.43<\/td><td class=\"has-text-align-center\" data-align=\"center\">26.77-39.37<\/td><td class=\"has-text-align-center\" data-align=\"center\">8.26<\/td><td class=\"has-text-align-center\" data-align=\"center\">24.40&nbsp;<\/td><\/tr><tr><td>L<\/td><td class=\"has-text-align-center\" data-align=\"center\">5.70&nbsp;<\/td><td class=\"has-text-align-center\" data-align=\"center\">30.70-37.00<\/td><td class=\"has-text-align-center\" data-align=\"center\">28.34-40.94<\/td><td class=\"has-text-align-center\" data-align=\"center\">8.66&nbsp;<\/td><td class=\"has-text-align-center\" data-align=\"center\">26.37&nbsp;<\/td><\/tr><tr><td colspan=\"6\">Notiz:<br>1.Es kann 1-2 cm Abweichung in verschiedenen Gr\u00f6\u00dfen, Positionen und Dehnungen der Stoffe geben. Die Gr\u00f6\u00dfentabelle dient nur als Referenz, es kann einen kleinen Unterschied zu dem geben, was Sie erhalten.<br>2. Es gibt 3 Arten von Elastizit\u00e4t: Hohe Elastizit\u00e4t (zweiseitig gedehnt), mittlere Elastizit\u00e4t (einseitig gedehnt) und nicht elastisch (kann nicht gedehnt werden).<br>3. Die Farbe kann aufgrund der unterschiedlichen PC-Anzeige heller oder dunkler sein.<br>4. Von Hand in 30-Grad-Wasser waschen, zum Trocknen im Schatten aufh\u00e4ngen, Bleichen verbieten.<br>5. M\u00f6glicherweise gibt es einen kleinen Unterschied in Bezug auf Details und Muster.<\/td><\/tr><\/tbody><\/table><\/figure>\n\n\n\n<p><\/p>","protected":false},"excerpt":{"rendered":"<p>Die Sets verf\u00fcgen alle \u00fcber atemberaubende Cutout-Designs, um Ihrem Look Glamour zu verleihen, w\u00e4hrend verstellbare Tr\u00e4ger und Riemen eine anpassbare Passform f\u00fcr jede K\u00f6rperform bieten. Geben Sie sich nicht mit schlichter Unterw\u00e4sche zufrieden, tragen Sie sexy Dessous mit bestickten Ausschnitten, sexy Anz\u00fcge, treten Sie ein in die Welt der ultimativen Verf\u00fchrung.<\/p>\n<p>https:\/\/youtu.be\/PJ8shHTwhKo<\/p>","protected":false},"featured_media":39452,"template":"","meta":[],"product_brand":[],"product_cat":[368,374,367,375],"product_tag":[868,512,861,454,518,451,446,864],"class_list":{"0":"post-39444","1":"product","2":"type-product","3":"status-publish","4":"has-post-thumbnail","6":"product_cat-bra-panty-set","7":"product_cat-wholesale-garter-belt-set","8":"product_cat-sexy-lingerie","9":"product_cat-whoelsale-sheer-bra-and-panty-sets","10":"product_tag-4-piece-lingerie-set","11":"product_tag-bow-lingerie","12":"product_tag-brunette-lingerie","13":"product_tag-wholesale-sexy-embroidered-lingerie","14":"product_tag-mesh-lingerie","15":"product_tag-wholesale-revealing-lingerie","16":"product_tag-wholesale-sexy-see-through-lingerie","17":"product_tag-sexy-petite-lingerie","18":"pa_color-black","19":"pa_color-red-women-sexy-lingerie","20":"pa_cup-wholesale-half-cup-women-sexy-lingerie","21":"pa_size-wholesale-large-size-women-sexy-lingerie","22":"pa_size-wholesale-medium-size-women-sexy-lingerie","23":"pa_size-wholesale-small-size-sexy-lingerie","25":"first","26":"instock","27":"taxable","28":"shipping-taxable","29":"purchasable","30":"product-type-variable"},"tiered_pricing_type":"fixed","tiered_pricing_fixed_rules":[],"tiered_pricing_product_settings":{"layout":"default","base_unit_name":{"singular":null,"plural":null},"default_variation":{}},"tiered_pricing_minimum_quantity":null,"tiered_pricing_roles_data":{"default_wholesaler":{"product_id":39444,"role":"default_wholesaler","pricing_type":"flat","regular_price":null,"sale_price":null,"discount":null,"discount_type":"sale_price","tiered_pricing_type":"fixed","percentage_rules":[],"fixed_rules":{"2":"9.69","30":"8.29","500":"7.29"},"minimum":null},"dropshippinger":{"product_id":39444,"role":"dropshippinger","pricing_type":"flat","regular_price":null,"sale_price":null,"discount":null,"discount_type":"sale_price","tiered_pricing_type":"fixed","percentage_rules":[],"fixed_rules":{"1":"11.59","5":"9.69","30":"7.29"},"minimum":null}},"tiered_pricing_percentage_rules":[],"tiered_pricing_maximum_quantity":null,"tiered_pricing_quantity_step":null,"_links":{"self":[{"href":"https:\/\/gretasexylingerie.com\/de\/wp-json\/wp\/v2\/product\/39444","targetHints":{"allow":["GET"]}}],"collection":[{"href":"https:\/\/gretasexylingerie.com\/de\/wp-json\/wp\/v2\/product"}],"about":[{"href":"https:\/\/gretasexylingerie.com\/de\/wp-json\/wp\/v2\/types\/product"}],"wp:featuredmedia":[{"embeddable":true,"href":"https:\/\/gretasexylingerie.com\/de\/wp-json\/wp\/v2\/media\/39452"}],"wp:attachment":[{"href":"https:\/\/gretasexylingerie.com\/de\/wp-json\/wp\/v2\/media?parent=39444"}],"wp:term":[{"taxonomy":"product_brand","embeddable":true,"href":"https:\/\/gretasexylingerie.com\/de\/wp-json\/wp\/v2\/product_brand?post=39444"},{"taxonomy":"product_cat","embeddable":true,"href":"https:\/\/gretasexylingerie.com\/de\/wp-json\/wp\/v2\/product_cat?post=39444"},{"taxonomy":"product_tag","embeddable":true,"href":"https:\/\/gretasexylingerie.com\/de\/wp-json\/wp\/v2\/product_tag?post=39444"}],"curies":[{"name":"wp","href":"https:\/\/api.w.org\/{rel}","templated":true}]}}