{"id":39380,"date":"2023-04-17T22:14:30","date_gmt":"2023-04-17T14:14:30","guid":{"rendered":"https:\/\/gretasexylingerie.com\/?post_type=product&#038;p=39380"},"modified":"2023-12-09T19:33:40","modified_gmt":"2023-12-09T11:33:40","slug":"dreiteiliges-set-sexy-mesh-unterwasche","status":"publish","type":"product","link":"https:\/\/gretasexylingerie.com\/de\/products\/mesh-sexy-underwear-three-piece-set\/","title":{"rendered":"Gro\u00dfhandel Mesh Sexy Unterw\u00e4sche Dreiteiliges Set"},"content":{"rendered":"<p>1.Verf\u00fchrerisches und verf\u00fchrerisches Design: Das dreiteilige Mesh-Sexy-Unterw\u00e4sche-Set ist so konzipiert, dass Sie sich selbstbewusst, sexy und verf\u00fchrerisch f\u00fchlen. Der transparente Netzstoff und die Riemchendetails sorgen f\u00fcr einen ultra-sexy Look, der sich perfekt f\u00fcr intime Anl\u00e4sse oder als Statement-St\u00fcck in Ihrer Dessous-Kollektion eignet.<\/p>\n\n\n\n<p>2.Bequem und atmungsaktiv: Das Unterw\u00e4scheset besteht aus hochwertigen, leichten Materialien, die bequem und atmungsaktiv sind. Das weiche Netzgewebe f\u00fchlt sich angenehm auf der Haut an, w\u00e4hrend die verstellbaren Tr\u00e4ger und der elastische Bund f\u00fcr einen bequemen und sicheren Sitz sorgen.<\/p>\n\n\n\n<p>3.Vielseitig und anpassbar: Das dreiteilige Mesh-Sexy-Unterw\u00e4sche-Set besteht aus einem Bralette, einem Tanga und einem Strumpfg\u00fcrtel, die einzeln oder zusammen getragen werden k\u00f6nnen. Mit den verstellbaren Tr\u00e4gern und Haken k\u00f6nnen Sie die Passform und den Stil an Ihre Vorlieben anpassen.<\/p>\n\n\n\n<p>4.Erschwinglicher Luxus: Das dreiteilige Mesh-Sexy-Unterw\u00e4sche-Set bietet ein High-End-Dessous-Erlebnis zu einem erschwinglichen Preis. Das Set besteht aus hochwertigen Materialien und verf\u00fcgt \u00fcber aufwendige Details, was es zu einer luxuri\u00f6sen Erg\u00e4nzung Ihrer Dessous-Kollektion macht, ohne Ihr Budget zu sprengen. Dar\u00fcber hinaus bieten das vielseitige Design und die Langlebigkeit des Sets ein hervorragendes Preis-Leistungs-Verh\u00e4ltnis.<\/p>\n\n\n\n<figure class=\"wp-block-table\"><table class=\"has-fixed-layout\"><tbody><tr><td colspan=\"8\">Standortdiagramm (CM)<\/td><\/tr><tr><td>Gr\u00f6\u00dfe<\/td><td class=\"has-text-align-center\" data-align=\"center\">Obere L\u00e4nge<\/td><td class=\"has-text-align-center\" data-align=\"center\">Nacken<\/td><td class=\"has-text-align-center\" data-align=\"center\">Unter Fehlschlag<\/td><td class=\"has-text-align-center\" data-align=\"center\">Taille<\/td><td class=\"has-text-align-center\" data-align=\"center\">Fu\u00dfumfang<\/td><td class=\"has-text-align-center\" data-align=\"center\">H\u00f6schen Taille<\/td><td class=\"has-text-align-center\" data-align=\"center\">H\u00f6schenl\u00e4nge<\/td><\/tr><tr><td>S<\/td><td class=\"has-text-align-center\" data-align=\"center\">19<\/td><td class=\"has-text-align-center\" data-align=\"center\">36<\/td><td class=\"has-text-align-center\" data-align=\"center\">59-86<\/td><td class=\"has-text-align-center\" data-align=\"center\">64-96<\/td><td class=\"has-text-align-center\" data-align=\"center\">46<\/td><td class=\"has-text-align-center\" data-align=\"center\">86-98<\/td><td class=\"has-text-align-center\" data-align=\"center\">21<\/td><\/tr><tr><td>M<\/td><td class=\"has-text-align-center\" data-align=\"center\">20<\/td><td class=\"has-text-align-center\" data-align=\"center\">37.5<\/td><td class=\"has-text-align-center\" data-align=\"center\">63-90<\/td><td class=\"has-text-align-center\" data-align=\"center\">68-100<\/td><td class=\"has-text-align-center\" data-align=\"center\">48<\/td><td class=\"has-text-align-center\" data-align=\"center\">90-102<\/td><td class=\"has-text-align-center\" data-align=\"center\">22<\/td><\/tr><tr><td>L<\/td><td class=\"has-text-align-center\" data-align=\"center\">21<\/td><td class=\"has-text-align-center\" data-align=\"center\">39<\/td><td class=\"has-text-align-center\" data-align=\"center\">67-94<\/td><td class=\"has-text-align-center\" data-align=\"center\">72-104<\/td><td class=\"has-text-align-center\" data-align=\"center\">50<\/td><td class=\"has-text-align-center\" data-align=\"center\">94-106<\/td><td class=\"has-text-align-center\" data-align=\"center\">23<\/td><\/tr><tr><td colspan=\"8\">Seitendiagramm (Zoll)<\/td><\/tr><tr><td>Gr\u00f6\u00dfe<\/td><td class=\"has-text-align-center\" data-align=\"center\">Obere L\u00e4nge<\/td><td class=\"has-text-align-center\" data-align=\"center\">Nacken<\/td><td class=\"has-text-align-center\" data-align=\"center\">Unter Fehlschlag<\/td><td class=\"has-text-align-center\" data-align=\"center\">Taille<\/td><td class=\"has-text-align-center\" data-align=\"center\">Fu\u00dfumfang<\/td><td class=\"has-text-align-center\" data-align=\"center\">H\u00f6schen Taille<\/td><td class=\"has-text-align-center\" data-align=\"center\">H\u00f6schenl\u00e4nge<\/td><\/tr><tr><td>S<\/td><td class=\"has-text-align-center\" data-align=\"center\">7.48<\/td><td class=\"has-text-align-center\" data-align=\"center\">14.17<\/td><td class=\"has-text-align-center\" data-align=\"center\">23.22-33.85<\/td><td class=\"has-text-align-center\" data-align=\"center\">25.19-37.79<\/td><td class=\"has-text-align-center\" data-align=\"center\">18.11<\/td><td class=\"has-text-align-center\" data-align=\"center\">35.03-38.58<\/td><td class=\"has-text-align-center\" data-align=\"center\">8.26<\/td><\/tr><tr><td>M<\/td><td class=\"has-text-align-center\" data-align=\"center\">7.87<\/td><td class=\"has-text-align-center\" data-align=\"center\">14.76<\/td><td class=\"has-text-align-center\" data-align=\"center\">24.80-35.43<\/td><td class=\"has-text-align-center\" data-align=\"center\">26.77-39.37<\/td><td class=\"has-text-align-center\" data-align=\"center\">18.89<\/td><td class=\"has-text-align-center\" data-align=\"center\">35.43-40.15<\/td><td class=\"has-text-align-center\" data-align=\"center\">8.66<\/td><\/tr><tr><td>L<\/td><td class=\"has-text-align-center\" data-align=\"center\">8.26<\/td><td class=\"has-text-align-center\" data-align=\"center\">15.35<\/td><td class=\"has-text-align-center\" data-align=\"center\">26.37-37.00<\/td><td class=\"has-text-align-center\" data-align=\"center\">28.36-40.94<\/td><td class=\"has-text-align-center\" data-align=\"center\">19.68<\/td><td class=\"has-text-align-center\" data-align=\"center\">37.00-41.73<\/td><td class=\"has-text-align-center\" data-align=\"center\">9.05<\/td><\/tr><tr><td colspan=\"8\">Notiz:<br>1.Es kann 1-2 cm Abweichung in verschiedenen Gr\u00f6\u00dfen, Positionen und Dehnungen der Stoffe geben. Die Gr\u00f6\u00dfentabelle dient nur als Referenz, es kann einen kleinen Unterschied zu dem geben, was Sie erhalten.<br>2. Es gibt 3 Arten von Elastizit\u00e4t: Hohe Elastizit\u00e4t (zweiseitig gedehnt), mittlere Elastizit\u00e4t (einseitig gedehnt) und nicht elastisch (kann nicht gedehnt werden).<br>3. Die Farbe kann aufgrund der unterschiedlichen PC-Anzeige heller oder dunkler sein.<br>4. Von Hand in 30-Grad-Wasser waschen, zum Trocknen im Schatten aufh\u00e4ngen, Bleichen verbieten.<br>5. M\u00f6glicherweise gibt es einen kleinen Unterschied in Bezug auf Details und Muster.<\/td><\/tr><\/tbody><\/table><\/figure>","protected":false},"excerpt":{"rendered":"<p>Das Set verf\u00fcgt \u00fcber ein einzigartiges Mesh-Design, das die Haut sichtbar macht und f\u00fcr einen verf\u00fchrerischen Look sorgt. Der Anzug ist aus hochwertigen Materialien gefertigt, um Komfort und Haltbarkeit zu gew\u00e4hrleisten. Wenn Sie Ihrer Dessous-Kollektion Spannung und Flirt verleihen m\u00f6chten, ist das Mesh Sexy Lingerie Trio genau das Richtige f\u00fcr Sie!<\/p>","protected":false},"featured_media":39385,"template":"","meta":[],"product_brand":[],"product_cat":[368,374,367,375],"product_tag":[868,532,518,524,973,446,865],"class_list":{"0":"post-39380","1":"product","2":"type-product","3":"status-publish","4":"has-post-thumbnail","6":"product_cat-bra-panty-set","7":"product_cat-wholesale-garter-belt-set","8":"product_cat-sexy-lingerie","9":"product_cat-whoelsale-sheer-bra-and-panty-sets","10":"product_tag-4-piece-lingerie-set","11":"product_tag-lingerie-suspender-set","12":"product_tag-mesh-lingerie","13":"product_tag-metal-lingerie","14":"product_tag-oem","15":"product_tag-wholesale-sexy-see-through-lingerie","16":"product_tag-sexy-skimpy-lingerie","17":"pa_color-yellow","18":"pa_cup-full-cup","19":"pa_size-wholesale-large-size-women-sexy-lingerie","20":"pa_size-wholesale-medium-size-women-sexy-lingerie","21":"pa_size-wholesale-small-size-sexy-lingerie","23":"first","24":"outofstock","25":"taxable","26":"shipping-taxable","27":"purchasable","28":"product-type-variable"},"tiered_pricing_type":"fixed","tiered_pricing_fixed_rules":[],"tiered_pricing_product_settings":{"layout":"default","base_unit_name":{"singular":null,"plural":null},"default_variation":null},"tiered_pricing_minimum_quantity":null,"tiered_pricing_roles_data":{"default_wholesaler":{"product_id":39380,"role":"default_wholesaler","pricing_type":"flat","regular_price":null,"sale_price":null,"discount":null,"discount_type":"sale_price","tiered_pricing_type":"fixed","percentage_rules":[],"fixed_rules":{"2":"7.89","30":"6.79","500":"5.89"},"minimum":null},"dropshippinger":{"product_id":39380,"role":"dropshippinger","pricing_type":"flat","regular_price":null,"sale_price":null,"discount":null,"discount_type":"sale_price","tiered_pricing_type":"fixed","percentage_rules":[],"fixed_rules":{"1":"9.39","5":"7.89","30":"5.89"},"minimum":null}},"tiered_pricing_percentage_rules":[],"tiered_pricing_maximum_quantity":null,"tiered_pricing_quantity_step":null,"_links":{"self":[{"href":"https:\/\/gretasexylingerie.com\/de\/wp-json\/wp\/v2\/product\/39380","targetHints":{"allow":["GET"]}}],"collection":[{"href":"https:\/\/gretasexylingerie.com\/de\/wp-json\/wp\/v2\/product"}],"about":[{"href":"https:\/\/gretasexylingerie.com\/de\/wp-json\/wp\/v2\/types\/product"}],"wp:featuredmedia":[{"embeddable":true,"href":"https:\/\/gretasexylingerie.com\/de\/wp-json\/wp\/v2\/media\/39385"}],"wp:attachment":[{"href":"https:\/\/gretasexylingerie.com\/de\/wp-json\/wp\/v2\/media?parent=39380"}],"wp:term":[{"taxonomy":"product_brand","embeddable":true,"href":"https:\/\/gretasexylingerie.com\/de\/wp-json\/wp\/v2\/product_brand?post=39380"},{"taxonomy":"product_cat","embeddable":true,"href":"https:\/\/gretasexylingerie.com\/de\/wp-json\/wp\/v2\/product_cat?post=39380"},{"taxonomy":"product_tag","embeddable":true,"href":"https:\/\/gretasexylingerie.com\/de\/wp-json\/wp\/v2\/product_tag?post=39380"}],"curies":[{"name":"wp","href":"https:\/\/api.w.org\/{rel}","templated":true}]}}