{"id":39368,"date":"2023-04-17T21:37:06","date_gmt":"2023-04-17T13:37:06","guid":{"rendered":"https:\/\/gretasexylingerie.com\/?post_type=product&#038;p=39368"},"modified":"2023-09-05T20:51:04","modified_gmt":"2023-09-05T12:51:04","slug":"sexy-jumpsuit-aus-seidenspitze-mit-cut-outs","status":"publish","type":"product","link":"https:\/\/gretasexylingerie.com\/de\/products\/sexy-silk-cutout-lace-jumpsuit\/","title":{"rendered":"Sexy Seidenausschnitt-Spitzenoverall"},"content":{"rendered":"<p>1.Elegantes und sexy Design: Der Lace Sexy Jumpsuit ist ein modisches und schickes Kleidungsst\u00fcck, das Spitze mit einem schlanken und modernen Design kombiniert. Der Overall schmeichelt Ihrer Figur und gibt Ihnen ein selbstbewusstes und glamour\u00f6ses Gef\u00fchl. Es eignet sich perfekt f\u00fcr formelle Anl\u00e4sse, Hochzeiten und andere besondere Anl\u00e4sse.<\/p>\n\n\n\n<p>2.Bequem und vielseitig: Der Lace Sexy Jumpsuit besteht aus hochwertigen Materialien, die sowohl bequem als auch langlebig sind. Der Stoff ist leicht und atmungsaktiv und eignet sich daher perfekt f\u00fcr warmes Wetter. Der Overall kann je nach Anlass schick oder leger getragen werden und ist somit eine vielseitige Erg\u00e4nzung Ihrer Garderobe.<\/p>\n\n\n\n<p>3. Schmeichelnde Passform: Der Overall ist so konzipiert, dass er Ihre Kurven betont und eine schmeichelhafte Silhouette schafft. Die Spitzendetails sorgen f\u00fcr einen Hauch von Eleganz und Raffinesse, w\u00e4hrend die taillierte Taille und die Hose mit weitem Bein Ihre Beine verl\u00e4ngern und f\u00fcr einen stromlinienf\u00f6rmigen Look sorgen.<\/p>\n\n\n\n<p>4.Erschwinglicher Luxus: Der Lace Sexy Jumpsuit ist ein High-End-Kleidungsst\u00fcck zu einem erschwinglichen Preis, das es einem breiten Kundenkreis zug\u00e4nglich macht. Sie k\u00f6nnen den Luxus und die Eleganz eines Designer-Overalls genie\u00dfen, ohne Ihr Budget zu sprengen. Dar\u00fcber hinaus machen die Strapazierf\u00e4higkeit und der zeitlose Stil des Jumpsuits ihn zu einer gro\u00dfartigen Investition, die Sie \u00fcber Jahre hinweg tragen k\u00f6nnen.<\/p>\n\n\n\n<figure class=\"wp-block-table is-style-regular\"><table><tbody><tr><td colspan=\"6\">Standortdiagramm (CM)<\/td><\/tr><tr><td>Gr\u00f6\u00dfe<\/td><td class=\"has-text-align-center\" data-align=\"center\">B\u00fcste<\/td><td class=\"has-text-align-center\" data-align=\"center\">Schulter<\/td><td class=\"has-text-align-center\" data-align=\"center\">Fu\u00dfumfang<\/td><td class=\"has-text-align-center\" data-align=\"center\">L\u00e4nge<\/td><td class=\"has-text-align-center\" data-align=\"center\">Taille<\/td><\/tr><tr><td>S<\/td><td class=\"has-text-align-center\" data-align=\"center\">88<\/td><td class=\"has-text-align-center\" data-align=\"center\">35<\/td><td class=\"has-text-align-center\" data-align=\"center\">60<\/td><td class=\"has-text-align-center\" data-align=\"center\">55<\/td><td class=\"has-text-align-center\" data-align=\"center\">64-96<\/td><\/tr><tr><td>M<\/td><td class=\"has-text-align-center\" data-align=\"center\">92<\/td><td class=\"has-text-align-center\" data-align=\"center\">35<\/td><td class=\"has-text-align-center\" data-align=\"center\">62.8<\/td><td class=\"has-text-align-center\" data-align=\"center\">57<\/td><td class=\"has-text-align-center\" data-align=\"center\">68-100<\/td><\/tr><tr><td>L<\/td><td class=\"has-text-align-center\" data-align=\"center\">96<\/td><td class=\"has-text-align-center\" data-align=\"center\">35<\/td><td class=\"has-text-align-center\" data-align=\"center\">65.6<\/td><td class=\"has-text-align-center\" data-align=\"center\">59<\/td><td class=\"has-text-align-center\" data-align=\"center\">72-104<\/td><\/tr><tr><td colspan=\"6\">Seitendiagramm (Zoll)<\/td><\/tr><tr><td>Gr\u00f6\u00dfe<\/td><td class=\"has-text-align-center\" data-align=\"center\">B\u00fcste<\/td><td class=\"has-text-align-center\" data-align=\"center\">Schulter<\/td><td class=\"has-text-align-center\" data-align=\"center\">Fu\u00dfumfang<\/td><td class=\"has-text-align-center\" data-align=\"center\">L\u00e4nge<\/td><td class=\"has-text-align-center\" data-align=\"center\">Taille<\/td><\/tr><tr><td>S<\/td><td class=\"has-text-align-center\" data-align=\"center\">34.64<\/td><td class=\"has-text-align-center\" data-align=\"center\">13.77<\/td><td class=\"has-text-align-center\" data-align=\"center\">23.62<\/td><td class=\"has-text-align-center\" data-align=\"center\">21.65<\/td><td class=\"has-text-align-center\" data-align=\"center\">25.19-37.79<\/td><\/tr><tr><td>M<\/td><td class=\"has-text-align-center\" data-align=\"center\">36.22<\/td><td class=\"has-text-align-center\" data-align=\"center\">13.77<\/td><td class=\"has-text-align-center\" data-align=\"center\">24.72<\/td><td class=\"has-text-align-center\" data-align=\"center\">22.44<\/td><td class=\"has-text-align-center\" data-align=\"center\">26.77-39.37<\/td><\/tr><tr><td>L<\/td><td class=\"has-text-align-center\" data-align=\"center\">37.79<\/td><td class=\"has-text-align-center\" data-align=\"center\">13.77<\/td><td class=\"has-text-align-center\" data-align=\"center\">25.82<\/td><td class=\"has-text-align-center\" data-align=\"center\">23.22&nbsp;<\/td><td class=\"has-text-align-center\" data-align=\"center\">28.34-40.94<\/td><\/tr><tr><td colspan=\"6\">Notiz:<br>1.Es kann 1-2 cm Abweichung in verschiedenen Gr\u00f6\u00dfen, Positionen und Dehnungen der Stoffe geben. Die Gr\u00f6\u00dfentabelle dient nur als Referenz, es kann einen kleinen Unterschied zu dem geben, was Sie erhalten.<br>2. Es gibt 3 Arten von Elastizit\u00e4t: Hohe Elastizit\u00e4t (zweiseitig gedehnt), mittlere Elastizit\u00e4t (einseitig gedehnt) und nicht elastisch (kann nicht gedehnt werden).<br>3. Die Farbe kann aufgrund der unterschiedlichen PC-Anzeige heller oder dunkler sein.<br>4. Von Hand in 30-Grad-Wasser waschen, zum Trocknen im Schatten aufh\u00e4ngen, Bleichen verbieten.<br>5. M\u00f6glicherweise gibt es einen kleinen Unterschied in Bezug auf Details und Muster.<\/td><\/tr><\/tbody><\/table><\/figure>\n\n\n\n<p><\/p>","protected":false},"excerpt":{"rendered":"<p>Die Unterw\u00e4sche besteht aus hochwertigem Spitzenmaterial, das luxuri\u00f6s und sexy ist. Das raffinierte Design sorgt f\u00fcr einen eleganten und glamour\u00f6sen Look und macht es zur perfekten Wahl f\u00fcr jeden Anlass. Geeignet f\u00fcr Frauen aller Formen und Gr\u00f6\u00dfen. Ein tolles Geschenk f\u00fcr einen geliebten Menschen.<\/p>","protected":false},"featured_media":39375,"template":"","meta":[],"product_brand":[],"product_cat":[370,371,367],"product_tag":[448,875,510,867,866,862],"class_list":{"0":"post-39368","1":"product","2":"type-product","3":"status-publish","4":"has-post-thumbnail","6":"product_cat-bodysuit","7":"product_cat-wholesale-sexy-lace-bodysuit","8":"product_cat-sexy-lingerie","9":"product_tag-wholesale-elegant-sexy-lingerie","10":"product_tag-lace-sexy-lingerie","11":"product_tag-ruffles-lingerie","12":"product_tag-sexy-push-up-lingerie","13":"product_tag-sexy-romper-lingerie","14":"product_tag-sexy-silk-lingerie","15":"pa_color-fire-brick-women-sexy-lingerie","16":"pa_cup-full-cup","17":"pa_size-wholesale-large-size-women-sexy-lingerie","18":"pa_size-wholesale-medium-size-women-sexy-lingerie","19":"pa_size-wholesale-small-size-sexy-lingerie","21":"first","22":"instock","23":"taxable","24":"shipping-taxable","25":"purchasable","26":"product-type-variable"},"tiered_pricing_type":"fixed","tiered_pricing_fixed_rules":[],"tiered_pricing_product_settings":{"layout":"default","base_unit_name":{"singular":null,"plural":null},"default_variation":null},"tiered_pricing_minimum_quantity":null,"tiered_pricing_roles_data":{"default_wholesaler":{"product_id":39368,"role":"default_wholesaler","pricing_type":"flat","regular_price":null,"sale_price":null,"discount":null,"discount_type":"sale_price","tiered_pricing_type":"fixed","percentage_rules":[],"fixed_rules":{"2":"8.89","30":"7.59","500":"6.69"},"minimum":null},"dropshippinger":{"product_id":39368,"role":"dropshippinger","pricing_type":"flat","regular_price":null,"sale_price":null,"discount":null,"discount_type":"sale_price","tiered_pricing_type":"fixed","percentage_rules":[],"fixed_rules":{"1":"10.69","5":"8.89","30":"6.69"},"minimum":null}},"tiered_pricing_percentage_rules":[],"tiered_pricing_maximum_quantity":null,"tiered_pricing_quantity_step":null,"_links":{"self":[{"href":"https:\/\/gretasexylingerie.com\/de\/wp-json\/wp\/v2\/product\/39368","targetHints":{"allow":["GET"]}}],"collection":[{"href":"https:\/\/gretasexylingerie.com\/de\/wp-json\/wp\/v2\/product"}],"about":[{"href":"https:\/\/gretasexylingerie.com\/de\/wp-json\/wp\/v2\/types\/product"}],"wp:featuredmedia":[{"embeddable":true,"href":"https:\/\/gretasexylingerie.com\/de\/wp-json\/wp\/v2\/media\/39375"}],"wp:attachment":[{"href":"https:\/\/gretasexylingerie.com\/de\/wp-json\/wp\/v2\/media?parent=39368"}],"wp:term":[{"taxonomy":"product_brand","embeddable":true,"href":"https:\/\/gretasexylingerie.com\/de\/wp-json\/wp\/v2\/product_brand?post=39368"},{"taxonomy":"product_cat","embeddable":true,"href":"https:\/\/gretasexylingerie.com\/de\/wp-json\/wp\/v2\/product_cat?post=39368"},{"taxonomy":"product_tag","embeddable":true,"href":"https:\/\/gretasexylingerie.com\/de\/wp-json\/wp\/v2\/product_tag?post=39368"}],"curies":[{"name":"wp","href":"https:\/\/api.w.org\/{rel}","templated":true}]}}