{"id":39351,"date":"2023-04-17T20:20:36","date_gmt":"2023-04-17T12:20:36","guid":{"rendered":"https:\/\/gretasexylingerie.com\/?post_type=product&#038;p=39351"},"modified":"2023-09-05T20:51:03","modified_gmt":"2023-09-05T12:51:03","slug":"sexy-pure-desire-madchen-unterwasche-sexy-anzug","status":"publish","type":"product","link":"https:\/\/gretasexylingerie.com\/de\/products\/sexy-pure-desire-girls-underwear-sexy-suit\/","title":{"rendered":"Pure Desire M\u00e4dchen Unterw\u00e4sche Sexy Anzug"},"content":{"rendered":"<p>1. Bequeme und schmeichelhafte Passform: Der Sexy Pure Desire Girls Underwear Sexy Suit ist so konzipiert, dass er M\u00e4dchen aller Gr\u00f6\u00dfen bequem und schmeichelhaft passt. Das weiche und dehnbare Material passt sich dem K\u00f6rper an und bietet eine eng anliegende und dennoch bequeme Passform, die eine einfache Bewegung erm\u00f6glicht.<\/p>\n\n\n\n<p>2. Stilvolles und trendiges Design: Der Sexy Pure Desire Girls Underwear Sexy Suit ist stilvoll und trendy und somit die perfekte Erg\u00e4nzung f\u00fcr die Dessous-Kollektion eines jeden M\u00e4dchens. Mit seinem auff\u00e4lligen Design und der Liebe zum Detail wird dieser Anzug mit Sicherheit ein Statement setzen und die Blicke auf sich ziehen.<\/p>\n\n\n\n<p>3. Hochwertige Materialien: Dieses Dessous-Set besteht aus hochwertigen Materialien, die sowohl langlebig als auch langlebig sind. Es kann mehreren W\u00e4schen und Abnutzungen standhalten und stellt sicher, dass Sie das Beste aus Ihrer Investition herausholen.<\/p>\n\n\n\n<p>4.Steigert Selbstvertrauen und Selbstwertgef\u00fchl: Das Tragen des Sexy Pure Desire Girls Underwear Sexy Suit kann das Selbstvertrauen und Selbstwertgef\u00fchl eines M\u00e4dchens st\u00e4rken. Es soll ihr das Gef\u00fchl geben, sexy und begehrenswert zu sein, was sich positiv auf ihre allgemeine Stimmung und Lebenseinstellung auswirken kann.<\/p>\n\n\n\n<figure class=\"wp-block-table\"><table><tbody><tr><td colspan=\"8\">Standortdiagramm (CM)<\/td><\/tr><tr><td>Gr\u00f6\u00dfe<\/td><td class=\"has-text-align-center\" data-align=\"center\">Unter Fehlschlag<\/td><td class=\"has-text-align-center\" data-align=\"center\">\u00c4rmel<\/td><td class=\"has-text-align-center\" data-align=\"center\">Seitenschwellerl\u00e4nge<\/td><td class=\"has-text-align-center\" data-align=\"center\">H\u00f6schen Taille<\/td><td class=\"has-text-align-center\" data-align=\"center\">H\u00f6schenl\u00e4nge<\/td><td class=\"has-text-align-center\" data-align=\"center\">L\u00e4nge<\/td><td class=\"has-text-align-center\" data-align=\"center\">Taille<\/td><\/tr><tr><td>S<\/td><td class=\"has-text-align-center\" data-align=\"center\">54-82<\/td><td class=\"has-text-align-center\" data-align=\"center\">42<\/td><td class=\"has-text-align-center\" data-align=\"center\">22<\/td><td class=\"has-text-align-center\" data-align=\"center\">66-98<\/td><td class=\"has-text-align-center\" data-align=\"center\">20.5<\/td><td class=\"has-text-align-center\" data-align=\"center\">22<\/td><td class=\"has-text-align-center\" data-align=\"center\">61-84<\/td><\/tr><tr><td>M<\/td><td class=\"has-text-align-center\" data-align=\"center\">58-86<\/td><td class=\"has-text-align-center\" data-align=\"center\">43<\/td><td class=\"has-text-align-center\" data-align=\"center\">23<\/td><td class=\"has-text-align-center\" data-align=\"center\">70-102<\/td><td class=\"has-text-align-center\" data-align=\"center\">21.5<\/td><td class=\"has-text-align-center\" data-align=\"center\">23<\/td><td class=\"has-text-align-center\" data-align=\"center\">65-88<\/td><\/tr><tr><td>L<\/td><td class=\"has-text-align-center\" data-align=\"center\">62-90<\/td><td class=\"has-text-align-center\" data-align=\"center\">44<\/td><td class=\"has-text-align-center\" data-align=\"center\">24<\/td><td class=\"has-text-align-center\" data-align=\"center\">74-106<\/td><td class=\"has-text-align-center\" data-align=\"center\">22.5<\/td><td class=\"has-text-align-center\" data-align=\"center\">24<\/td><td class=\"has-text-align-center\" data-align=\"center\">69-92<\/td><\/tr><tr><td colspan=\"8\">Seitendiagramm (Zoll)<\/td><\/tr><tr><td>Gr\u00f6\u00dfe<\/td><td class=\"has-text-align-center\" data-align=\"center\">Unter Fehlschlag<\/td><td class=\"has-text-align-center\" data-align=\"center\">\u00c4rmel<\/td><td class=\"has-text-align-center\" data-align=\"center\">Seitenschwellerl\u00e4nge<\/td><td class=\"has-text-align-center\" data-align=\"center\">H\u00f6schen Taille<\/td><td class=\"has-text-align-center\" data-align=\"center\">H\u00f6schenl\u00e4nge<\/td><td class=\"has-text-align-center\" data-align=\"center\">L\u00e4nge<\/td><td class=\"has-text-align-center\" data-align=\"center\">Taille<\/td><\/tr><tr><td>S<\/td><td class=\"has-text-align-center\" data-align=\"center\">21.26-32.28<\/td><td class=\"has-text-align-center\" data-align=\"center\">16.53<\/td><td class=\"has-text-align-center\" data-align=\"center\">8.66<\/td><td class=\"has-text-align-center\" data-align=\"center\">25.98-38.58<\/td><td class=\"has-text-align-center\" data-align=\"center\">8.07<\/td><td class=\"has-text-align-center\" data-align=\"center\">8.66<\/td><td class=\"has-text-align-center\" data-align=\"center\">24.01-33.07<\/td><\/tr><tr><td>M<\/td><td class=\"has-text-align-center\" data-align=\"center\">22.83-33.85<\/td><td class=\"has-text-align-center\" data-align=\"center\">16.92<\/td><td class=\"has-text-align-center\" data-align=\"center\">9.05<\/td><td class=\"has-text-align-center\" data-align=\"center\">27.55-40.15<\/td><td class=\"has-text-align-center\" data-align=\"center\">8.46<\/td><td class=\"has-text-align-center\" data-align=\"center\">9.05<\/td><td class=\"has-text-align-center\" data-align=\"center\">25.59-34.64<\/td><\/tr><tr><td>L<\/td><td class=\"has-text-align-center\" data-align=\"center\">24.40-35.43<\/td><td class=\"has-text-align-center\" data-align=\"center\">17.32<\/td><td class=\"has-text-align-center\" data-align=\"center\">9.44<\/td><td class=\"has-text-align-center\" data-align=\"center\">29.13-41.73<\/td><td class=\"has-text-align-center\" data-align=\"center\">8.85<\/td><td class=\"has-text-align-center\" data-align=\"center\">9.44&nbsp;<\/td><td class=\"has-text-align-center\" data-align=\"center\">27.16-36.22<\/td><\/tr><tr><td colspan=\"8\">Notiz:<br>1.Es kann 1-2 cm Abweichung in verschiedenen Gr\u00f6\u00dfen, Positionen und Dehnungen der Stoffe geben. Die Gr\u00f6\u00dfentabelle dient nur als Referenz, es kann einen kleinen Unterschied zu dem geben, was Sie erhalten.<br>2. Es gibt 3 Arten von Elastizit\u00e4t: Hohe Elastizit\u00e4t (zweiseitig gedehnt), mittlere Elastizit\u00e4t (einseitig gedehnt) und nicht elastisch (kann nicht gedehnt werden).<br>3. Die Farbe kann aufgrund der unterschiedlichen PC-Anzeige heller oder dunkler sein.<br>4. Von Hand in 30-Grad-Wasser waschen, zum Trocknen im Schatten aufh\u00e4ngen, Bleichen verbieten.<br>5. M\u00f6glicherweise gibt es einen kleinen Unterschied in Bezug auf Details und Muster.<\/td><\/tr><\/tbody><\/table><\/figure>\n\n\n\n<p><\/p>","protected":false},"excerpt":{"rendered":"<p>Dieses Dessous verf\u00fcgt \u00fcber Spitze f\u00fcr eine sexy und verf\u00fchrerische Atmosph\u00e4re. Das weiche Material gibt Ihnen das Gef\u00fchl, nichts zu tragen, und das komplizierte Design bietet ultimativen Halt. Dieses sexy Set ist langlebig genug, um es das ganze Jahr \u00fcber zu genie\u00dfen. Bestellen Sie es jetzt und erleben Sie ultimative Weiblichkeit und Sinnlichkeit!<\/p>","protected":false},"featured_media":39363,"template":"","meta":[],"product_brand":[],"product_cat":[368,387,388,386,367],"product_tag":[505,528,524,510,446,453,867,865],"class_list":{"0":"post-39351","1":"product","2":"type-product","3":"status-publish","4":"has-post-thumbnail","6":"product_cat-bra-panty-set","7":"product_cat-wholesale-bustier-bra-set","8":"product_cat-wholesale-gartered-corset","9":"product_cat-sexy-bustiers","10":"product_cat-sexy-lingerie","11":"product_tag-5-piece-lingerie-set","12":"product_tag-halter-lingerie","13":"product_tag-metal-lingerie","14":"product_tag-ruffles-lingerie","15":"product_tag-wholesale-sexy-see-through-lingerie","16":"product_tag-wholesale-sexy-naughty-lingerie","17":"product_tag-sexy-push-up-lingerie","18":"product_tag-sexy-skimpy-lingerie","19":"pa_color-pink-women-sexy-lingerie","20":"pa_cup-full-cup","21":"pa_size-wholesale-large-size-women-sexy-lingerie","22":"pa_size-wholesale-medium-size-women-sexy-lingerie","23":"pa_size-wholesale-small-size-sexy-lingerie","25":"first","26":"instock","27":"taxable","28":"shipping-taxable","29":"purchasable","30":"product-type-variable"},"tiered_pricing_type":"fixed","tiered_pricing_fixed_rules":[],"tiered_pricing_product_settings":{"layout":"default","base_unit_name":{"singular":null,"plural":null},"default_variation":null},"tiered_pricing_minimum_quantity":null,"tiered_pricing_roles_data":{"default_wholesaler":{"product_id":39351,"role":"default_wholesaler","pricing_type":"flat","regular_price":null,"sale_price":null,"discount":null,"discount_type":"sale_price","tiered_pricing_type":"fixed","percentage_rules":[],"fixed_rules":{"2":"11.49","30":"9.89","500":"8.59"},"minimum":null},"dropshippinger":{"product_id":39351,"role":"dropshippinger","pricing_type":"flat","regular_price":null,"sale_price":null,"discount":null,"discount_type":"sale_price","tiered_pricing_type":"fixed","percentage_rules":[],"fixed_rules":{"1":"13.79","5":"11.49","30":"8.59"},"minimum":null}},"tiered_pricing_percentage_rules":[],"tiered_pricing_maximum_quantity":null,"tiered_pricing_quantity_step":null,"_links":{"self":[{"href":"https:\/\/gretasexylingerie.com\/de\/wp-json\/wp\/v2\/product\/39351","targetHints":{"allow":["GET"]}}],"collection":[{"href":"https:\/\/gretasexylingerie.com\/de\/wp-json\/wp\/v2\/product"}],"about":[{"href":"https:\/\/gretasexylingerie.com\/de\/wp-json\/wp\/v2\/types\/product"}],"wp:featuredmedia":[{"embeddable":true,"href":"https:\/\/gretasexylingerie.com\/de\/wp-json\/wp\/v2\/media\/39363"}],"wp:attachment":[{"href":"https:\/\/gretasexylingerie.com\/de\/wp-json\/wp\/v2\/media?parent=39351"}],"wp:term":[{"taxonomy":"product_brand","embeddable":true,"href":"https:\/\/gretasexylingerie.com\/de\/wp-json\/wp\/v2\/product_brand?post=39351"},{"taxonomy":"product_cat","embeddable":true,"href":"https:\/\/gretasexylingerie.com\/de\/wp-json\/wp\/v2\/product_cat?post=39351"},{"taxonomy":"product_tag","embeddable":true,"href":"https:\/\/gretasexylingerie.com\/de\/wp-json\/wp\/v2\/product_tag?post=39351"}],"curies":[{"name":"wp","href":"https:\/\/api.w.org\/{rel}","templated":true}]}}