{"id":31608,"date":"2023-02-01T21:25:32","date_gmt":"2023-02-01T13:25:32","guid":{"rendered":"https:\/\/gretasexylingerie.com\/?post_type=product&#038;p=31608"},"modified":"2023-09-05T20:50:56","modified_gmt":"2023-09-05T12:50:56","slug":"transparentes-netz-schleifen-spitzen-hoschen-2","status":"publish","type":"product","link":"https:\/\/gretasexylingerie.com\/de\/products\/transparent-mesh-bow-lace-panty\/","title":{"rendered":"Transparente Maschen-Bogen-Spitzenh\u00f6schen"},"content":{"rendered":"<p>Merkmale:<\/p>\n\n\n\n<p>1. Exquisite Dekoration. Kreuzdesign auf Vorder- und R\u00fcckseite, Bowknot im Spiel, frisch und elegant, exquisite Verzierung, einfacher Stil, sehr feminin und elegantes Temperament.<br>2. Keine Spurkante. Die Kreuztaille ist d\u00fcnn und liegt eng am K\u00f6rper an, und der N\u00e4hprozess ist streng, sodass es nicht einfach ist, den Faden abzunehmen und zu rei\u00dfen, und der Stoff f\u00fchlt sich glatt und weich an.<br>3. Atmungsaktiver Schritt. Das Material ist fein und glatt, der Schritt angenehm zu tragen, leicht und atmungsaktiv.<br>4. Sexy offener Schritt. Wissenschaftlich entworfen, an der richtigen Stelle getrennt, verstecktes Geheimnis, sexy, lassen Sie Ihren Liebhaber nicht aufh\u00f6ren.<\/p>","protected":false},"excerpt":{"rendered":"<p>Dieses transparente Mesh-Bogen-Spitzenh\u00f6schen ist die perfekte Kombination aus s\u00fc\u00df und sexy. Hergestellt aus einem weichen und dehnbaren Stoff, ist es so konzipiert, dass es einen bequemen und sicheren Sitz bietet. Mit seinem femininen und romantischen Design ist dieses H\u00f6schen die perfekte Erg\u00e4nzung f\u00fcr jede Dessous-Kollektion.<\/p>","protected":false},"featured_media":31619,"template":"","meta":[],"product_brand":[],"product_cat":[402,401,399],"product_tag":[512,516,446],"class_list":{"0":"post-31608","1":"product","2":"type-product","3":"status-publish","4":"has-post-thumbnail","6":"product_cat-lace-panties","7":"product_cat-crotchless-panties","8":"product_cat-sexy-panty","9":"product_tag-bow-lingerie","10":"product_tag-lace-lingerie","11":"product_tag-wholesale-sexy-see-through-lingerie","12":"pa_color-black","13":"pa_color-pink-women-sexy-lingerie","14":"pa_color-red-women-sexy-lingerie","15":"pa_color-white","16":"pa_size-free","18":"first","19":"instock","20":"taxable","21":"shipping-taxable","22":"purchasable","23":"product-type-variable"},"tiered_pricing_type":"fixed","tiered_pricing_fixed_rules":[],"tiered_pricing_product_settings":{"layout":"default","base_unit_name":{"singular":null,"plural":null},"default_variation":null},"tiered_pricing_minimum_quantity":null,"tiered_pricing_roles_data":{"default_wholesaler":{"product_id":31608,"role":"default_wholesaler","pricing_type":"flat","regular_price":null,"sale_price":null,"discount":null,"discount_type":"sale_price","tiered_pricing_type":"fixed","percentage_rules":[],"fixed_rules":{"2":"1.39","100":"0.99","800":"0.69"},"minimum":null},"dropshippinger":{"product_id":31608,"role":"dropshippinger","pricing_type":"flat","regular_price":null,"sale_price":null,"discount":null,"discount_type":"sale_price","tiered_pricing_type":"fixed","percentage_rules":[],"fixed_rules":{"1":"1.89","30":"1.09","100":"0.99"},"minimum":null}},"tiered_pricing_percentage_rules":[],"tiered_pricing_maximum_quantity":null,"tiered_pricing_quantity_step":null,"_links":{"self":[{"href":"https:\/\/gretasexylingerie.com\/de\/wp-json\/wp\/v2\/product\/31608","targetHints":{"allow":["GET"]}}],"collection":[{"href":"https:\/\/gretasexylingerie.com\/de\/wp-json\/wp\/v2\/product"}],"about":[{"href":"https:\/\/gretasexylingerie.com\/de\/wp-json\/wp\/v2\/types\/product"}],"wp:featuredmedia":[{"embeddable":true,"href":"https:\/\/gretasexylingerie.com\/de\/wp-json\/wp\/v2\/media\/31619"}],"wp:attachment":[{"href":"https:\/\/gretasexylingerie.com\/de\/wp-json\/wp\/v2\/media?parent=31608"}],"wp:term":[{"taxonomy":"product_brand","embeddable":true,"href":"https:\/\/gretasexylingerie.com\/de\/wp-json\/wp\/v2\/product_brand?post=31608"},{"taxonomy":"product_cat","embeddable":true,"href":"https:\/\/gretasexylingerie.com\/de\/wp-json\/wp\/v2\/product_cat?post=31608"},{"taxonomy":"product_tag","embeddable":true,"href":"https:\/\/gretasexylingerie.com\/de\/wp-json\/wp\/v2\/product_tag?post=31608"}],"curies":[{"name":"wp","href":"https:\/\/api.w.org\/{rel}","templated":true}]}}