{"id":31540,"date":"2023-01-31T23:29:30","date_gmt":"2023-01-31T15:29:30","guid":{"rendered":"https:\/\/gretasexylingerie.com\/?post_type=product&#038;p=31540"},"modified":"2023-09-05T20:50:53","modified_gmt":"2023-09-05T12:50:53","slug":"strumpfhose-aus-hohlem-netzstoff-mit-offenem-schritt","status":"publish","type":"product","link":"https:\/\/gretasexylingerie.com\/de\/products\/open-crotch-mesh-hollow-fishnet-pantyhose\/","title":{"rendered":"Netzstrumpfhose mit offenem Schritt und hohlem Mesh"},"content":{"rendered":"<p>Merkmale:<\/p>\n\n\n\n<p>1. Der absolut klassische Stil ist ein stehendes Accessoire in der Garderobe jeder Dame und ein Must-Have-Stil f\u00fcr jeden Gesch\u00e4ftsmann.<br>2. Durch die Verwendung hochwertiger Stoffe mit hervorragender Elastizit\u00e4t kann es sich an mehr K\u00f6rper anpassen und ist nicht leicht zu besch\u00e4digen.<br>3. Das Schritt\u00f6ffnungsdesign und das Schritt\u00f6ffnungsdesign erm\u00f6glichen Ihren Kunden mehr Auswahlm\u00f6glichkeiten. Macht sie nicht nur einfacher f\u00fcr den t\u00e4glichen Gebrauch, sondern macht sie auch nachts sexier.<br>4. Exquisite Color Opp Bag Verpackung, lassen Sie Ihren Kunden genau wissen, was er kauft.<br>5, geeignet f\u00fcr Clubs, Karnevale, Kost\u00fcmpartys, Halloween, Auff\u00fchrungen, Karnevale, Handtuchclubs usw. Diese sexy Leggings sind auch ein Favorit von Tanzk\u00fcnstlern.<\/p>","protected":false},"excerpt":{"rendered":"<p>Ein unbestreitbarer Klassiker, die hohle Netzstrumpfhose mit offenem Schritt, ist ein Muss in der Garderobe jeder Frau. Aus hochelastischem Material, 3 Lochgr\u00f6\u00dfen, geeignet f\u00fcr die meisten Frauenk\u00f6rper. Es gibt zwei Arten von offenem Schritt und offenem Schritt, die Ihnen mehr sexy Auswahlm\u00f6glichkeiten bieten.<\/p>","protected":false},"featured_media":31542,"template":"","meta":[],"product_brand":[],"product_cat":[413,412,411,404],"product_tag":[541,518,446,504],"class_list":{"0":"post-31540","1":"product","2":"type-product","3":"status-publish","4":"has-post-thumbnail","6":"product_cat-wholesale-fishnet-pantyhose","7":"product_cat-wholesale-crotchless-pantyhose","8":"product_cat-sexy-pantyhose","9":"product_cat-sexy-stocking","10":"product_tag-fishnet-lingerie","11":"product_tag-mesh-lingerie","12":"product_tag-wholesale-sexy-see-through-lingerie","13":"product_tag-ultra-sexy","14":"pa_color-black","16":"first","17":"instock","18":"taxable","19":"shipping-taxable","20":"purchasable","21":"product-type-variable"},"tiered_pricing_type":"fixed","tiered_pricing_fixed_rules":[],"tiered_pricing_product_settings":{"layout":"default","base_unit_name":{"singular":null,"plural":null},"default_variation":null},"tiered_pricing_minimum_quantity":null,"tiered_pricing_roles_data":{"default_wholesaler":{"product_id":31540,"role":"default_wholesaler","pricing_type":"flat","regular_price":null,"sale_price":null,"discount":null,"discount_type":"sale_price","tiered_pricing_type":"fixed","percentage_rules":[],"fixed_rules":{"2":"1.59","50":"1.29","800":"0.89"},"minimum":null},"dropshippinger":{"product_id":31540,"role":"dropshippinger","pricing_type":"flat","regular_price":null,"sale_price":null,"discount":null,"discount_type":"sale_price","tiered_pricing_type":"fixed","percentage_rules":[],"fixed_rules":{"1":"1.79","10":"1.59","50":"1.29"},"minimum":null}},"tiered_pricing_percentage_rules":[],"tiered_pricing_maximum_quantity":null,"tiered_pricing_quantity_step":null,"_links":{"self":[{"href":"https:\/\/gretasexylingerie.com\/de\/wp-json\/wp\/v2\/product\/31540","targetHints":{"allow":["GET"]}}],"collection":[{"href":"https:\/\/gretasexylingerie.com\/de\/wp-json\/wp\/v2\/product"}],"about":[{"href":"https:\/\/gretasexylingerie.com\/de\/wp-json\/wp\/v2\/types\/product"}],"wp:featuredmedia":[{"embeddable":true,"href":"https:\/\/gretasexylingerie.com\/de\/wp-json\/wp\/v2\/media\/31542"}],"wp:attachment":[{"href":"https:\/\/gretasexylingerie.com\/de\/wp-json\/wp\/v2\/media?parent=31540"}],"wp:term":[{"taxonomy":"product_brand","embeddable":true,"href":"https:\/\/gretasexylingerie.com\/de\/wp-json\/wp\/v2\/product_brand?post=31540"},{"taxonomy":"product_cat","embeddable":true,"href":"https:\/\/gretasexylingerie.com\/de\/wp-json\/wp\/v2\/product_cat?post=31540"},{"taxonomy":"product_tag","embeddable":true,"href":"https:\/\/gretasexylingerie.com\/de\/wp-json\/wp\/v2\/product_tag?post=31540"}],"curies":[{"name":"wp","href":"https:\/\/api.w.org\/{rel}","templated":true}]}}