{"id":31469,"date":"2023-01-31T23:12:12","date_gmt":"2023-01-31T15:12:12","guid":{"rendered":"https:\/\/gretasexylingerie.com\/?post_type=product&#038;p=31469"},"modified":"2023-09-05T20:50:53","modified_gmt":"2023-09-05T12:50:53","slug":"modische-klassische-super-stretch-netzstrumpfhose","status":"publish","type":"product","link":"https:\/\/gretasexylingerie.com\/de\/products\/fashion-classic-super-stretch-fishnet-pantyhose\/","title":{"rendered":"Fashion Classic Super Stretch Netzstrumpfhose"},"content":{"rendered":"<p>Merkmale:<\/p>\n\n\n\n<p>1. Es gibt viele doppelt dehnbare Netzstrumpfhosen in der Garderobe jedes M\u00e4dchens, und jeder H\u00e4ndler muss auch Netzstrumpfhosen haben.<br>2. Die Taille besteht aus einem hochelastischen gewebten G\u00fcrtel, der sich an mehr K\u00f6rper anpassen kann und nicht wiederholt verwendet werden kann.<br>3, 4 verschiedene Blenden und Dichten, zwei Stile. Es kann die Bed\u00fcrfnisse verschiedener Kundenszenarien und die Auswahl verschiedener Kunden erf\u00fcllen.<br>4. Perfektes Accessoire f\u00fcr Zauberer, schwarze Feen, Hexen oder einfach nur gew\u00f6hnliche Menschen. Kombinieren Sie diese Netzleggings mit zerrissenen Jeans, Jeansshorts, Hotpants, Oberteilen, R\u00f6cken, R\u00f6cken, Espadrilles, Abs\u00e4tzen und mehr.<br>5, schwarze Netzleggings verleihen jeder Damengarderobe einen stilvollen Stil, perfekt passend zu Ihren Lieblingskleidern, Hemden, Shorts, High Heels, Stiefeletten, Oberschenkelstiefeln, spitzen Zehen und sogar Espadrilles, sowohl f\u00fcr l\u00e4ssige als auch f\u00fcr offizielle Anl\u00e4sse. Wie Alltagskleidung, Cosplay, Partys, Reisen, Feste und Feiertage, insbesondere Halloween und Weihnachten.<\/p>","protected":false},"excerpt":{"rendered":"<p>Wer hat keine Fashion Classic Superstretch Netzstrumpfhose in seinem Kleiderschrank? Mit hochelastischem Material kann mehr K\u00f6rper verwendet werden. Klassisches Design, keine Sorge \u00fcber langsame Verk\u00e4ufe. 4 verschiedene Blenden und 2 Stile, um die Bed\u00fcrfnisse verschiedener Menschen und Anl\u00e4sse zu erf\u00fcllen.<\/p>","protected":false},"featured_media":31472,"template":"","meta":[],"product_brand":[],"product_cat":[413,414,411,404],"product_tag":[448,541,504],"class_list":{"0":"post-31469","1":"product","2":"type-product","3":"status-publish","4":"has-post-thumbnail","6":"product_cat-wholesale-fishnet-pantyhose","7":"product_cat-wholesale-sexy-nylon-pantyhose","8":"product_cat-sexy-pantyhose","9":"product_cat-sexy-stocking","10":"product_tag-wholesale-elegant-sexy-lingerie","11":"product_tag-fishnet-lingerie","12":"product_tag-ultra-sexy","13":"pa_color-aqua-women-sexy-lingerie","14":"pa_color-bisque-women-sexy-lingerie","15":"pa_color-black","16":"pa_color-blue-women-sexy-lingerie","17":"pa_color-deep-pink-women-sexy-lingerie","18":"pa_color-fire-brick-women-sexy-lingerie","19":"pa_color-green","20":"pa_color-green-yellow-women-sexy-lingerie","21":"pa_color-grey","22":"pa_color-light-purple","23":"pa_color-lime-women-sexy-lingerie","24":"pa_color-orange","25":"pa_color-pink-women-sexy-lingerie","26":"pa_color-purple-women-sexy-lingerie","27":"pa_color-red-women-sexy-lingerie","28":"pa_color-sea-green-women-sexy-lingerie","29":"pa_color-slate-blue-women-sexy-lingerie","30":"pa_color-white","32":"first","33":"instock","34":"taxable","35":"shipping-taxable","36":"purchasable","37":"product-type-variable"},"tiered_pricing_type":"fixed","tiered_pricing_fixed_rules":[],"tiered_pricing_product_settings":{"layout":"default","base_unit_name":{"singular":null,"plural":null},"default_variation":null},"tiered_pricing_minimum_quantity":null,"tiered_pricing_roles_data":{"default_wholesaler":{"product_id":31469,"role":"default_wholesaler","pricing_type":"flat","regular_price":null,"sale_price":null,"discount":null,"discount_type":"sale_price","tiered_pricing_type":"fixed","percentage_rules":[],"fixed_rules":{"2":"1.59","50":"1.29","800":"0.89"},"minimum":null},"dropshippinger":{"product_id":31469,"role":"dropshippinger","pricing_type":"flat","regular_price":null,"sale_price":null,"discount":null,"discount_type":"sale_price","tiered_pricing_type":"fixed","percentage_rules":[],"fixed_rules":{"1":"1.79","10":"1.59","50":"1.29"},"minimum":null}},"tiered_pricing_percentage_rules":[],"tiered_pricing_maximum_quantity":null,"tiered_pricing_quantity_step":null,"_links":{"self":[{"href":"https:\/\/gretasexylingerie.com\/de\/wp-json\/wp\/v2\/product\/31469","targetHints":{"allow":["GET"]}}],"collection":[{"href":"https:\/\/gretasexylingerie.com\/de\/wp-json\/wp\/v2\/product"}],"about":[{"href":"https:\/\/gretasexylingerie.com\/de\/wp-json\/wp\/v2\/types\/product"}],"wp:featuredmedia":[{"embeddable":true,"href":"https:\/\/gretasexylingerie.com\/de\/wp-json\/wp\/v2\/media\/31472"}],"wp:attachment":[{"href":"https:\/\/gretasexylingerie.com\/de\/wp-json\/wp\/v2\/media?parent=31469"}],"wp:term":[{"taxonomy":"product_brand","embeddable":true,"href":"https:\/\/gretasexylingerie.com\/de\/wp-json\/wp\/v2\/product_brand?post=31469"},{"taxonomy":"product_cat","embeddable":true,"href":"https:\/\/gretasexylingerie.com\/de\/wp-json\/wp\/v2\/product_cat?post=31469"},{"taxonomy":"product_tag","embeddable":true,"href":"https:\/\/gretasexylingerie.com\/de\/wp-json\/wp\/v2\/product_tag?post=31469"}],"curies":[{"name":"wp","href":"https:\/\/api.w.org\/{rel}","templated":true}]}}