{"id":31448,"date":"2023-01-31T22:35:55","date_gmt":"2023-01-31T14:35:55","guid":{"rendered":"https:\/\/gretasexylingerie.com\/?post_type=product&#038;p=31448"},"modified":"2023-09-05T20:50:51","modified_gmt":"2023-09-05T12:50:51","slug":"glamour-netzstrumpfhose-mit-strasssteinen","status":"publish","type":"product","link":"https:\/\/gretasexylingerie.com\/de\/products\/glamor-fishnet-tights-with-rhinestones\/","title":{"rendered":"Glamour Netzstrumpfhose mit Strass"},"content":{"rendered":"<p>Merkmale:<\/p>\n\n\n\n<p>1. Gl\u00e4nzendes Strass-Fischernetz, Str\u00fcmpfe mit hoher Taille, elastischer Bund, Glitzer-Mesh-Strumpfhose, weicher Gummizug, optischer Schlankheitseffekt. Diese Glitzerstrumpfhose wird das Licht einfangen und Ihrem ohnehin schon umwerfenden Look noch mehr Glanz verleihen.<br>2. Exquisite regelm\u00e4\u00dfige Kurven, lassen Sie ein dunkler Magier werden, Sie werden immer so sch\u00f6n sein.<br>3, Geeignet f\u00fcr Clubs, Karneval, Kost\u00fcmpartys, Halloween, Auff\u00fchrungen, Karneval, Handtuchclubs usw. Diese gl\u00e4nzenden Leggings sind auch ein Favorit von Tanzk\u00fcnstlern<br>4. Superelastisch und langlebig: 90% Nylon, 10% Spandex. Diese weichen und bequemen Netzsocken aus samtigem Nylon und dehnbarem Spandex dehnen sich, um sich perfekt an Ihre Beine anzupassen, und schmiegen sich sogar an Ihre Brust f\u00fcr einen unvergleichlichen Stil. Die Netzstrumpfhose mit hoher Taille und Zehenverst\u00e4rkung ist ebenfalls strapazierf\u00e4hig, rutsch- und lauffest und sorgt f\u00fcr eine bequeme Passform. Nicht leicht zu rei\u00dfen.<\/p>","protected":false},"excerpt":{"rendered":"<p>Machen Sie Ihre immer im Mittelpunkt mit der Glamour-Netzstrumpfhose mit Strasssteinen. Die exquisite Textur aus hochwertigem Nylonmaterial l\u00e4sst Ihre Oberschenkel wie exquisite Pinsel aussehen, das einteilige Strumpfbanddesign und die Str\u00fcmpfe sind nicht voller Strasssteine.<\/p>","protected":false},"featured_media":31452,"template":"","meta":[],"product_brand":[],"product_cat":[415,411,404,416],"product_tag":[541,518,451,525,447],"class_list":{"0":"post-31448","1":"product","2":"type-product","3":"status-publish","4":"has-post-thumbnail","6":"product_cat-wholeale-shiny-pantyhose","7":"product_cat-sexy-pantyhose","8":"product_cat-sexy-stocking","9":"product_cat-wholesale-suspender-pantyhose","10":"product_tag-fishnet-lingerie","11":"product_tag-mesh-lingerie","12":"product_tag-wholesale-revealing-lingerie","13":"product_tag-rhinestone-lingerie","14":"product_tag-wholesale-strappy-sexy-lingerie","15":"pa_color-black","17":"first","18":"instock","19":"taxable","20":"shipping-taxable","21":"purchasable","22":"product-type-variable"},"tiered_pricing_type":"fixed","tiered_pricing_fixed_rules":[],"tiered_pricing_product_settings":{"layout":"default","base_unit_name":{"singular":null,"plural":null},"default_variation":null},"tiered_pricing_minimum_quantity":null,"tiered_pricing_roles_data":{"default_wholesaler":{"product_id":31448,"role":"default_wholesaler","pricing_type":"flat","regular_price":null,"sale_price":null,"discount":null,"discount_type":"sale_price","tiered_pricing_type":"fixed","percentage_rules":[],"fixed_rules":{"2":"3.39","50":"2.69","800":"1.99"},"minimum":null},"dropshippinger":{"product_id":31448,"role":"dropshippinger","pricing_type":"flat","regular_price":null,"sale_price":null,"discount":null,"discount_type":"sale_price","tiered_pricing_type":"fixed","percentage_rules":[],"fixed_rules":{"1":"3.79","10":"3.39","50":"2.69"},"minimum":null}},"tiered_pricing_percentage_rules":[],"tiered_pricing_maximum_quantity":null,"tiered_pricing_quantity_step":null,"_links":{"self":[{"href":"https:\/\/gretasexylingerie.com\/de\/wp-json\/wp\/v2\/product\/31448","targetHints":{"allow":["GET"]}}],"collection":[{"href":"https:\/\/gretasexylingerie.com\/de\/wp-json\/wp\/v2\/product"}],"about":[{"href":"https:\/\/gretasexylingerie.com\/de\/wp-json\/wp\/v2\/types\/product"}],"wp:featuredmedia":[{"embeddable":true,"href":"https:\/\/gretasexylingerie.com\/de\/wp-json\/wp\/v2\/media\/31452"}],"wp:attachment":[{"href":"https:\/\/gretasexylingerie.com\/de\/wp-json\/wp\/v2\/media?parent=31448"}],"wp:term":[{"taxonomy":"product_brand","embeddable":true,"href":"https:\/\/gretasexylingerie.com\/de\/wp-json\/wp\/v2\/product_brand?post=31448"},{"taxonomy":"product_cat","embeddable":true,"href":"https:\/\/gretasexylingerie.com\/de\/wp-json\/wp\/v2\/product_cat?post=31448"},{"taxonomy":"product_tag","embeddable":true,"href":"https:\/\/gretasexylingerie.com\/de\/wp-json\/wp\/v2\/product_tag?post=31448"}],"curies":[{"name":"wp","href":"https:\/\/api.w.org\/{rel}","templated":true}]}}