{"id":31438,"date":"2023-01-31T22:28:31","date_gmt":"2023-01-31T14:28:31","guid":{"rendered":"https:\/\/gretasexylingerie.com\/?post_type=product&#038;p=31438"},"modified":"2023-09-05T20:50:51","modified_gmt":"2023-09-05T12:50:51","slug":"gestreifte-netzstrumpfhose-mit-strasssteinen","status":"publish","type":"product","link":"https:\/\/gretasexylingerie.com\/de\/products\/striped-lady-fishnet-pantyhose-with-rhinestones\/","title":{"rendered":"Gestreifte Damen Netzstrumpfhose mit Strass"},"content":{"rendered":"<p>Merkmale:<\/p>\n\n\n\n<p>1. Durch die Verwendung hochwertiger Materialien aus 88%-Polyamid + 121TP3-Telastan kann es problemlos an verschiedenen K\u00f6rpern verwendet werden.<br>2. Das sexy regelm\u00e4\u00dfige Wellenmuster passt perfekt zu jedem Kleidungsst\u00fcck.<br>3. Funkelnde Strasssteine lassen Ihre Beine mehr strahlen und werden zum Mittelpunkt der B\u00fchne. Es nimmt einen Hochtemperatur-Hei\u00dfbohrprozess an und f\u00e4llt nicht leicht ab.<br>4. Das einteilige Strumpfband-Design macht die Socken nicht nur fester, sondern erleichtert auch das Tragen.<\/p>","protected":false},"excerpt":{"rendered":"<p>Werde zur Sexhexe im Dunkeln mit der Gestreiften Lady Netzstrumpfhose mit Strasssteinen. Hergestellt aus hochelastischem Material, verziert mit regelm\u00e4\u00dfigen Wellenstreifen, der Sockenteil ist mit schillernden Strasssteinen bedeckt.<\/p>","protected":false},"featured_media":31441,"template":"","meta":[],"product_brand":[],"product_cat":[415,411,404,416],"product_tag":[541,525,446,504],"class_list":{"0":"post-31438","1":"product","2":"type-product","3":"status-publish","4":"has-post-thumbnail","6":"product_cat-wholeale-shiny-pantyhose","7":"product_cat-sexy-pantyhose","8":"product_cat-sexy-stocking","9":"product_cat-wholesale-suspender-pantyhose","10":"product_tag-fishnet-lingerie","11":"product_tag-rhinestone-lingerie","12":"product_tag-wholesale-sexy-see-through-lingerie","13":"product_tag-ultra-sexy","14":"pa_color-black","16":"first","17":"instock","18":"taxable","19":"shipping-taxable","20":"purchasable","21":"product-type-variable"},"tiered_pricing_type":"fixed","tiered_pricing_fixed_rules":[],"tiered_pricing_product_settings":{"layout":"default","base_unit_name":{"singular":null,"plural":null},"default_variation":null},"tiered_pricing_minimum_quantity":null,"tiered_pricing_roles_data":{"default_wholesaler":{"product_id":31438,"role":"default_wholesaler","pricing_type":"flat","regular_price":null,"sale_price":null,"discount":null,"discount_type":"sale_price","tiered_pricing_type":"fixed","percentage_rules":[],"fixed_rules":{"2":"3.39","50":"2.69","800":"1.99"},"minimum":null},"dropshippinger":{"product_id":31438,"role":"dropshippinger","pricing_type":"flat","regular_price":null,"sale_price":null,"discount":null,"discount_type":"sale_price","tiered_pricing_type":"fixed","percentage_rules":[],"fixed_rules":{"1":"3.79","10":"3.39","50":"2.69"},"minimum":null}},"tiered_pricing_percentage_rules":[],"tiered_pricing_maximum_quantity":null,"tiered_pricing_quantity_step":null,"_links":{"self":[{"href":"https:\/\/gretasexylingerie.com\/de\/wp-json\/wp\/v2\/product\/31438","targetHints":{"allow":["GET"]}}],"collection":[{"href":"https:\/\/gretasexylingerie.com\/de\/wp-json\/wp\/v2\/product"}],"about":[{"href":"https:\/\/gretasexylingerie.com\/de\/wp-json\/wp\/v2\/types\/product"}],"wp:featuredmedia":[{"embeddable":true,"href":"https:\/\/gretasexylingerie.com\/de\/wp-json\/wp\/v2\/media\/31441"}],"wp:attachment":[{"href":"https:\/\/gretasexylingerie.com\/de\/wp-json\/wp\/v2\/media?parent=31438"}],"wp:term":[{"taxonomy":"product_brand","embeddable":true,"href":"https:\/\/gretasexylingerie.com\/de\/wp-json\/wp\/v2\/product_brand?post=31438"},{"taxonomy":"product_cat","embeddable":true,"href":"https:\/\/gretasexylingerie.com\/de\/wp-json\/wp\/v2\/product_cat?post=31438"},{"taxonomy":"product_tag","embeddable":true,"href":"https:\/\/gretasexylingerie.com\/de\/wp-json\/wp\/v2\/product_tag?post=31438"}],"curies":[{"name":"wp","href":"https:\/\/api.w.org\/{rel}","templated":true}]}}