{"id":31426,"date":"2023-01-31T22:07:15","date_gmt":"2023-01-31T14:07:15","guid":{"rendered":"https:\/\/gretasexylingerie.com\/?post_type=product&#038;p=31426"},"modified":"2023-09-05T20:50:50","modified_gmt":"2023-09-05T12:50:50","slug":"blumen-fischernetz-glitzer-strumpfhose","status":"publish","type":"product","link":"https:\/\/gretasexylingerie.com\/de\/products\/flowers-fishing-net-glitter-pantyhose\/","title":{"rendered":"Blumen-Fischernetz-Glitter-Strumpfhose"},"content":{"rendered":"<p>Merkmale:<\/p>\n<p>1. Mit gl\u00e4nzenden Strasssteinen bedeckt. Der fortschrittliche Hei\u00dfbohrprozess wird \u00fcbernommen, sodass jeder Strass fest an der Strumpfhose haftet und nicht leicht abf\u00e4llt.<br \/>\n2. Durch die Verwendung von hochwertigem Nylongewebe k\u00f6nnen sich die hohe Elastizit\u00e4t und die Netzstruktur leichter an verschiedene K\u00f6rper anpassen.<br \/>\n3. Das einteilige Strumpfband-Design und der Netzg\u00fcrtel k\u00f6nnen problemlos perfekt mit jeder Kleidung kombiniert werden.<br \/>\n4. Die Socken sind mit exquisiten Mustern verziert, um die Beine der Kunden sexy zu machen.<br \/>\n5. Leicht zu reinigen: Damenunterw\u00e4sche sollte vor dem Tragen gewaschen werden, einfach von Hand in kaltem Wasser waschen, dann abtropfen lassen; Kein B\u00fcgeln.<\/p>","protected":false},"excerpt":{"rendered":"<p>Peppen Sie Ihre Abende mit der Blumen-Fischernetz-Glitzerstrumpfhose auf! Die zarte Netzstruktur aus hochelastischem Stoff kann sich an mehr K\u00f6rper anpassen. Einteiliger Strumpfg\u00fcrtel mit Mesh-Konstruktion an der Taille und sch\u00f6n gemusterten Beinen. Das Ganze ist mit funkelnden Strasssteinen bedeckt.<\/p>","protected":false},"featured_media":31430,"template":"","meta":[],"product_brand":[],"product_cat":[415,411,404,416],"product_tag":[532,525,504],"class_list":{"0":"post-31426","1":"product","2":"type-product","3":"status-publish","4":"has-post-thumbnail","6":"product_cat-wholeale-shiny-pantyhose","7":"product_cat-sexy-pantyhose","8":"product_cat-sexy-stocking","9":"product_cat-wholesale-suspender-pantyhose","10":"product_tag-lingerie-suspender-set","11":"product_tag-rhinestone-lingerie","12":"product_tag-ultra-sexy","13":"pa_color-bisque-women-sexy-lingerie","14":"pa_color-black","15":"pa_color-deep-pink-women-sexy-lingerie","17":"first","18":"instock","19":"taxable","20":"shipping-taxable","21":"purchasable","22":"product-type-variable"},"tiered_pricing_type":"fixed","tiered_pricing_fixed_rules":[],"tiered_pricing_product_settings":{"layout":"default","base_unit_name":{"singular":null,"plural":null},"default_variation":null},"tiered_pricing_minimum_quantity":null,"tiered_pricing_roles_data":{"default_wholesaler":{"product_id":31426,"role":"default_wholesaler","pricing_type":"flat","regular_price":null,"sale_price":null,"discount":null,"discount_type":"sale_price","tiered_pricing_type":"fixed","percentage_rules":[],"fixed_rules":{"2":"3.39","50":"2.69","800":"1.99"},"minimum":null},"dropshippinger":{"product_id":31426,"role":"dropshippinger","pricing_type":"flat","regular_price":null,"sale_price":null,"discount":null,"discount_type":"sale_price","tiered_pricing_type":"fixed","percentage_rules":[],"fixed_rules":{"1":"3.79","10":"3.39","50":"2.69"},"minimum":null}},"tiered_pricing_percentage_rules":[],"tiered_pricing_maximum_quantity":null,"tiered_pricing_quantity_step":null,"_links":{"self":[{"href":"https:\/\/gretasexylingerie.com\/de\/wp-json\/wp\/v2\/product\/31426","targetHints":{"allow":["GET"]}}],"collection":[{"href":"https:\/\/gretasexylingerie.com\/de\/wp-json\/wp\/v2\/product"}],"about":[{"href":"https:\/\/gretasexylingerie.com\/de\/wp-json\/wp\/v2\/types\/product"}],"wp:featuredmedia":[{"embeddable":true,"href":"https:\/\/gretasexylingerie.com\/de\/wp-json\/wp\/v2\/media\/31430"}],"wp:attachment":[{"href":"https:\/\/gretasexylingerie.com\/de\/wp-json\/wp\/v2\/media?parent=31426"}],"wp:term":[{"taxonomy":"product_brand","embeddable":true,"href":"https:\/\/gretasexylingerie.com\/de\/wp-json\/wp\/v2\/product_brand?post=31426"},{"taxonomy":"product_cat","embeddable":true,"href":"https:\/\/gretasexylingerie.com\/de\/wp-json\/wp\/v2\/product_cat?post=31426"},{"taxonomy":"product_tag","embeddable":true,"href":"https:\/\/gretasexylingerie.com\/de\/wp-json\/wp\/v2\/product_tag?post=31426"}],"curies":[{"name":"wp","href":"https:\/\/api.w.org\/{rel}","templated":true}]}}