{"id":31120,"date":"2023-01-29T17:23:31","date_gmt":"2023-01-29T09:23:31","guid":{"rendered":"https:\/\/gretasexylingerie.com\/?post_type=product&#038;p=31120"},"modified":"2023-09-05T20:50:43","modified_gmt":"2023-09-05T12:50:43","slug":"weihnachtsstrumpfhose-aus-nylon-mit-totenkopf","status":"publish","type":"product","link":"https:\/\/gretasexylingerie.com\/de\/products\/christmas-season-skull-nylon-pantyhose\/","title":{"rendered":"Weihnachtszeit-Sch\u00e4del-Nylonstrumpfhose"},"content":{"rendered":"<p>Merkmale:<\/p>\n\n\n\n<p>1 \u3001 Tipps zur Gr\u00f6\u00dfenbestimmung und zum Waschen: Schwarze Netzsocken mit hoher Dehnung sind geeignet f\u00fcr eine K\u00f6rpergr\u00f6\u00dfe von 1,70 bis 1,60 m und ein Gewicht von 100 bis 250 Pfund. Sie sind auch ideal f\u00fcr gro\u00dfe M\u00e4dchen. Bitte erlauben Sie aufgrund der hohen Dehnung eine leichte Gr\u00f6\u00dfenabweichung. Es tr\u00e4gt 1-2. Es wird in wenigen Minuten bequem sein. Handw\u00e4sche in kaltem Wasser wird empfohlen, oder Maschinenw\u00e4sche in kaltem Wasser, Schonwaschgang und Lufttrocknung.<br>2 \u3001 Material: Weiches Material gibt Ihnen ein angenehmes Erlebnis. Starke Elastizit\u00e4t macht dieses Strumpfband- und Str\u00fcmpfe-Set f\u00fcr mehr Menschen mit unterschiedlichen K\u00f6rpertypen geeignet. Vertrauen Sie mir, Ihre Haut wird diese Netzsocken lieben.<br>3\u3001 Ein Premium-Stil der ber\u00fchmten franz\u00f6sischen Sexy-Socken. F\u00fchlen Sie sich sexy oder sorglos und bequem in diesen wundersch\u00f6nen franz\u00f6sischen Netzleggings.<br>4 \u3001 Ideal f\u00fcr Clubs, Karnevale, Kost\u00fcmpartys, Halloween-Shows, Karnevale, Handtuchclubs und mehr. Diese gl\u00e4nzenden Leggings sind auch ein Favorit von Tanzk\u00fcnstlern.<\/p>","protected":false},"excerpt":{"rendered":"<p>Verleihen Sie Ihren s\u00fc\u00dfen Abenden noch mehr Aufregung mit der Weihnachtssaison-Sch\u00e4del-Gro\u00dfhandels-Nylonstrumpfhose. Entworfen mit einer hohen Taille und einer bequemen, transparenten Netzkonstruktion, sind diese Strumpfhosen aus Jacquard, um den Sch\u00e4del vollst\u00e4ndig auszuf\u00fcllen.<br \/>\n<\n<\/p>","protected":false},"featured_media":31123,"template":"","meta":[],"product_brand":[],"product_cat":[414,411,404],"product_tag":[518,446,504],"class_list":{"0":"post-31120","1":"product","2":"type-product","3":"status-publish","4":"has-post-thumbnail","6":"product_cat-wholesale-sexy-nylon-pantyhose","7":"product_cat-sexy-pantyhose","8":"product_cat-sexy-stocking","9":"product_tag-mesh-lingerie","10":"product_tag-wholesale-sexy-see-through-lingerie","11":"product_tag-ultra-sexy","12":"pa_color-black","13":"pa_size-free","15":"first","16":"instock","17":"taxable","18":"shipping-taxable","19":"purchasable","20":"product-type-variable"},"tiered_pricing_type":"fixed","tiered_pricing_fixed_rules":[],"tiered_pricing_product_settings":{"layout":"default","base_unit_name":{"singular":null,"plural":null},"default_variation":null},"tiered_pricing_minimum_quantity":null,"tiered_pricing_roles_data":{"default_wholesaler":{"product_id":31120,"role":"default_wholesaler","pricing_type":"flat","regular_price":null,"sale_price":null,"discount":null,"discount_type":"sale_price","tiered_pricing_type":"fixed","percentage_rules":[],"fixed_rules":{"2":"1.79","50":"1.49","800":"0.99"},"minimum":null},"dropshippinger":{"product_id":31120,"role":"dropshippinger","pricing_type":"flat","regular_price":null,"sale_price":null,"discount":null,"discount_type":"sale_price","tiered_pricing_type":"fixed","percentage_rules":[],"fixed_rules":{"1":"2.09","10":"1.79","50":"1.49"},"minimum":null}},"tiered_pricing_percentage_rules":[],"tiered_pricing_maximum_quantity":null,"tiered_pricing_quantity_step":null,"_links":{"self":[{"href":"https:\/\/gretasexylingerie.com\/de\/wp-json\/wp\/v2\/product\/31120","targetHints":{"allow":["GET"]}}],"collection":[{"href":"https:\/\/gretasexylingerie.com\/de\/wp-json\/wp\/v2\/product"}],"about":[{"href":"https:\/\/gretasexylingerie.com\/de\/wp-json\/wp\/v2\/types\/product"}],"wp:featuredmedia":[{"embeddable":true,"href":"https:\/\/gretasexylingerie.com\/de\/wp-json\/wp\/v2\/media\/31123"}],"wp:attachment":[{"href":"https:\/\/gretasexylingerie.com\/de\/wp-json\/wp\/v2\/media?parent=31120"}],"wp:term":[{"taxonomy":"product_brand","embeddable":true,"href":"https:\/\/gretasexylingerie.com\/de\/wp-json\/wp\/v2\/product_brand?post=31120"},{"taxonomy":"product_cat","embeddable":true,"href":"https:\/\/gretasexylingerie.com\/de\/wp-json\/wp\/v2\/product_cat?post=31120"},{"taxonomy":"product_tag","embeddable":true,"href":"https:\/\/gretasexylingerie.com\/de\/wp-json\/wp\/v2\/product_tag?post=31120"}],"curies":[{"name":"wp","href":"https:\/\/api.w.org\/{rel}","templated":true}]}}