{"id":31049,"date":"2023-01-29T12:38:57","date_gmt":"2023-01-29T04:38:57","guid":{"rendered":"https:\/\/gretasexylingerie.com\/?post_type=product&#038;p=31049"},"modified":"2023-09-05T20:50:40","modified_gmt":"2023-09-05T12:50:40","slug":"sexy-oberschenkelhohe-socken-aus-wolkiger-spitze","status":"publish","type":"product","link":"https:\/\/gretasexylingerie.com\/de\/products\/sexy-cloudy-lace-thigh-high-socks\/","title":{"rendered":"Sexy bew\u00f6lkte Spitzen-Schenkel-hohe Socken"},"content":{"rendered":"<p>Merkmale:<\/p>\n\n\n\n<p>1. Brandneues Upgrade. Sexy Spitze, geben Sie Ihrem Leben ein bisschen mehr Spa\u00df, mehr elastische Socken, um ein Verrutschen zu verhindern.<br>2. Ultrad\u00fcnn und atmungsaktiv, sehr bequem im Sommer. Hochwertige Spitzen-Oberschenkelstr\u00fcmpfe aus supertransparentem Gazestoff, f\u00fchlen sich seidig wie Seide an, sind weich und hautnah, um bezaubernde F\u00fc\u00dfe zu zeigen, und die Hautstruktur ist so angenehm, als ob Sie sie nicht tragen w\u00fcrden.<br>3. Zehenverst\u00e4rkung. Die Verwendung von Linien zur Verst\u00e4rkung der Schritte verbessert nicht nur die Haltbarkeit des Produkts, sondern erm\u00f6glicht Ihnen auch ein angenehmeres Erlebnis.<\/p>","protected":false},"excerpt":{"rendered":"<p>Lassen Sie sich von den sexy Cloudy Lace Overknee-Socken noch s\u00fcchtiger machen. Hergestellt aus hochwertigem Nylonmaterial, transparentem Mesh, sexy Spitze am Zeh und rutschfestem Silikon-Design.<\/p>","protected":false},"featured_media":31050,"template":"","meta":[],"product_brand":[],"product_cat":[419,404,417],"product_tag":[516,518,446,504],"class_list":{"0":"post-31049","1":"product","2":"type-product","3":"status-publish","4":"has-post-thumbnail","6":"product_cat-wholesale-lace-thigh-high-socks","7":"product_cat-sexy-stocking","8":"product_cat-thigh-highs","9":"product_tag-lace-lingerie","10":"product_tag-mesh-lingerie","11":"product_tag-wholesale-sexy-see-through-lingerie","12":"product_tag-ultra-sexy","13":"pa_color-black","14":"pa_color-purple-women-sexy-lingerie","15":"pa_color-white","16":"pa_size-free","18":"first","19":"instock","20":"taxable","21":"shipping-taxable","22":"purchasable","23":"product-type-variable"},"tiered_pricing_type":"fixed","tiered_pricing_fixed_rules":[],"tiered_pricing_product_settings":{"layout":"default","base_unit_name":{"singular":null,"plural":null},"default_variation":null},"tiered_pricing_minimum_quantity":null,"tiered_pricing_roles_data":{"default_wholesaler":{"product_id":31049,"role":"default_wholesaler","pricing_type":"flat","regular_price":null,"sale_price":null,"discount":null,"discount_type":"sale_price","tiered_pricing_type":"fixed","percentage_rules":[],"fixed_rules":{"2":"0.99","50":"0.79","800":"0.69"},"minimum":null},"dropshippinger":{"product_id":31049,"role":"dropshippinger","pricing_type":"flat","regular_price":null,"sale_price":null,"discount":null,"discount_type":"sale_price","tiered_pricing_type":"fixed","percentage_rules":[],"fixed_rules":{"1":"1.89","10":"1.09","50":"0.79"},"minimum":null}},"tiered_pricing_percentage_rules":[],"tiered_pricing_maximum_quantity":null,"tiered_pricing_quantity_step":null,"_links":{"self":[{"href":"https:\/\/gretasexylingerie.com\/de\/wp-json\/wp\/v2\/product\/31049","targetHints":{"allow":["GET"]}}],"collection":[{"href":"https:\/\/gretasexylingerie.com\/de\/wp-json\/wp\/v2\/product"}],"about":[{"href":"https:\/\/gretasexylingerie.com\/de\/wp-json\/wp\/v2\/types\/product"}],"wp:featuredmedia":[{"embeddable":true,"href":"https:\/\/gretasexylingerie.com\/de\/wp-json\/wp\/v2\/media\/31050"}],"wp:attachment":[{"href":"https:\/\/gretasexylingerie.com\/de\/wp-json\/wp\/v2\/media?parent=31049"}],"wp:term":[{"taxonomy":"product_brand","embeddable":true,"href":"https:\/\/gretasexylingerie.com\/de\/wp-json\/wp\/v2\/product_brand?post=31049"},{"taxonomy":"product_cat","embeddable":true,"href":"https:\/\/gretasexylingerie.com\/de\/wp-json\/wp\/v2\/product_cat?post=31049"},{"taxonomy":"product_tag","embeddable":true,"href":"https:\/\/gretasexylingerie.com\/de\/wp-json\/wp\/v2\/product_tag?post=31049"}],"curies":[{"name":"wp","href":"https:\/\/api.w.org\/{rel}","templated":true}]}}