{"id":30986,"date":"2023-01-29T11:32:17","date_gmt":"2023-01-29T03:32:17","guid":{"rendered":"https:\/\/gretasexylingerie.com\/?post_type=product&#038;p=30986"},"modified":"2023-09-05T20:50:38","modified_gmt":"2023-09-05T12:50:38","slug":"leichte-sexy-halterlose-strumpfe-mit-vier-streifen-fur-den-sommer","status":"publish","type":"product","link":"https:\/\/gretasexylingerie.com\/de\/products\/four-stripe-lightweight-summer-sexy-thigh-highs\/","title":{"rendered":"Leichte, sexy Sommer-Thigh Highs mit vier Streifen"},"content":{"rendered":"<p>Merkmale:<\/p>\n\n\n\n<p>1. Sexy und vielseitig. Das starke und schlanke Design umschlie\u00dft perfekt die Beinmuskulatur, strafft die Haut der Beine, macht die Beine gerade und schlank und macht die Figur weiblicher.<br>2. Spezialfahrzeuge. Es verwendet spezielle hochwertige Materialien und f\u00fcgt ein Antistatikum hinzu, das eine antistatische Wirkung hat.<br>3. Anti-Rutsch-Design. Nach dem Prinzip der Ergonomie ist das f\u00fcnffache Anti-Rutsch-Design bequem und langlebig und stoppt weder Regen noch Rutschen.<br>4. Hochwertige Produktionstechnik. Der kerngesponnene Seidenstoff, der aus synthetischer por\u00f6ser Rohseide mit mehreren Str\u00e4ngen gewebt ist, ist weich und hautfreundlich. Der Zehenteil ist mit Doppelnadeln gen\u00e4ht und die Elastizit\u00e4t ist verst\u00e4rkt, was haltbarer und verschlei\u00dffester ist.<br>5. Transparentes Design, nat\u00fcrlichere Modifikation der Beinform, voller Elastizit\u00e4t, nicht leicht zu verformen.<\/p>","protected":false},"excerpt":{"rendered":"<p>Leichte, sexy Sommerstr\u00fcmpfe mit vier Streifen bieten Ihnen ein anderes Komforterlebnis. Hergestellt aus hochelastischer Core-Spun-Seide, durchscheinendem Mesh-Gewebe, Vier-Streifen-Design an der Spitze und rutschfestem Design.<\/p>","protected":false},"featured_media":30992,"template":"","meta":[],"product_brand":[],"product_cat":[420,404,417],"product_tag":[452,518,447],"class_list":{"0":"post-30986","1":"product","2":"type-product","3":"status-publish","4":"has-post-thumbnail","6":"product_cat-sexy-thigh-highs","7":"product_cat-sexy-stocking","8":"product_cat-thigh-highs","9":"product_tag-wholesale-boudoir-lingerie","10":"product_tag-mesh-lingerie","11":"product_tag-wholesale-strappy-sexy-lingerie","12":"pa_color-bisque-women-sexy-lingerie","13":"pa_color-black","14":"pa_size-free","16":"first","17":"instock","18":"taxable","19":"shipping-taxable","20":"purchasable","21":"product-type-variable"},"tiered_pricing_type":"fixed","tiered_pricing_fixed_rules":[],"tiered_pricing_product_settings":{"layout":"default","base_unit_name":{"singular":null,"plural":null},"default_variation":null},"tiered_pricing_minimum_quantity":null,"tiered_pricing_roles_data":{"default_wholesaler":{"product_id":30986,"role":"default_wholesaler","pricing_type":"flat","regular_price":null,"sale_price":null,"discount":null,"discount_type":"sale_price","tiered_pricing_type":"fixed","percentage_rules":[],"fixed_rules":{"2":"1.59","50":"0.59","800":"0.49"},"minimum":null},"dropshippinger":{"product_id":30986,"role":"dropshippinger","pricing_type":"flat","regular_price":null,"sale_price":null,"discount":null,"discount_type":"sale_price","tiered_pricing_type":"fixed","percentage_rules":[],"fixed_rules":{"1":"1.09","10":"0.69","50":"0.49"},"minimum":null}},"tiered_pricing_percentage_rules":[],"tiered_pricing_maximum_quantity":null,"tiered_pricing_quantity_step":null,"_links":{"self":[{"href":"https:\/\/gretasexylingerie.com\/de\/wp-json\/wp\/v2\/product\/30986","targetHints":{"allow":["GET"]}}],"collection":[{"href":"https:\/\/gretasexylingerie.com\/de\/wp-json\/wp\/v2\/product"}],"about":[{"href":"https:\/\/gretasexylingerie.com\/de\/wp-json\/wp\/v2\/types\/product"}],"wp:featuredmedia":[{"embeddable":true,"href":"https:\/\/gretasexylingerie.com\/de\/wp-json\/wp\/v2\/media\/30992"}],"wp:attachment":[{"href":"https:\/\/gretasexylingerie.com\/de\/wp-json\/wp\/v2\/media?parent=30986"}],"wp:term":[{"taxonomy":"product_brand","embeddable":true,"href":"https:\/\/gretasexylingerie.com\/de\/wp-json\/wp\/v2\/product_brand?post=30986"},{"taxonomy":"product_cat","embeddable":true,"href":"https:\/\/gretasexylingerie.com\/de\/wp-json\/wp\/v2\/product_cat?post=30986"},{"taxonomy":"product_tag","embeddable":true,"href":"https:\/\/gretasexylingerie.com\/de\/wp-json\/wp\/v2\/product_tag?post=30986"}],"curies":[{"name":"wp","href":"https:\/\/api.w.org\/{rel}","templated":true}]}}